{"id":6231,"date":"2022-02-23T11:54:30","date_gmt":"2022-02-23T11:54:30","guid":{"rendered":"https:\/\/mundo.seashell.pt\/?post_type=product&#038;p=6231"},"modified":"2022-02-23T11:54:32","modified_gmt":"2022-02-23T11:54:32","slug":"esfregao-miraclean-vileda","status":"publish","type":"product","link":"https:\/\/mundo.seashell.pt\/?product=esfregao-miraclean-vileda","title":{"rendered":"Esfreg\u00e3o Miraclean &#8211; Vileda"},"content":{"rendered":"<h2>MiraClean<\/h2>\n<h2>A solu\u00e7\u00e3o de problemas na elimina\u00e7\u00e3o de manchas<\/h2>\n<p>Cansado de ver marcas de marcadores permanentes, pisos arranhados, restos de calc\u00e1rio nas casas de banho, quadros sujos, pias gordurosas, paredes de impress\u00f5es digitais e pisos em geral? Miraclean \u00e9 a solu\u00e7\u00e3o para tudo isso. Com um m\u00ednimo de esfor\u00e7o e apenas com \u00e1gua, eliminar\u00e1 instantaneamente as marcas que costumavam ser um problema.<br \/>Ele n\u00e3o precisa de produtos qu\u00edmicos agressivos, nem suor por marcas irritantes, simplesmente molhe o Miraclean na \u00e1gua e elimine a marca. O solucionador ideal de problemas para a limpeza de manchas. Remove manchas e sujidades dif\u00edceis com um m\u00ednimo de esfor\u00e7o, onde outros m\u00e9todos geralmente falham.<\/p>\n<h3><\/h3>\n<h3>Benef\u00edcios do produto<\/h3>\n<ul>\n<li>Funciona apenas com \u00e1gua, n\u00e3o precisa de produtos qu\u00edmicos<\/li>\n<li>Forte rendimento de limpeza com um m\u00ednimo de esfor\u00e7o.<\/li>\n<li>Certificado OEKO-TEX\u00ae STANDARD 100.<\/li>\n<\/ul>\n<p>A Miraclean Normal de tamanho 10x6cm vem em embalagens de 12 unidades.<\/p>\n<p>A Miraclean Big de tamanho 12x7cm vem em embalagens de 8 unidades.&nbsp;<\/p>\n","protected":false},"excerpt":{"rendered":"<p>MiraClean<br \/>\nA solu\u00e7\u00e3o de problemas na elimina\u00e7\u00e3o de manchas<br \/>\nCansado de ver marcas de marcadores permanentes, pisos arranhados, restos de calc\u00e1rio nas casas de banho, quadros sujos, pias gordurosas, paredes de impress\u00f5es digitais e pisos em geral? Miraclean \u00e9 a solu\u00e7\u00e3o para tudo isso. Com um m\u00ednimo de esfor\u00e7o e apenas com \u00e1gua,&#8230;<\/p>\n","protected":false},"featured_media":6232,"template":"","meta":{"spay_email":""},"product_cat":[15],"product_tag":[],"class_list":{"0":"post-6231","1":"product","2":"type-product","3":"status-publish","4":"has-post-thumbnail","6":"product_cat-sem-categoria","8":"first","9":"instock","10":"taxable","11":"shipping-taxable","12":"purchasable","13":"product-type-simple"},"acf":[],"jetpack-related-posts":[{"id":6649,"url":"https:\/\/mundo.seashell.pt\/?product=sanytol-tira-nodoas-em-po-450gr","url_meta":{"origin":6231,"position":0},"title":"Sanytol Tira N\u00f3doas em P\u00f3 450gr","date":"Fevereiro 23, 2022","format":false,"excerpt":"Tira-N\u00f3doas Desinfetante em p\u00f3 que destr\u00f3i 99,9% dos micr\u00f3bios e que elimina eficazmente as manchas mais persistentes mesmo a baixas temperaturas. A sua f\u00f3rmula \u00fanica \u00e0 base de enzimas e oxig\u00e9nio ativo penetra no cora\u00e7\u00e3o das fibras t\u00eaxteis para remover as n\u00f3doas, eliminar o tom amarelado e reavivar o branco\u2026","rel":"","context":"Similar post","img":{"alt_text":"","src":"https:\/\/i0.wp.com\/mundo.seashell.pt\/wp-content\/uploads\/2022\/02\/SANYTOL_TIRA_NO_DOAS_BRANQUEADOR_450g_3045206382601.png?resize=350%2C200&ssl=1","width":350,"height":200},"classes":[]},{"id":6239,"url":"https:\/\/mundo.seashell.pt\/?product=lysol-multiusos-500ml","url_meta":{"origin":6231,"position":1},"title":"Lysol Multiusos 500ml","date":"Fevereiro 23, 2022","format":false,"excerpt":"Lysol Desinfetante Multiusos Frescura Elimina a sujidade e as manchas deixando as superf\u00edcies desinfetadas e com uma agrad\u00e1vel fragr\u00e2ncia a Ma\u00e7\u00e3....","rel":"","context":"Similar post","img":{"alt_text":"","src":"https:\/\/i0.wp.com\/mundo.seashell.pt\/wp-content\/uploads\/2022\/02\/Lysol_Desinfetante_Multiusos_Pistola_500ML_x12_5601217134806.jpeg?resize=350%2C200&ssl=1","width":350,"height":200},"classes":[]},{"id":6083,"url":"https:\/\/mundo.seashell.pt\/?product=da-1lt","url_meta":{"origin":6231,"position":2},"title":"Detergente Multiuso D.A 1Lt","date":"Fevereiro 23, 2022","format":false,"excerpt":"Detergente concentrado com efeito brilhante e um \u00f3timo poder sequestrante.","rel":"","context":"Similar post","img":{"alt_text":"","src":"https:\/\/i0.wp.com\/mundo.seashell.pt\/wp-content\/uploads\/2022\/02\/d.a..jpg?resize=350%2C200&ssl=1","width":350,"height":200},"classes":[]},{"id":6319,"url":"https:\/\/mundo.seashell.pt\/?product=domestos-lixivia-espessa-075l","url_meta":{"origin":6231,"position":3},"title":"Domestos Lix\u00edvia Espessa 750ml","date":"Fevereiro 23, 2022","format":false,"excerpt":"Domestos lix\u00edvia espessa foi desenvolvida para garantir um prote\u00e7\u00e3o mais duradoura contra os germes, juntamente com um a\u00e7\u00e3o de limpeza profunda. Tipo de produto: Lix\u00edvia Gel Benef\u00edcios: - Desinfecta, limpa e d\u00e1 frescura;- Prote\u00e7\u00e3o e elimina\u00e7\u00e3o mais duradoura de germes;- Remo\u00e7\u00e3o de manchas. Conse...","rel":"","context":"Similar post","img":{"alt_text":"","src":"https:\/\/i0.wp.com\/mundo.seashell.pt\/wp-content\/uploads\/2022\/02\/DOMESTOS_LIXI_VIA_ESPESSA_-_750ml_8410437001082.png?resize=350%2C200&ssl=1","width":350,"height":200},"classes":[]},{"id":6179,"url":"https:\/\/mundo.seashell.pt\/?product=pano-microroll","url_meta":{"origin":6231,"position":4},"title":"Pano MicroRoll","date":"Fevereiro 23, 2022","format":false,"excerpt":"MicroRoll O poder 100% da microfibra Nada limpa t\u00e3o profundo quanto microfibras. Elimina graxa e impress\u00f5es digitais sem esfregar. Como? As microfibras ultrafinas literalmente retiram a sujeira da superf\u00edcie.Voc\u00ea economiza tempo e dinheiro, especialmente porque voc\u00ea pode fazer o trabalho com um m\u00ednimo de produtos qu\u00edmico...","rel":"","context":"Similar post","img":{"alt_text":"","src":"https:\/\/i0.wp.com\/mundo.seashell.pt\/wp-content\/uploads\/2022\/02\/01-wiping-01-microfibre-cloths-08-microroll-microroll-detail-580x435_PhotoRoom_20210418_123129.jpg?resize=350%2C200&ssl=1","width":350,"height":200},"classes":[]},{"id":6443,"url":"https:\/\/mundo.seashell.pt\/?product=cillit-bang-bolores-e-sujidade-05l","url_meta":{"origin":6231,"position":5},"title":"Cillit Bang Bolores e Sujidade 500ml","date":"Fevereiro 23, 2022","format":false,"excerpt":"A poderosa f\u00f3rmula de Cillit Bang spray limpeza bolor e sujidade elimina rapidamente as manchas de bolor e a sujidade mais incrustada sem necessidade de esfregar, sendo o seu aliado para as zonas com humidade e onde o bolor prevalece. Come\u00e7a a limpeza em 20 segundos e desinfeta em 15\u2026","rel":"","context":"Similar post","img":{"alt_text":"","src":"https:\/\/i0.wp.com\/mundo.seashell.pt\/wp-content\/uploads\/2022\/02\/CILLIT_BANG_Bolor___Suj_500ML_x12__8_P__5601217132659.png?resize=350%2C200&ssl=1","width":350,"height":200},"classes":[]}],"_links":{"self":[{"href":"https:\/\/mundo.seashell.pt\/index.php?rest_route=\/wp\/v2\/product\/6231","targetHints":{"allow":["GET"]}}],"collection":[{"href":"https:\/\/mundo.seashell.pt\/index.php?rest_route=\/wp\/v2\/product"}],"about":[{"href":"https:\/\/mundo.seashell.pt\/index.php?rest_route=\/wp\/v2\/types\/product"}],"wp:featuredmedia":[{"embeddable":true,"href":"https:\/\/mundo.seashell.pt\/index.php?rest_route=\/wp\/v2\/media\/6232"}],"wp:attachment":[{"href":"https:\/\/mundo.seashell.pt\/index.php?rest_route=%2Fwp%2Fv2%2Fmedia&parent=6231"}],"wp:term":[{"taxonomy":"product_cat","embeddable":true,"href":"https:\/\/mundo.seashell.pt\/index.php?rest_route=%2Fwp%2Fv2%2Fproduct_cat&post=6231"},{"taxonomy":"product_tag","embeddable":true,"href":"https:\/\/mundo.seashell.pt\/index.php?rest_route=%2Fwp%2Fv2%2Fproduct_tag&post=6231"}],"curies":[{"name":"wp","href":"https:\/\/api.w.org\/{rel}","templated":true}]}}