{"id":6229,"date":"2022-02-23T11:54:26","date_gmt":"2022-02-23T11:54:26","guid":{"rendered":"https:\/\/mundo.seashell.pt\/?post_type=product&#038;p=6229"},"modified":"2022-02-23T11:54:30","modified_gmt":"2022-02-23T11:54:30","slug":"esfregao-inox-vileda-10-unidades","status":"publish","type":"product","link":"https:\/\/mundo.seashell.pt\/?product=esfregao-inox-vileda-10-unidades","title":{"rendered":"Esfreg\u00e3o Inox &#8211; Vileda (10 unidades)"},"content":{"rendered":"<h2>Inox<\/h2>\n<h2>A espiral que limpa<\/h2>\n<p>Esfreg\u00e3o muito resistente e dur\u00e1vel com alto desempenho de limpeza. Uso recomendado em todos os tipos de tarefas de limpeza hospitalar superintensiva e molhada em superf\u00edcies excepcionalmente sujas.<\/p>\n<p>100% de a\u00e7o inoxid\u00e1vel \u00e9 ideal para lavagem intensiva e remo\u00e7\u00e3o de sujeira persistente.<\/p>\n<h3><\/h3>\n<h3>Benef\u00edcios do produto<\/h3>\n<ul>\n<li>Fabricado em a\u00e7o inoxid\u00e1vel<\/li>\n<li>Muito resistente e dur\u00e1vel<\/li>\n<li>Para limpezas intensivas e remo\u00e7\u00e3o de sujidade persistente<\/li>\n<\/ul>\n","protected":false},"excerpt":{"rendered":"<p>Inox<br \/>\nA espiral que limpa<br \/>\nEsfreg\u00e3o muito resistente e dur\u00e1vel com alto desempenho de limpeza.Uso recomendado em todos os tipos de tarefas de limpeza hospitalar superintensiva e molhada em superf\u00edcies excepcionalmente sujas.<br \/>\n100% de a\u00e7o inoxid\u00e1vel \u00e9 ideal para lavagem intensiva e remo\u00e7\u00e3o de sujeira persistente.<br \/>\n&#8230;<\/p>\n","protected":false},"featured_media":6230,"template":"","meta":{"spay_email":""},"product_cat":[15],"product_tag":[],"class_list":{"0":"post-6229","1":"product","2":"type-product","3":"status-publish","4":"has-post-thumbnail","6":"product_cat-sem-categoria","8":"first","9":"instock","10":"taxable","11":"shipping-taxable","12":"purchasable","13":"product-type-simple"},"acf":[],"jetpack-related-posts":[{"id":5726,"url":"https:\/\/mundo.seashell.pt\/?product=stark-inox-500ml","url_meta":{"origin":6229,"position":0},"title":"Abrilhantador Stark Inox 500Ml","date":"Fevereiro 23, 2022","format":false,"excerpt":"O STARK\u00ae INOX \u00e9 um produto especialmente formulado para polir superf\u00edcies em a\u00e7o inoxid\u00e1vel. A sua f\u00f3rmula permite uma limpeza profunda, protegendo e abrilhantando as superf\u00edcies.","rel":"","context":"Similar post","img":{"alt_text":"","src":"https:\/\/i0.wp.com\/mundo.seashell.pt\/wp-content\/uploads\/2022\/02\/STARK_INOX_2_PhotoRoom_20210402_103625.jpg?resize=350%2C200&ssl=1","width":350,"height":200},"classes":[]},{"id":6227,"url":"https:\/\/mundo.seashell.pt\/?product=esfregao-powerinox-vileda-4-unidades","url_meta":{"origin":6229,"position":1},"title":"Esfreg\u00e3o PowerInox &#8211; Vileda (4 unidades)","date":"Fevereiro 23, 2022","format":false,"excerpt":"PowerInox Pack4 Esfreg\u00e3o higi\u00e9nico para a sujidade mais dif\u00edcil na cozinha Almofada de a\u00e7o inoxid\u00e1vel de longa dura\u00e7\u00e3o para eliminar sujidades incrustadas na cozinha. Absorvente e f\u00e1cil de escorrer. Ideal para cozinhas de hot\u00e9is, restaurantes e cantinas, que necessitam de um alto grau de higiene, alto rendimento e dur...","rel":"","context":"Similar post","img":{"alt_text":"","src":"https:\/\/i0.wp.com\/mundo.seashell.pt\/wp-content\/uploads\/2022\/02\/powerinox-6_PhotoRoom_20210418_123543.jpg?resize=350%2C200&ssl=1","width":350,"height":200},"classes":[]},{"id":6175,"url":"https:\/\/mundo.seashell.pt\/?product=pano-micronquick-5-panos","url_meta":{"origin":6229,"position":2},"title":"Pano MicronQuick (5 panos)","date":"Fevereiro 23, 2022","format":false,"excerpt":"MicronQuick Um rendimento de limpeza superior todos os dias Com o pano MicronQuick, que pode ser lavado na m\u00e1quina, pode economizar tempo na limpeza di\u00e1ria. O nosso pano MicronQuick est\u00e1 feito de microfibras patenteadas, alcan\u00e7ando um desempenho de limpeza superior mesmo em estruturas microsc\u00f3picas. ...","rel":"","context":"Similar post","img":{"alt_text":"","src":"https:\/\/i0.wp.com\/mundo.seashell.pt\/wp-content\/uploads\/2022\/02\/01-wiping-01-microfibre-cloths-12-micron-quick-micronquick-portrait-580x550_PhotoRoom_20210418_123240.jpg?resize=350%2C200&ssl=1","width":350,"height":200},"classes":[]},{"id":6179,"url":"https:\/\/mundo.seashell.pt\/?product=pano-microroll","url_meta":{"origin":6229,"position":3},"title":"Pano MicroRoll","date":"Fevereiro 23, 2022","format":false,"excerpt":"MicroRoll O poder 100% da microfibra Nada limpa t\u00e3o profundo quanto microfibras. Elimina graxa e impress\u00f5es digitais sem esfregar. Como? As microfibras ultrafinas literalmente retiram a sujeira da superf\u00edcie.Voc\u00ea economiza tempo e dinheiro, especialmente porque voc\u00ea pode fazer o trabalho com um m\u00ednimo de produtos qu\u00edmico...","rel":"","context":"Similar post","img":{"alt_text":"","src":"https:\/\/i0.wp.com\/mundo.seashell.pt\/wp-content\/uploads\/2022\/02\/01-wiping-01-microfibre-cloths-08-microroll-microroll-detail-580x435_PhotoRoom_20210418_123129.jpg?resize=350%2C200&ssl=1","width":350,"height":200},"classes":[]},{"id":6221,"url":"https:\/\/mundo.seashell.pt\/?product=esfregao-verde-vileda-10-unidades","url_meta":{"origin":6229,"position":4},"title":"Esfreg\u00e3o Verde &#8211; Vileda (10 unidades)","date":"Fevereiro 23, 2022","format":false,"excerpt":"Esfreg\u00e3o Verde com esponja. Esfreg\u00f5es de alta qualidade, para todos os tipos de limpeza. Muitos esfreg\u00f5es s\u00e3o parecidos por fora, mas se voc\u00ea escolher Vileda, perceber\u00e1 rapidamente a diferen\u00e7a, tanto em termos de qualidade quanto de resultado final.","rel":"","context":"Similar post","img":{"alt_text":"","src":"https:\/\/i0.wp.com\/mundo.seashell.pt\/wp-content\/uploads\/2022\/02\/Esfregao_vileda.jpg?resize=350%2C200&ssl=1","width":350,"height":200},"classes":[]},{"id":5706,"url":"https:\/\/mundo.seashell.pt\/?product=tergi-inox-500ml","url_meta":{"origin":6229,"position":5},"title":"Limpador para Superf\u00edcies Tergi Inox 500Ml","date":"Fevereiro 23, 2022","format":false,"excerpt":"Ideal para uma r\u00e1pida limpeza de bancadas de distribui\u00e7\u00e3o de alimentos, frigor\u00edficos, m\u00e1quinas de lavar lou\u00e7a, lavabos, elevadores, m\u00e1quinas registadoras, em a\u00e7o inoxid\u00e1vel acetinado ou polido.","rel":"","context":"Similar post","img":{"alt_text":"","src":"https:\/\/i0.wp.com\/mundo.seashell.pt\/wp-content\/uploads\/2022\/02\/tergi_inox.jpg?resize=350%2C200&ssl=1","width":350,"height":200},"classes":[]}],"_links":{"self":[{"href":"https:\/\/mundo.seashell.pt\/index.php?rest_route=\/wp\/v2\/product\/6229","targetHints":{"allow":["GET"]}}],"collection":[{"href":"https:\/\/mundo.seashell.pt\/index.php?rest_route=\/wp\/v2\/product"}],"about":[{"href":"https:\/\/mundo.seashell.pt\/index.php?rest_route=\/wp\/v2\/types\/product"}],"wp:featuredmedia":[{"embeddable":true,"href":"https:\/\/mundo.seashell.pt\/index.php?rest_route=\/wp\/v2\/media\/6230"}],"wp:attachment":[{"href":"https:\/\/mundo.seashell.pt\/index.php?rest_route=%2Fwp%2Fv2%2Fmedia&parent=6229"}],"wp:term":[{"taxonomy":"product_cat","embeddable":true,"href":"https:\/\/mundo.seashell.pt\/index.php?rest_route=%2Fwp%2Fv2%2Fproduct_cat&post=6229"},{"taxonomy":"product_tag","embeddable":true,"href":"https:\/\/mundo.seashell.pt\/index.php?rest_route=%2Fwp%2Fv2%2Fproduct_tag&post=6229"}],"curies":[{"name":"wp","href":"https:\/\/api.w.org\/{rel}","templated":true}]}}