{"id":6227,"date":"2022-02-23T11:54:24","date_gmt":"2022-02-23T11:54:24","guid":{"rendered":"https:\/\/mundo.seashell.pt\/?post_type=product&#038;p=6227"},"modified":"2022-02-23T11:54:26","modified_gmt":"2022-02-23T11:54:26","slug":"esfregao-powerinox-vileda-4-unidades","status":"publish","type":"product","link":"https:\/\/mundo.seashell.pt\/?product=esfregao-powerinox-vileda-4-unidades","title":{"rendered":"Esfreg\u00e3o PowerInox &#8211; Vileda (4 unidades)"},"content":{"rendered":"<h2>PowerInox Pack4<\/h2>\n<h2>Esfreg\u00e3o higi\u00e9nico para a sujidade mais dif\u00edcil na cozinha<\/h2>\n<p>Almofada de a\u00e7o inoxid\u00e1vel de longa dura\u00e7\u00e3o para eliminar sujidades incrustadas na cozinha. Absorvente e f\u00e1cil de escorrer.<\/p>\n<p>Ideal para cozinhas de hot\u00e9is, restaurantes e cantinas, que necessitam de um alto grau de higiene, alto rendimento e durabilidade.<\/p>\n<h3><\/h3>\n<h3>Benef\u00edcios do produto:<\/h3>\n<ul>\n<li><strong>Alto rendimento de limpeza: <\/strong>Os seus entrela\u00e7ados sem arestas vivas limpam facilmente a sujidade mais resistente. A sua esponja interior funciona como reserva de \u00e1gua-sab\u00e3o e ajuda a uma correta aplica\u00e7\u00e3o.<\/li>\n<li><strong>Higi\u00e9nica: <\/strong>F\u00e1cil de limpar. A sua dura\u00e7\u00e3o evita o risco de desprendimento de material (protocolo ACCPP em higiene alimentar).<\/li>\n<li><strong>Rent\u00e1vel: <\/strong>Grande resist\u00eancia ao desgaste e produtos qu\u00edmicos. Mantem a sua forma inicial durante mais tempo.<\/li>\n<\/ul>\n","protected":false},"excerpt":{"rendered":"<p>PowerInox Pack4<br \/>\nEsfreg\u00e3o higi\u00e9nico para a sujidade mais dif\u00edcil na cozinha<br \/>\nAlmofada de a\u00e7o inoxid\u00e1vel de longa dura\u00e7\u00e3o para eliminar sujidades incrustadas na cozinha. Absorvente e f\u00e1cil de escorrer.<br \/>\nIdeal para cozinhas de hot\u00e9is, restaurantes e cantinas, que necessitam de um alto grau de higiene, alto rendimento e dur&#8230;<\/p>\n","protected":false},"featured_media":6228,"template":"","meta":{"spay_email":""},"product_cat":[15],"product_tag":[],"class_list":{"0":"post-6227","1":"product","2":"type-product","3":"status-publish","4":"has-post-thumbnail","6":"product_cat-sem-categoria","8":"first","9":"instock","10":"taxable","11":"shipping-taxable","12":"purchasable","13":"product-type-simple"},"acf":[],"jetpack-related-posts":[{"id":6185,"url":"https:\/\/mundo.seashell.pt\/?product=pano-microtuff-base-5-panos","url_meta":{"origin":6227,"position":0},"title":"Pano MicroTuff Base (5 panos)","date":"Fevereiro 23, 2022","format":false,"excerpt":"MicroTuff Base Pano tecido de microfibras multiuso Pano de microfibra tecida volumosa e com alta capacidade de coleta de sujidade. O MicroTuff Base fornece o excelente rendimento de limpeza das microfibras, o que torna a limpeza um trabalho r\u00e1pido e f\u00e1cil. Higiene e Seguran\u00e7aCom o sistema de codif...","rel":"","context":"Similar post","img":{"alt_text":"","src":"https:\/\/i0.wp.com\/mundo.seashell.pt\/wp-content\/uploads\/2022\/02\/01-wiping-01-microfibre-cloths-06-microtuff-plus-portrait_PhotoRoom_20210418_122910-1.jpg?resize=350%2C200&ssl=1","width":350,"height":200},"classes":[]},{"id":6405,"url":"https:\/\/mundo.seashell.pt\/?product=cif-spray-cozinhas-075l","url_meta":{"origin":6227,"position":1},"title":"CIF Spray Cozinhas 750ml","date":"Fevereiro 23, 2022","format":false,"excerpt":"Desde sempre que a preocupa\u00e7\u00e3o com o resultado final, tem sido a constante da marca Cif. Com conhecimento profundo da sujidade e das superf\u00edcies, desenvolve os melhores produtos de limpeza, para os consumidores mais exigentes. Dentro do universo dos detergentes, Cif apresenta uma gama bastante alargada e diversificada, capaz de\u2026","rel":"","context":"Similar post","img":{"alt_text":"","src":"https:\/\/i0.wp.com\/mundo.seashell.pt\/wp-content\/uploads\/2022\/02\/CIF_SPRAY_COZINHA_-_750ml_8712561142342.png?resize=350%2C200&ssl=1","width":350,"height":200},"classes":[]},{"id":6295,"url":"https:\/\/mundo.seashell.pt\/?product=sonasol-amoniacal","url_meta":{"origin":6227,"position":2},"title":"Sonasol Amoniacal","date":"Fevereiro 23, 2022","format":false,"excerpt":"Para toda a casa, Sonasol assegura uma limpeza imediata e um novo brilho desde a primeira passagem. Gra\u00e7as \u00e0 sua poderosa f\u00f3rmula, Sonasol amoniacal assegura-lhe uma limpeza profunda e higiene em toda a casa, quando em uso direto. Sonasol amoniacal \u00e9 ideal para a limpeza di\u00e1ria de toda a casa,\u2026","rel":"","context":"Similar post","img":{"alt_text":"","src":"https:\/\/i0.wp.com\/mundo.seashell.pt\/wp-content\/uploads\/2022\/02\/SONASOL_AMONIACAL_0L650_8410436264037.png?resize=350%2C200&ssl=1","width":350,"height":200},"classes":[]},{"id":6229,"url":"https:\/\/mundo.seashell.pt\/?product=esfregao-inox-vileda-10-unidades","url_meta":{"origin":6227,"position":3},"title":"Esfreg\u00e3o Inox &#8211; Vileda (10 unidades)","date":"Fevereiro 23, 2022","format":false,"excerpt":"Inox A espiral que limpa Esfreg\u00e3o muito resistente e dur\u00e1vel com alto desempenho de limpeza.Uso recomendado em todos os tipos de tarefas de limpeza hospitalar superintensiva e molhada em superf\u00edcies excepcionalmente sujas. 100% de a\u00e7o inoxid\u00e1vel \u00e9 ideal para lavagem intensiva e remo\u00e7\u00e3o de sujeira persistente. ...","rel":"","context":"Similar post","img":{"alt_text":"","src":"https:\/\/i0.wp.com\/mundo.seashell.pt\/wp-content\/uploads\/2022\/02\/02-scouring-07-inox-portrait_PhotoRoom_20210418_123604.jpg?resize=350%2C200&ssl=1","width":350,"height":200},"classes":[]},{"id":6219,"url":"https:\/\/mundo.seashell.pt\/?product=salva-unhas-puractive-vileda-10-unidades","url_meta":{"origin":6227,"position":4},"title":"Salva Unhas PurActive &#8211; Vileda (10 unidades)","date":"Fevereiro 23, 2022","format":false,"excerpt":"PurActive Toque suave, trabalho duro em v\u00e1rias superf\u00edcies A espuma \u00e9 macia para as m\u00e3os, proporciona uma boa ader\u00eancia e melhora a ergonomia, pode ser usada para limpar v\u00e1rios tipos de superf\u00edcies para um resultado brilhante. O revestimento especial PurActives levanta facilmente a sujidade persistente enquanto cuida das sup...","rel":"","context":"Similar post","img":{"alt_text":"","src":"https:\/\/i0.wp.com\/mundo.seashell.pt\/wp-content\/uploads\/2022\/02\/02-scouring-04-pur-active-01-pur-active-portrait_PhotoRoom_20210418_123224.jpg?resize=350%2C200&ssl=1","width":350,"height":200},"classes":[]},{"id":6221,"url":"https:\/\/mundo.seashell.pt\/?product=esfregao-verde-vileda-10-unidades","url_meta":{"origin":6227,"position":5},"title":"Esfreg\u00e3o Verde &#8211; Vileda (10 unidades)","date":"Fevereiro 23, 2022","format":false,"excerpt":"Esfreg\u00e3o Verde com esponja. Esfreg\u00f5es de alta qualidade, para todos os tipos de limpeza. Muitos esfreg\u00f5es s\u00e3o parecidos por fora, mas se voc\u00ea escolher Vileda, perceber\u00e1 rapidamente a diferen\u00e7a, tanto em termos de qualidade quanto de resultado final.","rel":"","context":"Similar post","img":{"alt_text":"","src":"https:\/\/i0.wp.com\/mundo.seashell.pt\/wp-content\/uploads\/2022\/02\/Esfregao_vileda.jpg?resize=350%2C200&ssl=1","width":350,"height":200},"classes":[]}],"_links":{"self":[{"href":"https:\/\/mundo.seashell.pt\/index.php?rest_route=\/wp\/v2\/product\/6227","targetHints":{"allow":["GET"]}}],"collection":[{"href":"https:\/\/mundo.seashell.pt\/index.php?rest_route=\/wp\/v2\/product"}],"about":[{"href":"https:\/\/mundo.seashell.pt\/index.php?rest_route=\/wp\/v2\/types\/product"}],"wp:featuredmedia":[{"embeddable":true,"href":"https:\/\/mundo.seashell.pt\/index.php?rest_route=\/wp\/v2\/media\/6228"}],"wp:attachment":[{"href":"https:\/\/mundo.seashell.pt\/index.php?rest_route=%2Fwp%2Fv2%2Fmedia&parent=6227"}],"wp:term":[{"taxonomy":"product_cat","embeddable":true,"href":"https:\/\/mundo.seashell.pt\/index.php?rest_route=%2Fwp%2Fv2%2Fproduct_cat&post=6227"},{"taxonomy":"product_tag","embeddable":true,"href":"https:\/\/mundo.seashell.pt\/index.php?rest_route=%2Fwp%2Fv2%2Fproduct_tag&post=6227"}],"curies":[{"name":"wp","href":"https:\/\/api.w.org\/{rel}","templated":true}]}}