{"id":6221,"date":"2022-02-23T11:54:15","date_gmt":"2022-02-23T11:54:15","guid":{"rendered":"https:\/\/mundo.seashell.pt\/?post_type=product&#038;p=6221"},"modified":"2022-02-23T11:54:17","modified_gmt":"2022-02-23T11:54:17","slug":"esfregao-verde-vileda-10-unidades","status":"publish","type":"product","link":"https:\/\/mundo.seashell.pt\/?product=esfregao-verde-vileda-10-unidades","title":{"rendered":"Esfreg\u00e3o Verde &#8211; Vileda (10 unidades)"},"content":{"rendered":"<h2>Esfreg\u00e3o Verde com esponja<\/h2>\n<h2>Esfreg\u00f5es de alta qualidade, para todos os tipos de limpeza<\/h2>\n<p>Muitos esfreg\u00f5es s\u00e3o parecidos por fora, mas se voc\u00ea escolher Vileda, perceber\u00e1 rapidamente a diferen\u00e7a, tanto em termos de qualidade quanto de resultado final. Os esfreg\u00f5es de baixa qualidade desgastam-se rapidamente. Uma vez que a camada superior de fibras abrasivas se desgasta, fica um esfreg\u00e3o que requer mais tempo e esfor\u00e7o para limpar as coisas. Num esfreg\u00e3o da Vileda, cada fibra \u00e9 revestida com gr\u00e3o e resina, o que garante uma excelente a\u00e7\u00e3o de limpeza durante toda a vida do esfreg\u00e3o. A forte uni\u00e3o da esponja com abrasivo permite uma vida \u00fatil.<br \/>A esponja tem uma tripla fun\u00e7\u00e3o: armazenar \u00e1gua e produto qu\u00edmico, exercendo mais press\u00e3o sobre a superf\u00edcie mais confortavelmente e a possibilidade de limpeza diretamente pela face da esponja.<\/p>\n<h3><\/h3>\n<h3>Benef\u00edcios do Produto<\/h3>\n<ul>\n<li>Abrasivo verde de alto desempenho e alta qualidade com suporte de espuma de estilo natural<\/li>\n<li>Ideal para lavagem geral e remo\u00e7\u00e3o de sujidade incrustada.<\/li>\n<li>A espuma protege os dedos e mant\u00e9m a almofada plana para o m\u00e1ximo contacto com a superf\u00edcie.<\/li>\n<\/ul>\n","protected":false},"excerpt":{"rendered":"<p>Esfreg\u00e3o Verde com esponja. Esfreg\u00f5es de alta qualidade, para todos os tipos de limpeza. Muitos esfreg\u00f5es s\u00e3o parecidos por fora, mas se voc\u00ea escolher Vileda, perceber\u00e1 rapidamente a diferen\u00e7a, tanto em termos de qualidade quanto de resultado final. <\/p>\n","protected":false},"featured_media":6222,"template":"","meta":{"spay_email":""},"product_cat":[15],"product_tag":[],"class_list":{"0":"post-6221","1":"product","2":"type-product","3":"status-publish","4":"has-post-thumbnail","6":"product_cat-sem-categoria","8":"first","9":"instock","10":"taxable","11":"shipping-taxable","12":"purchasable","13":"product-type-simple"},"acf":[],"jetpack-related-posts":[{"id":6223,"url":"https:\/\/mundo.seashell.pt\/?product=esfregao-verde-cortado-vileda-10-unidades","url_meta":{"origin":6221,"position":0},"title":"Esfreg\u00e3o Verde Cortado &#8211; Vileda (10 unidades)","date":"Fevereiro 23, 2022","format":false,"excerpt":"Esfreg\u00e3o Verde Muitos esfreg\u00f5es parecem iguais no exterior, mas se escolher a Vileda, perceber\u00e1 rapidamente a diferen\u00e7a, tanto em termos de qualidade como de resultado final. Os esfreg\u00f5es de baixa qualidade desgastam-se rapidamente quando a camada superior de fibras abrasivas se desgasta, deixando um esfreg\u00e3o que requer mais tempo e\u2026","rel":"","context":"Similar post","img":{"alt_text":"","src":"https:\/\/i0.wp.com\/mundo.seashell.pt\/wp-content\/uploads\/2022\/02\/02-scouring-02-handpads-04-handpad-super-scourers-scene_PhotoRoom_20210418_123417.jpg?resize=350%2C200&ssl=1","width":350,"height":200},"classes":[]},{"id":6225,"url":"https:\/\/mundo.seashell.pt\/?product=esfregao-verde-em-rolo-vileda-6-metros","url_meta":{"origin":6221,"position":1},"title":"Esfreg\u00e3o Verde em Rolo &#8211; Vileda (6 metros)","date":"Fevereiro 23, 2022","format":false,"excerpt":"Esfreg\u00e3o Verde. Muitos esfreg\u00f5es parecem iguais no exterior, mas se escolher a Vileda, perceber\u00e1 rapidamente a diferen\u00e7a, tanto em termos de qualidade como de resultado final. Os esfreg\u00f5es de baixa qualidade desgastam-se rapidamente quando a camada superior de fibras abrasivas se desgasta, deixando um esfreg\u00e3o que requer mais tempo e\u2026","rel":"","context":"Similar post","img":{"alt_text":"","src":"https:\/\/i0.wp.com\/mundo.seashell.pt\/wp-content\/uploads\/2022\/02\/02-scouring-02-handpads-04-handpad-super-scourers-scene_PhotoRoom_20210418_123417-1.jpg?resize=350%2C200&ssl=1","width":350,"height":200},"classes":[]},{"id":6217,"url":"https:\/\/mundo.seashell.pt\/?product=salva-unhas-azul-vileda-caixa-de-10","url_meta":{"origin":6221,"position":2},"title":"Salva Unhas Azul &#8211; Vileda (caixa de 10)","date":"Fevereiro 23, 2022","format":false,"excerpt":"Estrutura macia e azul, mais eficaz na remo\u00e7\u00e3o de marcas do que esponjas brancas, mas ainda lisa para superf\u00edcies","rel":"","context":"Similar post","img":{"alt_text":"","src":"https:\/\/i0.wp.com\/mundo.seashell.pt\/wp-content\/uploads\/2022\/02\/02-scouring-03-high-foam-backed-scourers-02-high-foam-backed-scourer-soft-portrait_PhotoRoom_20210418_123400.jpg?resize=350%2C200&ssl=1","width":350,"height":200},"classes":[]},{"id":6215,"url":"https:\/\/mundo.seashell.pt\/?product=salva-unhas-verde-vileda-caixa-de-10","url_meta":{"origin":6221,"position":3},"title":"Salva Unhas Verde &#8211; Vileda (caixa de 10)","date":"Fevereiro 23, 2022","format":false,"excerpt":"Sua al\u00e7a de espuma \u00e9 macia para as m\u00e3os, proporciona uma boa ader\u00eancia e melhora a ergonomia. \u00c9 o aliado perfeito para o seu esfreg\u00e3o verde para uma limpeza moderada.","rel":"","context":"Similar post","img":{"alt_text":"","src":"https:\/\/i0.wp.com\/mundo.seashell.pt\/wp-content\/uploads\/2022\/02\/02-scouring-03-high-foam-backed-scourers-04-high-foam-backed-scourer-strong-strong-detail-02-580x550_PhotoRoom_20210418_123013.jpg?resize=350%2C200&ssl=1","width":350,"height":200},"classes":[]},{"id":6227,"url":"https:\/\/mundo.seashell.pt\/?product=esfregao-powerinox-vileda-4-unidades","url_meta":{"origin":6221,"position":4},"title":"Esfreg\u00e3o PowerInox &#8211; Vileda (4 unidades)","date":"Fevereiro 23, 2022","format":false,"excerpt":"PowerInox Pack4 Esfreg\u00e3o higi\u00e9nico para a sujidade mais dif\u00edcil na cozinha Almofada de a\u00e7o inoxid\u00e1vel de longa dura\u00e7\u00e3o para eliminar sujidades incrustadas na cozinha. Absorvente e f\u00e1cil de escorrer. Ideal para cozinhas de hot\u00e9is, restaurantes e cantinas, que necessitam de um alto grau de higiene, alto rendimento e dur...","rel":"","context":"Similar post","img":{"alt_text":"","src":"https:\/\/i0.wp.com\/mundo.seashell.pt\/wp-content\/uploads\/2022\/02\/powerinox-6_PhotoRoom_20210418_123543.jpg?resize=350%2C200&ssl=1","width":350,"height":200},"classes":[]},{"id":6213,"url":"https:\/\/mundo.seashell.pt\/?product=salva-unhas-preto-vileda-caixa-de-10","url_meta":{"origin":6221,"position":5},"title":"Salva Unhas Preto &#8211; Vileda (caixa de 10)","date":"Fevereiro 23, 2022","format":false,"excerpt":"Salva-unhas Preto Limpeza com alta abras\u00e3o A espuma \u00e9 macia para as m\u00e3os, proporciona uma boa ader\u00eancia e melhora a ergonomia. \u00c9 o aliado perfeito para o seu esfreg\u00e3o preto para uma limpeza mais agressiva.Benef\u00edcios do produto Esfreg\u00e3o abrasivo preto de alto desempenho com al\u00e7a de espuma de f\u00e1cil ader\u00eanc...","rel":"","context":"Similar post","img":{"alt_text":"","src":"https:\/\/i0.wp.com\/mundo.seashell.pt\/wp-content\/uploads\/2022\/02\/02-scouring-03-high-foam-backed-scourers-03-high-foam-backed-scourer-heavy-duty-heavy-duty-detail-02-580x550_PhotoRoom_20210418_123155.jpg?resize=350%2C200&ssl=1","width":350,"height":200},"classes":[]}],"_links":{"self":[{"href":"https:\/\/mundo.seashell.pt\/index.php?rest_route=\/wp\/v2\/product\/6221","targetHints":{"allow":["GET"]}}],"collection":[{"href":"https:\/\/mundo.seashell.pt\/index.php?rest_route=\/wp\/v2\/product"}],"about":[{"href":"https:\/\/mundo.seashell.pt\/index.php?rest_route=\/wp\/v2\/types\/product"}],"wp:featuredmedia":[{"embeddable":true,"href":"https:\/\/mundo.seashell.pt\/index.php?rest_route=\/wp\/v2\/media\/6222"}],"wp:attachment":[{"href":"https:\/\/mundo.seashell.pt\/index.php?rest_route=%2Fwp%2Fv2%2Fmedia&parent=6221"}],"wp:term":[{"taxonomy":"product_cat","embeddable":true,"href":"https:\/\/mundo.seashell.pt\/index.php?rest_route=%2Fwp%2Fv2%2Fproduct_cat&post=6221"},{"taxonomy":"product_tag","embeddable":true,"href":"https:\/\/mundo.seashell.pt\/index.php?rest_route=%2Fwp%2Fv2%2Fproduct_tag&post=6221"}],"curies":[{"name":"wp","href":"https:\/\/api.w.org\/{rel}","templated":true}]}}