{"id":6217,"date":"2022-02-23T11:54:08","date_gmt":"2022-02-23T11:54:08","guid":{"rendered":"https:\/\/mundo.seashell.pt\/?post_type=product&#038;p=6217"},"modified":"2022-02-23T11:54:11","modified_gmt":"2022-02-23T11:54:11","slug":"salva-unhas-azul-vileda-caixa-de-10","status":"publish","type":"product","link":"https:\/\/mundo.seashell.pt\/?product=salva-unhas-azul-vileda-caixa-de-10","title":{"rendered":"Salva Unhas Azul &#8211; Vileda (caixa de 10)"},"content":{"rendered":"<h2>Salva unhas suave<\/h2>\n<h2>Limpeza com abras\u00e3o suave<\/h2>\n<p>Muitos esfreg\u00f5es s\u00e3o parecidos por fora, mas se voc\u00ea escolher Vileda, voc\u00ea rapidamente notar\u00e1 a diferen\u00e7a na qualidade e no resultado final. Esfreg\u00f5es de m\u00e1 qualidade desgastam-se rapidamente. Num esfreg\u00e3o da Vileda, cada fibra \u00e9 revestida com o abrasivo e a resina necess\u00e1rios, garantindo uma excelente a\u00e7\u00e3o de limpeza ao longo da vida do esfreg\u00e3o. A forte liga\u00e7\u00e3o de fibra de resina garante um desgaste uniforme de fibras e abrasivos, resultando num excelente desempenho de limpeza constante.<\/p>\n<p><strong>Material<\/strong><br \/>Escovas de limpeza da Vileda s\u00e3o feitas de nylon que n\u00e3o enferruja ou lasca e \u00e9 f\u00e1cil de enxaguar.<\/p>\n<p><strong>Use<\/strong><br \/>Ideal para \u00e1reas sanit\u00e1rias que n\u00e3o admitem limpeza por abras\u00e3o.<\/p>\n<h3><\/h3>\n<h3>Benef\u00edcios do produto<\/h3>\n<ul>\n<li>Estrutura macia e azul, mais eficaz na remo\u00e7\u00e3o de marcas do que esponjas brancas, mas ainda lisa para superf\u00edcies<\/li>\n<li>Ideal para uso em aplica\u00e7\u00f5es sanit\u00e1rias<\/li>\n<li>Sua al\u00e7a de espuma protege os dedos e mant\u00e9m a almofada plana para contato m\u00e1ximo com a superf\u00edcie de limpeza &#8220;<\/li>\n<\/ul>\n","protected":false},"excerpt":{"rendered":"<p>Estrutura macia e azul, mais eficaz na remo\u00e7\u00e3o de marcas do que esponjas brancas, mas ainda lisa para superf\u00edcies<\/p>\n","protected":false},"featured_media":6218,"template":"","meta":{"spay_email":""},"product_cat":[15],"product_tag":[],"class_list":{"0":"post-6217","1":"product","2":"type-product","3":"status-publish","4":"has-post-thumbnail","6":"product_cat-sem-categoria","8":"first","9":"instock","10":"taxable","11":"shipping-taxable","12":"purchasable","13":"product-type-simple"},"acf":[],"jetpack-related-posts":[{"id":6223,"url":"https:\/\/mundo.seashell.pt\/?product=esfregao-verde-cortado-vileda-10-unidades","url_meta":{"origin":6217,"position":0},"title":"Esfreg\u00e3o Verde Cortado &#8211; Vileda (10 unidades)","date":"Fevereiro 23, 2022","format":false,"excerpt":"Esfreg\u00e3o Verde Muitos esfreg\u00f5es parecem iguais no exterior, mas se escolher a Vileda, perceber\u00e1 rapidamente a diferen\u00e7a, tanto em termos de qualidade como de resultado final. Os esfreg\u00f5es de baixa qualidade desgastam-se rapidamente quando a camada superior de fibras abrasivas se desgasta, deixando um esfreg\u00e3o que requer mais tempo e\u2026","rel":"","context":"Similar post","img":{"alt_text":"","src":"https:\/\/i0.wp.com\/mundo.seashell.pt\/wp-content\/uploads\/2022\/02\/02-scouring-02-handpads-04-handpad-super-scourers-scene_PhotoRoom_20210418_123417.jpg?resize=350%2C200&ssl=1","width":350,"height":200},"classes":[]},{"id":6225,"url":"https:\/\/mundo.seashell.pt\/?product=esfregao-verde-em-rolo-vileda-6-metros","url_meta":{"origin":6217,"position":1},"title":"Esfreg\u00e3o Verde em Rolo &#8211; Vileda (6 metros)","date":"Fevereiro 23, 2022","format":false,"excerpt":"Esfreg\u00e3o Verde. Muitos esfreg\u00f5es parecem iguais no exterior, mas se escolher a Vileda, perceber\u00e1 rapidamente a diferen\u00e7a, tanto em termos de qualidade como de resultado final. Os esfreg\u00f5es de baixa qualidade desgastam-se rapidamente quando a camada superior de fibras abrasivas se desgasta, deixando um esfreg\u00e3o que requer mais tempo e\u2026","rel":"","context":"Similar post","img":{"alt_text":"","src":"https:\/\/i0.wp.com\/mundo.seashell.pt\/wp-content\/uploads\/2022\/02\/02-scouring-02-handpads-04-handpad-super-scourers-scene_PhotoRoom_20210418_123417-1.jpg?resize=350%2C200&ssl=1","width":350,"height":200},"classes":[]},{"id":6221,"url":"https:\/\/mundo.seashell.pt\/?product=esfregao-verde-vileda-10-unidades","url_meta":{"origin":6217,"position":2},"title":"Esfreg\u00e3o Verde &#8211; Vileda (10 unidades)","date":"Fevereiro 23, 2022","format":false,"excerpt":"Esfreg\u00e3o Verde com esponja. Esfreg\u00f5es de alta qualidade, para todos os tipos de limpeza. Muitos esfreg\u00f5es s\u00e3o parecidos por fora, mas se voc\u00ea escolher Vileda, perceber\u00e1 rapidamente a diferen\u00e7a, tanto em termos de qualidade quanto de resultado final.","rel":"","context":"Similar post","img":{"alt_text":"","src":"https:\/\/i0.wp.com\/mundo.seashell.pt\/wp-content\/uploads\/2022\/02\/Esfregao_vileda.jpg?resize=350%2C200&ssl=1","width":350,"height":200},"classes":[]},{"id":6213,"url":"https:\/\/mundo.seashell.pt\/?product=salva-unhas-preto-vileda-caixa-de-10","url_meta":{"origin":6217,"position":3},"title":"Salva Unhas Preto &#8211; Vileda (caixa de 10)","date":"Fevereiro 23, 2022","format":false,"excerpt":"Salva-unhas Preto Limpeza com alta abras\u00e3o A espuma \u00e9 macia para as m\u00e3os, proporciona uma boa ader\u00eancia e melhora a ergonomia. \u00c9 o aliado perfeito para o seu esfreg\u00e3o preto para uma limpeza mais agressiva.Benef\u00edcios do produto Esfreg\u00e3o abrasivo preto de alto desempenho com al\u00e7a de espuma de f\u00e1cil ader\u00eanc...","rel":"","context":"Similar post","img":{"alt_text":"","src":"https:\/\/i0.wp.com\/mundo.seashell.pt\/wp-content\/uploads\/2022\/02\/02-scouring-03-high-foam-backed-scourers-03-high-foam-backed-scourer-heavy-duty-heavy-duty-detail-02-580x550_PhotoRoom_20210418_123155.jpg?resize=350%2C200&ssl=1","width":350,"height":200},"classes":[]},{"id":6215,"url":"https:\/\/mundo.seashell.pt\/?product=salva-unhas-verde-vileda-caixa-de-10","url_meta":{"origin":6217,"position":4},"title":"Salva Unhas Verde &#8211; Vileda (caixa de 10)","date":"Fevereiro 23, 2022","format":false,"excerpt":"Sua al\u00e7a de espuma \u00e9 macia para as m\u00e3os, proporciona uma boa ader\u00eancia e melhora a ergonomia. \u00c9 o aliado perfeito para o seu esfreg\u00e3o verde para uma limpeza moderada.","rel":"","context":"Similar post","img":{"alt_text":"","src":"https:\/\/i0.wp.com\/mundo.seashell.pt\/wp-content\/uploads\/2022\/02\/02-scouring-03-high-foam-backed-scourers-04-high-foam-backed-scourer-strong-strong-detail-02-580x550_PhotoRoom_20210418_123013.jpg?resize=350%2C200&ssl=1","width":350,"height":200},"classes":[]},{"id":6219,"url":"https:\/\/mundo.seashell.pt\/?product=salva-unhas-puractive-vileda-10-unidades","url_meta":{"origin":6217,"position":5},"title":"Salva Unhas PurActive &#8211; Vileda (10 unidades)","date":"Fevereiro 23, 2022","format":false,"excerpt":"PurActive Toque suave, trabalho duro em v\u00e1rias superf\u00edcies A espuma \u00e9 macia para as m\u00e3os, proporciona uma boa ader\u00eancia e melhora a ergonomia, pode ser usada para limpar v\u00e1rios tipos de superf\u00edcies para um resultado brilhante. O revestimento especial PurActives levanta facilmente a sujidade persistente enquanto cuida das sup...","rel":"","context":"Similar post","img":{"alt_text":"","src":"https:\/\/i0.wp.com\/mundo.seashell.pt\/wp-content\/uploads\/2022\/02\/02-scouring-04-pur-active-01-pur-active-portrait_PhotoRoom_20210418_123224.jpg?resize=350%2C200&ssl=1","width":350,"height":200},"classes":[]}],"_links":{"self":[{"href":"https:\/\/mundo.seashell.pt\/index.php?rest_route=\/wp\/v2\/product\/6217","targetHints":{"allow":["GET"]}}],"collection":[{"href":"https:\/\/mundo.seashell.pt\/index.php?rest_route=\/wp\/v2\/product"}],"about":[{"href":"https:\/\/mundo.seashell.pt\/index.php?rest_route=\/wp\/v2\/types\/product"}],"wp:featuredmedia":[{"embeddable":true,"href":"https:\/\/mundo.seashell.pt\/index.php?rest_route=\/wp\/v2\/media\/6218"}],"wp:attachment":[{"href":"https:\/\/mundo.seashell.pt\/index.php?rest_route=%2Fwp%2Fv2%2Fmedia&parent=6217"}],"wp:term":[{"taxonomy":"product_cat","embeddable":true,"href":"https:\/\/mundo.seashell.pt\/index.php?rest_route=%2Fwp%2Fv2%2Fproduct_cat&post=6217"},{"taxonomy":"product_tag","embeddable":true,"href":"https:\/\/mundo.seashell.pt\/index.php?rest_route=%2Fwp%2Fv2%2Fproduct_tag&post=6217"}],"curies":[{"name":"wp","href":"https:\/\/api.w.org\/{rel}","templated":true}]}}