{"id":6211,"date":"2022-02-23T11:53:57","date_gmt":"2022-02-23T11:53:57","guid":{"rendered":"https:\/\/mundo.seashell.pt\/?post_type=product&#038;p=6211"},"modified":"2022-02-23T11:53:59","modified_gmt":"2022-02-23T11:53:59","slug":"pano-spillex-vileda-20-panos","status":"publish","type":"product","link":"https:\/\/mundo.seashell.pt\/?product=pano-spillex-vileda-20-panos","title":{"rendered":"Pano SpillEx &#8211; Vileda (20 panos)"},"content":{"rendered":"<h2>Spillex<\/h2>\n<h2>Pano de tecido superabsorvente<\/h2>\n<p>Com SpillEx tem a solu\u00e7\u00e3o mais segura para absorver antes da limpeza, o absorvedor de derrames absorve 1.200 ml de \u00e1gua e at\u00e9 500 ml de NaCl a 0,9%. Uma vez absorvido, o l\u00edquido se torna um gel, portanto n\u00e3o gotejar\u00e1 ao levant\u00e1-lo. N\u00e3o h\u00e1 vazamento de l\u00edquidos, n\u00e3o h\u00e1 contato direto com as m\u00e3os, n\u00e3o h\u00e1 risco de sujar a \u00e1gua do balde com o derrame e, portanto, n\u00e3o h\u00e1 risco de contamina\u00e7\u00e3o cruzada.<\/p>\n<h2><\/h2>\n<h2>Benef\u00edcios do produto   <\/h2>\n<ul>\n<li>Soaker super absorvente descart\u00e1vel.  <\/li>\n<li> Para a r\u00e1pida elimina\u00e7\u00e3o de uma vasta gama de derrames \u00e0 base de \u00e1gua<\/li>\n<li> Pegar l\u00edquido e contaminantes com seguran\u00e7a, sem pingar.    <\/li>\n<li>Evite sujar a \u00e1gua do balde, n\u00e3o h\u00e1 risco de contamina\u00e7\u00e3o cruzada<\/li>\n<\/ul>\n","protected":false},"excerpt":{"rendered":"<p>Spillex<br \/>\nPano de tecido superabsorvente<br \/>\nCom SpillEx tem a solu\u00e7\u00e3o mais segura para absorver antes da limpeza, o absorvedor de derrames absorve 1.200 ml de \u00e1gua e at\u00e9 500 ml de NaCl a 0,9%. Uma vez absorvido, o l\u00edquido se torna um gel, portanto n\u00e3o gotejar\u00e1 ao levant\u00e1-lo. N\u00e3o h\u00e1 vazamento de l\u00edquidos, n\u00e3o h\u00e1 contato direto com&#8230;<\/p>\n","protected":false},"featured_media":6212,"template":"","meta":{"spay_email":""},"product_cat":[15],"product_tag":[],"class_list":{"0":"post-6211","1":"product","2":"type-product","3":"status-publish","4":"has-post-thumbnail","6":"product_cat-sem-categoria","8":"first","9":"instock","10":"taxable","11":"shipping-taxable","12":"purchasable","13":"product-type-simple"},"acf":[],"jetpack-related-posts":[{"id":6207,"url":"https:\/\/mundo.seashell.pt\/?product=pano-micronsolo-vileda-em-rolo","url_meta":{"origin":6211,"position":0},"title":"Pano MicronSolo &#8211; Vileda (em rolo)","date":"Fevereiro 23, 2022","format":false,"excerpt":"MicronSolo Rolo Pano de microfibra descart\u00e1vel pr\u00e1tico onde a higiene \u00e9 cr\u00edtica Pano de microfibra descart\u00e1vel com desempenho de limpeza superior combinado com fibras de viscose para excelente absor\u00e7\u00e3o. MicronSolo \u00e9 a solu\u00e7\u00e3o ideal quando se precisa de um pano descart\u00e1vel ,necess\u00e1rio em ambientes com alto n\u00edvel de hi...","rel":"","context":"Similar post","img":{"alt_text":"","src":"https:\/\/i0.wp.com\/mundo.seashell.pt\/wp-content\/uploads\/2022\/02\/MicronSolo-Roll-Main-ClonedDuringMediaCleanUp012-carouselImage_PhotoRoom_20210418_123421.jpg?resize=350%2C200&ssl=1","width":350,"height":200},"classes":[]},{"id":6203,"url":"https:\/\/mundo.seashell.pt\/?product=pano-wettex-vileda-10-panos","url_meta":{"origin":6211,"position":1},"title":"Pano Wettex &#8211; Vileda (10 panos)","date":"Fevereiro 23, 2022","format":false,"excerpt":"Wettex Absorve at\u00e9 15 vezes o seu peso Wettex promove uma limpeza r\u00e1pida, higi\u00eanica e f\u00e1cil, que absorve at\u00e9 15 vezes o seu pr\u00f3prio peso. Poupa tempo devido \u00e0 sua r\u00e1pida absor\u00e7\u00e3o, f\u00e1cil enxaguamento e drenagem. ErgonomiaBaixo atrito, alta absor\u00e7\u00e3o, maciez e volume tornam o Wettex f\u00e1cil de manusear...","rel":"","context":"Similar post","img":{"alt_text":"","src":"https:\/\/i0.wp.com\/mundo.seashell.pt\/wp-content\/uploads\/2022\/02\/01-wiping-02-sponge-cloths-01-wettex-portrait_PhotoRoom_20210418_123756.jpg?resize=350%2C200&ssl=1","width":350,"height":200},"classes":[]},{"id":5990,"url":"https:\/\/mundo.seashell.pt\/?product=onda-sanify-1lt","url_meta":{"origin":6211,"position":2},"title":"Detergente Desinfetante Onda Sanify","date":"Fevereiro 23, 2022","format":false,"excerpt":"Detergente Desinfetante, desodorizante perfumado","rel":"","context":"Similar post","img":{"alt_text":"","src":"https:\/\/i0.wp.com\/mundo.seashell.pt\/wp-content\/uploads\/2022\/02\/onda.jpg?resize=350%2C200&ssl=1","width":350,"height":200},"classes":[]},{"id":6193,"url":"https:\/\/mundo.seashell.pt\/?product=pano-pvamicro-vileda-5-panos","url_meta":{"origin":6211,"position":3},"title":"Pano PVAmicro &#8211; Vileda (5 panos)","date":"Fevereiro 23, 2022","format":false,"excerpt":"PVAmicro Os melhores resultados com o nosso pano de microfibra de maior sucesso A Vileda Professional utiliza as mais recentes tecnologias para inventar e produzir solu\u00e7\u00f5es de limpeza mais eficientes para reduzir o teu trabalho. O nosso pano de microfibra de maior sucesso, PVAmicro, consegue resultad...","rel":"","context":"Similar post","img":{"alt_text":"","src":"https:\/\/i0.wp.com\/mundo.seashell.pt\/wp-content\/uploads\/2022\/02\/01-wiping-01-microfibre-cloths-10-pvamicro-portrait_PhotoRoom_20210418_123444.jpg?resize=350%2C200&ssl=1","width":350,"height":200},"classes":[]},{"id":5720,"url":"https:\/\/mundo.seashell.pt\/?product=cleanox-5kg","url_meta":{"origin":6211,"position":4},"title":"Higienizante Cleanox 5Kg","date":"Fevereiro 23, 2022","format":false,"excerpt":"Detergente higienizante concentrado \u00e0 base de per\u00f3xido de hidrog\u00eanio adequado para todas as superf\u00edcies lav\u00e1veis","rel":"","context":"Similar post","img":{"alt_text":"","src":"https:\/\/i0.wp.com\/mundo.seashell.pt\/wp-content\/uploads\/2022\/02\/cleanox.jpg?resize=350%2C200&ssl=1","width":350,"height":200},"classes":[]},{"id":6179,"url":"https:\/\/mundo.seashell.pt\/?product=pano-microroll","url_meta":{"origin":6211,"position":5},"title":"Pano MicroRoll","date":"Fevereiro 23, 2022","format":false,"excerpt":"MicroRoll O poder 100% da microfibra Nada limpa t\u00e3o profundo quanto microfibras. Elimina graxa e impress\u00f5es digitais sem esfregar. Como? As microfibras ultrafinas literalmente retiram a sujeira da superf\u00edcie.Voc\u00ea economiza tempo e dinheiro, especialmente porque voc\u00ea pode fazer o trabalho com um m\u00ednimo de produtos qu\u00edmico...","rel":"","context":"Similar post","img":{"alt_text":"","src":"https:\/\/i0.wp.com\/mundo.seashell.pt\/wp-content\/uploads\/2022\/02\/01-wiping-01-microfibre-cloths-08-microroll-microroll-detail-580x435_PhotoRoom_20210418_123129.jpg?resize=350%2C200&ssl=1","width":350,"height":200},"classes":[]}],"_links":{"self":[{"href":"https:\/\/mundo.seashell.pt\/index.php?rest_route=\/wp\/v2\/product\/6211","targetHints":{"allow":["GET"]}}],"collection":[{"href":"https:\/\/mundo.seashell.pt\/index.php?rest_route=\/wp\/v2\/product"}],"about":[{"href":"https:\/\/mundo.seashell.pt\/index.php?rest_route=\/wp\/v2\/types\/product"}],"wp:featuredmedia":[{"embeddable":true,"href":"https:\/\/mundo.seashell.pt\/index.php?rest_route=\/wp\/v2\/media\/6212"}],"wp:attachment":[{"href":"https:\/\/mundo.seashell.pt\/index.php?rest_route=%2Fwp%2Fv2%2Fmedia&parent=6211"}],"wp:term":[{"taxonomy":"product_cat","embeddable":true,"href":"https:\/\/mundo.seashell.pt\/index.php?rest_route=%2Fwp%2Fv2%2Fproduct_cat&post=6211"},{"taxonomy":"product_tag","embeddable":true,"href":"https:\/\/mundo.seashell.pt\/index.php?rest_route=%2Fwp%2Fv2%2Fproduct_tag&post=6211"}],"curies":[{"name":"wp","href":"https:\/\/api.w.org\/{rel}","templated":true}]}}