{"id":6205,"date":"2022-02-23T11:53:36","date_gmt":"2022-02-23T11:53:36","guid":{"rendered":"https:\/\/mundo.seashell.pt\/?post_type=product&#038;p=6205"},"modified":"2022-02-23T11:53:38","modified_gmt":"2022-02-23T11:53:38","slug":"pano-breazy-vileda-25-panos","status":"publish","type":"product","link":"https:\/\/mundo.seashell.pt\/?product=pano-breazy-vileda-25-panos","title":{"rendered":"Pano Breazy &#8211; Vileda (25 panos)"},"content":{"rendered":"<h2>Breazy<\/h2>\n<h2>Breazy \u00e9 o pano ideal para uso a curto prazo<\/h2>\n<p> Supera qualquer outro pano semi-descart\u00e1vel, tanto pela componente de microfibras que cont\u00eam fibras como design ondulado da superf\u00edcie. Gra\u00e7as ao seu pre\u00e7o competitivo permite adaptar-se a qualquer objetivo.<\/p>\n<p><strong>Baixo cuidado<\/strong><br \/>Breazy n\u00e3o requer lavagem. Se n\u00e3o houver lavandaria, pode ser descartado quando necess\u00e1rio de usar uma nova. Pode ser descartado ap\u00f3s um dia de uso intenso ou lavado e reutilizado por at\u00e9 uma semana.<\/p>\n<p><strong>Higiene e Seguran\u00e7a<\/strong><br \/>Com o sistema de codifica\u00e7\u00e3o de cores, pode ser aplicado um protocolo de limpeza de acordo com os padr\u00f5es de higiene e princ\u00edpios HACCP.<\/p>\n<p><strong>Material<\/strong><br \/>A estrutura de onda \u00fanica \u00e9 uma tecnologia patenteada de Freudenberg e as ondas ajudam a recolher 40% mais sujidade de part\u00edculas do que um pano convencional.<\/p>\n<p><strong>Use<\/strong><br \/>Breazy funciona muito bem tanto com balde com \u00e1gua, como com m\u00e9todos de limpeza por pulveriza\u00e7\u00e3o. Pode ser usado em todas as superf\u00edcies resistentes \u00e0 \u00e1gua, como mesas, arm\u00e1rios, cadeiras, balc\u00f5es, barras, etc. O Breazy tamb\u00e9m \u00e9 muito adequado para todas as superf\u00edcies de casas de banho.<\/p>\n<h3>Benef\u00edcios do produto<\/h3>\n<ul>\n<li>Excelente rela\u00e7\u00e3o qualidade \/ pre\u00e7o<\/li>\n<li>Breazy mostra uma redu\u00e7\u00e3o de 96,3% de bact\u00e9rias.<\/li>\n<li>Lav\u00e1vel at\u00e9 10 vezes.<\/li>\n<li>Estrutura ondulada patenteada para recolha de sujidade.<\/li>\n<\/ul>\n","protected":false},"excerpt":{"rendered":"<p>Breazy<br \/>\nBreazy \u00e9 o pano ideal para uso a curto prazo<br \/>\n Supera qualquer outro pano semi-descart\u00e1vel, tanto pela componente de microfibras que cont\u00eam fibras como design ondulado da superf\u00edcie. Gra\u00e7as ao seu pre\u00e7o competitivo permite adaptar-se a qualquer objetivo.<br \/>\nBaixo cuidadoBreazy n\u00e3o requer lavage&#8230;<\/p>\n","protected":false},"featured_media":6206,"template":"","meta":{"spay_email":""},"product_cat":[15],"product_tag":[],"class_list":{"0":"post-6205","1":"product","2":"type-product","3":"status-publish","4":"has-post-thumbnail","6":"product_cat-sem-categoria","8":"first","9":"instock","10":"taxable","11":"shipping-taxable","12":"purchasable","13":"product-type-simple"},"acf":[],"jetpack-related-posts":[{"id":6207,"url":"https:\/\/mundo.seashell.pt\/?product=pano-micronsolo-vileda-em-rolo","url_meta":{"origin":6205,"position":0},"title":"Pano MicronSolo &#8211; Vileda (em rolo)","date":"Fevereiro 23, 2022","format":false,"excerpt":"MicronSolo Rolo Pano de microfibra descart\u00e1vel pr\u00e1tico onde a higiene \u00e9 cr\u00edtica Pano de microfibra descart\u00e1vel com desempenho de limpeza superior combinado com fibras de viscose para excelente absor\u00e7\u00e3o. MicronSolo \u00e9 a solu\u00e7\u00e3o ideal quando se precisa de um pano descart\u00e1vel ,necess\u00e1rio em ambientes com alto n\u00edvel de hi...","rel":"","context":"Similar post","img":{"alt_text":"","src":"https:\/\/i0.wp.com\/mundo.seashell.pt\/wp-content\/uploads\/2022\/02\/MicronSolo-Roll-Main-ClonedDuringMediaCleanUp012-carouselImage_PhotoRoom_20210418_123421.jpg?resize=350%2C200&ssl=1","width":350,"height":200},"classes":[]},{"id":6179,"url":"https:\/\/mundo.seashell.pt\/?product=pano-microroll","url_meta":{"origin":6205,"position":1},"title":"Pano MicroRoll","date":"Fevereiro 23, 2022","format":false,"excerpt":"MicroRoll O poder 100% da microfibra Nada limpa t\u00e3o profundo quanto microfibras. Elimina graxa e impress\u00f5es digitais sem esfregar. Como? As microfibras ultrafinas literalmente retiram a sujeira da superf\u00edcie.Voc\u00ea economiza tempo e dinheiro, especialmente porque voc\u00ea pode fazer o trabalho com um m\u00ednimo de produtos qu\u00edmico...","rel":"","context":"Similar post","img":{"alt_text":"","src":"https:\/\/i0.wp.com\/mundo.seashell.pt\/wp-content\/uploads\/2022\/02\/01-wiping-01-microfibre-cloths-08-microroll-microroll-detail-580x435_PhotoRoom_20210418_123129.jpg?resize=350%2C200&ssl=1","width":350,"height":200},"classes":[]},{"id":6175,"url":"https:\/\/mundo.seashell.pt\/?product=pano-micronquick-5-panos","url_meta":{"origin":6205,"position":2},"title":"Pano MicronQuick (5 panos)","date":"Fevereiro 23, 2022","format":false,"excerpt":"MicronQuick Um rendimento de limpeza superior todos os dias Com o pano MicronQuick, que pode ser lavado na m\u00e1quina, pode economizar tempo na limpeza di\u00e1ria. O nosso pano MicronQuick est\u00e1 feito de microfibras patenteadas, alcan\u00e7ando um desempenho de limpeza superior mesmo em estruturas microsc\u00f3picas. ...","rel":"","context":"Similar post","img":{"alt_text":"","src":"https:\/\/i0.wp.com\/mundo.seashell.pt\/wp-content\/uploads\/2022\/02\/01-wiping-01-microfibre-cloths-12-micron-quick-micronquick-portrait-580x550_PhotoRoom_20210418_123240.jpg?resize=350%2C200&ssl=1","width":350,"height":200},"classes":[]},{"id":6201,"url":"https:\/\/mundo.seashell.pt\/?product=pano-seca-mais-vileda-em-rolo","url_meta":{"origin":6205,"position":3},"title":"Pano Seca Mais &#8211; Vileda (em rolo)","date":"Fevereiro 23, 2022","format":false,"excerpt":"SecaPlus Pano sempre pronto. Quick'n Dry economiza tempo devido ao seu r\u00e1pido prepara\u00e7\u00e3o, f\u00e1cil enxaguar e drenar, e pela capacidade de absor\u00e7\u00e3o extra. Escolha Quik'n Dry para um limpeza molhada r\u00e1pida, sem esfor\u00e7o e sem fibras. Sempre pronto para usar. Use o pano uma vez e descarte-o, ou lave-o novamente\u2026","rel":"","context":"Similar post","img":{"alt_text":"","src":"https:\/\/i0.wp.com\/mundo.seashell.pt\/wp-content\/uploads\/2022\/02\/01-wiping-02-sponge-cloths-02-quick-n-dry-quick-n-dry-roll-detail-580x435_PhotoRoom_20210418_123342.jpg?resize=350%2C200&ssl=1","width":350,"height":200},"classes":[]},{"id":6183,"url":"https:\/\/mundo.seashell.pt\/?product=pano-microtuff-swift-5-panos","url_meta":{"origin":6205,"position":4},"title":"Pano MicroTuff Swift (5 panos)","date":"Fevereiro 23, 2022","format":false,"excerpt":"MicroTuff Swift Bons resultados de limpeza com excelente rela\u00e7\u00e3o pre\u00e7o-desempenho. O MicroTuff Swift \u00e9 um pano de microfibra tecida .Remove gordura das impress\u00f5es digitais e sujidade persistente sem o uso de produtos qu\u00edmicos. Pode ser usado em todas as \u00e1reas onde \u00e9 necess\u00e1ria uma limpeza r\u00e1pida e eficaz. Higi...","rel":"","context":"Similar post","img":{"alt_text":"","src":"https:\/\/i0.wp.com\/mundo.seashell.pt\/wp-content\/uploads\/2022\/02\/01-wiping-01-microfibre-cloths-07-microtuff-swift-portrait_PhotoRoom_20210418_123302.jpg?resize=350%2C200&ssl=1","width":350,"height":200},"classes":[]},{"id":6181,"url":"https:\/\/mundo.seashell.pt\/?product=pano-microtuff-plus-5-panos","url_meta":{"origin":6205,"position":5},"title":"Pano MicroTuff Plus (5 panos)","date":"Fevereiro 23, 2022","format":false,"excerpt":"MicroTuff Plus M\u00e1xima qualidade em um pano de microfibra multiuso Pano de microfibra tecido com alto volume e capacidade de coleta de sujeira. O MicroTuff Plus oferece o excelente desempenho de limpeza de microfibras, o que torna a limpeza um trabalho r\u00e1pido e f\u00e1cil. Higiene e Seguran\u00e7aCom o siste...","rel":"","context":"Similar post","img":{"alt_text":"","src":"https:\/\/i0.wp.com\/mundo.seashell.pt\/wp-content\/uploads\/2022\/02\/01-wiping-01-microfibre-cloths-06-microtuff-plus-portrait_PhotoRoom_20210418_122910.jpg?resize=350%2C200&ssl=1","width":350,"height":200},"classes":[]}],"_links":{"self":[{"href":"https:\/\/mundo.seashell.pt\/index.php?rest_route=\/wp\/v2\/product\/6205","targetHints":{"allow":["GET"]}}],"collection":[{"href":"https:\/\/mundo.seashell.pt\/index.php?rest_route=\/wp\/v2\/product"}],"about":[{"href":"https:\/\/mundo.seashell.pt\/index.php?rest_route=\/wp\/v2\/types\/product"}],"wp:featuredmedia":[{"embeddable":true,"href":"https:\/\/mundo.seashell.pt\/index.php?rest_route=\/wp\/v2\/media\/6206"}],"wp:attachment":[{"href":"https:\/\/mundo.seashell.pt\/index.php?rest_route=%2Fwp%2Fv2%2Fmedia&parent=6205"}],"wp:term":[{"taxonomy":"product_cat","embeddable":true,"href":"https:\/\/mundo.seashell.pt\/index.php?rest_route=%2Fwp%2Fv2%2Fproduct_cat&post=6205"},{"taxonomy":"product_tag","embeddable":true,"href":"https:\/\/mundo.seashell.pt\/index.php?rest_route=%2Fwp%2Fv2%2Fproduct_tag&post=6205"}],"curies":[{"name":"wp","href":"https:\/\/api.w.org\/{rel}","templated":true}]}}