{"id":6201,"date":"2022-02-23T11:53:32","date_gmt":"2022-02-23T11:53:32","guid":{"rendered":"https:\/\/mundo.seashell.pt\/?post_type=product&#038;p=6201"},"modified":"2022-02-23T11:53:33","modified_gmt":"2022-02-23T11:53:33","slug":"pano-seca-mais-vileda-em-rolo","status":"publish","type":"product","link":"https:\/\/mundo.seashell.pt\/?product=pano-seca-mais-vileda-em-rolo","title":{"rendered":"Pano Seca Mais &#8211; Vileda (em rolo)"},"content":{"rendered":"<h2>SecaPlus<\/h2>\n<h2>Pano sempre pronto.<\/h2>\n<p>Quick&#8217;n Dry economiza tempo devido ao seu r\u00e1pido prepara\u00e7\u00e3o, f\u00e1cil enxaguar e drenar, e pela capacidade de absor\u00e7\u00e3o extra. Escolha Quik&#8217;n Dry para um limpeza molhada r\u00e1pida, sem esfor\u00e7o e sem fibras. Sempre pronto para usar. Use o pano uma vez e descarte-o, ou lave-o novamente a 95 \u00b0 C. Ergonomia A baixa fric\u00e7\u00e3o, a alta absor\u00e7\u00e3o, suavidade e flexibilidade tornam o Quick&#8217;n Dry f\u00e1cil de manusear. Meio ambiente e higiene Compost\u00e1vel e totalmente biodegrad\u00e1vel, cor baseado em \u00e1gua e processo de produ\u00e7\u00e3o sem cloro. Material Quick&#8217;n Dry usa o mesmo material que o pano de esponja Wettex: 1\/3 de algod\u00e3o e 2\/3 de celulose. As fibras de algod\u00e3o extra largas fazem o tecido dur\u00e1vel, mas ainda assim flex\u00edvel e macio. A densidade ideal da fibra e o tamanho dos poros proporcionam uma excelente absor\u00e7\u00e3o, at\u00e9 15 vezes o seu pr\u00f3prio peso. O Quick&#8217;n Dry est\u00e1 dispon\u00edvel em formato de rolo, especialmente para o dispensador Quick&#8217;n Dry. O dispensador recomenda um suporte de parede e a l\u00e2mina integrada torna o corte f\u00e1cil e r\u00e1pido. Use Com distribuidor pr\u00e1tico, Quick&#8217;nDry \u00e9 altamente absorvente e particularmente adequado para derrames e limpeza molhada em cozinhas profissionais .<\/p>\n<h3>Benef\u00edcios do produto<\/h3>\n<ul>\n<li>Esponja fina com bom toque e flexibilidade<\/li>\n<li>Econ\u00f3mico, o comprimento do rolo pode ser cortado em panos individualmente<\/li>\n<li>Compost\u00e1vel e biodegrad\u00e1vel.<\/li>\n<li>Comprimento do rolo de 10 m<\/li>\n<li>Dispensador do rolo de pl\u00e1stico. Pode ser usado com o carro Origo usando um clipe adicional<\/li>\n<\/ul>\n","protected":false},"excerpt":{"rendered":"<p>SecaPlus<br \/>\nPano sempre pronto.<br \/>\nQuick&#8217;n Dry economiza tempo devido ao seu r\u00e1pido prepara\u00e7\u00e3o, f\u00e1cil enxaguar e drenar, e pela capacidade de absor\u00e7\u00e3o extra. Escolha Quik&#8217;n Dry para um limpeza molhada r\u00e1pida, sem esfor\u00e7o e sem fibras. Sempre pronto para usar. Use o pano uma vez e descarte-o, ou lave-o novamente a 95 \u00b0 C. Ergonomia&#8230;<\/p>\n","protected":false},"featured_media":6202,"template":"","meta":{"spay_email":""},"product_cat":[15],"product_tag":[],"class_list":{"0":"post-6201","1":"product","2":"type-product","3":"status-publish","4":"has-post-thumbnail","6":"product_cat-sem-categoria","8":"first","9":"instock","10":"taxable","11":"shipping-taxable","12":"purchasable","13":"product-type-simple"},"acf":[],"jetpack-related-posts":[{"id":6203,"url":"https:\/\/mundo.seashell.pt\/?product=pano-wettex-vileda-10-panos","url_meta":{"origin":6201,"position":0},"title":"Pano Wettex &#8211; Vileda (10 panos)","date":"Fevereiro 23, 2022","format":false,"excerpt":"Wettex Absorve at\u00e9 15 vezes o seu peso Wettex promove uma limpeza r\u00e1pida, higi\u00eanica e f\u00e1cil, que absorve at\u00e9 15 vezes o seu pr\u00f3prio peso. Poupa tempo devido \u00e0 sua r\u00e1pida absor\u00e7\u00e3o, f\u00e1cil enxaguamento e drenagem. ErgonomiaBaixo atrito, alta absor\u00e7\u00e3o, maciez e volume tornam o Wettex f\u00e1cil de manusear...","rel":"","context":"Similar post","img":{"alt_text":"","src":"https:\/\/i0.wp.com\/mundo.seashell.pt\/wp-content\/uploads\/2022\/02\/01-wiping-02-sponge-cloths-01-wettex-portrait_PhotoRoom_20210418_123756.jpg?resize=350%2C200&ssl=1","width":350,"height":200},"classes":[]},{"id":6197,"url":"https:\/\/mundo.seashell.pt\/?product=pano-absorvente-ag-vileda-em-rolo","url_meta":{"origin":6201,"position":1},"title":"Pano Absorvente Ag &#8211; Vileda (em rolo)","date":"Fevereiro 23, 2022","format":false,"excerpt":"Absorvente Ag M\u00e1xima absor\u00e7\u00e3o e durabilidade Produzido em tela n\u00e3o tecida. Composto por diferentes materiais, fibras de Algod\u00e3o, Viscose e Poli\u00e9ster. O seu desenho confere-lhe uma imagem atractiva e profissional.Apresentado em formato de rolo de 4 metros para uso profissional. \u00c1rea de aplica\u00e7\u00e3o: E...","rel":"","context":"Similar post","img":{"alt_text":"","src":"https:\/\/i0.wp.com\/mundo.seashell.pt\/wp-content\/uploads\/2022\/02\/Iberica-Absorbente-Ag-carouselImage_PhotoRoom_20210418_123501.jpg?resize=350%2C200&ssl=1","width":350,"height":200},"classes":[]},{"id":6207,"url":"https:\/\/mundo.seashell.pt\/?product=pano-micronsolo-vileda-em-rolo","url_meta":{"origin":6201,"position":2},"title":"Pano MicronSolo &#8211; Vileda (em rolo)","date":"Fevereiro 23, 2022","format":false,"excerpt":"MicronSolo Rolo Pano de microfibra descart\u00e1vel pr\u00e1tico onde a higiene \u00e9 cr\u00edtica Pano de microfibra descart\u00e1vel com desempenho de limpeza superior combinado com fibras de viscose para excelente absor\u00e7\u00e3o. MicronSolo \u00e9 a solu\u00e7\u00e3o ideal quando se precisa de um pano descart\u00e1vel ,necess\u00e1rio em ambientes com alto n\u00edvel de hi...","rel":"","context":"Similar post","img":{"alt_text":"","src":"https:\/\/i0.wp.com\/mundo.seashell.pt\/wp-content\/uploads\/2022\/02\/MicronSolo-Roll-Main-ClonedDuringMediaCleanUp012-carouselImage_PhotoRoom_20210418_123421.jpg?resize=350%2C200&ssl=1","width":350,"height":200},"classes":[]},{"id":6189,"url":"https:\/\/mundo.seashell.pt\/?product=pano-de-vidros-vileda-10-panos","url_meta":{"origin":6201,"position":3},"title":"Pano de Vidros &#8211; Vileda (10 panos)","date":"Fevereiro 23, 2022","format":false,"excerpt":"Pano Vidros Limpeza e secagem perfeitas de vidros Panos desenhados para tarefas de limpezas profissionais para todo tipo de vidro, espelhos, mostradores, metais etc. Em geral, pode ser utilizado para qualquer superf\u00edcie que exija acabado perfeito. Benef\u00edcios do produto Limpeza perfeita: ...","rel":"","context":"Similar post","img":{"alt_text":"","src":"https:\/\/i0.wp.com\/mundo.seashell.pt\/wp-content\/uploads\/2022\/02\/Iberica-cristales-carouselImage_PhotoRoom_20210418_123122.jpg?resize=350%2C200&ssl=1","width":350,"height":200},"classes":[]},{"id":6187,"url":"https:\/\/mundo.seashell.pt\/?product=pano-microtuff-easy-50-panos","url_meta":{"origin":6201,"position":4},"title":"Pano MicroTuff Easy (50 panos)","date":"Fevereiro 23, 2022","format":false,"excerpt":"MicroTuff Easy MicroTuff Easy \u00e9 o nosso pano de microfibra semi-descart\u00e1vel que vem em uma pr\u00e1tica caixa dispensadora e se encaixa perfeitamente para todos os fins de limpeza. O pano tem um desempenho de limpeza muito elevado e uma boa fun\u00e7\u00e3o de absor\u00e7\u00e3o para uso di\u00e1rio. Ele tamb\u00e9m enfatiza o\u2026","rel":"","context":"Similar post","img":{"alt_text":"","src":"https:\/\/i0.wp.com\/mundo.seashell.pt\/wp-content\/uploads\/2022\/02\/MicroTuff-Easy-closeupfinal_PhotoRoom_20210418_123325.jpg?resize=350%2C200&ssl=1","width":350,"height":200},"classes":[]},{"id":6193,"url":"https:\/\/mundo.seashell.pt\/?product=pano-pvamicro-vileda-5-panos","url_meta":{"origin":6201,"position":5},"title":"Pano PVAmicro &#8211; Vileda (5 panos)","date":"Fevereiro 23, 2022","format":false,"excerpt":"PVAmicro Os melhores resultados com o nosso pano de microfibra de maior sucesso A Vileda Professional utiliza as mais recentes tecnologias para inventar e produzir solu\u00e7\u00f5es de limpeza mais eficientes para reduzir o teu trabalho. O nosso pano de microfibra de maior sucesso, PVAmicro, consegue resultad...","rel":"","context":"Similar post","img":{"alt_text":"","src":"https:\/\/i0.wp.com\/mundo.seashell.pt\/wp-content\/uploads\/2022\/02\/01-wiping-01-microfibre-cloths-10-pvamicro-portrait_PhotoRoom_20210418_123444.jpg?resize=350%2C200&ssl=1","width":350,"height":200},"classes":[]}],"_links":{"self":[{"href":"https:\/\/mundo.seashell.pt\/index.php?rest_route=\/wp\/v2\/product\/6201","targetHints":{"allow":["GET"]}}],"collection":[{"href":"https:\/\/mundo.seashell.pt\/index.php?rest_route=\/wp\/v2\/product"}],"about":[{"href":"https:\/\/mundo.seashell.pt\/index.php?rest_route=\/wp\/v2\/types\/product"}],"wp:featuredmedia":[{"embeddable":true,"href":"https:\/\/mundo.seashell.pt\/index.php?rest_route=\/wp\/v2\/media\/6202"}],"wp:attachment":[{"href":"https:\/\/mundo.seashell.pt\/index.php?rest_route=%2Fwp%2Fv2%2Fmedia&parent=6201"}],"wp:term":[{"taxonomy":"product_cat","embeddable":true,"href":"https:\/\/mundo.seashell.pt\/index.php?rest_route=%2Fwp%2Fv2%2Fproduct_cat&post=6201"},{"taxonomy":"product_tag","embeddable":true,"href":"https:\/\/mundo.seashell.pt\/index.php?rest_route=%2Fwp%2Fv2%2Fproduct_tag&post=6201"}],"curies":[{"name":"wp","href":"https:\/\/api.w.org\/{rel}","templated":true}]}}