{"id":6199,"date":"2022-02-23T11:53:30","date_gmt":"2022-02-23T11:53:30","guid":{"rendered":"https:\/\/mundo.seashell.pt\/?post_type=product&#038;p=6199"},"modified":"2022-02-23T11:53:32","modified_gmt":"2022-02-23T11:53:32","slug":"pano-multiusos-ag-vileda-rolo-pre-cortado","status":"publish","type":"product","link":"https:\/\/mundo.seashell.pt\/?product=pano-multiusos-ag-vileda-rolo-pre-cortado","title":{"rendered":"Pano Multiusos Ag &#8211; Vileda (rolo pr\u00e9-cortado)"},"content":{"rendered":"<h2>Multiusos Ag<\/h2>\n<h2>Arrasto m\u00e1ximo com grande suavidade<\/h2>\n<p>Limpeza a seco, h\u00famida ou molhada, de todo tipo de superf\u00edcies, especialmente aquelas com muita sujidade solta,e em geral, em todos os lugares onde \u00e9 necess\u00e1ria alta capacidade de absor\u00e7\u00e3o (8,4 vezes o seu peso), facilidade de escorrer e velocidade .<br \/>Rolo de 4 metros de tecido n\u00e3o tecido, pr\u00e9-cortado a cada 40 cm. Fabricado com as tecnologias <em><strong>Thermobonded<\/strong><\/em> (tecido n\u00e3o-tecido sem ligantes qu\u00edmicos), e <em><strong>Novolon<\/strong><\/em> (Hondas ativas 3D), que proporcionam uma extraordin\u00e1ria capacidade de arrastar a sujidade em todos os tipos de superf\u00edcies, al\u00e9m de um toque agrad\u00e1vel e suave.<\/p>\n<h3>Benef\u00edcios do produto<\/h3>\n<ul>\n<li>Efic\u00e1cia: a sua estrutura de ondas 3D oferece-lhe uma capacidade muito alta para arrastar a sujidade desde a primeira passada.<\/li>\n<li>Absor\u00e7\u00e3o: a sua composi\u00e7\u00e3o e estrutura sem liga\u00e7\u00f5es, fazem com que tenha uma grande capacidade de absor\u00e7\u00e3o.<\/li>\n<li>Toque: na m\u00e3o \u00e9 provavelmente um dos panos de limpeza profissionais mais agrad\u00e1veis e suaves para usar.<\/li>\n<li>Antibacteriana: incorpora part\u00edculas de prata na sua estampagem o que impede o crescimento e prolifera\u00e7\u00e3o de bact\u00e9rias, e as elimina por contato direto.<\/li>\n<\/ul>\n","protected":false},"excerpt":{"rendered":"<p>Multiusos Ag<br \/>\nArrasto m\u00e1ximo com grande suavidade<br \/>\nLimpeza a seco, h\u00famida ou molhada, de todo tipo de superf\u00edcies, especialmente aquelas com muita sujidade solta,e em geral, em todos os lugares onde \u00e9 necess\u00e1ria alta capacidade de absor\u00e7\u00e3o (8,4 vezes o seu peso), facilidade de escorrer e velocidade .Rolo de 4 metros de tec&#8230;<\/p>\n","protected":false},"featured_media":6200,"template":"","meta":{"spay_email":""},"product_cat":[15],"product_tag":[],"class_list":{"0":"post-6199","1":"product","2":"type-product","3":"status-publish","4":"has-post-thumbnail","6":"product_cat-sem-categoria","8":"first","9":"instock","10":"taxable","11":"shipping-taxable","12":"purchasable","13":"product-type-simple"},"acf":[],"jetpack-related-posts":[{"id":6185,"url":"https:\/\/mundo.seashell.pt\/?product=pano-microtuff-base-5-panos","url_meta":{"origin":6199,"position":0},"title":"Pano MicroTuff Base (5 panos)","date":"Fevereiro 23, 2022","format":false,"excerpt":"MicroTuff Base Pano tecido de microfibras multiuso Pano de microfibra tecida volumosa e com alta capacidade de coleta de sujidade. O MicroTuff Base fornece o excelente rendimento de limpeza das microfibras, o que torna a limpeza um trabalho r\u00e1pido e f\u00e1cil. Higiene e Seguran\u00e7aCom o sistema de codif...","rel":"","context":"Similar post","img":{"alt_text":"","src":"https:\/\/i0.wp.com\/mundo.seashell.pt\/wp-content\/uploads\/2022\/02\/01-wiping-01-microfibre-cloths-06-microtuff-plus-portrait_PhotoRoom_20210418_122910-1.jpg?resize=350%2C200&ssl=1","width":350,"height":200},"classes":[]},{"id":6195,"url":"https:\/\/mundo.seashell.pt\/?product=pano-universal-ag-vileda","url_meta":{"origin":6199,"position":1},"title":"Pano Universal Ag &#8211; Vileda (Rolo de 8 metros)","date":"Fevereiro 23, 2022","format":false,"excerpt":"Multiusos Ag Resist\u00eancia e alto rendimento para a limpeza profissional intensiva Pano em tela n\u00e3o tecida com tecnologia Neutrex, produzido com componentes tradicionais de alta durabilidade e impregnado com cloreto de prata, oferece grande resist\u00eancia qu\u00edmica e forte atividade antibacteriana ao eliminar bact\u00e9rias por contacto...","rel":"","context":"Similar post","img":{"alt_text":"","src":"https:\/\/i0.wp.com\/mundo.seashell.pt\/wp-content\/uploads\/2022\/02\/Bayeta-Universal-Ag_PhotoRoom_20210418_123740.jpg?resize=350%2C200&ssl=1","width":350,"height":200},"classes":[]},{"id":6181,"url":"https:\/\/mundo.seashell.pt\/?product=pano-microtuff-plus-5-panos","url_meta":{"origin":6199,"position":2},"title":"Pano MicroTuff Plus (5 panos)","date":"Fevereiro 23, 2022","format":false,"excerpt":"MicroTuff Plus M\u00e1xima qualidade em um pano de microfibra multiuso Pano de microfibra tecido com alto volume e capacidade de coleta de sujeira. O MicroTuff Plus oferece o excelente desempenho de limpeza de microfibras, o que torna a limpeza um trabalho r\u00e1pido e f\u00e1cil. Higiene e Seguran\u00e7aCom o siste...","rel":"","context":"Similar post","img":{"alt_text":"","src":"https:\/\/i0.wp.com\/mundo.seashell.pt\/wp-content\/uploads\/2022\/02\/01-wiping-01-microfibre-cloths-06-microtuff-plus-portrait_PhotoRoom_20210418_122910.jpg?resize=350%2C200&ssl=1","width":350,"height":200},"classes":[]},{"id":6191,"url":"https:\/\/mundo.seashell.pt\/?product=pano-wipro-ag-vileda-20-panos","url_meta":{"origin":6199,"position":3},"title":"Pano WiPro Ag &#8211; Vileda (20 panos)","date":"Fevereiro 23, 2022","format":false,"excerpt":"WiPro Ag Pano de tecido n\u00e3o tecido multiusos com efeito antibacteriano O Wipro produzido em tela n\u00e3o tecida, muito absorvente, com uma elevada efic\u00e1cia de limpeza, removendo mesmo sujidade ressequida. \u00c9 um pano de grande durabilidade e de f\u00e1cil lavagem preparado para as exig\u00eancias da limpeza profissional moderna. O pano\u2026","rel":"","context":"Similar post","img":{"alt_text":"","src":"https:\/\/i0.wp.com\/mundo.seashell.pt\/wp-content\/uploads\/2022\/02\/01-wiping-04-latex-coated-cloths-06-wipro-antibac-portrait_PhotoRoom_20210418_123521.jpg?resize=350%2C200&ssl=1","width":350,"height":200},"classes":[]},{"id":6193,"url":"https:\/\/mundo.seashell.pt\/?product=pano-pvamicro-vileda-5-panos","url_meta":{"origin":6199,"position":4},"title":"Pano PVAmicro &#8211; Vileda (5 panos)","date":"Fevereiro 23, 2022","format":false,"excerpt":"PVAmicro Os melhores resultados com o nosso pano de microfibra de maior sucesso A Vileda Professional utiliza as mais recentes tecnologias para inventar e produzir solu\u00e7\u00f5es de limpeza mais eficientes para reduzir o teu trabalho. O nosso pano de microfibra de maior sucesso, PVAmicro, consegue resultad...","rel":"","context":"Similar post","img":{"alt_text":"","src":"https:\/\/i0.wp.com\/mundo.seashell.pt\/wp-content\/uploads\/2022\/02\/01-wiping-01-microfibre-cloths-10-pvamicro-portrait_PhotoRoom_20210418_123444.jpg?resize=350%2C200&ssl=1","width":350,"height":200},"classes":[]},{"id":5674,"url":"https:\/\/mundo.seashell.pt\/?product=xtra-degreaser-500ml","url_meta":{"origin":6199,"position":5},"title":"Desengordurante &#8211; Xtra &#8211; Degreaser  500ml","date":"Fevereiro 23, 2022","format":false,"excerpt":"Desengordurante para todas as superf\u00edcies. Excelente para a utiliza\u00e7\u00e3o em ambiente alimentar, superf\u00edcies em inox e para o pr\u00e9-tratamento de tecidos.","rel":"","context":"Similar post","img":{"alt_text":"","src":"https:\/\/i0.wp.com\/mundo.seashell.pt\/wp-content\/uploads\/2022\/02\/xtra_degreaser.jpg?resize=350%2C200&ssl=1","width":350,"height":200},"classes":[]}],"_links":{"self":[{"href":"https:\/\/mundo.seashell.pt\/index.php?rest_route=\/wp\/v2\/product\/6199","targetHints":{"allow":["GET"]}}],"collection":[{"href":"https:\/\/mundo.seashell.pt\/index.php?rest_route=\/wp\/v2\/product"}],"about":[{"href":"https:\/\/mundo.seashell.pt\/index.php?rest_route=\/wp\/v2\/types\/product"}],"wp:featuredmedia":[{"embeddable":true,"href":"https:\/\/mundo.seashell.pt\/index.php?rest_route=\/wp\/v2\/media\/6200"}],"wp:attachment":[{"href":"https:\/\/mundo.seashell.pt\/index.php?rest_route=%2Fwp%2Fv2%2Fmedia&parent=6199"}],"wp:term":[{"taxonomy":"product_cat","embeddable":true,"href":"https:\/\/mundo.seashell.pt\/index.php?rest_route=%2Fwp%2Fv2%2Fproduct_cat&post=6199"},{"taxonomy":"product_tag","embeddable":true,"href":"https:\/\/mundo.seashell.pt\/index.php?rest_route=%2Fwp%2Fv2%2Fproduct_tag&post=6199"}],"curies":[{"name":"wp","href":"https:\/\/api.w.org\/{rel}","templated":true}]}}