{"id":6197,"date":"2022-02-23T11:53:28","date_gmt":"2022-02-23T11:53:28","guid":{"rendered":"https:\/\/mundo.seashell.pt\/?post_type=product&#038;p=6197"},"modified":"2022-02-23T11:53:30","modified_gmt":"2022-02-23T11:53:30","slug":"pano-absorvente-ag-vileda-em-rolo","status":"publish","type":"product","link":"https:\/\/mundo.seashell.pt\/?product=pano-absorvente-ag-vileda-em-rolo","title":{"rendered":"Pano Absorvente Ag &#8211; Vileda (em rolo)"},"content":{"rendered":"<h2>Absorvente Ag<\/h2>\n<h2>M\u00e1xima absor\u00e7\u00e3o e durabilidade<\/h2>\n<p>Produzido em tela n\u00e3o tecida. Composto por diferentes materiais, fibras de Algod\u00e3o, Viscose e Poli\u00e9ster. O seu desenho confere-lhe uma imagem atractiva e profissional.<br \/>Apresentado em formato de rolo de 4 metros para uso profissional.<\/p>\n<\/p>\n<h4>\u00c1rea de aplica\u00e7\u00e3o:<\/h4>\n<p>Eficaz com v\u00e1rios m\u00e9todos de limpeza, a h\u00famido ou a seco, podendo ser utilizado em diferentes \u00e1reas, inclusivamente para cobrir bancadas e colocar objectos a escorrer.<\/p>\n<\/p>\n<h3>Benef\u00edcios do produto:<\/h3>\n<ul>\n<li><strong>Grande absor\u00e7\u00e3o:<\/strong> gra\u00e7as \u00e0 sua composi\u00e7\u00e3o de fibras absorventes, proporciona a capacidade de reten\u00e7\u00e3o de l\u00edquidos, equivalente a 2ltr \/ m2 de pano, permitindo a secagem r\u00e1pida da loi\u00e7a. Ao contr\u00e1rio dos panos acolchoados\/ esponja, n\u00e3o ficam enrugados quando secos.<\/li>\n<li><strong>Antibacteriana: <\/strong>incorpora part\u00edculas de prata na sua estampagem que impedem o crescimento e prolifera\u00e7\u00e3o de bact\u00e9rias e as elimina por contato direto.<\/li>\n<li><strong>Rentabilidade:<\/strong> maior dura\u00e7\u00e3o, ao estar fabricado com tecido n\u00e3o tecido, o que evita o desgastes e largar pelo.<\/li>\n<\/ul>\n","protected":false},"excerpt":{"rendered":"<p>Absorvente Ag<br \/>\nM\u00e1xima absor\u00e7\u00e3o e durabilidade<br \/>\nProduzido em tela n\u00e3o tecida. Composto por diferentes materiais, fibras de Algod\u00e3o, Viscose e Poli\u00e9ster. O seu desenho confere-lhe uma imagem atractiva e profissional.Apresentado em formato de rolo de 4 metros para uso profissional.<\/p>\n<p>\u00c1rea de aplica\u00e7\u00e3o:<br \/>\nE&#8230;<\/p>\n","protected":false},"featured_media":6198,"template":"","meta":{"spay_email":""},"product_cat":[15],"product_tag":[],"class_list":{"0":"post-6197","1":"product","2":"type-product","3":"status-publish","4":"has-post-thumbnail","6":"product_cat-sem-categoria","8":"first","9":"instock","10":"taxable","11":"shipping-taxable","12":"purchasable","13":"product-type-simple"},"acf":[],"jetpack-related-posts":[{"id":6207,"url":"https:\/\/mundo.seashell.pt\/?product=pano-micronsolo-vileda-em-rolo","url_meta":{"origin":6197,"position":0},"title":"Pano MicronSolo &#8211; Vileda (em rolo)","date":"Fevereiro 23, 2022","format":false,"excerpt":"MicronSolo Rolo Pano de microfibra descart\u00e1vel pr\u00e1tico onde a higiene \u00e9 cr\u00edtica Pano de microfibra descart\u00e1vel com desempenho de limpeza superior combinado com fibras de viscose para excelente absor\u00e7\u00e3o. MicronSolo \u00e9 a solu\u00e7\u00e3o ideal quando se precisa de um pano descart\u00e1vel ,necess\u00e1rio em ambientes com alto n\u00edvel de hi...","rel":"","context":"Similar post","img":{"alt_text":"","src":"https:\/\/i0.wp.com\/mundo.seashell.pt\/wp-content\/uploads\/2022\/02\/MicronSolo-Roll-Main-ClonedDuringMediaCleanUp012-carouselImage_PhotoRoom_20210418_123421.jpg?resize=350%2C200&ssl=1","width":350,"height":200},"classes":[]},{"id":6201,"url":"https:\/\/mundo.seashell.pt\/?product=pano-seca-mais-vileda-em-rolo","url_meta":{"origin":6197,"position":1},"title":"Pano Seca Mais &#8211; Vileda (em rolo)","date":"Fevereiro 23, 2022","format":false,"excerpt":"SecaPlus Pano sempre pronto. Quick'n Dry economiza tempo devido ao seu r\u00e1pido prepara\u00e7\u00e3o, f\u00e1cil enxaguar e drenar, e pela capacidade de absor\u00e7\u00e3o extra. Escolha Quik'n Dry para um limpeza molhada r\u00e1pida, sem esfor\u00e7o e sem fibras. Sempre pronto para usar. Use o pano uma vez e descarte-o, ou lave-o novamente\u2026","rel":"","context":"Similar post","img":{"alt_text":"","src":"https:\/\/i0.wp.com\/mundo.seashell.pt\/wp-content\/uploads\/2022\/02\/01-wiping-02-sponge-cloths-02-quick-n-dry-quick-n-dry-roll-detail-580x435_PhotoRoom_20210418_123342.jpg?resize=350%2C200&ssl=1","width":350,"height":200},"classes":[]},{"id":6191,"url":"https:\/\/mundo.seashell.pt\/?product=pano-wipro-ag-vileda-20-panos","url_meta":{"origin":6197,"position":2},"title":"Pano WiPro Ag &#8211; Vileda (20 panos)","date":"Fevereiro 23, 2022","format":false,"excerpt":"WiPro Ag Pano de tecido n\u00e3o tecido multiusos com efeito antibacteriano O Wipro produzido em tela n\u00e3o tecida, muito absorvente, com uma elevada efic\u00e1cia de limpeza, removendo mesmo sujidade ressequida. \u00c9 um pano de grande durabilidade e de f\u00e1cil lavagem preparado para as exig\u00eancias da limpeza profissional moderna. O pano\u2026","rel":"","context":"Similar post","img":{"alt_text":"","src":"https:\/\/i0.wp.com\/mundo.seashell.pt\/wp-content\/uploads\/2022\/02\/01-wiping-04-latex-coated-cloths-06-wipro-antibac-portrait_PhotoRoom_20210418_123521.jpg?resize=350%2C200&ssl=1","width":350,"height":200},"classes":[]},{"id":6209,"url":"https:\/\/mundo.seashell.pt\/?product=pano-micronsolo-vileda-100-panos","url_meta":{"origin":6197,"position":3},"title":"Pano MicronSolo &#8211; Vileda (100 panos)","date":"Fevereiro 23, 2022","format":false,"excerpt":"MicronSolo Alta absor\u00e7\u00e3o e rendimento de limpeza O MicronSolo \u00e9 o nosso pano de microfibra descart\u00e1vel com um rendimento de limpeza superior e uma excelente capacidade de absor\u00e7\u00e3o. Comparado com os panos descart\u00e1veis comuns, a limpeza com o pano MicronSolo \u00e9 mais f\u00e1cil e evita infe\u00e7\u00f5es em zonas higienicament...","rel":"","context":"Similar post","img":{"alt_text":"","src":"https:\/\/i0.wp.com\/mundo.seashell.pt\/wp-content\/uploads\/2022\/02\/Micron-Solo-Main-ClonedDuringMediaCleanUp012-carouselImage_PhotoRoom_20210418_122813.jpg?resize=350%2C200&ssl=1","width":350,"height":200},"classes":[]},{"id":6195,"url":"https:\/\/mundo.seashell.pt\/?product=pano-universal-ag-vileda","url_meta":{"origin":6197,"position":4},"title":"Pano Universal Ag &#8211; Vileda (Rolo de 8 metros)","date":"Fevereiro 23, 2022","format":false,"excerpt":"Multiusos Ag Resist\u00eancia e alto rendimento para a limpeza profissional intensiva Pano em tela n\u00e3o tecida com tecnologia Neutrex, produzido com componentes tradicionais de alta durabilidade e impregnado com cloreto de prata, oferece grande resist\u00eancia qu\u00edmica e forte atividade antibacteriana ao eliminar bact\u00e9rias por contacto...","rel":"","context":"Similar post","img":{"alt_text":"","src":"https:\/\/i0.wp.com\/mundo.seashell.pt\/wp-content\/uploads\/2022\/02\/Bayeta-Universal-Ag_PhotoRoom_20210418_123740.jpg?resize=350%2C200&ssl=1","width":350,"height":200},"classes":[]},{"id":6199,"url":"https:\/\/mundo.seashell.pt\/?product=pano-multiusos-ag-vileda-rolo-pre-cortado","url_meta":{"origin":6197,"position":5},"title":"Pano Multiusos Ag &#8211; Vileda (rolo pr\u00e9-cortado)","date":"Fevereiro 23, 2022","format":false,"excerpt":"Multiusos Ag Arrasto m\u00e1ximo com grande suavidade Limpeza a seco, h\u00famida ou molhada, de todo tipo de superf\u00edcies, especialmente aquelas com muita sujidade solta,e em geral, em todos os lugares onde \u00e9 necess\u00e1ria alta capacidade de absor\u00e7\u00e3o (8,4 vezes o seu peso), facilidade de escorrer e velocidade .Rolo de 4\u2026","rel":"","context":"Similar post","img":{"alt_text":"","src":"https:\/\/i0.wp.com\/mundo.seashell.pt\/wp-content\/uploads\/2022\/02\/Iberica-Multiusos-Ag-carouselImage_PhotoRoom_20210418_122930.jpg?resize=350%2C200&ssl=1","width":350,"height":200},"classes":[]}],"_links":{"self":[{"href":"https:\/\/mundo.seashell.pt\/index.php?rest_route=\/wp\/v2\/product\/6197","targetHints":{"allow":["GET"]}}],"collection":[{"href":"https:\/\/mundo.seashell.pt\/index.php?rest_route=\/wp\/v2\/product"}],"about":[{"href":"https:\/\/mundo.seashell.pt\/index.php?rest_route=\/wp\/v2\/types\/product"}],"wp:featuredmedia":[{"embeddable":true,"href":"https:\/\/mundo.seashell.pt\/index.php?rest_route=\/wp\/v2\/media\/6198"}],"wp:attachment":[{"href":"https:\/\/mundo.seashell.pt\/index.php?rest_route=%2Fwp%2Fv2%2Fmedia&parent=6197"}],"wp:term":[{"taxonomy":"product_cat","embeddable":true,"href":"https:\/\/mundo.seashell.pt\/index.php?rest_route=%2Fwp%2Fv2%2Fproduct_cat&post=6197"},{"taxonomy":"product_tag","embeddable":true,"href":"https:\/\/mundo.seashell.pt\/index.php?rest_route=%2Fwp%2Fv2%2Fproduct_tag&post=6197"}],"curies":[{"name":"wp","href":"https:\/\/api.w.org\/{rel}","templated":true}]}}