{"id":6193,"date":"2022-02-23T11:53:10","date_gmt":"2022-02-23T11:53:10","guid":{"rendered":"https:\/\/mundo.seashell.pt\/?post_type=product&#038;p=6193"},"modified":"2022-02-23T11:53:12","modified_gmt":"2022-02-23T11:53:12","slug":"pano-pvamicro-vileda-5-panos","status":"publish","type":"product","link":"https:\/\/mundo.seashell.pt\/?product=pano-pvamicro-vileda-5-panos","title":{"rendered":"Pano PVAmicro &#8211; Vileda (5 panos)"},"content":{"rendered":"<h2>PVAmicro<\/h2>\n<h3>Os melhores resultados com o nosso pano de microfibra de maior sucesso<\/h3>\n<p>A Vileda Professional utiliza as mais recentes tecnologias para inventar e produzir solu\u00e7\u00f5es de limpeza mais eficientes para<strong> reduzir o teu trabalho<\/strong>. O nosso pano de microfibra de maior sucesso,<strong> PVAmicro, consegue resultados de limpeza<\/strong> sem rastos numa \u00fanica passagem por meio de uma tecnologia de revestimento \u00fanica. O pano patenteado PVAmicro absorve uma grande quantidade de \u00e1gua, bem como outros l\u00edquidos e os liberta de forma uniforme. <br \/>A estrutura lisa da superf\u00edcie do pano PVAmicro garante a liberta\u00e7\u00e3o de part\u00edculas de sujidade facilmente. Trabalha com o melhor pano de microfibra multifuncional e <strong>obt\u00e9m o m\u00e1ximo rendimento.<\/strong> Limpar nunca foi t\u00e3o f\u00e1cil.<\/p>\n<h3> Os benef\u00edcios do pano PVAmicro<\/h3>\n<ul>\n<li>Microfibras extra finas &#8211; rendimento de limpeza muito alto<\/li>\n<li>Efici\u00eancia avan\u00e7ada na elimina\u00e7\u00e3o de sujidade gordurosa para obter resultados brilhantes<\/li>\n<li>M\u00e1xima capacidade de absor\u00e7\u00e3o para uma limpeza eficiente no momento <\/li>\n<li>Muito r\u00e1pido e f\u00e1cil de limpar<\/li>\n<li>Alto rendimento de cobertura devido \u00e0 liberta\u00e7\u00e3o homog\u00e9nea de \u00e1gua <\/li>\n<\/ul>\n<h3>Alta efici\u00eancia de trabalho com o pano de limpeza PVAmicro<\/h3>\n<p>O pano PVAmicro \u00e9 ideal para todo o tipo de superf\u00edcies duras, como m\u00f3veis de escrit\u00f3rio, vidros ou a\u00e7o inoxid\u00e1vel e tamb\u00e9m \u00e9 capaz de manter o seu n\u00edvel de alto rendimento durante um longo per\u00edodo de tempo. O PVAmicro <strong>tem 40 vezes menos res\u00edduos de part\u00edculas ap\u00f3s a lavagem<\/strong> em compara\u00e7\u00e3o com os tecidos de microfibras tecidas comuns. A exclusiva tecnologia de revestimento proporciona uma m\u00e1xima capacidade de absor\u00e7\u00e3o em combina\u00e7\u00e3o com resultados sem rastos e ajusta-se especialmente \u00e0s exig\u00eancias relativas \u00e0 limpeza de grandes superf\u00edcies num curto per\u00edodo de tempo.<br \/>Quando colocado em \u00e1gua, o pano torna-se muito suave e flex\u00edvel. Isto permite-lhe <strong>limpar superf\u00edcies delicadas,<\/strong> como espelhos ou a\u00e7o inoxid\u00e1vel. O PVAmicro tem um toque suave e uma alta capacidade de absor\u00e7\u00e3o. O pano <strong>remove a sujidade gordurosa de forma eficiente <\/strong>para obter resultados brilhantes e \u00e9 ideal para o sistema de balde.<\/p>\n<p>Utiliza o pano PVAmicro para qualquer superf\u00edcie dura e economiza tempo com os seus eficientes recursos de limpeza. A sua resist\u00eancia tamb\u00e9m<strong> reduzir\u00e1 os teus gastos, j\u00e1 que dura muito tempo. <\/strong>Simplesmente lava-o bem ap\u00f3s o seu uso e ele servir\u00e1 por um longo per\u00edodo. Necessitas de um pano com resultados extra brilhantes? Observa o pano <em>MicroClean Plus<\/em>.<\/p>\n<p>Pe\u00e7a o seu pano PVAmicro agora!<\/p>\n","protected":false},"excerpt":{"rendered":"<p>PVAmicro<br \/>\nOs melhores resultados com o nosso pano de microfibra de maior sucesso<br \/>\nA Vileda Professional utiliza as mais recentes tecnologias para inventar e produzir solu\u00e7\u00f5es de limpeza mais eficientes para reduzir o teu trabalho. O nosso pano de microfibra de maior sucesso, PVAmicro, consegue resultad&#8230;<\/p>\n","protected":false},"featured_media":6194,"template":"","meta":{"spay_email":""},"product_cat":[15],"product_tag":[],"class_list":{"0":"post-6193","1":"product","2":"type-product","3":"status-publish","4":"has-post-thumbnail","6":"product_cat-sem-categoria","8":"first","9":"instock","10":"taxable","11":"shipping-taxable","12":"purchasable","13":"product-type-simple"},"acf":[],"jetpack-related-posts":[{"id":6209,"url":"https:\/\/mundo.seashell.pt\/?product=pano-micronsolo-vileda-100-panos","url_meta":{"origin":6193,"position":0},"title":"Pano MicronSolo &#8211; Vileda (100 panos)","date":"Fevereiro 23, 2022","format":false,"excerpt":"MicronSolo Alta absor\u00e7\u00e3o e rendimento de limpeza O MicronSolo \u00e9 o nosso pano de microfibra descart\u00e1vel com um rendimento de limpeza superior e uma excelente capacidade de absor\u00e7\u00e3o. Comparado com os panos descart\u00e1veis comuns, a limpeza com o pano MicronSolo \u00e9 mais f\u00e1cil e evita infe\u00e7\u00f5es em zonas higienicament...","rel":"","context":"Similar post","img":{"alt_text":"","src":"https:\/\/i0.wp.com\/mundo.seashell.pt\/wp-content\/uploads\/2022\/02\/Micron-Solo-Main-ClonedDuringMediaCleanUp012-carouselImage_PhotoRoom_20210418_122813.jpg?resize=350%2C200&ssl=1","width":350,"height":200},"classes":[]},{"id":6175,"url":"https:\/\/mundo.seashell.pt\/?product=pano-micronquick-5-panos","url_meta":{"origin":6193,"position":1},"title":"Pano MicronQuick (5 panos)","date":"Fevereiro 23, 2022","format":false,"excerpt":"MicronQuick Um rendimento de limpeza superior todos os dias Com o pano MicronQuick, que pode ser lavado na m\u00e1quina, pode economizar tempo na limpeza di\u00e1ria. O nosso pano MicronQuick est\u00e1 feito de microfibras patenteadas, alcan\u00e7ando um desempenho de limpeza superior mesmo em estruturas microsc\u00f3picas. ...","rel":"","context":"Similar post","img":{"alt_text":"","src":"https:\/\/i0.wp.com\/mundo.seashell.pt\/wp-content\/uploads\/2022\/02\/01-wiping-01-microfibre-cloths-12-micron-quick-micronquick-portrait-580x550_PhotoRoom_20210418_123240.jpg?resize=350%2C200&ssl=1","width":350,"height":200},"classes":[]},{"id":6207,"url":"https:\/\/mundo.seashell.pt\/?product=pano-micronsolo-vileda-em-rolo","url_meta":{"origin":6193,"position":2},"title":"Pano MicronSolo &#8211; Vileda (em rolo)","date":"Fevereiro 23, 2022","format":false,"excerpt":"MicronSolo Rolo Pano de microfibra descart\u00e1vel pr\u00e1tico onde a higiene \u00e9 cr\u00edtica Pano de microfibra descart\u00e1vel com desempenho de limpeza superior combinado com fibras de viscose para excelente absor\u00e7\u00e3o. MicronSolo \u00e9 a solu\u00e7\u00e3o ideal quando se precisa de um pano descart\u00e1vel ,necess\u00e1rio em ambientes com alto n\u00edvel de hi...","rel":"","context":"Similar post","img":{"alt_text":"","src":"https:\/\/i0.wp.com\/mundo.seashell.pt\/wp-content\/uploads\/2022\/02\/MicronSolo-Roll-Main-ClonedDuringMediaCleanUp012-carouselImage_PhotoRoom_20210418_123421.jpg?resize=350%2C200&ssl=1","width":350,"height":200},"classes":[]},{"id":6179,"url":"https:\/\/mundo.seashell.pt\/?product=pano-microroll","url_meta":{"origin":6193,"position":3},"title":"Pano MicroRoll","date":"Fevereiro 23, 2022","format":false,"excerpt":"MicroRoll O poder 100% da microfibra Nada limpa t\u00e3o profundo quanto microfibras. Elimina graxa e impress\u00f5es digitais sem esfregar. Como? As microfibras ultrafinas literalmente retiram a sujeira da superf\u00edcie.Voc\u00ea economiza tempo e dinheiro, especialmente porque voc\u00ea pode fazer o trabalho com um m\u00ednimo de produtos qu\u00edmico...","rel":"","context":"Similar post","img":{"alt_text":"","src":"https:\/\/i0.wp.com\/mundo.seashell.pt\/wp-content\/uploads\/2022\/02\/01-wiping-01-microfibre-cloths-08-microroll-microroll-detail-580x435_PhotoRoom_20210418_123129.jpg?resize=350%2C200&ssl=1","width":350,"height":200},"classes":[]},{"id":6185,"url":"https:\/\/mundo.seashell.pt\/?product=pano-microtuff-base-5-panos","url_meta":{"origin":6193,"position":4},"title":"Pano MicroTuff Base (5 panos)","date":"Fevereiro 23, 2022","format":false,"excerpt":"MicroTuff Base Pano tecido de microfibras multiuso Pano de microfibra tecida volumosa e com alta capacidade de coleta de sujidade. O MicroTuff Base fornece o excelente rendimento de limpeza das microfibras, o que torna a limpeza um trabalho r\u00e1pido e f\u00e1cil. Higiene e Seguran\u00e7aCom o sistema de codif...","rel":"","context":"Similar post","img":{"alt_text":"","src":"https:\/\/i0.wp.com\/mundo.seashell.pt\/wp-content\/uploads\/2022\/02\/01-wiping-01-microfibre-cloths-06-microtuff-plus-portrait_PhotoRoom_20210418_122910-1.jpg?resize=350%2C200&ssl=1","width":350,"height":200},"classes":[]},{"id":6205,"url":"https:\/\/mundo.seashell.pt\/?product=pano-breazy-vileda-25-panos","url_meta":{"origin":6193,"position":5},"title":"Pano Breazy &#8211; Vileda (25 panos)","date":"Fevereiro 23, 2022","format":false,"excerpt":"Breazy Breazy \u00e9 o pano ideal para uso a curto prazo Supera qualquer outro pano semi-descart\u00e1vel, tanto pela componente de microfibras que cont\u00eam fibras como design ondulado da superf\u00edcie. Gra\u00e7as ao seu pre\u00e7o competitivo permite adaptar-se a qualquer objetivo. Baixo cuidadoBreazy n\u00e3o requer lavage...","rel":"","context":"Similar post","img":{"alt_text":"","src":"https:\/\/i0.wp.com\/mundo.seashell.pt\/wp-content\/uploads\/2022\/02\/01-wiping-05-semi-disposible-cloths-01-breazy-portrait_PhotoRoom_20210418_122928.jpg?resize=350%2C200&ssl=1","width":350,"height":200},"classes":[]}],"_links":{"self":[{"href":"https:\/\/mundo.seashell.pt\/index.php?rest_route=\/wp\/v2\/product\/6193","targetHints":{"allow":["GET"]}}],"collection":[{"href":"https:\/\/mundo.seashell.pt\/index.php?rest_route=\/wp\/v2\/product"}],"about":[{"href":"https:\/\/mundo.seashell.pt\/index.php?rest_route=\/wp\/v2\/types\/product"}],"wp:featuredmedia":[{"embeddable":true,"href":"https:\/\/mundo.seashell.pt\/index.php?rest_route=\/wp\/v2\/media\/6194"}],"wp:attachment":[{"href":"https:\/\/mundo.seashell.pt\/index.php?rest_route=%2Fwp%2Fv2%2Fmedia&parent=6193"}],"wp:term":[{"taxonomy":"product_cat","embeddable":true,"href":"https:\/\/mundo.seashell.pt\/index.php?rest_route=%2Fwp%2Fv2%2Fproduct_cat&post=6193"},{"taxonomy":"product_tag","embeddable":true,"href":"https:\/\/mundo.seashell.pt\/index.php?rest_route=%2Fwp%2Fv2%2Fproduct_tag&post=6193"}],"curies":[{"name":"wp","href":"https:\/\/api.w.org\/{rel}","templated":true}]}}