{"id":6191,"date":"2022-02-23T11:53:08","date_gmt":"2022-02-23T11:53:08","guid":{"rendered":"https:\/\/mundo.seashell.pt\/?post_type=product&#038;p=6191"},"modified":"2022-02-23T11:53:10","modified_gmt":"2022-02-23T11:53:10","slug":"pano-wipro-ag-vileda-20-panos","status":"publish","type":"product","link":"https:\/\/mundo.seashell.pt\/?product=pano-wipro-ag-vileda-20-panos","title":{"rendered":"Pano WiPro Ag &#8211; Vileda (20 panos)"},"content":{"rendered":"<h2>WiPro Ag<\/h2>\n<h2>Pano de tecido n\u00e3o tecido multiusos com efeito antibacteriano<\/h2>\n<p>O Wipro produzido em tela n\u00e3o tecida, muito absorvente, com uma elevada efic\u00e1cia de limpeza, removendo mesmo sujidade ressequida. \u00c9 um pano de grande durabilidade e de f\u00e1cil lavagem preparado para as exig\u00eancias da limpeza profissional moderna. O pano Wipro tem propriedades antibacterianas que previnem o desenvolvimento de bact\u00e9rias, mesmo no pano h\u00famido. Isto foi certificado pelo Instituto Hohenstein na Alemanha.<\/p>\n<p>O pano WiPro \u00e9 ideal para Hot\u00e9is, Restaurantes, Catering e igualmente eficaz em edif\u00edcios em geral e hospitais. O Wipro \u00e9 um multiusos por excel\u00eancia e por isso aplica-se em qualquer tipo de superf\u00edcie, utilizando o m\u00e9todo de spray ou balde. \u00e9 especialmente eficaz em \u00e1reas que necessitem de limpeza a molhado ou a h\u00famido.<\/p>\n<h3><\/h3>\n<h3>Benef\u00edcios do produto<\/h3>\n<ul>\n<li>Pano higi\u00e9nico e altamente absorvente.<\/li>\n<li>Flex\u00edvel e vers\u00e1til.<\/li>\n<li>Com propriedades antibacterianas que impedem o crescimento de germes em condi\u00e7\u00f5es h\u00famidas.<\/li>\n<\/ul>\n","protected":false},"excerpt":{"rendered":"<p>WiPro Ag<br \/>\nPano de tecido n\u00e3o tecido multiusos com efeito antibacteriano<br \/>\nO Wipro produzido em tela n\u00e3o tecida, muito absorvente, com uma elevada efic\u00e1cia de limpeza, removendo mesmo sujidade ressequida. \u00c9 um pano de grande durabilidade e de f\u00e1cil lavagem preparado para as exig\u00eancias da limpeza profissional moderna. O pano Wipr&#8230;<\/p>\n","protected":false},"featured_media":6192,"template":"","meta":{"spay_email":""},"product_cat":[15],"product_tag":[],"class_list":{"0":"post-6191","1":"product","2":"type-product","3":"status-publish","4":"has-post-thumbnail","6":"product_cat-sem-categoria","8":"first","9":"instock","10":"taxable","11":"shipping-taxable","12":"purchasable","13":"product-type-simple"},"acf":[],"jetpack-related-posts":[{"id":6199,"url":"https:\/\/mundo.seashell.pt\/?product=pano-multiusos-ag-vileda-rolo-pre-cortado","url_meta":{"origin":6191,"position":0},"title":"Pano Multiusos Ag &#8211; Vileda (rolo pr\u00e9-cortado)","date":"Fevereiro 23, 2022","format":false,"excerpt":"Multiusos Ag Arrasto m\u00e1ximo com grande suavidade Limpeza a seco, h\u00famida ou molhada, de todo tipo de superf\u00edcies, especialmente aquelas com muita sujidade solta,e em geral, em todos os lugares onde \u00e9 necess\u00e1ria alta capacidade de absor\u00e7\u00e3o (8,4 vezes o seu peso), facilidade de escorrer e velocidade .Rolo de 4\u2026","rel":"","context":"Similar post","img":{"alt_text":"","src":"https:\/\/i0.wp.com\/mundo.seashell.pt\/wp-content\/uploads\/2022\/02\/Iberica-Multiusos-Ag-carouselImage_PhotoRoom_20210418_122930.jpg?resize=350%2C200&ssl=1","width":350,"height":200},"classes":[]},{"id":6195,"url":"https:\/\/mundo.seashell.pt\/?product=pano-universal-ag-vileda","url_meta":{"origin":6191,"position":1},"title":"Pano Universal Ag &#8211; Vileda (Rolo de 8 metros)","date":"Fevereiro 23, 2022","format":false,"excerpt":"Multiusos Ag Resist\u00eancia e alto rendimento para a limpeza profissional intensiva Pano em tela n\u00e3o tecida com tecnologia Neutrex, produzido com componentes tradicionais de alta durabilidade e impregnado com cloreto de prata, oferece grande resist\u00eancia qu\u00edmica e forte atividade antibacteriana ao eliminar bact\u00e9rias por contacto...","rel":"","context":"Similar post","img":{"alt_text":"","src":"https:\/\/i0.wp.com\/mundo.seashell.pt\/wp-content\/uploads\/2022\/02\/Bayeta-Universal-Ag_PhotoRoom_20210418_123740.jpg?resize=350%2C200&ssl=1","width":350,"height":200},"classes":[]},{"id":6197,"url":"https:\/\/mundo.seashell.pt\/?product=pano-absorvente-ag-vileda-em-rolo","url_meta":{"origin":6191,"position":2},"title":"Pano Absorvente Ag &#8211; Vileda (em rolo)","date":"Fevereiro 23, 2022","format":false,"excerpt":"Absorvente Ag M\u00e1xima absor\u00e7\u00e3o e durabilidade Produzido em tela n\u00e3o tecida. Composto por diferentes materiais, fibras de Algod\u00e3o, Viscose e Poli\u00e9ster. O seu desenho confere-lhe uma imagem atractiva e profissional.Apresentado em formato de rolo de 4 metros para uso profissional. \u00c1rea de aplica\u00e7\u00e3o: E...","rel":"","context":"Similar post","img":{"alt_text":"","src":"https:\/\/i0.wp.com\/mundo.seashell.pt\/wp-content\/uploads\/2022\/02\/Iberica-Absorbente-Ag-carouselImage_PhotoRoom_20210418_123501.jpg?resize=350%2C200&ssl=1","width":350,"height":200},"classes":[]},{"id":6185,"url":"https:\/\/mundo.seashell.pt\/?product=pano-microtuff-base-5-panos","url_meta":{"origin":6191,"position":3},"title":"Pano MicroTuff Base (5 panos)","date":"Fevereiro 23, 2022","format":false,"excerpt":"MicroTuff Base Pano tecido de microfibras multiuso Pano de microfibra tecida volumosa e com alta capacidade de coleta de sujidade. O MicroTuff Base fornece o excelente rendimento de limpeza das microfibras, o que torna a limpeza um trabalho r\u00e1pido e f\u00e1cil. Higiene e Seguran\u00e7aCom o sistema de codif...","rel":"","context":"Similar post","img":{"alt_text":"","src":"https:\/\/i0.wp.com\/mundo.seashell.pt\/wp-content\/uploads\/2022\/02\/01-wiping-01-microfibre-cloths-06-microtuff-plus-portrait_PhotoRoom_20210418_122910-1.jpg?resize=350%2C200&ssl=1","width":350,"height":200},"classes":[]},{"id":6071,"url":"https:\/\/mundo.seashell.pt\/?product=plural-plus-500ml","url_meta":{"origin":6191,"position":4},"title":"Detergente Multiusos Plural Plus","date":"Fevereiro 23, 2022","format":false,"excerpt":"Detergente muito eficaz para a limpeza de todas as superf\u00edcies lav\u00e1veis. Secagem r\u00e1pida e pronto a usar.","rel":"","context":"Similar post","img":{"alt_text":"","src":"https:\/\/i0.wp.com\/mundo.seashell.pt\/wp-content\/uploads\/2022\/02\/plural_plus.jpg?resize=350%2C200&ssl=1","width":350,"height":200},"classes":[]},{"id":6181,"url":"https:\/\/mundo.seashell.pt\/?product=pano-microtuff-plus-5-panos","url_meta":{"origin":6191,"position":5},"title":"Pano MicroTuff Plus (5 panos)","date":"Fevereiro 23, 2022","format":false,"excerpt":"MicroTuff Plus M\u00e1xima qualidade em um pano de microfibra multiuso Pano de microfibra tecido com alto volume e capacidade de coleta de sujeira. O MicroTuff Plus oferece o excelente desempenho de limpeza de microfibras, o que torna a limpeza um trabalho r\u00e1pido e f\u00e1cil. Higiene e Seguran\u00e7aCom o siste...","rel":"","context":"Similar post","img":{"alt_text":"","src":"https:\/\/i0.wp.com\/mundo.seashell.pt\/wp-content\/uploads\/2022\/02\/01-wiping-01-microfibre-cloths-06-microtuff-plus-portrait_PhotoRoom_20210418_122910.jpg?resize=350%2C200&ssl=1","width":350,"height":200},"classes":[]}],"_links":{"self":[{"href":"https:\/\/mundo.seashell.pt\/index.php?rest_route=\/wp\/v2\/product\/6191","targetHints":{"allow":["GET"]}}],"collection":[{"href":"https:\/\/mundo.seashell.pt\/index.php?rest_route=\/wp\/v2\/product"}],"about":[{"href":"https:\/\/mundo.seashell.pt\/index.php?rest_route=\/wp\/v2\/types\/product"}],"wp:featuredmedia":[{"embeddable":true,"href":"https:\/\/mundo.seashell.pt\/index.php?rest_route=\/wp\/v2\/media\/6192"}],"wp:attachment":[{"href":"https:\/\/mundo.seashell.pt\/index.php?rest_route=%2Fwp%2Fv2%2Fmedia&parent=6191"}],"wp:term":[{"taxonomy":"product_cat","embeddable":true,"href":"https:\/\/mundo.seashell.pt\/index.php?rest_route=%2Fwp%2Fv2%2Fproduct_cat&post=6191"},{"taxonomy":"product_tag","embeddable":true,"href":"https:\/\/mundo.seashell.pt\/index.php?rest_route=%2Fwp%2Fv2%2Fproduct_tag&post=6191"}],"curies":[{"name":"wp","href":"https:\/\/api.w.org\/{rel}","templated":true}]}}