{"id":6185,"date":"2022-02-23T11:52:58","date_gmt":"2022-02-23T11:52:58","guid":{"rendered":"https:\/\/mundo.seashell.pt\/?post_type=product&#038;p=6185"},"modified":"2022-02-23T11:53:00","modified_gmt":"2022-02-23T11:53:00","slug":"pano-microtuff-base-5-panos","status":"publish","type":"product","link":"https:\/\/mundo.seashell.pt\/?product=pano-microtuff-base-5-panos","title":{"rendered":"Pano MicroTuff Base (5 panos)"},"content":{"rendered":"<h2>MicroTuff Base<\/h2>\n<h2>Pano tecido de microfibras multiuso<\/h2>\n<p>Pano de microfibra tecida volumosa e com alta capacidade de coleta de sujidade. O MicroTuff Base fornece o excelente rendimento de limpeza das microfibras, o que torna a limpeza um trabalho r\u00e1pido e f\u00e1cil.<\/p>\n<p><strong>Higiene e Seguran\u00e7a<\/strong><br \/>Com o sistema de codifica\u00e7\u00e3o de cores, os protocolos de limpeza podem ser aplicados de acordo com os padr\u00f5es de higiene e princ\u00edpios HACCP. Apar\u00eancia profissional Mesmo depois de v\u00e1rios ciclos de lavagem, a apar\u00eancia da MicroTuff Base est\u00e1 alinhada com as altas exig\u00eancias de limpeza profissional.<\/p>\n<p><strong>Uso<\/strong><br \/>Pode ser usado como um pano de microfibra para todo o edif\u00edcio na limpeza geral de edif\u00edcios, cuidados m\u00e9dicos e HoReCa. \u00c9 adequado para o m\u00e9todo de pr\u00e9-prepara\u00e7\u00e3o, bem como para varredura e pulveriza\u00e7\u00e3o, e pode ser usado em todos os tipos de superf\u00edcies.<\/p>\n<h3><\/h3>\n<h3>Benef\u00edcios do produto<\/h3>\n<ul>\n<li>Pano de microfibra com boa capacidade de limpeza<\/li>\n<li>Para a limpeza de todos os tipos de superf\u00edcies que exigem uma limpeza r\u00e1pida e eficaz<\/li>\n<li>Boa rela\u00e7\u00e3o custo-benef\u00edcio<\/li>\n<\/ul>\n","protected":false},"excerpt":{"rendered":"<p>MicroTuff Base<br \/>\nPano tecido de microfibras multiuso<br \/>\nPano de microfibra tecida volumosa e com alta capacidade de coleta de sujidade. O MicroTuff Base fornece o excelente rendimento de limpeza das microfibras, o que torna a limpeza um trabalho r\u00e1pido e f\u00e1cil.<br \/>\nHigiene e Seguran\u00e7aCom o sistema de codif&#8230;<\/p>\n","protected":false},"featured_media":6186,"template":"","meta":{"spay_email":""},"product_cat":[15],"product_tag":[],"class_list":{"0":"post-6185","1":"product","2":"type-product","3":"status-publish","4":"has-post-thumbnail","6":"product_cat-sem-categoria","8":"first","9":"instock","10":"taxable","11":"shipping-taxable","12":"purchasable","13":"product-type-simple"},"acf":[],"jetpack-related-posts":[{"id":6183,"url":"https:\/\/mundo.seashell.pt\/?product=pano-microtuff-swift-5-panos","url_meta":{"origin":6185,"position":0},"title":"Pano MicroTuff Swift (5 panos)","date":"Fevereiro 23, 2022","format":false,"excerpt":"MicroTuff Swift Bons resultados de limpeza com excelente rela\u00e7\u00e3o pre\u00e7o-desempenho. O MicroTuff Swift \u00e9 um pano de microfibra tecida .Remove gordura das impress\u00f5es digitais e sujidade persistente sem o uso de produtos qu\u00edmicos. Pode ser usado em todas as \u00e1reas onde \u00e9 necess\u00e1ria uma limpeza r\u00e1pida e eficaz. Higi...","rel":"","context":"Similar post","img":{"alt_text":"","src":"https:\/\/i0.wp.com\/mundo.seashell.pt\/wp-content\/uploads\/2022\/02\/01-wiping-01-microfibre-cloths-07-microtuff-swift-portrait_PhotoRoom_20210418_123302.jpg?resize=350%2C200&ssl=1","width":350,"height":200},"classes":[]},{"id":6181,"url":"https:\/\/mundo.seashell.pt\/?product=pano-microtuff-plus-5-panos","url_meta":{"origin":6185,"position":1},"title":"Pano MicroTuff Plus (5 panos)","date":"Fevereiro 23, 2022","format":false,"excerpt":"MicroTuff Plus M\u00e1xima qualidade em um pano de microfibra multiuso Pano de microfibra tecido com alto volume e capacidade de coleta de sujeira. O MicroTuff Plus oferece o excelente desempenho de limpeza de microfibras, o que torna a limpeza um trabalho r\u00e1pido e f\u00e1cil. Higiene e Seguran\u00e7aCom o siste...","rel":"","context":"Similar post","img":{"alt_text":"","src":"https:\/\/i0.wp.com\/mundo.seashell.pt\/wp-content\/uploads\/2022\/02\/01-wiping-01-microfibre-cloths-06-microtuff-plus-portrait_PhotoRoom_20210418_122910.jpg?resize=350%2C200&ssl=1","width":350,"height":200},"classes":[]},{"id":6177,"url":"https:\/\/mundo.seashell.pt\/?product=pano-microclean-plus-5-panos","url_meta":{"origin":6185,"position":2},"title":"Pano MicroClean Plus (5 panos)","date":"Fevereiro 23, 2022","format":false,"excerpt":"MicroClean Plus Pano de microfibras para limpar de uma s\u00f3 passagem O MicroClean Plus \u00e9 o pano perfeito para tarefas exigentes de limpeza. ProdutividadeO excelente desempenho de limpeza e o resultado sem rasto numa \u00fanica etapa de limpeza economizam tempo e dinheiro. A durabilidade do MicroClean Pl...","rel":"","context":"Similar post","img":{"alt_text":"","src":"https:\/\/i0.wp.com\/mundo.seashell.pt\/wp-content\/uploads\/2022\/02\/Additional-wiping-MicroCleanPlus-portrait_PhotoRoom_20210418_123038.jpg?resize=350%2C200&ssl=1","width":350,"height":200},"classes":[]},{"id":6179,"url":"https:\/\/mundo.seashell.pt\/?product=pano-microroll","url_meta":{"origin":6185,"position":3},"title":"Pano MicroRoll","date":"Fevereiro 23, 2022","format":false,"excerpt":"MicroRoll O poder 100% da microfibra Nada limpa t\u00e3o profundo quanto microfibras. Elimina graxa e impress\u00f5es digitais sem esfregar. Como? As microfibras ultrafinas literalmente retiram a sujeira da superf\u00edcie.Voc\u00ea economiza tempo e dinheiro, especialmente porque voc\u00ea pode fazer o trabalho com um m\u00ednimo de produtos qu\u00edmico...","rel":"","context":"Similar post","img":{"alt_text":"","src":"https:\/\/i0.wp.com\/mundo.seashell.pt\/wp-content\/uploads\/2022\/02\/01-wiping-01-microfibre-cloths-08-microroll-microroll-detail-580x435_PhotoRoom_20210418_123129.jpg?resize=350%2C200&ssl=1","width":350,"height":200},"classes":[]},{"id":6207,"url":"https:\/\/mundo.seashell.pt\/?product=pano-micronsolo-vileda-em-rolo","url_meta":{"origin":6185,"position":4},"title":"Pano MicronSolo &#8211; Vileda (em rolo)","date":"Fevereiro 23, 2022","format":false,"excerpt":"MicronSolo Rolo Pano de microfibra descart\u00e1vel pr\u00e1tico onde a higiene \u00e9 cr\u00edtica Pano de microfibra descart\u00e1vel com desempenho de limpeza superior combinado com fibras de viscose para excelente absor\u00e7\u00e3o. MicronSolo \u00e9 a solu\u00e7\u00e3o ideal quando se precisa de um pano descart\u00e1vel ,necess\u00e1rio em ambientes com alto n\u00edvel de hi...","rel":"","context":"Similar post","img":{"alt_text":"","src":"https:\/\/i0.wp.com\/mundo.seashell.pt\/wp-content\/uploads\/2022\/02\/MicronSolo-Roll-Main-ClonedDuringMediaCleanUp012-carouselImage_PhotoRoom_20210418_123421.jpg?resize=350%2C200&ssl=1","width":350,"height":200},"classes":[]},{"id":6175,"url":"https:\/\/mundo.seashell.pt\/?product=pano-micronquick-5-panos","url_meta":{"origin":6185,"position":5},"title":"Pano MicronQuick (5 panos)","date":"Fevereiro 23, 2022","format":false,"excerpt":"MicronQuick Um rendimento de limpeza superior todos os dias Com o pano MicronQuick, que pode ser lavado na m\u00e1quina, pode economizar tempo na limpeza di\u00e1ria. O nosso pano MicronQuick est\u00e1 feito de microfibras patenteadas, alcan\u00e7ando um desempenho de limpeza superior mesmo em estruturas microsc\u00f3picas. ...","rel":"","context":"Similar post","img":{"alt_text":"","src":"https:\/\/i0.wp.com\/mundo.seashell.pt\/wp-content\/uploads\/2022\/02\/01-wiping-01-microfibre-cloths-12-micron-quick-micronquick-portrait-580x550_PhotoRoom_20210418_123240.jpg?resize=350%2C200&ssl=1","width":350,"height":200},"classes":[]}],"_links":{"self":[{"href":"https:\/\/mundo.seashell.pt\/index.php?rest_route=\/wp\/v2\/product\/6185","targetHints":{"allow":["GET"]}}],"collection":[{"href":"https:\/\/mundo.seashell.pt\/index.php?rest_route=\/wp\/v2\/product"}],"about":[{"href":"https:\/\/mundo.seashell.pt\/index.php?rest_route=\/wp\/v2\/types\/product"}],"wp:featuredmedia":[{"embeddable":true,"href":"https:\/\/mundo.seashell.pt\/index.php?rest_route=\/wp\/v2\/media\/6186"}],"wp:attachment":[{"href":"https:\/\/mundo.seashell.pt\/index.php?rest_route=%2Fwp%2Fv2%2Fmedia&parent=6185"}],"wp:term":[{"taxonomy":"product_cat","embeddable":true,"href":"https:\/\/mundo.seashell.pt\/index.php?rest_route=%2Fwp%2Fv2%2Fproduct_cat&post=6185"},{"taxonomy":"product_tag","embeddable":true,"href":"https:\/\/mundo.seashell.pt\/index.php?rest_route=%2Fwp%2Fv2%2Fproduct_tag&post=6185"}],"curies":[{"name":"wp","href":"https:\/\/api.w.org\/{rel}","templated":true}]}}