{"id":6183,"date":"2022-02-23T11:52:43","date_gmt":"2022-02-23T11:52:43","guid":{"rendered":"https:\/\/mundo.seashell.pt\/?post_type=product&#038;p=6183"},"modified":"2022-02-23T11:52:45","modified_gmt":"2022-02-23T11:52:45","slug":"pano-microtuff-swift-5-panos","status":"publish","type":"product","link":"https:\/\/mundo.seashell.pt\/?product=pano-microtuff-swift-5-panos","title":{"rendered":"Pano MicroTuff Swift (5 panos)"},"content":{"rendered":"<h2>MicroTuff Swift<\/h2>\n<h2>Bons resultados de limpeza com excelente rela\u00e7\u00e3o pre\u00e7o-desempenho.<\/h2>\n<p>O MicroTuff Swift \u00e9 um pano de microfibra tecida .Remove gordura das impress\u00f5es digitais e sujidade persistente sem o uso de produtos qu\u00edmicos. Pode ser usado em todas as \u00e1reas onde \u00e9 necess\u00e1ria uma limpeza r\u00e1pida e eficaz.<\/p>\n<p><strong>Higiene e Seguran\u00e7a<\/strong><br \/>Com o sistema de codifica\u00e7\u00e3o de cores, pode ser aplicado um protocolo de limpeza pode de acordo com os padr\u00f5es de higiene e princ\u00edpios <em><strong>HACCP<\/strong><\/em>. Apar\u00eancia profissional Mesmo ap\u00f3s v\u00e1rios ciclos de lavagem, o aspeto do MicroTuff Swift est\u00e1 alinhado com as altas exig\u00eancias de limpeza profissional.<\/p>\n<p><strong>Use<\/strong><br \/>O MicroTuff Swift pode ser usado como pano de limpeza na limpeza geral de edif\u00edcios, centros de sa\u00fade e no setor HoReCa. \u00c9 adequado tanto para o m\u00e9todo de pr\u00e9-prepara\u00e7\u00e3o quanto para o m\u00e9todo de spray ou balde com \u00e1gua, e pode ser usado em todos os tipos de superf\u00edcies.<\/p>\n<h3><\/h3>\n<h3>Benef\u00edcios do produto<\/h3>\n<ul>\n<li>Pano tecido de microfibra com excelente rela\u00e7\u00e3o pre\u00e7o-desempenho.<\/li>\n<li>Ideal para limpeza eficiente de superf\u00edcies lisas e rugosas.<\/li>\n<li>Lav\u00e1vel a 95 \u00b0 C<\/li>\n<\/ul>\n","protected":false},"excerpt":{"rendered":"<p>MicroTuff Swift<br \/>\nBons resultados de limpeza com excelente rela\u00e7\u00e3o pre\u00e7o-desempenho.<br \/>\nO MicroTuff Swift \u00e9 um pano de microfibra tecida .Remove gordura das impress\u00f5es digitais e sujidade persistente sem o uso de produtos qu\u00edmicos. Pode ser usado em todas as \u00e1reas onde \u00e9 necess\u00e1ria uma limpeza r\u00e1pida e eficaz.<br \/>\nHigi&#8230;<\/p>\n","protected":false},"featured_media":6184,"template":"","meta":{"spay_email":""},"product_cat":[15],"product_tag":[],"class_list":{"0":"post-6183","1":"product","2":"type-product","3":"status-publish","4":"has-post-thumbnail","6":"product_cat-sem-categoria","8":"first","9":"instock","10":"taxable","11":"shipping-taxable","12":"purchasable","13":"product-type-simple"},"acf":[],"jetpack-related-posts":[{"id":6185,"url":"https:\/\/mundo.seashell.pt\/?product=pano-microtuff-base-5-panos","url_meta":{"origin":6183,"position":0},"title":"Pano MicroTuff Base (5 panos)","date":"Fevereiro 23, 2022","format":false,"excerpt":"MicroTuff Base Pano tecido de microfibras multiuso Pano de microfibra tecida volumosa e com alta capacidade de coleta de sujidade. O MicroTuff Base fornece o excelente rendimento de limpeza das microfibras, o que torna a limpeza um trabalho r\u00e1pido e f\u00e1cil. Higiene e Seguran\u00e7aCom o sistema de codif...","rel":"","context":"Similar post","img":{"alt_text":"","src":"https:\/\/i0.wp.com\/mundo.seashell.pt\/wp-content\/uploads\/2022\/02\/01-wiping-01-microfibre-cloths-06-microtuff-plus-portrait_PhotoRoom_20210418_122910-1.jpg?resize=350%2C200&ssl=1","width":350,"height":200},"classes":[]},{"id":6181,"url":"https:\/\/mundo.seashell.pt\/?product=pano-microtuff-plus-5-panos","url_meta":{"origin":6183,"position":1},"title":"Pano MicroTuff Plus (5 panos)","date":"Fevereiro 23, 2022","format":false,"excerpt":"MicroTuff Plus M\u00e1xima qualidade em um pano de microfibra multiuso Pano de microfibra tecido com alto volume e capacidade de coleta de sujeira. O MicroTuff Plus oferece o excelente desempenho de limpeza de microfibras, o que torna a limpeza um trabalho r\u00e1pido e f\u00e1cil. Higiene e Seguran\u00e7aCom o siste...","rel":"","context":"Similar post","img":{"alt_text":"","src":"https:\/\/i0.wp.com\/mundo.seashell.pt\/wp-content\/uploads\/2022\/02\/01-wiping-01-microfibre-cloths-06-microtuff-plus-portrait_PhotoRoom_20210418_122910.jpg?resize=350%2C200&ssl=1","width":350,"height":200},"classes":[]},{"id":6177,"url":"https:\/\/mundo.seashell.pt\/?product=pano-microclean-plus-5-panos","url_meta":{"origin":6183,"position":2},"title":"Pano MicroClean Plus (5 panos)","date":"Fevereiro 23, 2022","format":false,"excerpt":"MicroClean Plus Pano de microfibras para limpar de uma s\u00f3 passagem O MicroClean Plus \u00e9 o pano perfeito para tarefas exigentes de limpeza. ProdutividadeO excelente desempenho de limpeza e o resultado sem rasto numa \u00fanica etapa de limpeza economizam tempo e dinheiro. A durabilidade do MicroClean Pl...","rel":"","context":"Similar post","img":{"alt_text":"","src":"https:\/\/i0.wp.com\/mundo.seashell.pt\/wp-content\/uploads\/2022\/02\/Additional-wiping-MicroCleanPlus-portrait_PhotoRoom_20210418_123038.jpg?resize=350%2C200&ssl=1","width":350,"height":200},"classes":[]},{"id":6195,"url":"https:\/\/mundo.seashell.pt\/?product=pano-universal-ag-vileda","url_meta":{"origin":6183,"position":3},"title":"Pano Universal Ag &#8211; Vileda (Rolo de 8 metros)","date":"Fevereiro 23, 2022","format":false,"excerpt":"Multiusos Ag Resist\u00eancia e alto rendimento para a limpeza profissional intensiva Pano em tela n\u00e3o tecida com tecnologia Neutrex, produzido com componentes tradicionais de alta durabilidade e impregnado com cloreto de prata, oferece grande resist\u00eancia qu\u00edmica e forte atividade antibacteriana ao eliminar bact\u00e9rias por contacto...","rel":"","context":"Similar post","img":{"alt_text":"","src":"https:\/\/i0.wp.com\/mundo.seashell.pt\/wp-content\/uploads\/2022\/02\/Bayeta-Universal-Ag_PhotoRoom_20210418_123740.jpg?resize=350%2C200&ssl=1","width":350,"height":200},"classes":[]},{"id":6179,"url":"https:\/\/mundo.seashell.pt\/?product=pano-microroll","url_meta":{"origin":6183,"position":4},"title":"Pano MicroRoll","date":"Fevereiro 23, 2022","format":false,"excerpt":"MicroRoll O poder 100% da microfibra Nada limpa t\u00e3o profundo quanto microfibras. Elimina graxa e impress\u00f5es digitais sem esfregar. Como? As microfibras ultrafinas literalmente retiram a sujeira da superf\u00edcie.Voc\u00ea economiza tempo e dinheiro, especialmente porque voc\u00ea pode fazer o trabalho com um m\u00ednimo de produtos qu\u00edmico...","rel":"","context":"Similar post","img":{"alt_text":"","src":"https:\/\/i0.wp.com\/mundo.seashell.pt\/wp-content\/uploads\/2022\/02\/01-wiping-01-microfibre-cloths-08-microroll-microroll-detail-580x435_PhotoRoom_20210418_123129.jpg?resize=350%2C200&ssl=1","width":350,"height":200},"classes":[]},{"id":6205,"url":"https:\/\/mundo.seashell.pt\/?product=pano-breazy-vileda-25-panos","url_meta":{"origin":6183,"position":5},"title":"Pano Breazy &#8211; Vileda (25 panos)","date":"Fevereiro 23, 2022","format":false,"excerpt":"Breazy Breazy \u00e9 o pano ideal para uso a curto prazo Supera qualquer outro pano semi-descart\u00e1vel, tanto pela componente de microfibras que cont\u00eam fibras como design ondulado da superf\u00edcie. Gra\u00e7as ao seu pre\u00e7o competitivo permite adaptar-se a qualquer objetivo. Baixo cuidadoBreazy n\u00e3o requer lavage...","rel":"","context":"Similar post","img":{"alt_text":"","src":"https:\/\/i0.wp.com\/mundo.seashell.pt\/wp-content\/uploads\/2022\/02\/01-wiping-05-semi-disposible-cloths-01-breazy-portrait_PhotoRoom_20210418_122928.jpg?resize=350%2C200&ssl=1","width":350,"height":200},"classes":[]}],"_links":{"self":[{"href":"https:\/\/mundo.seashell.pt\/index.php?rest_route=\/wp\/v2\/product\/6183","targetHints":{"allow":["GET"]}}],"collection":[{"href":"https:\/\/mundo.seashell.pt\/index.php?rest_route=\/wp\/v2\/product"}],"about":[{"href":"https:\/\/mundo.seashell.pt\/index.php?rest_route=\/wp\/v2\/types\/product"}],"wp:featuredmedia":[{"embeddable":true,"href":"https:\/\/mundo.seashell.pt\/index.php?rest_route=\/wp\/v2\/media\/6184"}],"wp:attachment":[{"href":"https:\/\/mundo.seashell.pt\/index.php?rest_route=%2Fwp%2Fv2%2Fmedia&parent=6183"}],"wp:term":[{"taxonomy":"product_cat","embeddable":true,"href":"https:\/\/mundo.seashell.pt\/index.php?rest_route=%2Fwp%2Fv2%2Fproduct_cat&post=6183"},{"taxonomy":"product_tag","embeddable":true,"href":"https:\/\/mundo.seashell.pt\/index.php?rest_route=%2Fwp%2Fv2%2Fproduct_tag&post=6183"}],"curies":[{"name":"wp","href":"https:\/\/api.w.org\/{rel}","templated":true}]}}