{"id":6181,"date":"2022-02-23T11:52:41","date_gmt":"2022-02-23T11:52:41","guid":{"rendered":"https:\/\/mundo.seashell.pt\/?post_type=product&#038;p=6181"},"modified":"2022-02-23T11:52:43","modified_gmt":"2022-02-23T11:52:43","slug":"pano-microtuff-plus-5-panos","status":"publish","type":"product","link":"https:\/\/mundo.seashell.pt\/?product=pano-microtuff-plus-5-panos","title":{"rendered":"Pano MicroTuff Plus (5 panos)"},"content":{"rendered":"<h2>MicroTuff Plus<\/h2>\n<h2>M\u00e1xima qualidade em um pano de microfibra multiuso<\/h2>\n<p>Pano de microfibra tecido com alto volume e capacidade de coleta de sujeira. O MicroTuff Plus oferece o excelente desempenho de limpeza de microfibras, o que torna a limpeza um trabalho r\u00e1pido e f\u00e1cil.<\/p>\n<p><strong>Higiene e Seguran\u00e7a<\/strong><br \/>Com o sistema de codifica\u00e7\u00e3o de cores, um protocolo de limpeza pode ser aplicado de acordo com os padr\u00f5es de higiene e princ\u00edpios HACCP. Apar\u00eancia profissional Mesmo ap\u00f3s v\u00e1rios ciclos de lavagem, a apar\u00eancia do MicroTuff Plus est\u00e1 alinhada com as altas exig\u00eancias de limpeza profissional.<\/p>\n<p><strong>Uso<\/strong><br \/>O MicroTuff Plus pode ser usado em \u00e1reas com alto n\u00edvel de sujidade, onde os principais requisitos s\u00e3o remover grandes quantidades de sujidade. O MicroTuff Plus pode ser usado para todos os tipos de aplica\u00e7\u00f5es em limpezas gerais, setor sanit\u00e1rio e HoReCa. \u00c9 adequado tanto para o m\u00e9todo de pr\u00e9-prepara\u00e7\u00e3o como para limpeza com spray ou balde com \u00e1gua, e pode ser usado em todos os tipos de superf\u00edcies.<\/p>\n<h3><\/h3>\n<h3>Benef\u00edcios do produto<\/h3>\n<ul>\n<li>Tecido de microfibra tecido com os melhores acabamentos de fabrica\u00e7\u00e3o para maior resist\u00eancia<\/li>\n<li>Elimina manchas oleosas, como impress\u00f5es digitais, sem necessidade de produtos qu\u00edmicos.<\/li>\n<li>Excelente sensa\u00e7\u00e3o de volume quando manuseado com as m\u00e3os<\/li>\n<\/ul>\n","protected":false},"excerpt":{"rendered":"<p>MicroTuff Plus<br \/>\nM\u00e1xima qualidade em um pano de microfibra multiuso<br \/>\nPano de microfibra tecido com alto volume e capacidade de coleta de sujeira. O MicroTuff Plus oferece o excelente desempenho de limpeza de microfibras, o que torna a limpeza um trabalho r\u00e1pido e f\u00e1cil.<br \/>\nHigiene e Seguran\u00e7aCom o siste&#8230;<\/p>\n","protected":false},"featured_media":6182,"template":"","meta":{"spay_email":""},"product_cat":[15],"product_tag":[],"class_list":{"0":"post-6181","1":"product","2":"type-product","3":"status-publish","4":"has-post-thumbnail","6":"product_cat-sem-categoria","8":"first","9":"instock","10":"taxable","11":"shipping-taxable","12":"purchasable","13":"product-type-simple"},"acf":[],"jetpack-related-posts":[{"id":6185,"url":"https:\/\/mundo.seashell.pt\/?product=pano-microtuff-base-5-panos","url_meta":{"origin":6181,"position":0},"title":"Pano MicroTuff Base (5 panos)","date":"Fevereiro 23, 2022","format":false,"excerpt":"MicroTuff Base Pano tecido de microfibras multiuso Pano de microfibra tecida volumosa e com alta capacidade de coleta de sujidade. O MicroTuff Base fornece o excelente rendimento de limpeza das microfibras, o que torna a limpeza um trabalho r\u00e1pido e f\u00e1cil. Higiene e Seguran\u00e7aCom o sistema de codif...","rel":"","context":"Similar post","img":{"alt_text":"","src":"https:\/\/i0.wp.com\/mundo.seashell.pt\/wp-content\/uploads\/2022\/02\/01-wiping-01-microfibre-cloths-06-microtuff-plus-portrait_PhotoRoom_20210418_122910-1.jpg?resize=350%2C200&ssl=1","width":350,"height":200},"classes":[]},{"id":6183,"url":"https:\/\/mundo.seashell.pt\/?product=pano-microtuff-swift-5-panos","url_meta":{"origin":6181,"position":1},"title":"Pano MicroTuff Swift (5 panos)","date":"Fevereiro 23, 2022","format":false,"excerpt":"MicroTuff Swift Bons resultados de limpeza com excelente rela\u00e7\u00e3o pre\u00e7o-desempenho. O MicroTuff Swift \u00e9 um pano de microfibra tecida .Remove gordura das impress\u00f5es digitais e sujidade persistente sem o uso de produtos qu\u00edmicos. Pode ser usado em todas as \u00e1reas onde \u00e9 necess\u00e1ria uma limpeza r\u00e1pida e eficaz. Higi...","rel":"","context":"Similar post","img":{"alt_text":"","src":"https:\/\/i0.wp.com\/mundo.seashell.pt\/wp-content\/uploads\/2022\/02\/01-wiping-01-microfibre-cloths-07-microtuff-swift-portrait_PhotoRoom_20210418_123302.jpg?resize=350%2C200&ssl=1","width":350,"height":200},"classes":[]},{"id":6177,"url":"https:\/\/mundo.seashell.pt\/?product=pano-microclean-plus-5-panos","url_meta":{"origin":6181,"position":2},"title":"Pano MicroClean Plus (5 panos)","date":"Fevereiro 23, 2022","format":false,"excerpt":"MicroClean Plus Pano de microfibras para limpar de uma s\u00f3 passagem O MicroClean Plus \u00e9 o pano perfeito para tarefas exigentes de limpeza. ProdutividadeO excelente desempenho de limpeza e o resultado sem rasto numa \u00fanica etapa de limpeza economizam tempo e dinheiro. A durabilidade do MicroClean Pl...","rel":"","context":"Similar post","img":{"alt_text":"","src":"https:\/\/i0.wp.com\/mundo.seashell.pt\/wp-content\/uploads\/2022\/02\/Additional-wiping-MicroCleanPlus-portrait_PhotoRoom_20210418_123038.jpg?resize=350%2C200&ssl=1","width":350,"height":200},"classes":[]},{"id":6175,"url":"https:\/\/mundo.seashell.pt\/?product=pano-micronquick-5-panos","url_meta":{"origin":6181,"position":3},"title":"Pano MicronQuick (5 panos)","date":"Fevereiro 23, 2022","format":false,"excerpt":"MicronQuick Um rendimento de limpeza superior todos os dias Com o pano MicronQuick, que pode ser lavado na m\u00e1quina, pode economizar tempo na limpeza di\u00e1ria. O nosso pano MicronQuick est\u00e1 feito de microfibras patenteadas, alcan\u00e7ando um desempenho de limpeza superior mesmo em estruturas microsc\u00f3picas. ...","rel":"","context":"Similar post","img":{"alt_text":"","src":"https:\/\/i0.wp.com\/mundo.seashell.pt\/wp-content\/uploads\/2022\/02\/01-wiping-01-microfibre-cloths-12-micron-quick-micronquick-portrait-580x550_PhotoRoom_20210418_123240.jpg?resize=350%2C200&ssl=1","width":350,"height":200},"classes":[]},{"id":6193,"url":"https:\/\/mundo.seashell.pt\/?product=pano-pvamicro-vileda-5-panos","url_meta":{"origin":6181,"position":4},"title":"Pano PVAmicro &#8211; Vileda (5 panos)","date":"Fevereiro 23, 2022","format":false,"excerpt":"PVAmicro Os melhores resultados com o nosso pano de microfibra de maior sucesso A Vileda Professional utiliza as mais recentes tecnologias para inventar e produzir solu\u00e7\u00f5es de limpeza mais eficientes para reduzir o teu trabalho. O nosso pano de microfibra de maior sucesso, PVAmicro, consegue resultad...","rel":"","context":"Similar post","img":{"alt_text":"","src":"https:\/\/i0.wp.com\/mundo.seashell.pt\/wp-content\/uploads\/2022\/02\/01-wiping-01-microfibre-cloths-10-pvamicro-portrait_PhotoRoom_20210418_123444.jpg?resize=350%2C200&ssl=1","width":350,"height":200},"classes":[]},{"id":6205,"url":"https:\/\/mundo.seashell.pt\/?product=pano-breazy-vileda-25-panos","url_meta":{"origin":6181,"position":5},"title":"Pano Breazy &#8211; Vileda (25 panos)","date":"Fevereiro 23, 2022","format":false,"excerpt":"Breazy Breazy \u00e9 o pano ideal para uso a curto prazo Supera qualquer outro pano semi-descart\u00e1vel, tanto pela componente de microfibras que cont\u00eam fibras como design ondulado da superf\u00edcie. Gra\u00e7as ao seu pre\u00e7o competitivo permite adaptar-se a qualquer objetivo. Baixo cuidadoBreazy n\u00e3o requer lavage...","rel":"","context":"Similar post","img":{"alt_text":"","src":"https:\/\/i0.wp.com\/mundo.seashell.pt\/wp-content\/uploads\/2022\/02\/01-wiping-05-semi-disposible-cloths-01-breazy-portrait_PhotoRoom_20210418_122928.jpg?resize=350%2C200&ssl=1","width":350,"height":200},"classes":[]}],"_links":{"self":[{"href":"https:\/\/mundo.seashell.pt\/index.php?rest_route=\/wp\/v2\/product\/6181","targetHints":{"allow":["GET"]}}],"collection":[{"href":"https:\/\/mundo.seashell.pt\/index.php?rest_route=\/wp\/v2\/product"}],"about":[{"href":"https:\/\/mundo.seashell.pt\/index.php?rest_route=\/wp\/v2\/types\/product"}],"wp:featuredmedia":[{"embeddable":true,"href":"https:\/\/mundo.seashell.pt\/index.php?rest_route=\/wp\/v2\/media\/6182"}],"wp:attachment":[{"href":"https:\/\/mundo.seashell.pt\/index.php?rest_route=%2Fwp%2Fv2%2Fmedia&parent=6181"}],"wp:term":[{"taxonomy":"product_cat","embeddable":true,"href":"https:\/\/mundo.seashell.pt\/index.php?rest_route=%2Fwp%2Fv2%2Fproduct_cat&post=6181"},{"taxonomy":"product_tag","embeddable":true,"href":"https:\/\/mundo.seashell.pt\/index.php?rest_route=%2Fwp%2Fv2%2Fproduct_tag&post=6181"}],"curies":[{"name":"wp","href":"https:\/\/api.w.org\/{rel}","templated":true}]}}