{"id":6179,"date":"2022-02-23T11:52:39","date_gmt":"2022-02-23T11:52:39","guid":{"rendered":"https:\/\/mundo.seashell.pt\/?post_type=product&#038;p=6179"},"modified":"2022-02-23T11:52:41","modified_gmt":"2022-02-23T11:52:41","slug":"pano-microroll","status":"publish","type":"product","link":"https:\/\/mundo.seashell.pt\/?product=pano-microroll","title":{"rendered":"Pano MicroRoll"},"content":{"rendered":"<h2>MicroRoll<\/h2>\n<h2>O poder 100% da microfibra<\/h2>\n<p>Nada limpa t\u00e3o profundo quanto microfibras. Elimina graxa e impress\u00f5es digitais sem esfregar. Como? As microfibras ultrafinas literalmente retiram a sujeira da superf\u00edcie.<br \/>Voc\u00ea economiza tempo e dinheiro, especialmente porque voc\u00ea pode fazer o trabalho com um m\u00ednimo de produtos qu\u00edmicos, ou sem eles. O MicroRoll \u00e9 feito de microfibras infinitas usando uma tecnologia patenteada da Freudenberg. Este conceito de pano n\u00e3o tecido descart\u00e1vel ajuda-nos a n\u00e3o ter problemas de higiene derivados da contamina\u00e7\u00e3o cruzada. N\u00e3o precisa investir em instala\u00e7\u00f5es de lavagem. Excelente valor para o dinheiro.<\/p>\n<p><strong>Higiene e Seguran\u00e7a<\/strong><br \/>N\u00e3o s\u00f3 \u00e9 descart\u00e1vel, como tamb\u00e9m se torna uma solu\u00e7\u00e3o higi\u00eanica. 99,9% das bact\u00e9rias s\u00e3o eliminadas usando-o. Isto foi verificado pelo instituto independente no Reino Unido: <em><strong>Microsearch Laboratories<\/strong><\/em>.<\/p>\n<p><strong>Use<\/strong><br \/>O MicroRoll possibilita a limpeza em uma \u00fanica etapa. \u00c9 adequado tanto para o m\u00e9todo de balde e \u00e1gua como para o m\u00e9todo de limpeza por pulveriza\u00e7\u00e3o. Pode ser usado em todas as superf\u00edcies resistentes \u00e0 \u00e1gua, como mesas, arm\u00e1rios, barras, mesas, etc. Tamb\u00e9m nas casas de banho, como pias, banheiras, azulejos &#8230;<\/p>\n<h3><\/h3>\n<h3>Benef\u00edcios do produto<\/h3>\n<ul>\n<li>Pano de microfibra de alto rendimento premium &#8211; Limpeza sem vest\u00edgios em a\u00e7o inox, vidros e superf\u00edcies de alto brilho.<\/li>\n<li>N\u00e3o liberta res\u00edduos devido \u00e0 sua tecnologia de fibra sem fim.<\/li>\n<li>Extremamente resistente \u00e0s roturas<\/li>\n<li>Rolo perfurado com 200 panos de 25 x 35 cm.<\/li>\n<li>O dispensador de rolo pode ser montado na parede ou usado com o Origo 2<\/li>\n<\/ul>\n","protected":false},"excerpt":{"rendered":"<p>MicroRoll<br \/>\nO poder 100% da microfibra<br \/>\nNada limpa t\u00e3o profundo quanto microfibras. Elimina graxa e impress\u00f5es digitais sem esfregar. Como? As microfibras ultrafinas literalmente retiram a sujeira da superf\u00edcie.Voc\u00ea economiza tempo e dinheiro, especialmente porque voc\u00ea pode fazer o trabalho com um m\u00ednimo de produtos qu\u00edmico&#8230;<\/p>\n","protected":false},"featured_media":6180,"template":"","meta":{"spay_email":""},"product_cat":[15],"product_tag":[],"class_list":{"0":"post-6179","1":"product","2":"type-product","3":"status-publish","4":"has-post-thumbnail","6":"product_cat-sem-categoria","8":"first","9":"instock","10":"taxable","11":"shipping-taxable","12":"purchasable","13":"product-type-simple"},"acf":[],"jetpack-related-posts":[{"id":6207,"url":"https:\/\/mundo.seashell.pt\/?product=pano-micronsolo-vileda-em-rolo","url_meta":{"origin":6179,"position":0},"title":"Pano MicronSolo &#8211; Vileda (em rolo)","date":"Fevereiro 23, 2022","format":false,"excerpt":"MicronSolo Rolo Pano de microfibra descart\u00e1vel pr\u00e1tico onde a higiene \u00e9 cr\u00edtica Pano de microfibra descart\u00e1vel com desempenho de limpeza superior combinado com fibras de viscose para excelente absor\u00e7\u00e3o. MicronSolo \u00e9 a solu\u00e7\u00e3o ideal quando se precisa de um pano descart\u00e1vel ,necess\u00e1rio em ambientes com alto n\u00edvel de hi...","rel":"","context":"Similar post","img":{"alt_text":"","src":"https:\/\/i0.wp.com\/mundo.seashell.pt\/wp-content\/uploads\/2022\/02\/MicronSolo-Roll-Main-ClonedDuringMediaCleanUp012-carouselImage_PhotoRoom_20210418_123421.jpg?resize=350%2C200&ssl=1","width":350,"height":200},"classes":[]},{"id":6181,"url":"https:\/\/mundo.seashell.pt\/?product=pano-microtuff-plus-5-panos","url_meta":{"origin":6179,"position":1},"title":"Pano MicroTuff Plus (5 panos)","date":"Fevereiro 23, 2022","format":false,"excerpt":"MicroTuff Plus M\u00e1xima qualidade em um pano de microfibra multiuso Pano de microfibra tecido com alto volume e capacidade de coleta de sujeira. O MicroTuff Plus oferece o excelente desempenho de limpeza de microfibras, o que torna a limpeza um trabalho r\u00e1pido e f\u00e1cil. Higiene e Seguran\u00e7aCom o siste...","rel":"","context":"Similar post","img":{"alt_text":"","src":"https:\/\/i0.wp.com\/mundo.seashell.pt\/wp-content\/uploads\/2022\/02\/01-wiping-01-microfibre-cloths-06-microtuff-plus-portrait_PhotoRoom_20210418_122910.jpg?resize=350%2C200&ssl=1","width":350,"height":200},"classes":[]},{"id":6175,"url":"https:\/\/mundo.seashell.pt\/?product=pano-micronquick-5-panos","url_meta":{"origin":6179,"position":2},"title":"Pano MicronQuick (5 panos)","date":"Fevereiro 23, 2022","format":false,"excerpt":"MicronQuick Um rendimento de limpeza superior todos os dias Com o pano MicronQuick, que pode ser lavado na m\u00e1quina, pode economizar tempo na limpeza di\u00e1ria. O nosso pano MicronQuick est\u00e1 feito de microfibras patenteadas, alcan\u00e7ando um desempenho de limpeza superior mesmo em estruturas microsc\u00f3picas. ...","rel":"","context":"Similar post","img":{"alt_text":"","src":"https:\/\/i0.wp.com\/mundo.seashell.pt\/wp-content\/uploads\/2022\/02\/01-wiping-01-microfibre-cloths-12-micron-quick-micronquick-portrait-580x550_PhotoRoom_20210418_123240.jpg?resize=350%2C200&ssl=1","width":350,"height":200},"classes":[]},{"id":6173,"url":"https:\/\/mundo.seashell.pt\/?product=pano-nanotech-micro-5-panos","url_meta":{"origin":6179,"position":3},"title":"Pano NanoTech Micro (5 panos)","date":"Fevereiro 23, 2022","format":false,"excerpt":"NanoTech micro Ganha a batalha contra as bact\u00e9rias Como resultado de um intenso processo de pesquisa e desenvolvimento, a NanoTech fornece o objetivo de manter seu ambiente o mais higi\u00eanico e saud\u00e1vel poss\u00edvel. O NanoTech micro n\u00e3o apenas elimina as bact\u00e9rias, mas as mata em contato direto, e incorpora nanopart\u00edculas\u2026","rel":"","context":"Similar post","img":{"alt_text":"","src":"https:\/\/i0.wp.com\/mundo.seashell.pt\/wp-content\/uploads\/2022\/02\/01-wiping-01-microfibre-cloths-02-nanotech-micro-portrait_PhotoRoom_20210418_123703.jpg?resize=350%2C200&ssl=1","width":350,"height":200},"classes":[]},{"id":6205,"url":"https:\/\/mundo.seashell.pt\/?product=pano-breazy-vileda-25-panos","url_meta":{"origin":6179,"position":4},"title":"Pano Breazy &#8211; Vileda (25 panos)","date":"Fevereiro 23, 2022","format":false,"excerpt":"Breazy Breazy \u00e9 o pano ideal para uso a curto prazo Supera qualquer outro pano semi-descart\u00e1vel, tanto pela componente de microfibras que cont\u00eam fibras como design ondulado da superf\u00edcie. Gra\u00e7as ao seu pre\u00e7o competitivo permite adaptar-se a qualquer objetivo. Baixo cuidadoBreazy n\u00e3o requer lavage...","rel":"","context":"Similar post","img":{"alt_text":"","src":"https:\/\/i0.wp.com\/mundo.seashell.pt\/wp-content\/uploads\/2022\/02\/01-wiping-05-semi-disposible-cloths-01-breazy-portrait_PhotoRoom_20210418_122928.jpg?resize=350%2C200&ssl=1","width":350,"height":200},"classes":[]},{"id":6185,"url":"https:\/\/mundo.seashell.pt\/?product=pano-microtuff-base-5-panos","url_meta":{"origin":6179,"position":5},"title":"Pano MicroTuff Base (5 panos)","date":"Fevereiro 23, 2022","format":false,"excerpt":"MicroTuff Base Pano tecido de microfibras multiuso Pano de microfibra tecida volumosa e com alta capacidade de coleta de sujidade. O MicroTuff Base fornece o excelente rendimento de limpeza das microfibras, o que torna a limpeza um trabalho r\u00e1pido e f\u00e1cil. Higiene e Seguran\u00e7aCom o sistema de codif...","rel":"","context":"Similar post","img":{"alt_text":"","src":"https:\/\/i0.wp.com\/mundo.seashell.pt\/wp-content\/uploads\/2022\/02\/01-wiping-01-microfibre-cloths-06-microtuff-plus-portrait_PhotoRoom_20210418_122910-1.jpg?resize=350%2C200&ssl=1","width":350,"height":200},"classes":[]}],"_links":{"self":[{"href":"https:\/\/mundo.seashell.pt\/index.php?rest_route=\/wp\/v2\/product\/6179","targetHints":{"allow":["GET"]}}],"collection":[{"href":"https:\/\/mundo.seashell.pt\/index.php?rest_route=\/wp\/v2\/product"}],"about":[{"href":"https:\/\/mundo.seashell.pt\/index.php?rest_route=\/wp\/v2\/types\/product"}],"wp:featuredmedia":[{"embeddable":true,"href":"https:\/\/mundo.seashell.pt\/index.php?rest_route=\/wp\/v2\/media\/6180"}],"wp:attachment":[{"href":"https:\/\/mundo.seashell.pt\/index.php?rest_route=%2Fwp%2Fv2%2Fmedia&parent=6179"}],"wp:term":[{"taxonomy":"product_cat","embeddable":true,"href":"https:\/\/mundo.seashell.pt\/index.php?rest_route=%2Fwp%2Fv2%2Fproduct_cat&post=6179"},{"taxonomy":"product_tag","embeddable":true,"href":"https:\/\/mundo.seashell.pt\/index.php?rest_route=%2Fwp%2Fv2%2Fproduct_tag&post=6179"}],"curies":[{"name":"wp","href":"https:\/\/api.w.org\/{rel}","templated":true}]}}