{"id":6177,"date":"2022-02-23T11:52:37","date_gmt":"2022-02-23T11:52:37","guid":{"rendered":"https:\/\/mundo.seashell.pt\/?post_type=product&#038;p=6177"},"modified":"2022-02-23T11:52:39","modified_gmt":"2022-02-23T11:52:39","slug":"pano-microclean-plus-5-panos","status":"publish","type":"product","link":"https:\/\/mundo.seashell.pt\/?product=pano-microclean-plus-5-panos","title":{"rendered":"Pano MicroClean Plus (5 panos)"},"content":{"rendered":"<h2>MicroClean Plus<\/h2>\n<h2>Pano de microfibras para limpar de uma s\u00f3 passagem <\/h2>\n<p>O MicroClean Plus \u00e9 o pano perfeito para tarefas exigentes de limpeza.<\/p>\n<p><strong>Produtividade<\/strong><br \/>O excelente desempenho de limpeza e o resultado sem rasto numa \u00fanica etapa de limpeza economizam tempo e dinheiro. A durabilidade do MicroClean Plus garante baixos custos de uso.<\/p>\n<p><strong>Higiene e Seguran\u00e7a<\/strong><br \/>Com o sistema de codifica\u00e7\u00e3o de cores, pode ser aplicado um protocolo de limpeza de acordo com os padr\u00f5es de higiene. Como o MicroClean Plus seca rapidamente, \u00e9 evitado o desenvolvimento de bact\u00e9rias.<\/p>\n<p><strong>Ecologia<\/strong><br \/>O uso de um tecido dur\u00e1vel e de alto desempenho reduz o desperd\u00edcio e protege o meio ambiente. N\u00e3o requer produto qu\u00edmico ou em menor grau. Material MicroClean Plus \u00e9 fabricado com microfibras sem fim atrav\u00e9s do uso de um processo sem tecelagem patenteado pela Freudenberg e uma nova tecnologia revolucion\u00e1ria de produ\u00e7\u00e3o de microfibras, <strong>Micron Fiber Technology<\/strong>. Em compara\u00e7\u00e3o com outras microfibras existentes, cada fibra MiconClean foi dividida em 32 segmentos, em vez de apenas 16 segmentos.<\/p>\n<p><strong>Uso<\/strong><br \/>O MicroClean Plus pode ser usado com o m\u00e9todo de pr\u00e9-impregna\u00e7\u00e3o. Tamb\u00e9m para tarefas de limpeza exigentes na limpeza geral de edif\u00edcios e hot\u00e9is \/ restaurantes \/ catering em todos os tipos de superf\u00edcies<\/p>\n<h3><\/h3>\n<h3>Benef\u00edcios do produto<\/h3>\n<ul>\n<li>Limpeza e secagem de superf\u00edcies sem vest\u00edgios.<\/li>\n<li>Bom desempenho mesmo em graxa de sujeira, como impress\u00f5es digitais<\/li>\n<li>Tamanho de tecido extra grande para um grande volume durante a drenagem.<\/li>\n<li>Alta resist\u00eancia qu\u00edmica contra a maioria dos detergentes.<\/li>\n<li>Adequado para o m\u00e9todo de limpeza pr\u00e9-impregnante, com balde e \u00e1gua ou com spray.<\/li>\n<\/ul>\n","protected":false},"excerpt":{"rendered":"<p>MicroClean Plus<br \/>\nPano de microfibras para limpar de uma s\u00f3 passagem<br \/>\nO MicroClean Plus \u00e9 o pano perfeito para tarefas exigentes de limpeza.<br \/>\nProdutividadeO excelente desempenho de limpeza e o resultado sem rasto numa \u00fanica etapa de limpeza economizam tempo e dinheiro. A durabilidade do MicroClean Pl&#8230;<\/p>\n","protected":false},"featured_media":6178,"template":"","meta":{"spay_email":""},"product_cat":[15],"product_tag":[],"class_list":{"0":"post-6177","1":"product","2":"type-product","3":"status-publish","4":"has-post-thumbnail","6":"product_cat-sem-categoria","8":"first","9":"instock","10":"taxable","11":"shipping-taxable","12":"purchasable","13":"product-type-simple"},"acf":[],"jetpack-related-posts":[{"id":6181,"url":"https:\/\/mundo.seashell.pt\/?product=pano-microtuff-plus-5-panos","url_meta":{"origin":6177,"position":0},"title":"Pano MicroTuff Plus (5 panos)","date":"Fevereiro 23, 2022","format":false,"excerpt":"MicroTuff Plus M\u00e1xima qualidade em um pano de microfibra multiuso Pano de microfibra tecido com alto volume e capacidade de coleta de sujeira. O MicroTuff Plus oferece o excelente desempenho de limpeza de microfibras, o que torna a limpeza um trabalho r\u00e1pido e f\u00e1cil. Higiene e Seguran\u00e7aCom o siste...","rel":"","context":"Similar post","img":{"alt_text":"","src":"https:\/\/i0.wp.com\/mundo.seashell.pt\/wp-content\/uploads\/2022\/02\/01-wiping-01-microfibre-cloths-06-microtuff-plus-portrait_PhotoRoom_20210418_122910.jpg?resize=350%2C200&ssl=1","width":350,"height":200},"classes":[]},{"id":6175,"url":"https:\/\/mundo.seashell.pt\/?product=pano-micronquick-5-panos","url_meta":{"origin":6177,"position":1},"title":"Pano MicronQuick (5 panos)","date":"Fevereiro 23, 2022","format":false,"excerpt":"MicronQuick Um rendimento de limpeza superior todos os dias Com o pano MicronQuick, que pode ser lavado na m\u00e1quina, pode economizar tempo na limpeza di\u00e1ria. O nosso pano MicronQuick est\u00e1 feito de microfibras patenteadas, alcan\u00e7ando um desempenho de limpeza superior mesmo em estruturas microsc\u00f3picas. ...","rel":"","context":"Similar post","img":{"alt_text":"","src":"https:\/\/i0.wp.com\/mundo.seashell.pt\/wp-content\/uploads\/2022\/02\/01-wiping-01-microfibre-cloths-12-micron-quick-micronquick-portrait-580x550_PhotoRoom_20210418_123240.jpg?resize=350%2C200&ssl=1","width":350,"height":200},"classes":[]},{"id":6183,"url":"https:\/\/mundo.seashell.pt\/?product=pano-microtuff-swift-5-panos","url_meta":{"origin":6177,"position":2},"title":"Pano MicroTuff Swift (5 panos)","date":"Fevereiro 23, 2022","format":false,"excerpt":"MicroTuff Swift Bons resultados de limpeza com excelente rela\u00e7\u00e3o pre\u00e7o-desempenho. O MicroTuff Swift \u00e9 um pano de microfibra tecida .Remove gordura das impress\u00f5es digitais e sujidade persistente sem o uso de produtos qu\u00edmicos. Pode ser usado em todas as \u00e1reas onde \u00e9 necess\u00e1ria uma limpeza r\u00e1pida e eficaz. Higi...","rel":"","context":"Similar post","img":{"alt_text":"","src":"https:\/\/i0.wp.com\/mundo.seashell.pt\/wp-content\/uploads\/2022\/02\/01-wiping-01-microfibre-cloths-07-microtuff-swift-portrait_PhotoRoom_20210418_123302.jpg?resize=350%2C200&ssl=1","width":350,"height":200},"classes":[]},{"id":6207,"url":"https:\/\/mundo.seashell.pt\/?product=pano-micronsolo-vileda-em-rolo","url_meta":{"origin":6177,"position":3},"title":"Pano MicronSolo &#8211; Vileda (em rolo)","date":"Fevereiro 23, 2022","format":false,"excerpt":"MicronSolo Rolo Pano de microfibra descart\u00e1vel pr\u00e1tico onde a higiene \u00e9 cr\u00edtica Pano de microfibra descart\u00e1vel com desempenho de limpeza superior combinado com fibras de viscose para excelente absor\u00e7\u00e3o. MicronSolo \u00e9 a solu\u00e7\u00e3o ideal quando se precisa de um pano descart\u00e1vel ,necess\u00e1rio em ambientes com alto n\u00edvel de hi...","rel":"","context":"Similar post","img":{"alt_text":"","src":"https:\/\/i0.wp.com\/mundo.seashell.pt\/wp-content\/uploads\/2022\/02\/MicronSolo-Roll-Main-ClonedDuringMediaCleanUp012-carouselImage_PhotoRoom_20210418_123421.jpg?resize=350%2C200&ssl=1","width":350,"height":200},"classes":[]},{"id":6185,"url":"https:\/\/mundo.seashell.pt\/?product=pano-microtuff-base-5-panos","url_meta":{"origin":6177,"position":4},"title":"Pano MicroTuff Base (5 panos)","date":"Fevereiro 23, 2022","format":false,"excerpt":"MicroTuff Base Pano tecido de microfibras multiuso Pano de microfibra tecida volumosa e com alta capacidade de coleta de sujidade. O MicroTuff Base fornece o excelente rendimento de limpeza das microfibras, o que torna a limpeza um trabalho r\u00e1pido e f\u00e1cil. Higiene e Seguran\u00e7aCom o sistema de codif...","rel":"","context":"Similar post","img":{"alt_text":"","src":"https:\/\/i0.wp.com\/mundo.seashell.pt\/wp-content\/uploads\/2022\/02\/01-wiping-01-microfibre-cloths-06-microtuff-plus-portrait_PhotoRoom_20210418_122910-1.jpg?resize=350%2C200&ssl=1","width":350,"height":200},"classes":[]},{"id":6187,"url":"https:\/\/mundo.seashell.pt\/?product=pano-microtuff-easy-50-panos","url_meta":{"origin":6177,"position":5},"title":"Pano MicroTuff Easy (50 panos)","date":"Fevereiro 23, 2022","format":false,"excerpt":"MicroTuff Easy MicroTuff Easy \u00e9 o nosso pano de microfibra semi-descart\u00e1vel que vem em uma pr\u00e1tica caixa dispensadora e se encaixa perfeitamente para todos os fins de limpeza. O pano tem um desempenho de limpeza muito elevado e uma boa fun\u00e7\u00e3o de absor\u00e7\u00e3o para uso di\u00e1rio. Ele tamb\u00e9m enfatiza o\u2026","rel":"","context":"Similar post","img":{"alt_text":"","src":"https:\/\/i0.wp.com\/mundo.seashell.pt\/wp-content\/uploads\/2022\/02\/MicroTuff-Easy-closeupfinal_PhotoRoom_20210418_123325.jpg?resize=350%2C200&ssl=1","width":350,"height":200},"classes":[]}],"_links":{"self":[{"href":"https:\/\/mundo.seashell.pt\/index.php?rest_route=\/wp\/v2\/product\/6177","targetHints":{"allow":["GET"]}}],"collection":[{"href":"https:\/\/mundo.seashell.pt\/index.php?rest_route=\/wp\/v2\/product"}],"about":[{"href":"https:\/\/mundo.seashell.pt\/index.php?rest_route=\/wp\/v2\/types\/product"}],"wp:featuredmedia":[{"embeddable":true,"href":"https:\/\/mundo.seashell.pt\/index.php?rest_route=\/wp\/v2\/media\/6178"}],"wp:attachment":[{"href":"https:\/\/mundo.seashell.pt\/index.php?rest_route=%2Fwp%2Fv2%2Fmedia&parent=6177"}],"wp:term":[{"taxonomy":"product_cat","embeddable":true,"href":"https:\/\/mundo.seashell.pt\/index.php?rest_route=%2Fwp%2Fv2%2Fproduct_cat&post=6177"},{"taxonomy":"product_tag","embeddable":true,"href":"https:\/\/mundo.seashell.pt\/index.php?rest_route=%2Fwp%2Fv2%2Fproduct_tag&post=6177"}],"curies":[{"name":"wp","href":"https:\/\/api.w.org\/{rel}","templated":true}]}}