{"id":6175,"date":"2022-02-23T11:52:33","date_gmt":"2022-02-23T11:52:33","guid":{"rendered":"https:\/\/mundo.seashell.pt\/?post_type=product&#038;p=6175"},"modified":"2022-02-23T11:52:35","modified_gmt":"2022-02-23T11:52:35","slug":"pano-micronquick-5-panos","status":"publish","type":"product","link":"https:\/\/mundo.seashell.pt\/?product=pano-micronquick-5-panos","title":{"rendered":"Pano MicronQuick (5 panos)"},"content":{"rendered":"<h2>MicronQuick<\/h2>\n<h3>Um rendimento de limpeza superior todos os dias<\/h3>\n<p>Com o pano MicronQuick, que pode ser lavado na m\u00e1quina, pode economizar tempo na limpeza di\u00e1ria. O nosso pano MicronQuick est\u00e1 feito de microfibras patenteadas, alcan\u00e7ando um <strong>desempenho de limpeza superior<\/strong> mesmo em estruturas microsc\u00f3picas. <strong>Limpa todas as superf\u00edcies <\/strong>como a\u00e7o inoxid\u00e1vel, o pl\u00e1stico ou cer\u00e2mica com um s\u00f3 pano. Este pano multiuso \u00e9 especialmente desenvolvido para a limpeza di\u00e1ria. A sua resist\u00eancia superior \u00e0 lavagem torna-o <strong>mais dur\u00e1vel para o uso di\u00e1rio.<\/strong> Use o pano de microfibra para obter excelentes resultados de limpeza todos os dias!<\/p>\n<h3><\/h3>\n<h3> Os benef\u00edcios do MicronQuick<\/h3>\n<ul>\n<li>Elevada efici\u00eancia na remo\u00e7\u00e3o de sujidade em cada superf\u00edcie.<\/li>\n<li>99,99% de elimina\u00e7\u00e3o de bact\u00e9rias e germes certificada por um instituto de provas independente.<\/li>\n<li>99,86% de elimina\u00e7\u00e3o do v\u00edrus Bovine Covid, certificado por um instituto de testes independente.<\/li>\n<li>Resist\u00eancia superior \u00e0 lavagem para uso di\u00e1rio<\/li>\n<li>Fibras sem fim para resultados de limpeza sem pelos<\/li>\n<li>Ideal para m\u00e9todos de prepara\u00e7\u00e3o &#8211; poupa qu\u00edmicos, \u00e1gua e tempo<\/li>\n<\/ul>\n<h3><\/h3>\n<h3>Limpeza eficiente e higi\u00e9nica com o MicronQuick<\/h3>\n<p>A Tecnologia de Micron Fibra patenteada por Vileda Professional proporciona as microfibras mais finas do Mercado. Consegue uma limpeza mais profunda e eficaz em \u00e1reas higienicamente sens\u00edveis e<strong> elimina as bact\u00e9rias e os germes em 99,99%. <\/strong>O pano \u00e9 ideal para os m\u00e9todos de prepara\u00e7\u00e3o, que reduzem de forma sustent\u00e1vel o uso de produtos qu\u00edmicos e economizam \u00e1gua e tempo.<\/p>\n<p>Ainda melhor, o pano MicronQuick tem a vantagem de conseguir resultados superiores e sem marcas para um uso f\u00e1cil e <strong>r\u00e1pido das tarefas de limpeza mais dif\u00edceis<\/strong>. Economiza tempo nas tarefas de limpeza di\u00e1rias. Se procuras resultados extra brilhantes ou panos descart\u00e1veis, d\u00e1 uma vista de olhos ao pano <em>MicroClean Plus <\/em>e ao pano <em>MicronSolo.<\/em><\/p>\n<p>Podes ter o pano MicronQuick em azul, vermelho, amarelo e verde. Usa as cores para diferenciar entre as diferentes \u00e1reas de limpeza. Obt\u00e9m a tua solu\u00e7\u00e3o.<\/p>\n<p>Pano MicronQuick agora!<\/p>\n","protected":false},"excerpt":{"rendered":"<p>MicronQuick<br \/>\nUm rendimento de limpeza superior todos os dias<br \/>\nCom o pano MicronQuick, que pode ser lavado na m\u00e1quina, pode economizar tempo na limpeza di\u00e1ria. O nosso pano MicronQuick est\u00e1 feito de microfibras patenteadas, alcan\u00e7ando um desempenho de limpeza superior mesmo em estruturas microsc\u00f3picas. &#8230;<\/p>\n","protected":false},"featured_media":6176,"template":"","meta":{"spay_email":""},"product_cat":[15],"product_tag":[],"class_list":{"0":"post-6175","1":"product","2":"type-product","3":"status-publish","4":"has-post-thumbnail","6":"product_cat-sem-categoria","8":"first","9":"instock","10":"taxable","11":"shipping-taxable","12":"purchasable","13":"product-type-simple"},"acf":[],"jetpack-related-posts":[{"id":6209,"url":"https:\/\/mundo.seashell.pt\/?product=pano-micronsolo-vileda-100-panos","url_meta":{"origin":6175,"position":0},"title":"Pano MicronSolo &#8211; Vileda (100 panos)","date":"Fevereiro 23, 2022","format":false,"excerpt":"MicronSolo Alta absor\u00e7\u00e3o e rendimento de limpeza O MicronSolo \u00e9 o nosso pano de microfibra descart\u00e1vel com um rendimento de limpeza superior e uma excelente capacidade de absor\u00e7\u00e3o. Comparado com os panos descart\u00e1veis comuns, a limpeza com o pano MicronSolo \u00e9 mais f\u00e1cil e evita infe\u00e7\u00f5es em zonas higienicament...","rel":"","context":"Similar post","img":{"alt_text":"","src":"https:\/\/i0.wp.com\/mundo.seashell.pt\/wp-content\/uploads\/2022\/02\/Micron-Solo-Main-ClonedDuringMediaCleanUp012-carouselImage_PhotoRoom_20210418_122813.jpg?resize=350%2C200&ssl=1","width":350,"height":200},"classes":[]},{"id":6207,"url":"https:\/\/mundo.seashell.pt\/?product=pano-micronsolo-vileda-em-rolo","url_meta":{"origin":6175,"position":1},"title":"Pano MicronSolo &#8211; Vileda (em rolo)","date":"Fevereiro 23, 2022","format":false,"excerpt":"MicronSolo Rolo Pano de microfibra descart\u00e1vel pr\u00e1tico onde a higiene \u00e9 cr\u00edtica Pano de microfibra descart\u00e1vel com desempenho de limpeza superior combinado com fibras de viscose para excelente absor\u00e7\u00e3o. MicronSolo \u00e9 a solu\u00e7\u00e3o ideal quando se precisa de um pano descart\u00e1vel ,necess\u00e1rio em ambientes com alto n\u00edvel de hi...","rel":"","context":"Similar post","img":{"alt_text":"","src":"https:\/\/i0.wp.com\/mundo.seashell.pt\/wp-content\/uploads\/2022\/02\/MicronSolo-Roll-Main-ClonedDuringMediaCleanUp012-carouselImage_PhotoRoom_20210418_123421.jpg?resize=350%2C200&ssl=1","width":350,"height":200},"classes":[]},{"id":6187,"url":"https:\/\/mundo.seashell.pt\/?product=pano-microtuff-easy-50-panos","url_meta":{"origin":6175,"position":2},"title":"Pano MicroTuff Easy (50 panos)","date":"Fevereiro 23, 2022","format":false,"excerpt":"MicroTuff Easy MicroTuff Easy \u00e9 o nosso pano de microfibra semi-descart\u00e1vel que vem em uma pr\u00e1tica caixa dispensadora e se encaixa perfeitamente para todos os fins de limpeza. O pano tem um desempenho de limpeza muito elevado e uma boa fun\u00e7\u00e3o de absor\u00e7\u00e3o para uso di\u00e1rio. Ele tamb\u00e9m enfatiza o\u2026","rel":"","context":"Similar post","img":{"alt_text":"","src":"https:\/\/i0.wp.com\/mundo.seashell.pt\/wp-content\/uploads\/2022\/02\/MicroTuff-Easy-closeupfinal_PhotoRoom_20210418_123325.jpg?resize=350%2C200&ssl=1","width":350,"height":200},"classes":[]},{"id":6181,"url":"https:\/\/mundo.seashell.pt\/?product=pano-microtuff-plus-5-panos","url_meta":{"origin":6175,"position":3},"title":"Pano MicroTuff Plus (5 panos)","date":"Fevereiro 23, 2022","format":false,"excerpt":"MicroTuff Plus M\u00e1xima qualidade em um pano de microfibra multiuso Pano de microfibra tecido com alto volume e capacidade de coleta de sujeira. O MicroTuff Plus oferece o excelente desempenho de limpeza de microfibras, o que torna a limpeza um trabalho r\u00e1pido e f\u00e1cil. Higiene e Seguran\u00e7aCom o siste...","rel":"","context":"Similar post","img":{"alt_text":"","src":"https:\/\/i0.wp.com\/mundo.seashell.pt\/wp-content\/uploads\/2022\/02\/01-wiping-01-microfibre-cloths-06-microtuff-plus-portrait_PhotoRoom_20210418_122910.jpg?resize=350%2C200&ssl=1","width":350,"height":200},"classes":[]},{"id":6193,"url":"https:\/\/mundo.seashell.pt\/?product=pano-pvamicro-vileda-5-panos","url_meta":{"origin":6175,"position":4},"title":"Pano PVAmicro &#8211; Vileda (5 panos)","date":"Fevereiro 23, 2022","format":false,"excerpt":"PVAmicro Os melhores resultados com o nosso pano de microfibra de maior sucesso A Vileda Professional utiliza as mais recentes tecnologias para inventar e produzir solu\u00e7\u00f5es de limpeza mais eficientes para reduzir o teu trabalho. O nosso pano de microfibra de maior sucesso, PVAmicro, consegue resultad...","rel":"","context":"Similar post","img":{"alt_text":"","src":"https:\/\/i0.wp.com\/mundo.seashell.pt\/wp-content\/uploads\/2022\/02\/01-wiping-01-microfibre-cloths-10-pvamicro-portrait_PhotoRoom_20210418_123444.jpg?resize=350%2C200&ssl=1","width":350,"height":200},"classes":[]},{"id":6179,"url":"https:\/\/mundo.seashell.pt\/?product=pano-microroll","url_meta":{"origin":6175,"position":5},"title":"Pano MicroRoll","date":"Fevereiro 23, 2022","format":false,"excerpt":"MicroRoll O poder 100% da microfibra Nada limpa t\u00e3o profundo quanto microfibras. Elimina graxa e impress\u00f5es digitais sem esfregar. Como? As microfibras ultrafinas literalmente retiram a sujeira da superf\u00edcie.Voc\u00ea economiza tempo e dinheiro, especialmente porque voc\u00ea pode fazer o trabalho com um m\u00ednimo de produtos qu\u00edmico...","rel":"","context":"Similar post","img":{"alt_text":"","src":"https:\/\/i0.wp.com\/mundo.seashell.pt\/wp-content\/uploads\/2022\/02\/01-wiping-01-microfibre-cloths-08-microroll-microroll-detail-580x435_PhotoRoom_20210418_123129.jpg?resize=350%2C200&ssl=1","width":350,"height":200},"classes":[]}],"_links":{"self":[{"href":"https:\/\/mundo.seashell.pt\/index.php?rest_route=\/wp\/v2\/product\/6175","targetHints":{"allow":["GET"]}}],"collection":[{"href":"https:\/\/mundo.seashell.pt\/index.php?rest_route=\/wp\/v2\/product"}],"about":[{"href":"https:\/\/mundo.seashell.pt\/index.php?rest_route=\/wp\/v2\/types\/product"}],"wp:featuredmedia":[{"embeddable":true,"href":"https:\/\/mundo.seashell.pt\/index.php?rest_route=\/wp\/v2\/media\/6176"}],"wp:attachment":[{"href":"https:\/\/mundo.seashell.pt\/index.php?rest_route=%2Fwp%2Fv2%2Fmedia&parent=6175"}],"wp:term":[{"taxonomy":"product_cat","embeddable":true,"href":"https:\/\/mundo.seashell.pt\/index.php?rest_route=%2Fwp%2Fv2%2Fproduct_cat&post=6175"},{"taxonomy":"product_tag","embeddable":true,"href":"https:\/\/mundo.seashell.pt\/index.php?rest_route=%2Fwp%2Fv2%2Fproduct_tag&post=6175"}],"curies":[{"name":"wp","href":"https:\/\/api.w.org\/{rel}","templated":true}]}}