{"id":6173,"date":"2022-02-23T11:52:31","date_gmt":"2022-02-23T11:52:31","guid":{"rendered":"https:\/\/mundo.seashell.pt\/?post_type=product&#038;p=6173"},"modified":"2022-02-23T11:52:33","modified_gmt":"2022-02-23T11:52:33","slug":"pano-nanotech-micro-5-panos","status":"publish","type":"product","link":"https:\/\/mundo.seashell.pt\/?product=pano-nanotech-micro-5-panos","title":{"rendered":"Pano NanoTech Micro (5 panos)"},"content":{"rendered":"<h2>NanoTech micro<\/h2>\n<h2>Ganha a batalha contra as bact\u00e9rias<\/h2>\n<p>Como resultado de um intenso processo de pesquisa e desenvolvimento, a NanoTech fornece o objetivo de manter seu ambiente o mais higi\u00e9nico e saud\u00e1vel poss\u00edvel. O NanoTech micro n\u00e3o apenas elimina as bact\u00e9rias, mas as mata em contato direto, e incorpora nanopart\u00edculas de prata embutidas na pr\u00f3pria estrutura da microfibra.<br \/>Prata \u00e9 o segredo NanoTech micro \u00e9 um pano de microfibra, mas isso n\u00e3o \u00e9 tudo. O segredo est\u00e1 nas nanopart\u00edculas de prata que foram incorporadas \u00e0 composi\u00e7\u00e3o da microfibra. E quando a prata entra em contato direto com bact\u00e9rias e germes, ela mata-os. Em geral, previne eficazmente o crescimento bacteriano e o efeito n\u00e3o desaparece ap\u00f3s a lavagem.<\/p>\n<p><strong>Higiene e Seguran\u00e7a<\/strong><br \/>Com o sistema de codifica\u00e7\u00e3o de cores, um protocolo de limpeza pode ser aplicado de acordo com os padr\u00f5es de higiene.<\/p>\n<p><strong>Ergonomia<\/strong><br \/>Manuseio r\u00e1pido e f\u00e1cil gra\u00e7as ao baixo atrito.<\/p>\n<p><strong>\u00c1reas de uso<\/strong><br \/>Em todos os lugares onde a higiene m\u00e1xima \u00e9 primordial, por exemplo, hospitais, lares de idosos, creches, restaurantes e ambientes de fast food, etc.<\/p>\n<h2><\/h2>\n<h2>Benef\u00edcios do produto<\/h2>\n<ul>\n<li>Projetado com uma combina\u00e7\u00e3o de infinitas microfibras e nanopart\u00edculas de prata.<\/li>\n<li>99,9% de remo\u00e7\u00e3o de bact\u00e9rias ou germes ao limpar superf\u00edcies (Certificado pela BMA)<\/li>\n<li>Previne o crescimento de bact\u00e9rias ou germes nos len\u00e7os<\/li>\n<li>O efeito antibacteriano n\u00e3o desaparece ap\u00f3s a lavagem.<\/li>\n<\/ul>\n<p>Embalagens de 5 unidades por cor.&nbsp;<\/p>\n","protected":false},"excerpt":{"rendered":"<p>NanoTech micro<br \/>\nGanha a batalha contra as bact\u00e9rias<br \/>\nComo resultado de um intenso processo de pesquisa e desenvolvimento, a NanoTech fornece o objetivo de manter seu ambiente o mais higi\u00eanico e saud\u00e1vel poss\u00edvel. O NanoTech micro n\u00e3o apenas elimina as bact\u00e9rias, mas as mata em contato direto, e incorpora nanopart\u00edculas de prat&#8230;<\/p>\n","protected":false},"featured_media":6174,"template":"","meta":{"spay_email":""},"product_cat":[15],"product_tag":[],"class_list":{"0":"post-6173","1":"product","2":"type-product","3":"status-publish","4":"has-post-thumbnail","6":"product_cat-sem-categoria","8":"first","9":"instock","10":"taxable","11":"shipping-taxable","12":"purchasable","13":"product-type-simple"},"acf":[],"jetpack-related-posts":[{"id":6179,"url":"https:\/\/mundo.seashell.pt\/?product=pano-microroll","url_meta":{"origin":6173,"position":0},"title":"Pano MicroRoll","date":"Fevereiro 23, 2022","format":false,"excerpt":"MicroRoll O poder 100% da microfibra Nada limpa t\u00e3o profundo quanto microfibras. Elimina graxa e impress\u00f5es digitais sem esfregar. Como? As microfibras ultrafinas literalmente retiram a sujeira da superf\u00edcie.Voc\u00ea economiza tempo e dinheiro, especialmente porque voc\u00ea pode fazer o trabalho com um m\u00ednimo de produtos qu\u00edmico...","rel":"","context":"Similar post","img":{"alt_text":"","src":"https:\/\/i0.wp.com\/mundo.seashell.pt\/wp-content\/uploads\/2022\/02\/01-wiping-01-microfibre-cloths-08-microroll-microroll-detail-580x435_PhotoRoom_20210418_123129.jpg?resize=350%2C200&ssl=1","width":350,"height":200},"classes":[]},{"id":6207,"url":"https:\/\/mundo.seashell.pt\/?product=pano-micronsolo-vileda-em-rolo","url_meta":{"origin":6173,"position":1},"title":"Pano MicronSolo &#8211; Vileda (em rolo)","date":"Fevereiro 23, 2022","format":false,"excerpt":"MicronSolo Rolo Pano de microfibra descart\u00e1vel pr\u00e1tico onde a higiene \u00e9 cr\u00edtica Pano de microfibra descart\u00e1vel com desempenho de limpeza superior combinado com fibras de viscose para excelente absor\u00e7\u00e3o. MicronSolo \u00e9 a solu\u00e7\u00e3o ideal quando se precisa de um pano descart\u00e1vel ,necess\u00e1rio em ambientes com alto n\u00edvel de hi...","rel":"","context":"Similar post","img":{"alt_text":"","src":"https:\/\/i0.wp.com\/mundo.seashell.pt\/wp-content\/uploads\/2022\/02\/MicronSolo-Roll-Main-ClonedDuringMediaCleanUp012-carouselImage_PhotoRoom_20210418_123421.jpg?resize=350%2C200&ssl=1","width":350,"height":200},"classes":[]},{"id":6195,"url":"https:\/\/mundo.seashell.pt\/?product=pano-universal-ag-vileda","url_meta":{"origin":6173,"position":2},"title":"Pano Universal Ag &#8211; Vileda (Rolo de 8 metros)","date":"Fevereiro 23, 2022","format":false,"excerpt":"Multiusos Ag Resist\u00eancia e alto rendimento para a limpeza profissional intensiva Pano em tela n\u00e3o tecida com tecnologia Neutrex, produzido com componentes tradicionais de alta durabilidade e impregnado com cloreto de prata, oferece grande resist\u00eancia qu\u00edmica e forte atividade antibacteriana ao eliminar bact\u00e9rias por contacto...","rel":"","context":"Similar post","img":{"alt_text":"","src":"https:\/\/i0.wp.com\/mundo.seashell.pt\/wp-content\/uploads\/2022\/02\/Bayeta-Universal-Ag_PhotoRoom_20210418_123740.jpg?resize=350%2C200&ssl=1","width":350,"height":200},"classes":[]},{"id":6177,"url":"https:\/\/mundo.seashell.pt\/?product=pano-microclean-plus-5-panos","url_meta":{"origin":6173,"position":3},"title":"Pano MicroClean Plus (5 panos)","date":"Fevereiro 23, 2022","format":false,"excerpt":"MicroClean Plus Pano de microfibras para limpar de uma s\u00f3 passagem O MicroClean Plus \u00e9 o pano perfeito para tarefas exigentes de limpeza. ProdutividadeO excelente desempenho de limpeza e o resultado sem rasto numa \u00fanica etapa de limpeza economizam tempo e dinheiro. A durabilidade do MicroClean Pl...","rel":"","context":"Similar post","img":{"alt_text":"","src":"https:\/\/i0.wp.com\/mundo.seashell.pt\/wp-content\/uploads\/2022\/02\/Additional-wiping-MicroCleanPlus-portrait_PhotoRoom_20210418_123038.jpg?resize=350%2C200&ssl=1","width":350,"height":200},"classes":[]},{"id":6205,"url":"https:\/\/mundo.seashell.pt\/?product=pano-breazy-vileda-25-panos","url_meta":{"origin":6173,"position":4},"title":"Pano Breazy &#8211; Vileda (25 panos)","date":"Fevereiro 23, 2022","format":false,"excerpt":"Breazy Breazy \u00e9 o pano ideal para uso a curto prazo Supera qualquer outro pano semi-descart\u00e1vel, tanto pela componente de microfibras que cont\u00eam fibras como design ondulado da superf\u00edcie. Gra\u00e7as ao seu pre\u00e7o competitivo permite adaptar-se a qualquer objetivo. Baixo cuidadoBreazy n\u00e3o requer lavage...","rel":"","context":"Similar post","img":{"alt_text":"","src":"https:\/\/i0.wp.com\/mundo.seashell.pt\/wp-content\/uploads\/2022\/02\/01-wiping-05-semi-disposible-cloths-01-breazy-portrait_PhotoRoom_20210418_122928.jpg?resize=350%2C200&ssl=1","width":350,"height":200},"classes":[]},{"id":6175,"url":"https:\/\/mundo.seashell.pt\/?product=pano-micronquick-5-panos","url_meta":{"origin":6173,"position":5},"title":"Pano MicronQuick (5 panos)","date":"Fevereiro 23, 2022","format":false,"excerpt":"MicronQuick Um rendimento de limpeza superior todos os dias Com o pano MicronQuick, que pode ser lavado na m\u00e1quina, pode economizar tempo na limpeza di\u00e1ria. O nosso pano MicronQuick est\u00e1 feito de microfibras patenteadas, alcan\u00e7ando um desempenho de limpeza superior mesmo em estruturas microsc\u00f3picas. ...","rel":"","context":"Similar post","img":{"alt_text":"","src":"https:\/\/i0.wp.com\/mundo.seashell.pt\/wp-content\/uploads\/2022\/02\/01-wiping-01-microfibre-cloths-12-micron-quick-micronquick-portrait-580x550_PhotoRoom_20210418_123240.jpg?resize=350%2C200&ssl=1","width":350,"height":200},"classes":[]}],"_links":{"self":[{"href":"https:\/\/mundo.seashell.pt\/index.php?rest_route=\/wp\/v2\/product\/6173","targetHints":{"allow":["GET"]}}],"collection":[{"href":"https:\/\/mundo.seashell.pt\/index.php?rest_route=\/wp\/v2\/product"}],"about":[{"href":"https:\/\/mundo.seashell.pt\/index.php?rest_route=\/wp\/v2\/types\/product"}],"wp:featuredmedia":[{"embeddable":true,"href":"https:\/\/mundo.seashell.pt\/index.php?rest_route=\/wp\/v2\/media\/6174"}],"wp:attachment":[{"href":"https:\/\/mundo.seashell.pt\/index.php?rest_route=%2Fwp%2Fv2%2Fmedia&parent=6173"}],"wp:term":[{"taxonomy":"product_cat","embeddable":true,"href":"https:\/\/mundo.seashell.pt\/index.php?rest_route=%2Fwp%2Fv2%2Fproduct_cat&post=6173"},{"taxonomy":"product_tag","embeddable":true,"href":"https:\/\/mundo.seashell.pt\/index.php?rest_route=%2Fwp%2Fv2%2Fproduct_tag&post=6173"}],"curies":[{"name":"wp","href":"https:\/\/api.w.org\/{rel}","templated":true}]}}