{"id":6169,"date":"2022-02-23T11:52:27","date_gmt":"2022-02-23T11:52:27","guid":{"rendered":"https:\/\/mundo.seashell.pt\/?post_type=product&#038;p=6169"},"modified":"2022-02-23T11:52:29","modified_gmt":"2022-02-23T11:52:29","slug":"baldes-com-pedais-hera-vileda","status":"publish","type":"product","link":"https:\/\/mundo.seashell.pt\/?product=baldes-com-pedais-hera-vileda","title":{"rendered":"Baldes com Pedais Hera &#8211; Vileda"},"content":{"rendered":"<h2>Hera<\/h2>\n<h2>Abertura com pedal em conformidade com o HACCP<\/h2>\n<p>A gama de baldes com pedais da Hera est\u00e1 em conformidade com as recomenda\u00e7\u00f5es HACCP para opera\u00e7\u00e3o&#8221; m\u00e3os-livres &#8220;, o que os torna ideais para uso numa variedade de aplica\u00e7\u00f5es. A tampa de fecho lento \u00e9 ideal para uso em ambientes silenciosos, e o suporte de saco integrado e os p\u00e9s de borracha antiderrapantes s\u00e3o apenas algumas das vantagens incorporadas ao design. A gama Hera est\u00e1 dispon\u00edvel em 3 tamanhos (35l, 60l e 85l) e 6 cores.<\/p>\n<h3>Benef\u00edcios do produto<\/h3>\n<ul>\n<li>Tampa de fecho lento, ideal para ambientes silenciosos.<\/li>\n<li>Opera\u00e7\u00e3o m\u00e3os-livres que est\u00e1 em conformidade com as recomenda\u00e7\u00f5es do HACCP.<\/li>\n<li>Pedal grande, ideal para uso com cal\u00e7ado de seguran\u00e7a em ambientes profissionais.<\/li>\n<li>Design de tampa sobreposta que mant\u00e9m odores no interior.<\/li>\n<li>Suporte de bolsa integrado: garante o correto ajuste do seu saco de lixo.<\/li>\n<li>Design de paredes liso f\u00e1cil de limpar<\/li>\n<li>Topos de borracha antiderrapantes: evitam movimentos em uso e protegem o piso.<\/li>\n<li>3 tamanhos: 35L, 60L e 85L.<\/li>\n<li>2 cores: Preto e Branco.<\/li>\n<\/ul>\n","protected":false},"excerpt":{"rendered":"<p>Hera<br \/>\nAbertura com pedal em conformidade com o HACCP<br \/>\nA gama de baldes com pedais da Hera est\u00e1 em conformidade com as recomenda\u00e7\u00f5es HACCP para opera\u00e7\u00e3o&#8221; m\u00e3os-livres &#8220;, o que os torna ideais para uso numa variedade de aplica\u00e7\u00f5es. A tampa de fecho lento \u00e9 ideal para uso em ambientes silenciosos, e o suporte de saco integrado e o&#8230;<\/p>\n","protected":false},"featured_media":6170,"template":"","meta":{"spay_email":""},"product_cat":[15],"product_tag":[],"class_list":{"0":"post-6169","1":"product","2":"type-product","3":"status-publish","4":"has-post-thumbnail","6":"product_cat-sem-categoria","8":"first","9":"instock","10":"taxable","11":"shipping-taxable","12":"purchasable","13":"product-type-simple"},"acf":[],"jetpack-related-posts":[{"id":6165,"url":"https:\/\/mundo.seashell.pt\/?product=sistema-de-contentores-metalicos-geo-vileda","url_meta":{"origin":6169,"position":0},"title":"Sistema de Contentores Met\u00e1licos Geo &#8211; Vileda","date":"Fevereiro 23, 2022","format":false,"excerpt":"GEOSistema de reciclagem de apar\u00eancia met\u00e1lica. A gama inovadora e duradoura de contentores met\u00e1licos Geo \u00e9 o centro do seu sistema de recolha e reciclagem de res\u00edduos. A tecnologia de \" materiais combinados \" proporciona a durabilidade e o desempenho do pl\u00e1stico (f\u00e1cil de limpar, \u00e0 prova de ferrugem e\u2026","rel":"","context":"Similar post","img":{"alt_text":"","src":"https:\/\/i0.wp.com\/mundo.seashell.pt\/wp-content\/uploads\/2022\/02\/10-waste-management-03-recycling-bins-01-geo-portrait_PhotoRoom_20210418_123406.jpg?resize=350%2C200&ssl=1","width":350,"height":200},"classes":[]},{"id":6167,"url":"https:\/\/mundo.seashell.pt\/?product=sistema-de-contentores-iris-vileda","url_meta":{"origin":6169,"position":1},"title":"Sistema de Contentores Met\u00e1licos Iris &#8211; Vileda","date":"Fevereiro 23, 2022","format":false,"excerpt":"Iris Sistema de reciclagem de apar\u00eancia de met\u00e1lica. Tal como o Geo, a gama Iris utiliza a tecnologia\" \"materiais combinados\" \"para proporcionar a durabilidade e desempenho do pl\u00e1stico (f\u00e1cil de limpar, sem ferrugem e \u00e0 prova de desgaste) com a est\u00e9tica e a imagem do a\u00e7o inoxid\u00e1vel. A atraente linha\u2026","rel":"","context":"Similar post","img":{"alt_text":"","src":"https:\/\/i0.wp.com\/mundo.seashell.pt\/wp-content\/uploads\/2022\/02\/10-waste-management-05-waste-bins-01-iris-Iris-square-range-580x550_PhotoRoom_20210418_123011.jpg?resize=350%2C200&ssl=1","width":350,"height":200},"classes":[]},{"id":5680,"url":"https:\/\/mundo.seashell.pt\/?product=sf100-5kg","url_meta":{"origin":6169,"position":2},"title":"Desengordurante S.F. 100 5Kg","date":"Fevereiro 23, 2022","format":false,"excerpt":"Detergente altamente desengordurante isento de corantes e fragr\u00e2ncias para uso em ambiente alimentar (HACCP).","rel":"","context":"Similar post","img":{"alt_text":"","src":"https:\/\/i0.wp.com\/mundo.seashell.pt\/wp-content\/uploads\/2022\/02\/PhotoRoom_20210325_092140.jpg?resize=350%2C200&ssl=1","width":350,"height":200},"classes":[]},{"id":5720,"url":"https:\/\/mundo.seashell.pt\/?product=cleanox-5kg","url_meta":{"origin":6169,"position":3},"title":"Higienizante Cleanox 5Kg","date":"Fevereiro 23, 2022","format":false,"excerpt":"Detergente higienizante concentrado \u00e0 base de per\u00f3xido de hidrog\u00eanio adequado para todas as superf\u00edcies lav\u00e1veis","rel":"","context":"Similar post","img":{"alt_text":"","src":"https:\/\/i0.wp.com\/mundo.seashell.pt\/wp-content\/uploads\/2022\/02\/cleanox.jpg?resize=350%2C200&ssl=1","width":350,"height":200},"classes":[]},{"id":5682,"url":"https:\/\/mundo.seashell.pt\/?product=sf110-5kg","url_meta":{"origin":6169,"position":4},"title":"Desengordurante &#8211; S.F. 110 5Kg","date":"Fevereiro 23, 2022","format":false,"excerpt":"Detergente altamente desengordurante isento de corantes e fragr\u00e2ncias para uso em ambiente alimentar (HACCP).","rel":"","context":"Similar post","img":{"alt_text":"","src":"https:\/\/i0.wp.com\/mundo.seashell.pt\/wp-content\/uploads\/2022\/02\/s.f._110.jpg?resize=350%2C200&ssl=1","width":350,"height":200},"classes":[]},{"id":5692,"url":"https:\/\/mundo.seashell.pt\/?product=per-citric-foam-22kg","url_meta":{"origin":6169,"position":5},"title":"Higienizante Desengordurante &#8211; Per Citric Foam 22Kg","date":"Fevereiro 23, 2022","format":false,"excerpt":"Espuma \u00e1cida com base em per\u00f3xido de hidrog\u00e9nio com alto poder de ader\u00eancia para uso em ambiente alimentar (conforme HACCP).","rel":"","context":"Similar post","img":{"alt_text":"","src":"https:\/\/i0.wp.com\/mundo.seashell.pt\/wp-content\/uploads\/2022\/02\/per_citric_foam.jpg?resize=350%2C200&ssl=1","width":350,"height":200},"classes":[]}],"_links":{"self":[{"href":"https:\/\/mundo.seashell.pt\/index.php?rest_route=\/wp\/v2\/product\/6169","targetHints":{"allow":["GET"]}}],"collection":[{"href":"https:\/\/mundo.seashell.pt\/index.php?rest_route=\/wp\/v2\/product"}],"about":[{"href":"https:\/\/mundo.seashell.pt\/index.php?rest_route=\/wp\/v2\/types\/product"}],"wp:featuredmedia":[{"embeddable":true,"href":"https:\/\/mundo.seashell.pt\/index.php?rest_route=\/wp\/v2\/media\/6170"}],"wp:attachment":[{"href":"https:\/\/mundo.seashell.pt\/index.php?rest_route=%2Fwp%2Fv2%2Fmedia&parent=6169"}],"wp:term":[{"taxonomy":"product_cat","embeddable":true,"href":"https:\/\/mundo.seashell.pt\/index.php?rest_route=%2Fwp%2Fv2%2Fproduct_cat&post=6169"},{"taxonomy":"product_tag","embeddable":true,"href":"https:\/\/mundo.seashell.pt\/index.php?rest_route=%2Fwp%2Fv2%2Fproduct_tag&post=6169"}],"curies":[{"name":"wp","href":"https:\/\/api.w.org\/{rel}","templated":true}]}}