{"id":6167,"date":"2022-02-23T11:52:22","date_gmt":"2022-02-23T11:52:22","guid":{"rendered":"https:\/\/mundo.seashell.pt\/?post_type=product&#038;p=6167"},"modified":"2022-02-23T11:52:24","modified_gmt":"2022-02-23T11:52:24","slug":"sistema-de-contentores-iris-vileda","status":"publish","type":"product","link":"https:\/\/mundo.seashell.pt\/?product=sistema-de-contentores-iris-vileda","title":{"rendered":"Sistema de Contentores Met\u00e1licos Iris &#8211; Vileda"},"content":{"rendered":"<h2>Iris<\/h2>\n<h2>Sistema de reciclagem de apar\u00eancia de met\u00e1lica.<\/h2>\n<p>Tal como o Geo, a gama Iris utiliza a tecnologia&#8221; &#8220;materiais combinados&#8221; &#8220;para proporcionar a durabilidade e desempenho do pl\u00e1stico (f\u00e1cil de limpar, sem ferrugem e \u00e0 prova de desgaste) com a est\u00e9tica e a imagem do a\u00e7o inoxid\u00e1vel. A atraente linha Iris est\u00e1 dispon\u00edvel em um design redondo de 50 litros ou 60 litros quadrados, com uma sele\u00e7\u00e3o de tampas que incluem tampas de funil m\u00e3os livres (redondas e quadradas) para tampas articuladas.<\/p>\n<h3>Benef\u00edcios do produto<\/h3>\n<ul>\n<li>Constru\u00e7\u00e3o pl\u00e1stica dur\u00e1vel com acabamento met\u00e1lico.<\/li>\n<li>\u00c0 prova de ferrugem, mossas e impress\u00f5es digitais.<\/li>\n<li>F\u00e1cil de limpar e lavar.<\/li>\n<li>Asa integrada para f\u00e1cil transporte e eleva\u00e7\u00e3o.<\/li>\n<li>Suporte de bolsa integrado: garante o correto ajuste do seu saco de lixo<\/li>\n<li>P\u00e9s de borracha antiderrapante: evitam movimentos em uso e protegem o ch\u00e3o<\/li>\n<\/ul>\n<p><strong>Op\u00e7\u00f5es de tampa redonda de 50I:<\/strong><\/p>\n<ul>\n<li>Funil de m\u00e3os livres (preto, azul, verde, amarelo e vermelho)<\/li>\n<\/ul>\n<p><strong>Op\u00e7\u00f5es de tampa quadrada de 60l: <\/strong><\/p>\n<ul>\n<li>Funil de m\u00e3os livres ou basculante preto.<\/li>\n<\/ul>\n","protected":false},"excerpt":{"rendered":"<p>Iris<br \/>\nSistema de reciclagem de apar\u00eancia de met\u00e1lica.<br \/>\nTal como o Geo, a gama Iris utiliza a tecnologia&#8221; &#8220;materiais combinados&#8221; &#8220;para proporcionar a durabilidade e desempenho do pl\u00e1stico (f\u00e1cil de limpar, sem ferrugem e \u00e0 prova de desgaste) com a est\u00e9tica e a imagem do a\u00e7o inoxid\u00e1vel. A atraente linha Iris est\u00e1 dispon\u00edvel em u&#8230;<\/p>\n","protected":false},"featured_media":6168,"template":"","meta":{"spay_email":""},"product_cat":[15],"product_tag":[],"class_list":{"0":"post-6167","1":"product","2":"type-product","3":"status-publish","4":"has-post-thumbnail","6":"product_cat-sem-categoria","8":"first","9":"instock","10":"taxable","11":"shipping-taxable","12":"purchasable","13":"product-type-simple"},"acf":[],"jetpack-related-posts":[{"id":6165,"url":"https:\/\/mundo.seashell.pt\/?product=sistema-de-contentores-metalicos-geo-vileda","url_meta":{"origin":6167,"position":0},"title":"Sistema de Contentores Met\u00e1licos Geo &#8211; Vileda","date":"Fevereiro 23, 2022","format":false,"excerpt":"GEOSistema de reciclagem de apar\u00eancia met\u00e1lica. A gama inovadora e duradoura de contentores met\u00e1licos Geo \u00e9 o centro do seu sistema de recolha e reciclagem de res\u00edduos. A tecnologia de \" materiais combinados \" proporciona a durabilidade e o desempenho do pl\u00e1stico (f\u00e1cil de limpar, \u00e0 prova de ferrugem e\u2026","rel":"","context":"Similar post","img":{"alt_text":"","src":"https:\/\/i0.wp.com\/mundo.seashell.pt\/wp-content\/uploads\/2022\/02\/10-waste-management-03-recycling-bins-01-geo-portrait_PhotoRoom_20210418_123406.jpg?resize=350%2C200&ssl=1","width":350,"height":200},"classes":[]},{"id":6299,"url":"https:\/\/mundo.seashell.pt\/?product=ajax-lava-tudo-festa-das-flores-1l","url_meta":{"origin":6167,"position":1},"title":"Ajax Lava-Tudo Festa das Flores 1l","date":"Fevereiro 23, 2022","format":false,"excerpt":"Ajax ajuda na limpeza da casa. Deixa as suas superf\u00edcies limpas e brilhantes facilmente! Ajax lava tudo multisuperf\u00edcies para uso dom\u00e9stico, com uma nova f\u00f3rmula mais eficaz e a pensar no nosso planeta. Adicione agrad\u00e1veis aromas florais a todas as superf\u00edcies brilhantes com o lava tudo multisuperf\u00edcies Ajax festa de\u2026","rel":"","context":"Similar post","img":{"alt_text":"","src":"https:\/\/i0.wp.com\/mundo.seashell.pt\/wp-content\/uploads\/2022\/02\/Ajax_Festa_Flores_Floral_1_litro_8718951337688.png?resize=350%2C200&ssl=1","width":350,"height":200},"classes":[]},{"id":6339,"url":"https:\/\/mundo.seashell.pt\/?product=ajax-lava-tudo-madeiras-1l","url_meta":{"origin":6167,"position":2},"title":"Ajax Lava tudo Madeiras 1L","date":"Fevereiro 23, 2022","format":false,"excerpt":"Ajax Lava tudo Madeiras 1L Ajax lava tudo multisuperf\u00edcies para uso dom\u00e9stico, com uma nova f\u00f3rmula mais eficaz e a pensar no nosso planeta. Mantenha a sua casa com as superf\u00edcies de madeira higienicamente limpas com Ajax am\u00eandoa multiusos. Tipo de produto: Cuidado do Ch\u00e3o Notas\/Frag\u00e2ncia: Am\u00eandoaB...","rel":"","context":"Similar post","img":{"alt_text":"","src":"https:\/\/i0.wp.com\/mundo.seashell.pt\/wp-content\/uploads\/2022\/02\/Ajax_Lava_Tudo_MADEIRAS_1lt_8718951332713.png?resize=350%2C200&ssl=1","width":350,"height":200},"classes":[]},{"id":7226,"url":"https:\/\/mundo.seashell.pt\/?product=linfer-removedor-de-ferrugem-70ml","url_meta":{"origin":6167,"position":3},"title":"Linfer Removedor de Ferrugem 70ml","date":"Fevereiro 23, 2022","format":false,"excerpt":"LINFER ANTI FERRUGEM 70ML Tira rapidamente as manchas de ferrugem dos tecidos e n\u00f3doas de fruta. Ap\u00f3s retirar a tampa, com o frasco na vertical e apoiado em local firme, deite uma ou duas gotas sobre a mancha de ferrugem.Esta desaparecer\u00e1 em poucos minutos sem necessidade de lhe tocar ou\u2026","rel":"","context":"Similar post","img":{"alt_text":"","src":"https:\/\/i0.wp.com\/mundo.seashell.pt\/wp-content\/uploads\/2022\/02\/transferir__4_-1.jpeg?resize=350%2C200&ssl=1","width":350,"height":200},"classes":[]},{"id":6311,"url":"https:\/\/mundo.seashell.pt\/?product=neoblanc-gentil-lixivia-delicada","url_meta":{"origin":6167,"position":4},"title":"Neoblanc Gentil Lix\u00edvia Delicada 1L","date":"Fevereiro 23, 2022","format":false,"excerpt":"Neoblanc Gentil \u00e9 uma lix\u00edvia delicada, segura sobre todas as cores e tecidos, sint\u00e9ticos ou delicados, como l\u00e3 e seda. Adicionada em cada lavagem, tira-n\u00f3doas, higieniza e elimina os cheiros. Tipo de produto: Lix\u00edvia DelicadaBenef\u00edcios: - Remo\u00e7\u00e3o de manchas de toda a roupa;- Elimina\u00e7\u00e3o do mau cheiro;- ...","rel":"","context":"Similar post","img":{"alt_text":"","src":"https:\/\/i0.wp.com\/mundo.seashell.pt\/wp-content\/uploads\/2022\/02\/NEOBLANC_GENTIL_1L_8001480020740.png?resize=350%2C200&ssl=1","width":350,"height":200},"classes":[]},{"id":6169,"url":"https:\/\/mundo.seashell.pt\/?product=baldes-com-pedais-hera-vileda","url_meta":{"origin":6167,"position":5},"title":"Baldes com Pedais Hera &#8211; Vileda","date":"Fevereiro 23, 2022","format":false,"excerpt":"Hera Abertura com pedal em conformidade com o HACCP A gama de baldes com pedais da Hera est\u00e1 em conformidade com as recomenda\u00e7\u00f5es HACCP para opera\u00e7\u00e3o\" m\u00e3os-livres \", o que os torna ideais para uso numa variedade de aplica\u00e7\u00f5es. A tampa de fecho lento \u00e9 ideal para uso em ambientes\u2026","rel":"","context":"Similar post","img":{"alt_text":"","src":"https:\/\/i0.wp.com\/mundo.seashell.pt\/wp-content\/uploads\/2022\/02\/10-waste-management-02-pedal-bins-01-hera-portrait-Hera-35l-range-580x550_PhotoRoom_20210418_123552.jpg?resize=350%2C200&ssl=1","width":350,"height":200},"classes":[]}],"_links":{"self":[{"href":"https:\/\/mundo.seashell.pt\/index.php?rest_route=\/wp\/v2\/product\/6167","targetHints":{"allow":["GET"]}}],"collection":[{"href":"https:\/\/mundo.seashell.pt\/index.php?rest_route=\/wp\/v2\/product"}],"about":[{"href":"https:\/\/mundo.seashell.pt\/index.php?rest_route=\/wp\/v2\/types\/product"}],"wp:featuredmedia":[{"embeddable":true,"href":"https:\/\/mundo.seashell.pt\/index.php?rest_route=\/wp\/v2\/media\/6168"}],"wp:attachment":[{"href":"https:\/\/mundo.seashell.pt\/index.php?rest_route=%2Fwp%2Fv2%2Fmedia&parent=6167"}],"wp:term":[{"taxonomy":"product_cat","embeddable":true,"href":"https:\/\/mundo.seashell.pt\/index.php?rest_route=%2Fwp%2Fv2%2Fproduct_cat&post=6167"},{"taxonomy":"product_tag","embeddable":true,"href":"https:\/\/mundo.seashell.pt\/index.php?rest_route=%2Fwp%2Fv2%2Fproduct_tag&post=6167"}],"curies":[{"name":"wp","href":"https:\/\/api.w.org\/{rel}","templated":true}]}}