{"id":6165,"date":"2022-02-23T11:52:18","date_gmt":"2022-02-23T11:52:18","guid":{"rendered":"https:\/\/mundo.seashell.pt\/?post_type=product&#038;p=6165"},"modified":"2022-02-23T11:52:20","modified_gmt":"2022-02-23T11:52:20","slug":"sistema-de-contentores-metalicos-geo-vileda","status":"publish","type":"product","link":"https:\/\/mundo.seashell.pt\/?product=sistema-de-contentores-metalicos-geo-vileda","title":{"rendered":"Sistema de Contentores Met\u00e1licos Geo &#8211; Vileda"},"content":{"rendered":"<h2>GEO<\/h2>\n<h2><\/h2>\n<h2>Sistema de reciclagem de apar\u00eancia met\u00e1lica.<\/h2>\n<p>A gama inovadora e duradoura de contentores met\u00e1licos Geo \u00e9 o centro do seu sistema de recolha e reciclagem de res\u00edduos. A tecnologia de &#8221; materiais combinados &#8221; proporciona a durabilidade e o desempenho do pl\u00e1stico (f\u00e1cil de limpar, \u00e0 prova de ferrugem e amassado) com a est\u00e9tica e a imagem do a\u00e7o inoxid\u00e1vel.<\/p>\n<p>A linha GEO est\u00e1 dispon\u00edvel em 2 tamanhos com uma sele\u00e7\u00e3o de capas (asas, papel ou lata colorida) para separa\u00e7\u00e3o de res\u00edduos ou pode ser montada na parede para uso em casas de banho e \u00e1reas onde a limpeza \u00e9 necess\u00e1ria debaixo do recipiente e pode ser removida facilmente para limpar e esvaziar.<\/p>\n<h3>Benef\u00edcios do produto<\/h3>\n<ul>\n<li>Constru\u00e7\u00e3o pl\u00e1stica dur\u00e1vel com acabamento met\u00e1lico.<\/li>\n<li>Design de linhas estreitas e compactas &#8211; tamb\u00e9m se adapta aos espa\u00e7os mais pequenos.<\/li>\n<li>\u00c1 prova de ferrugem, deforma\u00e7\u00f5es e impress\u00f5es digitais.<\/li>\n<li>F\u00e1cil de limpar e lav\u00e1vel.<\/li>\n<li>Certifica\u00e7\u00e3o TUV em todos os containers e capas.<\/li>\n<li>As tampas de lata e o papel s\u00e3o compat\u00edveis com o HACCP.<\/li>\n<li>Al\u00e7a integrada para f\u00e1cil transporte.<\/li>\n<li>Suporte de saco integrado: garante o correto ajuste do seu saco de lixo<\/li>\n<li>P\u00e9s de borracha antiderrapante: evitam movimentos em uso e protegem o ch\u00e3o<\/li>\n<li>2 tamanhos : 55L e 70L<\/li>\n<li>3 op\u00e7\u00f5es de tampa: al\u00e7a, papel ou lata com c\u00f3digo de cores.<\/li>\n<li>Kit de montagem de parede opcional.<\/li>\n<\/ul>\n","protected":false},"excerpt":{"rendered":"<p>GEOSistema de reciclagem de apar\u00eancia met\u00e1lica.<br \/>\nA gama inovadora e duradoura de contentores met\u00e1licos Geo \u00e9 o centro do seu sistema de recolha e reciclagem de res\u00edduos. A tecnologia de &#8221; materiais combinados &#8221; proporciona a durabilidade e o desempenho do pl\u00e1stico (f\u00e1cil de limpar, \u00e0 prova de ferrugem e amassado)&#8230;<\/p>\n","protected":false},"featured_media":6166,"template":"","meta":{"spay_email":""},"product_cat":[15],"product_tag":[],"class_list":{"0":"post-6165","1":"product","2":"type-product","3":"status-publish","4":"has-post-thumbnail","6":"product_cat-sem-categoria","8":"first","9":"instock","10":"taxable","11":"shipping-taxable","12":"purchasable","13":"product-type-simple"},"acf":[],"jetpack-related-posts":[{"id":6167,"url":"https:\/\/mundo.seashell.pt\/?product=sistema-de-contentores-iris-vileda","url_meta":{"origin":6165,"position":0},"title":"Sistema de Contentores Met\u00e1licos Iris &#8211; Vileda","date":"Fevereiro 23, 2022","format":false,"excerpt":"Iris Sistema de reciclagem de apar\u00eancia de met\u00e1lica. Tal como o Geo, a gama Iris utiliza a tecnologia\" \"materiais combinados\" \"para proporcionar a durabilidade e desempenho do pl\u00e1stico (f\u00e1cil de limpar, sem ferrugem e \u00e0 prova de desgaste) com a est\u00e9tica e a imagem do a\u00e7o inoxid\u00e1vel. A atraente linha\u2026","rel":"","context":"Similar post","img":{"alt_text":"","src":"https:\/\/i0.wp.com\/mundo.seashell.pt\/wp-content\/uploads\/2022\/02\/10-waste-management-05-waste-bins-01-iris-Iris-square-range-580x550_PhotoRoom_20210418_123011.jpg?resize=350%2C200&ssl=1","width":350,"height":200},"classes":[]},{"id":5828,"url":"https:\/\/mundo.seashell.pt\/?product=rust-action-500ml-tira-nodoas","url_meta":{"origin":6165,"position":1},"title":"Rust Action 500ML &#8211; Tira-N\u00f3doas","date":"Fevereiro 23, 2022","format":false,"excerpt":"Tira-n\u00f3doas e agente de pr\u00e9-tratamento de tecidos para a remo\u00e7\u00e3o de manchas de ferrugem","rel":"","context":"Similar post","img":{"alt_text":"","src":"https:\/\/i0.wp.com\/mundo.seashell.pt\/wp-content\/uploads\/2022\/02\/rust_action.jpg?resize=350%2C200&ssl=1","width":350,"height":200},"classes":[]},{"id":5832,"url":"https:\/\/mundo.seashell.pt\/?product=kit-oxipur-action-4x500ml","url_meta":{"origin":6165,"position":2},"title":"Kit Oxipur Action 4x500Ml &#8211; Tira N\u00f3doas","date":"Fevereiro 23, 2022","format":false,"excerpt":"Kit completo de tira-n\u00f3doas e agentes de pr\u00e9-tratamento espec\u00edfico para todos os tipos de n\u00f3doas.","rel":"","context":"Similar post","img":{"alt_text":"","src":"https:\/\/i0.wp.com\/mundo.seashell.pt\/wp-content\/uploads\/2022\/02\/oxipur_kit.jpg?resize=350%2C200&ssl=1","width":350,"height":200},"classes":[]},{"id":6097,"url":"https:\/\/mundo.seashell.pt\/?product=xtra-calc-500ml","url_meta":{"origin":6165,"position":3},"title":"Detergente Desincrustante Xtra-Calc 500Ml","date":"Fevereiro 23, 2022","format":false,"excerpt":"Detergente desincrustante pronto para uso. Ideal para o ambiente da casa de banho (lavabos, banheiras, revestimentos de cer\u00e2mica, torneiras)","rel":"","context":"Similar post","img":{"alt_text":"","src":"https:\/\/i0.wp.com\/mundo.seashell.pt\/wp-content\/uploads\/2022\/02\/xtra_calc.jpg?resize=350%2C200&ssl=1","width":350,"height":200},"classes":[]},{"id":5750,"url":"https:\/\/mundo.seashell.pt\/?product=stark-oxiblanc-10kg-lavandaria-manual","url_meta":{"origin":6165,"position":4},"title":"Branqueador Stark Oxiblanc 10Kg &#8211; Lavandaria Manual","date":"Fevereiro 23, 2022","format":false,"excerpt":"Branqueador em p\u00f3 para lavagem de roupa.","rel":"","context":"Similar post","img":{"alt_text":"","src":"https:\/\/i0.wp.com\/mundo.seashell.pt\/wp-content\/uploads\/2022\/02\/STARK_OXIBLANC_PhotoRoom_20210402_103319.jpg?resize=350%2C200&ssl=1","width":350,"height":200},"classes":[]},{"id":5980,"url":"https:\/\/mundo.seashell.pt\/?product=acid-power-5-kg","url_meta":{"origin":6165,"position":5},"title":"Desincrustante Acid Power 5 Kg","date":"Fevereiro 23, 2022","format":false,"excerpt":"Detergente \u00e1cido superativo para a remo\u00e7\u00e3o de incrusta\u00e7\u00f5es calc\u00e1rias, cimento, res\u00edduos de alvaiade, efloresc\u00eancias salinas e ferrugem de superf\u00edcies resistentes aos \u00e1cidos.","rel":"","context":"Similar post","img":{"alt_text":"","src":"https:\/\/i0.wp.com\/mundo.seashell.pt\/wp-content\/uploads\/2022\/02\/acid_power.jpg?resize=350%2C200&ssl=1","width":350,"height":200},"classes":[]}],"_links":{"self":[{"href":"https:\/\/mundo.seashell.pt\/index.php?rest_route=\/wp\/v2\/product\/6165","targetHints":{"allow":["GET"]}}],"collection":[{"href":"https:\/\/mundo.seashell.pt\/index.php?rest_route=\/wp\/v2\/product"}],"about":[{"href":"https:\/\/mundo.seashell.pt\/index.php?rest_route=\/wp\/v2\/types\/product"}],"wp:featuredmedia":[{"embeddable":true,"href":"https:\/\/mundo.seashell.pt\/index.php?rest_route=\/wp\/v2\/media\/6166"}],"wp:attachment":[{"href":"https:\/\/mundo.seashell.pt\/index.php?rest_route=%2Fwp%2Fv2%2Fmedia&parent=6165"}],"wp:term":[{"taxonomy":"product_cat","embeddable":true,"href":"https:\/\/mundo.seashell.pt\/index.php?rest_route=%2Fwp%2Fv2%2Fproduct_cat&post=6165"},{"taxonomy":"product_tag","embeddable":true,"href":"https:\/\/mundo.seashell.pt\/index.php?rest_route=%2Fwp%2Fv2%2Fproduct_tag&post=6165"}],"curies":[{"name":"wp","href":"https:\/\/api.w.org\/{rel}","templated":true}]}}