{"id":6161,"date":"2022-02-23T11:52:14","date_gmt":"2022-02-23T11:52:14","guid":{"rendered":"https:\/\/mundo.seashell.pt\/?post_type=product&#038;p=6161"},"modified":"2022-02-23T11:52:16","modified_gmt":"2022-02-23T11:52:16","slug":"folha-de-aluminio-para-wrapmaster-vileda","status":"publish","type":"product","link":"https:\/\/mundo.seashell.pt\/?product=folha-de-aluminio-para-wrapmaster-vileda","title":{"rendered":"Folha de Alum\u00ednio para Wrapmaster Vileda"},"content":{"rendered":"<h2>Consumiveis Wrapmaster<\/h2>\n<p>O <a href=\"\/dispensador-wrapmaster-vileda\" target=\"_blank\" rel=\"noopener\">Wrapmaster<\/a> \u00e9 o sistema dispensador profissional ideal de filmes e alum\u00ednio para a prote\u00e7\u00e3o e conserva\u00e7\u00e3o de alimentos perec\u00edveis. \u00c9 f\u00e1cil e r\u00e1pido de usar em qualquer lugar: em cantinas, cozinhas, catering.<\/p>\n<h3><\/h3>\n<h3>Benef\u00edcios do produto<\/h3>\n<ul>\n<li>Filme PE respeitoso com o meio ambiente, flex\u00edvel e fortemente aderente.<\/li>\n<li>Folha de alum\u00ednio de alta resist\u00eancia para embrulhar alimentos<\/li>\n<li>Sem cheiro e sem sabor<\/li>\n<\/ul>\n","protected":false},"excerpt":{"rendered":"<p>Consumiveis Wrapmaster. O Wrapmaster \u00e9 o sistema dispensador profissional ideal de filmes e alum\u00ednio para a prote\u00e7\u00e3o e conserva\u00e7\u00e3o de alimentos perec\u00edveis. \u00c9 f\u00e1cil e r\u00e1pido de usar em qualquer lugar: em cantinas, cozinhas, catering.Benef\u00edcios do produtoFilme PE respeitoso com o meio ambiente, flex\u00edvel e fortement&#8230;<\/p>\n","protected":false},"featured_media":6162,"template":"","meta":{"spay_email":""},"product_cat":[15],"product_tag":[],"class_list":{"0":"post-6161","1":"product","2":"type-product","3":"status-publish","4":"has-post-thumbnail","6":"product_cat-sem-categoria","8":"first","9":"instock","10":"taxable","11":"shipping-taxable","12":"purchasable","13":"product-type-simple"},"acf":[],"jetpack-related-posts":[{"id":6159,"url":"https:\/\/mundo.seashell.pt\/?product=pelicula-aderente-para-wrapmaster-vileda","url_meta":{"origin":6161,"position":0},"title":"Pel\u00edcula Aderente PE para Wrapmaster Vileda","date":"Fevereiro 23, 2022","format":false,"excerpt":"Consumiveis Wrapmaster O Wrapmaster \u00e9 o sistema dispensador profissional ideal de filmes e alum\u00ednio para a prote\u00e7\u00e3o e conserva\u00e7\u00e3o de alimentos perec\u00edveis. \u00c9 f\u00e1cil e r\u00e1pido de usar em qualquer lugar: em cantinas, cozinhas, catering.Benef\u00edcios do produto Filme PE respeitoso com o meio ambiente, flex\u00edvel e fortement...","rel":"","context":"Similar post","img":{"alt_text":"","src":"https:\/\/i0.wp.com\/mundo.seashell.pt\/wp-content\/uploads\/2022\/02\/09-films-foils-02-wrapmaster-refill-refill-pe-detail-580x435_PhotoRoom_20210418_123230.jpg?resize=350%2C200&ssl=1","width":350,"height":200},"classes":[]},{"id":6163,"url":"https:\/\/mundo.seashell.pt\/?product=dispensador-wrapmaster-vileda","url_meta":{"origin":6161,"position":1},"title":"Dispensador Wrapmaster Vileda","date":"Fevereiro 23, 2022","format":false,"excerpt":"Dispensador WrapMaster O Wrapmaster \u00e9 um sistema dispensador profissional de folha de alum\u00ednio e pel\u00edcula de filme\u00a0ideal para a prote\u00e7\u00e3o e conserva\u00e7\u00e3o de alimentos perec\u00edveis. \u00c9 f\u00e1cil e r\u00e1pido de usar em qualquer parte: cantinas, cozinhas, catering. O Wrapmaster oferece benef\u00edcios at\u00e9 35% atrav\u00e9s da redu\u00e7\u00e3o de desperd\u00edcios e um\u2026","rel":"","context":"Similar post","img":{"alt_text":"","src":"https:\/\/i0.wp.com\/mundo.seashell.pt\/wp-content\/uploads\/2022\/02\/Wrapmaster-portrait_PhotoRoom_20210418_122809.jpg?resize=350%2C200&ssl=1","width":350,"height":200},"classes":[]},{"id":7144,"url":"https:\/\/mundo.seashell.pt\/?product=bayeco-rolo-de-aluminio-10m","url_meta":{"origin":6161,"position":2},"title":"Bayeco Rolo de Alum\u00ednio 10m","date":"Fevereiro 23, 2022","format":false,"excerpt":"Alum\u00ednio com estrutura de tijolos para melhor conserva\u00e7\u00e3o do calor, maior flexibilidade e resist\u00eancia.Descri\u00e7\u00e3o: \u00c9 ideal para manter a frescura dos alimentos. Pode ser usado para conservar, cozinhar ou transportar.\u00c9 f\u00e1cil de usar pois tem um sistema de serra pl\u00e1stica que facilita o corte do alum\u00ednio e sistema de pressi...","rel":"","context":"Similar post","img":{"alt_text":"","src":"https:\/\/i0.wp.com\/mundo.seashell.pt\/wp-content\/uploads\/2022\/02\/Aluminio_Bayeco_30m.jpeg?resize=350%2C200&ssl=1","width":350,"height":200},"classes":[]},{"id":6137,"url":"https:\/\/mundo.seashell.pt\/?product=dispensador-de-papel-higienico-jumbo-elegance","url_meta":{"origin":6161,"position":3},"title":"Dispensador de Papel Higi\u00e9nico Jumbo Elegance","date":"Fevereiro 23, 2022","format":false,"excerpt":"O dispensador de papel higi\u00e9nico de tamanho jumbo acomoda rolos de papel de at\u00e9 210 mm de largura por 220 mm de di\u00e2metro, com uma c\u00e2nula de di\u00e2metro m\u00e1ximo de 45 mm.","rel":"","context":"Similar post","img":{"alt_text":"","src":"https:\/\/i0.wp.com\/mundo.seashell.pt\/wp-content\/uploads\/2022\/02\/dispensador-de-papel-higienico-abs-blanco_5571168_xxl_PhotoRoom_20210411_121024.jpg?resize=350%2C200&ssl=1","width":350,"height":200},"classes":[]},{"id":6139,"url":"https:\/\/mundo.seashell.pt\/?product=dispensador-de-papel-higienico-maxi-jumbo-elegance","url_meta":{"origin":6161,"position":4},"title":"Dispensador de Papel Higi\u00e9nico Maxi Jumbo Elegance","date":"Fevereiro 23, 2022","format":false,"excerpt":"O distribuidor de papel higi\u00e9nico de tamanho maxi jumbo pode conter rolos de papel de at\u00e9 110 mm de largura por 270 mm de di\u00e2metro, com uma c\u00e2nula de di\u00e2metro m\u00e1ximo de 56 mm.","rel":"","context":"Similar post","img":{"alt_text":"","src":"https:\/\/i0.wp.com\/mundo.seashell.pt\/wp-content\/uploads\/2022\/02\/dispensador-de-papel-higienico-maxi-jumbo-abs-color-blanco_5571173_xl_PhotoRoom_20210411_120848.jpg?resize=350%2C200&ssl=1","width":350,"height":200},"classes":[]},{"id":5682,"url":"https:\/\/mundo.seashell.pt\/?product=sf110-5kg","url_meta":{"origin":6161,"position":5},"title":"Desengordurante &#8211; S.F. 110 5Kg","date":"Fevereiro 23, 2022","format":false,"excerpt":"Detergente altamente desengordurante isento de corantes e fragr\u00e2ncias para uso em ambiente alimentar (HACCP).","rel":"","context":"Similar post","img":{"alt_text":"","src":"https:\/\/i0.wp.com\/mundo.seashell.pt\/wp-content\/uploads\/2022\/02\/s.f._110.jpg?resize=350%2C200&ssl=1","width":350,"height":200},"classes":[]}],"_links":{"self":[{"href":"https:\/\/mundo.seashell.pt\/index.php?rest_route=\/wp\/v2\/product\/6161","targetHints":{"allow":["GET"]}}],"collection":[{"href":"https:\/\/mundo.seashell.pt\/index.php?rest_route=\/wp\/v2\/product"}],"about":[{"href":"https:\/\/mundo.seashell.pt\/index.php?rest_route=\/wp\/v2\/types\/product"}],"wp:featuredmedia":[{"embeddable":true,"href":"https:\/\/mundo.seashell.pt\/index.php?rest_route=\/wp\/v2\/media\/6162"}],"wp:attachment":[{"href":"https:\/\/mundo.seashell.pt\/index.php?rest_route=%2Fwp%2Fv2%2Fmedia&parent=6161"}],"wp:term":[{"taxonomy":"product_cat","embeddable":true,"href":"https:\/\/mundo.seashell.pt\/index.php?rest_route=%2Fwp%2Fv2%2Fproduct_cat&post=6161"},{"taxonomy":"product_tag","embeddable":true,"href":"https:\/\/mundo.seashell.pt\/index.php?rest_route=%2Fwp%2Fv2%2Fproduct_tag&post=6161"}],"curies":[{"name":"wp","href":"https:\/\/api.w.org\/{rel}","templated":true}]}}