{"id":6151,"date":"2022-02-23T11:51:51","date_gmt":"2022-02-23T11:51:51","guid":{"rendered":"https:\/\/mundo.seashell.pt\/?post_type=product&#038;p=6151"},"modified":"2022-02-23T11:51:53","modified_gmt":"2022-02-23T11:51:53","slug":"luvas-litetuff","status":"publish","type":"product","link":"https:\/\/mundo.seashell.pt\/?product=luvas-litetuff","title":{"rendered":"Luvas LiteTuff"},"content":{"rendered":"<h2>Apresentado numa caixa dispensadora<\/h2>\n<p>Oferecem uma excelente prote\u00e7\u00e3o em todas as tarefas de limpeza que exigem mudan\u00e7as regulares nas luvas por raz\u00f5es de higiene. Ideal para uso em servi\u00e7os sanit\u00e1rios, manuten\u00e7\u00e3o geral em edif\u00edcios, bem como para manipula\u00e7\u00e3o de alimentos no canal HoReCa. LiteTuff combina uma sensibilidade muito boa com durabilidade. Al\u00e9m disso, a luva de nitrilo tem um acabamento rugoso especial na \u00e1rea dos dedos, proporcionando uma maior ader\u00eancia tanto no molhado como no seco.<\/p>\n<h3><\/h3>\n<h3>Benef\u00edcios do produto<\/h3>\n<ul>\n<li>Sensibilidade t\u00e1ctil, flexibilidade e conforto.<\/li>\n<li>Baixo potencial de dermatite, luva de nitrilo sem l\u00e1tex e p\u00f3.<\/li>\n<li>Adequado para usu\u00e1rios sens\u00edveis ao l\u00e1tex ou pessoas com pele sens\u00edvel (dermatite de contato)<\/li>\n<li>Apresentado em caixa pr\u00e1tica dispensadora com 100 unidades. &#8211; CE Cat. III<\/li>\n<\/ul>\n","protected":false},"excerpt":{"rendered":"<p>Apresentado numa caixa dispensadora<br \/>\nOferecem uma excelente prote\u00e7\u00e3o em todas as tarefas de limpeza que exigem mudan\u00e7as regulares nas luvas por raz\u00f5es de higiene. Ideal para uso em servi\u00e7os sanit\u00e1rios, manuten\u00e7\u00e3o geral em edif\u00edcios, bem como para manipula\u00e7\u00e3o de alimentos no canal HoReCa. LiteTuff combina uma sensibilidade muito boa co&#8230;<\/p>\n","protected":false},"featured_media":6152,"template":"","meta":{"spay_email":""},"product_cat":[15],"product_tag":[],"class_list":{"0":"post-6151","1":"product","2":"type-product","3":"status-publish","4":"has-post-thumbnail","6":"product_cat-sem-categoria","8":"first","9":"instock","10":"taxable","11":"shipping-taxable","12":"purchasable","13":"product-type-simple"},"acf":[],"jetpack-related-posts":[{"id":6147,"url":"https:\/\/mundo.seashell.pt\/?product=luvas-universais","url_meta":{"origin":6151,"position":0},"title":"Luvas Universais","date":"Fevereiro 23, 2022","format":false,"excerpt":"Grande resist\u00eancia Ideal para as tarefas de limpeza mais exigentes, com grande resist\u00eancia e durabilidade. Composi\u00e7\u00e3o 100% nitr\u00edlica, oferece grande flexibilidade, sensibilidade e conforto devido ao seu forro interior de algod\u00e3o.Tem tratamento bactericida e s\u00e3o certificados com o selo CE da categoria III...","rel":"","context":"Similar post","img":{"alt_text":"","src":"https:\/\/i0.wp.com\/mundo.seashell.pt\/wp-content\/uploads\/2022\/02\/07-gloves-05-gloves-universal-portrait_PhotoRoom_20210418_123030.jpg?resize=350%2C200&ssl=1","width":350,"height":200},"classes":[]},{"id":5472,"url":"https:\/\/mundo.seashell.pt\/?product=luvas-nitrilo-l-1x100","url_meta":{"origin":6151,"position":1},"title":"Luvas Nitrilo L (1&#215;100)","date":"Fevereiro 23, 2022","format":false,"excerpt":"Luvas Nitrilo Azuis sem p\u00f3","rel":"","context":"Similar post","img":{"alt_text":"","src":"https:\/\/i0.wp.com\/mundo.seashell.pt\/wp-content\/uploads\/2022\/02\/5ebd1a1ebd3db85ccd22eba0-large_PhotoRoom_20210509_175225.jpg?resize=350%2C200&ssl=1","width":350,"height":200},"classes":[]},{"id":6153,"url":"https:\/\/mundo.seashell.pt\/?product=luvas-ultrassensiveis","url_meta":{"origin":6151,"position":2},"title":"Luvas Ultrassens\u00edveis","date":"Fevereiro 23, 2022","format":false,"excerpt":"100% l\u00e1tex natural Projetado para ser usado em tarefas que necessitam da prote\u00e7\u00e3o das m\u00e3os e simultaneamente grande sensibilidade para a manipula\u00e7\u00e3o de objetos, ferramentas ou equipamentos. Luva de l\u00e1tex natural e neopreno com tratamento externo. N\u00e3o t\u00eam forro interno para oferecer um toque mais sens\u00edvel e pr\u00f3ximo ao da\u2026","rel":"","context":"Similar post","img":{"alt_text":"","src":"https:\/\/i0.wp.com\/mundo.seashell.pt\/wp-content\/uploads\/2022\/02\/07-gloves-06-gloves-lightweight-portrait_PhotoRoom_20210418_123257.jpg?resize=350%2C200&ssl=1","width":350,"height":200},"classes":[]},{"id":6155,"url":"https:\/\/mundo.seashell.pt\/?product=luvas-superforte","url_meta":{"origin":6151,"position":3},"title":"Luvas Superforte","date":"Fevereiro 23, 2022","format":false,"excerpt":"Para as tarefas mais duras tanto mec\u00e2nicas como pelo uso de produto qu\u00edmico. Para ser usado em qualquer tarefa de limpeza, especialmente naquelas mais duros e mais dif\u00edceis que requerem maior resist\u00eancia qu\u00edmica e mec\u00e2nica.Luvas de l\u00e1tex revestidas com uma camada de neopreno. Uma prote\u00e7\u00e3o extra dupla para produtos qu\u00edmicos.\u2026","rel":"","context":"Similar post","img":{"alt_text":"","src":"https:\/\/i0.wp.com\/mundo.seashell.pt\/wp-content\/uploads\/2022\/02\/07-gloves-04-gloves-heavyweight-portrait_PhotoRoom_20210418_123117.jpg?resize=350%2C200&ssl=1","width":350,"height":200},"classes":[]},{"id":6149,"url":"https:\/\/mundo.seashell.pt\/?product=luvas-contract","url_meta":{"origin":6151,"position":4},"title":"Luvas Contract","date":"Fevereiro 23, 2022","format":false,"excerpt":"Para riscos m\u00ednimos Indicado para tarefas de limpeza que exigem um m\u00ednimo de prote\u00e7\u00e3o, mas n\u00e3o exigem uma certifica\u00e7\u00e3o muito exaustiva. Composi\u00e7\u00e3o em l\u00e1tex natural, com tratamento de resist\u00eancia do lado de fora da luva e forro de algod\u00e3o para maior conforto. Eles s\u00e3o certificados com o selo da categoria\u2026","rel":"","context":"Similar post","img":{"alt_text":"","src":"https:\/\/i0.wp.com\/mundo.seashell.pt\/wp-content\/uploads\/2022\/02\/07-gloves-02-gloves-contract-portrait_PhotoRoom_20210418_122907.jpg?resize=350%2C200&ssl=1","width":350,"height":200},"classes":[]},{"id":6157,"url":"https:\/\/mundo.seashell.pt\/?product=luvas-ultraprotectores","url_meta":{"origin":6151,"position":5},"title":"Luvas UltraProtectores","date":"Fevereiro 23, 2022","format":false,"excerpt":"Dispon\u00edvel em 4 cores Adequado para ambientes de cozinha, hospitalares e dom\u00e9sticos, grande resist\u00eancia a produtos qu\u00edmicos e agressivos. Luvas de l\u00e1tex de longa dura\u00e7\u00e3o com design anat\u00f4mico para conforto, flexibilidade e controle.Grande resist\u00eancia a gorduras, \u00f3leos e detergentes para satisfazer todos os requisitos profissionais...","rel":"","context":"Similar post","img":{"alt_text":"","src":"https:\/\/i0.wp.com\/mundo.seashell.pt\/wp-content\/uploads\/2022\/02\/07-gloves-01-gloves-multipurpose-portrait_PhotoRoom_20210418_123723.jpg?resize=350%2C200&ssl=1","width":350,"height":200},"classes":[]}],"_links":{"self":[{"href":"https:\/\/mundo.seashell.pt\/index.php?rest_route=\/wp\/v2\/product\/6151","targetHints":{"allow":["GET"]}}],"collection":[{"href":"https:\/\/mundo.seashell.pt\/index.php?rest_route=\/wp\/v2\/product"}],"about":[{"href":"https:\/\/mundo.seashell.pt\/index.php?rest_route=\/wp\/v2\/types\/product"}],"wp:featuredmedia":[{"embeddable":true,"href":"https:\/\/mundo.seashell.pt\/index.php?rest_route=\/wp\/v2\/media\/6152"}],"wp:attachment":[{"href":"https:\/\/mundo.seashell.pt\/index.php?rest_route=%2Fwp%2Fv2%2Fmedia&parent=6151"}],"wp:term":[{"taxonomy":"product_cat","embeddable":true,"href":"https:\/\/mundo.seashell.pt\/index.php?rest_route=%2Fwp%2Fv2%2Fproduct_cat&post=6151"},{"taxonomy":"product_tag","embeddable":true,"href":"https:\/\/mundo.seashell.pt\/index.php?rest_route=%2Fwp%2Fv2%2Fproduct_tag&post=6151"}],"curies":[{"name":"wp","href":"https:\/\/api.w.org\/{rel}","templated":true}]}}