{"id":6149,"date":"2022-02-23T11:51:36","date_gmt":"2022-02-23T11:51:36","guid":{"rendered":"https:\/\/mundo.seashell.pt\/?post_type=product&#038;p=6149"},"modified":"2022-02-23T11:51:38","modified_gmt":"2022-02-23T11:51:38","slug":"luvas-contract","status":"publish","type":"product","link":"https:\/\/mundo.seashell.pt\/?product=luvas-contract","title":{"rendered":"Luvas Contract"},"content":{"rendered":"<h2>Para riscos m\u00ednimos<\/h2>\n<p>Indicado para tarefas de limpeza que exigem um m\u00ednimo de prote\u00e7\u00e3o, mas n\u00e3o exigem uma certifica\u00e7\u00e3o muito exaustiva. Composi\u00e7\u00e3o em l\u00e1tex natural, com tratamento de resist\u00eancia do lado de fora da luva e forro de algod\u00e3o para maior conforto. Eles s\u00e3o certificados com o selo da categoria <em><strong>CE I<\/strong><\/em>, contra riscos m\u00ednimos, de acordo com a diretiva <em><strong>EEC 89\/686<\/strong><\/em> da Uni\u00e3o Europeia. Dispon\u00edvel em 3 tamanhos: pequeno, m\u00e9dio e grande.<\/p>\n<h3><\/h3>\n<h3>Benef\u00edcios do produto<\/h3>\n<ul>\n<li>Luva de l\u00e1tex natural pr\u00e1tica.<\/li>\n<li>Flocagem de algod\u00e3o puro para maior conforto.<\/li>\n<li>CE-Categoria I &#8211; apenas para risco m\u00ednimo<\/li>\n<\/ul>\n","protected":false},"excerpt":{"rendered":"<p>Para riscos m\u00ednimos<br \/>\nIndicado para tarefas de limpeza que exigem um m\u00ednimo de prote\u00e7\u00e3o, mas n\u00e3o exigem uma certifica\u00e7\u00e3o muito exaustiva. Composi\u00e7\u00e3o em l\u00e1tex natural, com tratamento de resist\u00eancia do lado de fora da luva e forro de algod\u00e3o para maior conforto. Eles s\u00e3o certificados com o selo da categoria CE I&#8230;<\/p>\n","protected":false},"featured_media":6150,"template":"","meta":{"spay_email":""},"product_cat":[15],"product_tag":[],"class_list":{"0":"post-6149","1":"product","2":"type-product","3":"status-publish","4":"has-post-thumbnail","6":"product_cat-sem-categoria","8":"first","9":"instock","10":"taxable","11":"shipping-taxable","12":"purchasable","13":"product-type-simple"},"acf":[],"jetpack-related-posts":[{"id":6147,"url":"https:\/\/mundo.seashell.pt\/?product=luvas-universais","url_meta":{"origin":6149,"position":0},"title":"Luvas Universais","date":"Fevereiro 23, 2022","format":false,"excerpt":"Grande resist\u00eancia Ideal para as tarefas de limpeza mais exigentes, com grande resist\u00eancia e durabilidade. Composi\u00e7\u00e3o 100% nitr\u00edlica, oferece grande flexibilidade, sensibilidade e conforto devido ao seu forro interior de algod\u00e3o.Tem tratamento bactericida e s\u00e3o certificados com o selo CE da categoria III...","rel":"","context":"Similar post","img":{"alt_text":"","src":"https:\/\/i0.wp.com\/mundo.seashell.pt\/wp-content\/uploads\/2022\/02\/07-gloves-05-gloves-universal-portrait_PhotoRoom_20210418_123030.jpg?resize=350%2C200&ssl=1","width":350,"height":200},"classes":[]},{"id":6155,"url":"https:\/\/mundo.seashell.pt\/?product=luvas-superforte","url_meta":{"origin":6149,"position":1},"title":"Luvas Superforte","date":"Fevereiro 23, 2022","format":false,"excerpt":"Para as tarefas mais duras tanto mec\u00e2nicas como pelo uso de produto qu\u00edmico. Para ser usado em qualquer tarefa de limpeza, especialmente naquelas mais duros e mais dif\u00edceis que requerem maior resist\u00eancia qu\u00edmica e mec\u00e2nica.Luvas de l\u00e1tex revestidas com uma camada de neopreno. Uma prote\u00e7\u00e3o extra dupla para produtos qu\u00edmicos.\u2026","rel":"","context":"Similar post","img":{"alt_text":"","src":"https:\/\/i0.wp.com\/mundo.seashell.pt\/wp-content\/uploads\/2022\/02\/07-gloves-04-gloves-heavyweight-portrait_PhotoRoom_20210418_123117.jpg?resize=350%2C200&ssl=1","width":350,"height":200},"classes":[]},{"id":6153,"url":"https:\/\/mundo.seashell.pt\/?product=luvas-ultrassensiveis","url_meta":{"origin":6149,"position":2},"title":"Luvas Ultrassens\u00edveis","date":"Fevereiro 23, 2022","format":false,"excerpt":"100% l\u00e1tex natural Projetado para ser usado em tarefas que necessitam da prote\u00e7\u00e3o das m\u00e3os e simultaneamente grande sensibilidade para a manipula\u00e7\u00e3o de objetos, ferramentas ou equipamentos. Luva de l\u00e1tex natural e neopreno com tratamento externo. N\u00e3o t\u00eam forro interno para oferecer um toque mais sens\u00edvel e pr\u00f3ximo ao da\u2026","rel":"","context":"Similar post","img":{"alt_text":"","src":"https:\/\/i0.wp.com\/mundo.seashell.pt\/wp-content\/uploads\/2022\/02\/07-gloves-06-gloves-lightweight-portrait_PhotoRoom_20210418_123257.jpg?resize=350%2C200&ssl=1","width":350,"height":200},"classes":[]},{"id":6157,"url":"https:\/\/mundo.seashell.pt\/?product=luvas-ultraprotectores","url_meta":{"origin":6149,"position":3},"title":"Luvas UltraProtectores","date":"Fevereiro 23, 2022","format":false,"excerpt":"Dispon\u00edvel em 4 cores Adequado para ambientes de cozinha, hospitalares e dom\u00e9sticos, grande resist\u00eancia a produtos qu\u00edmicos e agressivos. Luvas de l\u00e1tex de longa dura\u00e7\u00e3o com design anat\u00f4mico para conforto, flexibilidade e controle.Grande resist\u00eancia a gorduras, \u00f3leos e detergentes para satisfazer todos os requisitos profissionais...","rel":"","context":"Similar post","img":{"alt_text":"","src":"https:\/\/i0.wp.com\/mundo.seashell.pt\/wp-content\/uploads\/2022\/02\/07-gloves-01-gloves-multipurpose-portrait_PhotoRoom_20210418_123723.jpg?resize=350%2C200&ssl=1","width":350,"height":200},"classes":[]},{"id":6151,"url":"https:\/\/mundo.seashell.pt\/?product=luvas-litetuff","url_meta":{"origin":6149,"position":4},"title":"Luvas LiteTuff","date":"Fevereiro 23, 2022","format":false,"excerpt":"Apresentado numa caixa dispensadora Oferecem uma excelente prote\u00e7\u00e3o em todas as tarefas de limpeza que exigem mudan\u00e7as regulares nas luvas por raz\u00f5es de higiene. Ideal para uso em servi\u00e7os sanit\u00e1rios, manuten\u00e7\u00e3o geral em edif\u00edcios, bem como para manipula\u00e7\u00e3o de alimentos no canal HoReCa. LiteTuff combina uma sensibilidade muito boa co...","rel":"","context":"Similar post","img":{"alt_text":"","src":"https:\/\/i0.wp.com\/mundo.seashell.pt\/wp-content\/uploads\/2022\/02\/07-gloves-09-gloves-litetuff-portrait_PhotoRoom_20210418_123438.jpg?resize=350%2C200&ssl=1","width":350,"height":200},"classes":[]},{"id":5472,"url":"https:\/\/mundo.seashell.pt\/?product=luvas-nitrilo-l-1x100","url_meta":{"origin":6149,"position":5},"title":"Luvas Nitrilo L (1&#215;100)","date":"Fevereiro 23, 2022","format":false,"excerpt":"Luvas Nitrilo Azuis sem p\u00f3","rel":"","context":"Similar post","img":{"alt_text":"","src":"https:\/\/i0.wp.com\/mundo.seashell.pt\/wp-content\/uploads\/2022\/02\/5ebd1a1ebd3db85ccd22eba0-large_PhotoRoom_20210509_175225.jpg?resize=350%2C200&ssl=1","width":350,"height":200},"classes":[]}],"_links":{"self":[{"href":"https:\/\/mundo.seashell.pt\/index.php?rest_route=\/wp\/v2\/product\/6149","targetHints":{"allow":["GET"]}}],"collection":[{"href":"https:\/\/mundo.seashell.pt\/index.php?rest_route=\/wp\/v2\/product"}],"about":[{"href":"https:\/\/mundo.seashell.pt\/index.php?rest_route=\/wp\/v2\/types\/product"}],"wp:featuredmedia":[{"embeddable":true,"href":"https:\/\/mundo.seashell.pt\/index.php?rest_route=\/wp\/v2\/media\/6150"}],"wp:attachment":[{"href":"https:\/\/mundo.seashell.pt\/index.php?rest_route=%2Fwp%2Fv2%2Fmedia&parent=6149"}],"wp:term":[{"taxonomy":"product_cat","embeddable":true,"href":"https:\/\/mundo.seashell.pt\/index.php?rest_route=%2Fwp%2Fv2%2Fproduct_cat&post=6149"},{"taxonomy":"product_tag","embeddable":true,"href":"https:\/\/mundo.seashell.pt\/index.php?rest_route=%2Fwp%2Fv2%2Fproduct_tag&post=6149"}],"curies":[{"name":"wp","href":"https:\/\/api.w.org\/{rel}","templated":true}]}}