{"id":6147,"date":"2022-02-23T11:51:34","date_gmt":"2022-02-23T11:51:34","guid":{"rendered":"https:\/\/mundo.seashell.pt\/?post_type=product&#038;p=6147"},"modified":"2022-02-23T11:51:36","modified_gmt":"2022-02-23T11:51:36","slug":"luvas-universais","status":"publish","type":"product","link":"https:\/\/mundo.seashell.pt\/?product=luvas-universais","title":{"rendered":"Luvas Universais"},"content":{"rendered":"<h2>Grande resist\u00eancia<\/h2>\n<p>Ideal para as tarefas de limpeza mais exigentes, com grande resist\u00eancia e durabilidade. Composi\u00e7\u00e3o 100% nitr\u00edlica, oferece grande flexibilidade, sensibilidade e conforto devido ao seu forro interior de algod\u00e3o.<br \/>Tem tratamento bactericida e s\u00e3o certificados com o selo <em><strong>CE <\/strong><\/em>da categoria III, contra riscos mortais ou irrevers\u00edveis, de acordo com a diretiva <em><strong>EEC \/ 89\/686<\/strong><\/em>. Dispon\u00edvel em tr\u00eas tamanhos: pequeno, m\u00e9dio e grande.<\/p>\n<h2>Benef\u00edcios do produto<\/h2>\n<ul>\n<li>Forte resist\u00eancia qu\u00edmica contra uma ampla gama de produtos qu\u00edmicos, \u00f3leos e solventes combinados com alta resist\u00eancia mec\u00e2nica.<\/li>\n<li>Alta destreza e sensibilidade nos dedos.<\/li>\n<li>Forro interior de algod\u00e3o puro para maior conforto de uso.<\/li>\n<li>Sem l\u00e1tex, sem risco de alergia ao l\u00e1tex<\/li>\n<li>Adequado para contato com alimentos. &#8211; CE Cat. III<\/li>\n<\/ul>\n","protected":false},"excerpt":{"rendered":"<p>Grande resist\u00eancia<br \/>\nIdeal para as tarefas de limpeza mais exigentes, com grande resist\u00eancia e durabilidade. Composi\u00e7\u00e3o 100% nitr\u00edlica, oferece grande flexibilidade, sensibilidade e conforto devido ao seu forro interior de algod\u00e3o.Tem tratamento bactericida e s\u00e3o certificados com o selo CE da categoria III&#8230;<\/p>\n","protected":false},"featured_media":6148,"template":"","meta":{"spay_email":""},"product_cat":[15],"product_tag":[],"class_list":{"0":"post-6147","1":"product","2":"type-product","3":"status-publish","4":"has-post-thumbnail","6":"product_cat-sem-categoria","8":"first","9":"instock","10":"taxable","11":"shipping-taxable","12":"purchasable","13":"product-type-simple"},"acf":[],"jetpack-related-posts":[{"id":6157,"url":"https:\/\/mundo.seashell.pt\/?product=luvas-ultraprotectores","url_meta":{"origin":6147,"position":0},"title":"Luvas UltraProtectores","date":"Fevereiro 23, 2022","format":false,"excerpt":"Dispon\u00edvel em 4 cores Adequado para ambientes de cozinha, hospitalares e dom\u00e9sticos, grande resist\u00eancia a produtos qu\u00edmicos e agressivos. Luvas de l\u00e1tex de longa dura\u00e7\u00e3o com design anat\u00f4mico para conforto, flexibilidade e controle.Grande resist\u00eancia a gorduras, \u00f3leos e detergentes para satisfazer todos os requisitos profissionais...","rel":"","context":"Similar post","img":{"alt_text":"","src":"https:\/\/i0.wp.com\/mundo.seashell.pt\/wp-content\/uploads\/2022\/02\/07-gloves-01-gloves-multipurpose-portrait_PhotoRoom_20210418_123723.jpg?resize=350%2C200&ssl=1","width":350,"height":200},"classes":[]},{"id":6155,"url":"https:\/\/mundo.seashell.pt\/?product=luvas-superforte","url_meta":{"origin":6147,"position":1},"title":"Luvas Superforte","date":"Fevereiro 23, 2022","format":false,"excerpt":"Para as tarefas mais duras tanto mec\u00e2nicas como pelo uso de produto qu\u00edmico. Para ser usado em qualquer tarefa de limpeza, especialmente naquelas mais duros e mais dif\u00edceis que requerem maior resist\u00eancia qu\u00edmica e mec\u00e2nica.Luvas de l\u00e1tex revestidas com uma camada de neopreno. Uma prote\u00e7\u00e3o extra dupla para produtos qu\u00edmicos.\u2026","rel":"","context":"Similar post","img":{"alt_text":"","src":"https:\/\/i0.wp.com\/mundo.seashell.pt\/wp-content\/uploads\/2022\/02\/07-gloves-04-gloves-heavyweight-portrait_PhotoRoom_20210418_123117.jpg?resize=350%2C200&ssl=1","width":350,"height":200},"classes":[]},{"id":6153,"url":"https:\/\/mundo.seashell.pt\/?product=luvas-ultrassensiveis","url_meta":{"origin":6147,"position":2},"title":"Luvas Ultrassens\u00edveis","date":"Fevereiro 23, 2022","format":false,"excerpt":"100% l\u00e1tex natural Projetado para ser usado em tarefas que necessitam da prote\u00e7\u00e3o das m\u00e3os e simultaneamente grande sensibilidade para a manipula\u00e7\u00e3o de objetos, ferramentas ou equipamentos. Luva de l\u00e1tex natural e neopreno com tratamento externo. N\u00e3o t\u00eam forro interno para oferecer um toque mais sens\u00edvel e pr\u00f3ximo ao da\u2026","rel":"","context":"Similar post","img":{"alt_text":"","src":"https:\/\/i0.wp.com\/mundo.seashell.pt\/wp-content\/uploads\/2022\/02\/07-gloves-06-gloves-lightweight-portrait_PhotoRoom_20210418_123257.jpg?resize=350%2C200&ssl=1","width":350,"height":200},"classes":[]},{"id":6177,"url":"https:\/\/mundo.seashell.pt\/?product=pano-microclean-plus-5-panos","url_meta":{"origin":6147,"position":3},"title":"Pano MicroClean Plus (5 panos)","date":"Fevereiro 23, 2022","format":false,"excerpt":"MicroClean Plus Pano de microfibras para limpar de uma s\u00f3 passagem O MicroClean Plus \u00e9 o pano perfeito para tarefas exigentes de limpeza. ProdutividadeO excelente desempenho de limpeza e o resultado sem rasto numa \u00fanica etapa de limpeza economizam tempo e dinheiro. A durabilidade do MicroClean Pl...","rel":"","context":"Similar post","img":{"alt_text":"","src":"https:\/\/i0.wp.com\/mundo.seashell.pt\/wp-content\/uploads\/2022\/02\/Additional-wiping-MicroCleanPlus-portrait_PhotoRoom_20210418_123038.jpg?resize=350%2C200&ssl=1","width":350,"height":200},"classes":[]},{"id":6149,"url":"https:\/\/mundo.seashell.pt\/?product=luvas-contract","url_meta":{"origin":6147,"position":4},"title":"Luvas Contract","date":"Fevereiro 23, 2022","format":false,"excerpt":"Para riscos m\u00ednimos Indicado para tarefas de limpeza que exigem um m\u00ednimo de prote\u00e7\u00e3o, mas n\u00e3o exigem uma certifica\u00e7\u00e3o muito exaustiva. Composi\u00e7\u00e3o em l\u00e1tex natural, com tratamento de resist\u00eancia do lado de fora da luva e forro de algod\u00e3o para maior conforto. Eles s\u00e3o certificados com o selo da categoria\u2026","rel":"","context":"Similar post","img":{"alt_text":"","src":"https:\/\/i0.wp.com\/mundo.seashell.pt\/wp-content\/uploads\/2022\/02\/07-gloves-02-gloves-contract-portrait_PhotoRoom_20210418_122907.jpg?resize=350%2C200&ssl=1","width":350,"height":200},"classes":[]},{"id":6195,"url":"https:\/\/mundo.seashell.pt\/?product=pano-universal-ag-vileda","url_meta":{"origin":6147,"position":5},"title":"Pano Universal Ag &#8211; Vileda (Rolo de 8 metros)","date":"Fevereiro 23, 2022","format":false,"excerpt":"Multiusos Ag Resist\u00eancia e alto rendimento para a limpeza profissional intensiva Pano em tela n\u00e3o tecida com tecnologia Neutrex, produzido com componentes tradicionais de alta durabilidade e impregnado com cloreto de prata, oferece grande resist\u00eancia qu\u00edmica e forte atividade antibacteriana ao eliminar bact\u00e9rias por contacto...","rel":"","context":"Similar post","img":{"alt_text":"","src":"https:\/\/i0.wp.com\/mundo.seashell.pt\/wp-content\/uploads\/2022\/02\/Bayeta-Universal-Ag_PhotoRoom_20210418_123740.jpg?resize=350%2C200&ssl=1","width":350,"height":200},"classes":[]}],"_links":{"self":[{"href":"https:\/\/mundo.seashell.pt\/index.php?rest_route=\/wp\/v2\/product\/6147","targetHints":{"allow":["GET"]}}],"collection":[{"href":"https:\/\/mundo.seashell.pt\/index.php?rest_route=\/wp\/v2\/product"}],"about":[{"href":"https:\/\/mundo.seashell.pt\/index.php?rest_route=\/wp\/v2\/types\/product"}],"wp:featuredmedia":[{"embeddable":true,"href":"https:\/\/mundo.seashell.pt\/index.php?rest_route=\/wp\/v2\/media\/6148"}],"wp:attachment":[{"href":"https:\/\/mundo.seashell.pt\/index.php?rest_route=%2Fwp%2Fv2%2Fmedia&parent=6147"}],"wp:term":[{"taxonomy":"product_cat","embeddable":true,"href":"https:\/\/mundo.seashell.pt\/index.php?rest_route=%2Fwp%2Fv2%2Fproduct_cat&post=6147"},{"taxonomy":"product_tag","embeddable":true,"href":"https:\/\/mundo.seashell.pt\/index.php?rest_route=%2Fwp%2Fv2%2Fproduct_tag&post=6147"}],"curies":[{"name":"wp","href":"https:\/\/api.w.org\/{rel}","templated":true}]}}