{"id":6145,"date":"2022-02-23T11:51:32","date_gmt":"2022-02-23T11:51:32","guid":{"rendered":"https:\/\/mundo.seashell.pt\/?post_type=product&#038;p=6145"},"modified":"2022-02-23T11:51:34","modified_gmt":"2022-02-23T11:51:34","slug":"dispensador-de-papel-em-mecha-com-estrangulador-elegance-abs","status":"publish","type":"product","link":"https:\/\/mundo.seashell.pt\/?product=dispensador-de-papel-em-mecha-com-estrangulador-elegance-abs","title":{"rendered":"Dispensador de Papel em Mecha com Estrangulador Elegance ABS"},"content":{"rendered":"<p>O dispensador de mecha da linha Elegance, fabricado em ABS, torna-o um dispensador de mecha compacto e robusto com caracter\u00edsticas antivandalismo. Apresenta um design vers\u00e1til e intemporal que se adapta a qualquer espa\u00e7o. Ideal para instala\u00e7\u00f5es sanit\u00e1rias e cozinhas com muito movimento.<\/p>\n<p>Possui uma chave de seguran\u00e7a padr\u00e3o LOSDI, fornecida com o produto.<\/p>\n<p>Instala\u00e7\u00e3o vertical na parede. Para sua correta instala\u00e7\u00e3o, possui um conjunto de parafusos e acess\u00f3rios.<\/p>\n<p>Al\u00e9m da fun\u00e7\u00e3o de dispensador de papel, atua como elemento decorativo, adornando todas as casas de banho&nbsp;e cozinhas, renovando a face vis\u00edvel do seu neg\u00f3cio.<\/p>\n<p>O modelo com estrangulador inclui sistemas de dispensa\u00e7\u00e3o controlados, permitindo assim a dosagem folha a folha, economizando custos no seu consumo.<\/p>\n<p>Fabricado em ABS em diversas cores como: cor fumado (transparente), cor branca, cor cinza e cor preta. Pode se adaptar a qualquer espa\u00e7o dependendo do design que voc\u00ea tem.<\/p>\n<p>Os dispensadores de papel LOSDI s\u00e3o encontrados em hot\u00e9is, restaurantes, hospitais, refeit\u00f3rios, cozinhas, postos de gasolina, cl\u00ednicas, escrit\u00f3rios, etc.<\/p>\n","protected":false},"excerpt":{"rendered":"<p>O dispensador de mecha da linha Elegance, fabricado em ABS, torna-o um dispensador de mecha compacto e robusto com caracter\u00edsticas antivandalismo. Apresenta um design vers\u00e1til e intemporal que se adapta a qualquer espa\u00e7o. Ideal para instala\u00e7\u00f5es sanit\u00e1rias e cozinhas com muito movimento.<\/p>\n","protected":false},"featured_media":6146,"template":"","meta":{"spay_email":""},"product_cat":[15],"product_tag":[],"class_list":{"0":"post-6145","1":"product","2":"type-product","3":"status-publish","4":"has-post-thumbnail","6":"product_cat-sem-categoria","8":"first","9":"instock","10":"taxable","11":"shipping-taxable","12":"purchasable","13":"product-type-simple"},"acf":[],"jetpack-related-posts":[{"id":6143,"url":"https:\/\/mundo.seashell.pt\/?product=dispensador-de-papel-em-mecha-elegance-abs","url_meta":{"origin":6145,"position":0},"title":"Dispensador de Papel em Mecha Elegance ABS","date":"Fevereiro 23, 2022","format":false,"excerpt":"O dispensador de mecha da linha Elegance, fabricado em ABS, torna-o um dispensador de mecha compacto e robusto com caracter\u00edsticas antivandalismo. Apresenta um design vers\u00e1til e intemporal que se adapta a qualquer espa\u00e7o. Ideal para instala\u00e7\u00f5es sanit\u00e1rias e cozinhas com muito movimento.","rel":"","context":"Similar post","img":{"alt_text":"","src":"https:\/\/i0.wp.com\/mundo.seashell.pt\/wp-content\/uploads\/2022\/02\/dispensador-papel-mecha-losdi-CP0521B_PhotoRoom_20210411_120733.jpg?resize=350%2C200&ssl=1","width":350,"height":200},"classes":[]},{"id":6127,"url":"https:\/\/mundo.seashell.pt\/?product=dispensador-de-papel-em-mecha-com-estrangulador-abs","url_meta":{"origin":6145,"position":1},"title":"Dispensador de Papel em Mecha com Estrangulador Eco-Luxe ABS","date":"Fevereiro 23, 2022","format":false,"excerpt":"Design, qualidade e funcionalidade. Estas s\u00e3o as tr\u00eas principais caracter\u00edsticas do dispensador de mechas da nova linha ECO-LUXE. O dispensador de papel em mecha \u00e9 um dos dispositivos mais amplamente utilizados para lavar e secar as m\u00e3os, por exemplo, em cozinhas profissionais, cl\u00ednicas m\u00e9dicas, odontol\u00f3gicas e de fisioterapia. A remo\u00e7...","rel":"","context":"Similar post","img":{"alt_text":"","src":"https:\/\/i0.wp.com\/mundo.seashell.pt\/wp-content\/uploads\/2022\/02\/dispensador-de-papel-toalla-abs-eco-luxe-negro_9300473_xxl_PhotoRoom_20210411_120905-1.jpg?resize=350%2C200&ssl=1","width":350,"height":200},"classes":[]},{"id":6125,"url":"https:\/\/mundo.seashell.pt\/?product=dispensador-de-papel-em-mecha-abs","url_meta":{"origin":6145,"position":2},"title":"Dispensador de Papel em Mecha Eco-Luxe ABS","date":"Fevereiro 23, 2022","format":false,"excerpt":"Design, qualidade e funcionalidade. Estas s\u00e3o as tr\u00eas principais caracter\u00edsticas do dispensador de mechas da nova linha ECO-LUXE. O dispensador de papel em mecha \u00e9 um dos dispositivos mais amplamente utilizados para lavar e secar as m\u00e3os, por exemplo, em cozinhas profissionais, cl\u00ednicas m\u00e9dicas, odontol\u00f3gicas e de fisioterapia. A remo\u00e7...","rel":"","context":"Similar post","img":{"alt_text":"","src":"https:\/\/i0.wp.com\/mundo.seashell.pt\/wp-content\/uploads\/2022\/02\/dispensador-de-papel-toalla-abs-eco-luxe-negro_9300473_xxl_PhotoRoom_20210411_120905.jpg?resize=350%2C200&ssl=1","width":350,"height":200},"classes":[]},{"id":6135,"url":"https:\/\/mundo.seashell.pt\/?product=dispensador-de-papel-higienico-folha-a-folha-elegance","url_meta":{"origin":6145,"position":3},"title":"Dispensador Papel Higi\u00e9nico Folha-a-Folha Elegance ABS","date":"Fevereiro 23, 2022","format":false,"excerpt":"Dispensador de papel higi\u00e9nico em zig-zag, feito de ABS, torna-o um dispensador compacto e robusto com caracter\u00edsticas antivandalismo. Ideal para instala\u00e7\u00f5es sanit\u00e1rias com tr\u00e1fego intenso.","rel":"","context":"Similar post","img":{"alt_text":"","src":"https:\/\/i0.wp.com\/mundo.seashell.pt\/wp-content\/uploads\/2022\/02\/dispensador-de-papel-higienico-interplegado-en-z-abs-color-blanco_5571162_xxl_PhotoRoom_20210411_120748.jpg?resize=350%2C200&ssl=1","width":350,"height":200},"classes":[]},{"id":6141,"url":"https:\/\/mundo.seashell.pt\/?product=dispensador-de-toalhas-de-mao-600-uds-elegance-abs","url_meta":{"origin":6145,"position":4},"title":"Dispensador de Toalhas de M\u00e3o 600 uds. Elegance ABS","date":"Fevereiro 23, 2022","format":false,"excerpt":"Este dispensador de toalhas de papel da Linha Elegance, com design polivalente, adapta-se a qualquer espa\u00e7o.","rel":"","context":"Similar post","img":{"alt_text":"","src":"https:\/\/i0.wp.com\/mundo.seashell.pt\/wp-content\/uploads\/2022\/02\/dispensador-portatoallas-600-u-abs-color-blanco_5576125_xl_PhotoRoom_20210411_120751.jpg?resize=350%2C200&ssl=1","width":350,"height":200},"classes":[]},{"id":6137,"url":"https:\/\/mundo.seashell.pt\/?product=dispensador-de-papel-higienico-jumbo-elegance","url_meta":{"origin":6145,"position":5},"title":"Dispensador de Papel Higi\u00e9nico Jumbo Elegance","date":"Fevereiro 23, 2022","format":false,"excerpt":"O dispensador de papel higi\u00e9nico de tamanho jumbo acomoda rolos de papel de at\u00e9 210 mm de largura por 220 mm de di\u00e2metro, com uma c\u00e2nula de di\u00e2metro m\u00e1ximo de 45 mm.","rel":"","context":"Similar post","img":{"alt_text":"","src":"https:\/\/i0.wp.com\/mundo.seashell.pt\/wp-content\/uploads\/2022\/02\/dispensador-de-papel-higienico-abs-blanco_5571168_xxl_PhotoRoom_20210411_121024.jpg?resize=350%2C200&ssl=1","width":350,"height":200},"classes":[]}],"_links":{"self":[{"href":"https:\/\/mundo.seashell.pt\/index.php?rest_route=\/wp\/v2\/product\/6145","targetHints":{"allow":["GET"]}}],"collection":[{"href":"https:\/\/mundo.seashell.pt\/index.php?rest_route=\/wp\/v2\/product"}],"about":[{"href":"https:\/\/mundo.seashell.pt\/index.php?rest_route=\/wp\/v2\/types\/product"}],"wp:featuredmedia":[{"embeddable":true,"href":"https:\/\/mundo.seashell.pt\/index.php?rest_route=\/wp\/v2\/media\/6146"}],"wp:attachment":[{"href":"https:\/\/mundo.seashell.pt\/index.php?rest_route=%2Fwp%2Fv2%2Fmedia&parent=6145"}],"wp:term":[{"taxonomy":"product_cat","embeddable":true,"href":"https:\/\/mundo.seashell.pt\/index.php?rest_route=%2Fwp%2Fv2%2Fproduct_cat&post=6145"},{"taxonomy":"product_tag","embeddable":true,"href":"https:\/\/mundo.seashell.pt\/index.php?rest_route=%2Fwp%2Fv2%2Fproduct_tag&post=6145"}],"curies":[{"name":"wp","href":"https:\/\/api.w.org\/{rel}","templated":true}]}}