{"id":6141,"date":"2022-02-23T11:51:26","date_gmt":"2022-02-23T11:51:26","guid":{"rendered":"https:\/\/mundo.seashell.pt\/?post_type=product&#038;p=6141"},"modified":"2022-02-23T11:51:28","modified_gmt":"2022-02-23T11:51:28","slug":"dispensador-de-toalhas-de-mao-600-uds-elegance-abs","status":"publish","type":"product","link":"https:\/\/mundo.seashell.pt\/?product=dispensador-de-toalhas-de-mao-600-uds-elegance-abs","title":{"rendered":"Dispensador de Toalhas de M\u00e3o 600 uds. Elegance ABS"},"content":{"rendered":"<p>Os dispensadores de papel toalha s\u00e3o a principal op\u00e7\u00e3o para secar as m\u00e3os em espa\u00e7os p\u00fablicos. O dispensador de papel toalha tem capacidade para 600 toalhas dobradas em Z, sendo uma \u00f3tima op\u00e7\u00e3o para espa\u00e7os com alta intensidade de uso.<\/p>\n<p>Dispensador de papel toalha fabricado pela Losdi, fabricado em ABS, torna-o um dispensador compacto, robusto e com caracter\u00edsticas antivandalismo.<\/p>\n<p>Este dispensador de toalhas de papel da Linha Elegance, com design polivalente, adapta-se a qualquer espa\u00e7o.<\/p>\n<p>Capacidade: 600 toalhas<\/p>\n<p>Largura da toalha: 240 mm<\/p>\n<p>Ele possui uma chave de seguran\u00e7a padr\u00e3o Losdi, fornecida com o produto.<\/p>\n","protected":false},"excerpt":{"rendered":"<p>Este dispensador de toalhas de papel da Linha Elegance, com design polivalente, adapta-se a qualquer espa\u00e7o.<\/p>\n","protected":false},"featured_media":6142,"template":"","meta":{"spay_email":""},"product_cat":[15],"product_tag":[],"class_list":{"0":"post-6141","1":"product","2":"type-product","3":"status-publish","4":"has-post-thumbnail","6":"product_cat-sem-categoria","8":"first","9":"instock","10":"taxable","11":"shipping-taxable","12":"purchasable","13":"product-type-simple"},"acf":[],"jetpack-related-posts":[{"id":6121,"url":"https:\/\/mundo.seashell.pt\/?product=dispensador-de-toalhas-de-mao-600-uds-abs","url_meta":{"origin":6141,"position":0},"title":"Dispensador de Toalhas de M\u00e3o 600 uds. Eco-Luxe ABS","date":"Fevereiro 23, 2022","format":false,"excerpt":"Design, qualidade e funcionalidade. Estas s\u00e3o as tr\u00eas principais caracter\u00edsticas do dispensador de papel toalha da nova linha ECO-LUXE. Os dispensadores de papel toalha s\u00e3o a principal op\u00e7\u00e3o para secar as m\u00e3os em espa\u00e7os p\u00fablicos. O novo dispensador de papel toalha tem capacidade para 600 toalhas dobradas em Z, sendo\u2026","rel":"","context":"Similar post","img":{"alt_text":"","src":"https:\/\/i0.wp.com\/mundo.seashell.pt\/wp-content\/uploads\/2022\/02\/dispensador-de-papel-higienico-abs-eco-luxe-negro_9300471_xxl_PhotoRoom_20210411_121038.jpg?resize=350%2C200&ssl=1","width":350,"height":200},"classes":[]},{"id":6125,"url":"https:\/\/mundo.seashell.pt\/?product=dispensador-de-papel-em-mecha-abs","url_meta":{"origin":6141,"position":1},"title":"Dispensador de Papel em Mecha Eco-Luxe ABS","date":"Fevereiro 23, 2022","format":false,"excerpt":"Design, qualidade e funcionalidade. Estas s\u00e3o as tr\u00eas principais caracter\u00edsticas do dispensador de mechas da nova linha ECO-LUXE. O dispensador de papel em mecha \u00e9 um dos dispositivos mais amplamente utilizados para lavar e secar as m\u00e3os, por exemplo, em cozinhas profissionais, cl\u00ednicas m\u00e9dicas, odontol\u00f3gicas e de fisioterapia. A remo\u00e7...","rel":"","context":"Similar post","img":{"alt_text":"","src":"https:\/\/i0.wp.com\/mundo.seashell.pt\/wp-content\/uploads\/2022\/02\/dispensador-de-papel-toalla-abs-eco-luxe-negro_9300473_xxl_PhotoRoom_20210411_120905.jpg?resize=350%2C200&ssl=1","width":350,"height":200},"classes":[]},{"id":6127,"url":"https:\/\/mundo.seashell.pt\/?product=dispensador-de-papel-em-mecha-com-estrangulador-abs","url_meta":{"origin":6141,"position":2},"title":"Dispensador de Papel em Mecha com Estrangulador Eco-Luxe ABS","date":"Fevereiro 23, 2022","format":false,"excerpt":"Design, qualidade e funcionalidade. Estas s\u00e3o as tr\u00eas principais caracter\u00edsticas do dispensador de mechas da nova linha ECO-LUXE. O dispensador de papel em mecha \u00e9 um dos dispositivos mais amplamente utilizados para lavar e secar as m\u00e3os, por exemplo, em cozinhas profissionais, cl\u00ednicas m\u00e9dicas, odontol\u00f3gicas e de fisioterapia. A remo\u00e7...","rel":"","context":"Similar post","img":{"alt_text":"","src":"https:\/\/i0.wp.com\/mundo.seashell.pt\/wp-content\/uploads\/2022\/02\/dispensador-de-papel-toalla-abs-eco-luxe-negro_9300473_xxl_PhotoRoom_20210411_120905-1.jpg?resize=350%2C200&ssl=1","width":350,"height":200},"classes":[]},{"id":6143,"url":"https:\/\/mundo.seashell.pt\/?product=dispensador-de-papel-em-mecha-elegance-abs","url_meta":{"origin":6141,"position":3},"title":"Dispensador de Papel em Mecha Elegance ABS","date":"Fevereiro 23, 2022","format":false,"excerpt":"O dispensador de mecha da linha Elegance, fabricado em ABS, torna-o um dispensador de mecha compacto e robusto com caracter\u00edsticas antivandalismo. Apresenta um design vers\u00e1til e intemporal que se adapta a qualquer espa\u00e7o. Ideal para instala\u00e7\u00f5es sanit\u00e1rias e cozinhas com muito movimento.","rel":"","context":"Similar post","img":{"alt_text":"","src":"https:\/\/i0.wp.com\/mundo.seashell.pt\/wp-content\/uploads\/2022\/02\/dispensador-papel-mecha-losdi-CP0521B_PhotoRoom_20210411_120733.jpg?resize=350%2C200&ssl=1","width":350,"height":200},"classes":[]},{"id":6145,"url":"https:\/\/mundo.seashell.pt\/?product=dispensador-de-papel-em-mecha-com-estrangulador-elegance-abs","url_meta":{"origin":6141,"position":4},"title":"Dispensador de Papel em Mecha com Estrangulador Elegance ABS","date":"Fevereiro 23, 2022","format":false,"excerpt":"O dispensador de mecha da linha Elegance, fabricado em ABS, torna-o um dispensador de mecha compacto e robusto com caracter\u00edsticas antivandalismo. Apresenta um design vers\u00e1til e intemporal que se adapta a qualquer espa\u00e7o. Ideal para instala\u00e7\u00f5es sanit\u00e1rias e cozinhas com muito movimento.","rel":"","context":"Similar post","img":{"alt_text":"","src":"https:\/\/i0.wp.com\/mundo.seashell.pt\/wp-content\/uploads\/2022\/02\/dispensador-de-papel-mecha-abs-color-blanco_5585635_xl_PhotoRoom_20210411_121003.jpg?resize=350%2C200&ssl=1","width":350,"height":200},"classes":[]},{"id":6129,"url":"https:\/\/mundo.seashell.pt\/?product=dispensador-de-sabonete-liquido-900ml-elegance-abs","url_meta":{"origin":6141,"position":5},"title":"Dispensador de Sabonete L\u00edquido 900ml Elegance Sydney ABS","date":"Fevereiro 23, 2022","format":false,"excerpt":"A decora\u00e7\u00e3o desempenha um papel muito importante nas casas de banho p\u00fablicas, visto que s\u00e3o a face vis\u00edvel do nosso neg\u00f3cio, por isso, os dispensadores fabricados pela LOSDI t\u00eam sempre aquele elemento decorativo que nos permite renovar o aspecto vis\u00edvel das \u00e1reas p\u00fablicas. Precisamente, as saboneteiras Losdi desempenham um papel\u2026","rel":"","context":"Similar post","img":{"alt_text":"","src":"https:\/\/i0.wp.com\/mundo.seashell.pt\/wp-content\/uploads\/2022\/02\/dosificador-de-jabon-liquido-1-l-abs-color-blanco-modelo-sydney-losdi_5571130_xxl_PhotoRoom_20210411_120738.jpg?resize=350%2C200&ssl=1","width":350,"height":200},"classes":[]}],"_links":{"self":[{"href":"https:\/\/mundo.seashell.pt\/index.php?rest_route=\/wp\/v2\/product\/6141","targetHints":{"allow":["GET"]}}],"collection":[{"href":"https:\/\/mundo.seashell.pt\/index.php?rest_route=\/wp\/v2\/product"}],"about":[{"href":"https:\/\/mundo.seashell.pt\/index.php?rest_route=\/wp\/v2\/types\/product"}],"wp:featuredmedia":[{"embeddable":true,"href":"https:\/\/mundo.seashell.pt\/index.php?rest_route=\/wp\/v2\/media\/6142"}],"wp:attachment":[{"href":"https:\/\/mundo.seashell.pt\/index.php?rest_route=%2Fwp%2Fv2%2Fmedia&parent=6141"}],"wp:term":[{"taxonomy":"product_cat","embeddable":true,"href":"https:\/\/mundo.seashell.pt\/index.php?rest_route=%2Fwp%2Fv2%2Fproduct_cat&post=6141"},{"taxonomy":"product_tag","embeddable":true,"href":"https:\/\/mundo.seashell.pt\/index.php?rest_route=%2Fwp%2Fv2%2Fproduct_tag&post=6141"}],"curies":[{"name":"wp","href":"https:\/\/api.w.org\/{rel}","templated":true}]}}