{"id":6139,"date":"2022-02-23T11:51:11","date_gmt":"2022-02-23T11:51:11","guid":{"rendered":"https:\/\/mundo.seashell.pt\/?post_type=product&#038;p=6139"},"modified":"2022-02-23T11:51:13","modified_gmt":"2022-02-23T11:51:13","slug":"dispensador-de-papel-higienico-maxi-jumbo-elegance","status":"publish","type":"product","link":"https:\/\/mundo.seashell.pt\/?product=dispensador-de-papel-higienico-maxi-jumbo-elegance","title":{"rendered":"Dispensador de Papel Higi\u00e9nico Maxi Jumbo Elegance"},"content":{"rendered":"<\/p>\n<p>Dispensador de papel higi\u00e9nico Elegance, fabricado pela Losdi em ABS, um dispensador muito resistente com caracter\u00edsticas antivandalismo.<\/p>\n<p>Os dispensadores de papel Losdi s\u00e3o encontrados em hot\u00e9is, restaurantes, hospitais, cantinas, cozinhas, postos de gasolina, postos de gasolina, cl\u00ednicas, escrit\u00f3rios, etc.<\/p>\n<\/p>\n<p>O distribuidor de papel higi\u00e9nico de tamanho maxi jumbo pode conter rolos de papel de at\u00e9 110 mm de largura por 270 mm de di\u00e2metro, com uma c\u00e2nula de di\u00e2metro m\u00e1ximo de 56 mm.<\/p>\n<p>Vem equipado com fechadura e chave de pl\u00e1stico para facilitar a substitui\u00e7\u00e3o dos consum\u00edveis e proteger o interior do aparelho contra uso indevido.<\/p>\n<\/p>\n<p><\/p>\n","protected":false},"excerpt":{"rendered":"<p>O distribuidor de papel higi\u00e9nico de tamanho maxi jumbo pode conter rolos de papel de at\u00e9 110 mm de largura por 270 mm de di\u00e2metro, com uma c\u00e2nula de di\u00e2metro m\u00e1ximo de 56 mm.<\/p>\n","protected":false},"featured_media":6140,"template":"","meta":{"spay_email":""},"product_cat":[15],"product_tag":[],"class_list":{"0":"post-6139","1":"product","2":"type-product","3":"status-publish","4":"has-post-thumbnail","6":"product_cat-sem-categoria","8":"first","9":"instock","10":"taxable","11":"shipping-taxable","12":"purchasable","13":"product-type-simple"},"acf":[],"jetpack-related-posts":[{"id":6117,"url":"https:\/\/mundo.seashell.pt\/?product=dispensador-de-papel-higienico-maxi-jumbo","url_meta":{"origin":6139,"position":0},"title":"Dispensador de Papel Higi\u00e9nico Maxi Jumbo Eco-Luxe","date":"Fevereiro 23, 2022","format":false,"excerpt":"O distribuidor de papel higi\u00eanico de tamanho maxi jumbo pode conter rolos de papel de at\u00e9 110 mm de largura por 270 mm de di\u00e2metro, com uma c\u00e2nula de di\u00e2metro m\u00e1ximo de 56 mm.","rel":"","context":"Similar post","img":{"alt_text":"","src":"https:\/\/i0.wp.com\/mundo.seashell.pt\/wp-content\/uploads\/2022\/02\/dispensador-de-papel-higienico-jumbo-abs-eco-luxe-blanco_9312221_xxl_PhotoRoom_20210411_120744-1.jpg?resize=350%2C200&ssl=1","width":350,"height":200},"classes":[]},{"id":6137,"url":"https:\/\/mundo.seashell.pt\/?product=dispensador-de-papel-higienico-jumbo-elegance","url_meta":{"origin":6139,"position":1},"title":"Dispensador de Papel Higi\u00e9nico Jumbo Elegance","date":"Fevereiro 23, 2022","format":false,"excerpt":"O dispensador de papel higi\u00e9nico de tamanho jumbo acomoda rolos de papel de at\u00e9 210 mm de largura por 220 mm de di\u00e2metro, com uma c\u00e2nula de di\u00e2metro m\u00e1ximo de 45 mm.","rel":"","context":"Similar post","img":{"alt_text":"","src":"https:\/\/i0.wp.com\/mundo.seashell.pt\/wp-content\/uploads\/2022\/02\/dispensador-de-papel-higienico-abs-blanco_5571168_xxl_PhotoRoom_20210411_121024.jpg?resize=350%2C200&ssl=1","width":350,"height":200},"classes":[]},{"id":6115,"url":"https:\/\/mundo.seashell.pt\/?product=dispensador-de-papel-higienico-jumbo","url_meta":{"origin":6139,"position":2},"title":"Dispensador de Papel Higi\u00e9nico Jumbo Eco-Luxe","date":"Fevereiro 23, 2022","format":false,"excerpt":"O dispensador de papel higi\u00e9nico de tamanho jumbo acomoda rolos de papel de at\u00e9 210 mm de largura por 220 mm de di\u00e2metro, com uma c\u00e2nula de di\u00e2metro m\u00e1ximo de 45 mm.","rel":"","context":"Similar post","img":{"alt_text":"","src":"https:\/\/i0.wp.com\/mundo.seashell.pt\/wp-content\/uploads\/2022\/02\/dispensador-de-papel-higienico-jumbo-abs-eco-luxe-blanco_9312221_xxl_PhotoRoom_20210411_120744.jpg?resize=350%2C200&ssl=1","width":350,"height":200},"classes":[]},{"id":5406,"url":"https:\/\/mundo.seashell.pt\/?product=suporte-para-jumbo","url_meta":{"origin":6139,"position":3},"title":"Suporte para Papel Higi\u00e9nico Jumbo","date":"Fevereiro 23, 2022","format":false,"excerpt":"Suporte para Papel Higi\u00e9nico Jumbo","rel":"","context":"Similar post","img":{"alt_text":"","src":"https:\/\/i0.wp.com\/mundo.seashell.pt\/wp-content\/uploads\/2022\/02\/PORTA-ROLOS-JUMBO.png?resize=350%2C200&ssl=1","width":350,"height":200},"classes":[]},{"id":6135,"url":"https:\/\/mundo.seashell.pt\/?product=dispensador-de-papel-higienico-folha-a-folha-elegance","url_meta":{"origin":6139,"position":4},"title":"Dispensador Papel Higi\u00e9nico Folha-a-Folha Elegance ABS","date":"Fevereiro 23, 2022","format":false,"excerpt":"Dispensador de papel higi\u00e9nico em zig-zag, feito de ABS, torna-o um dispensador compacto e robusto com caracter\u00edsticas antivandalismo. Ideal para instala\u00e7\u00f5es sanit\u00e1rias com tr\u00e1fego intenso.","rel":"","context":"Similar post","img":{"alt_text":"","src":"https:\/\/i0.wp.com\/mundo.seashell.pt\/wp-content\/uploads\/2022\/02\/dispensador-de-papel-higienico-interplegado-en-z-abs-color-blanco_5571162_xxl_PhotoRoom_20210411_120748.jpg?resize=350%2C200&ssl=1","width":350,"height":200},"classes":[]},{"id":6125,"url":"https:\/\/mundo.seashell.pt\/?product=dispensador-de-papel-em-mecha-abs","url_meta":{"origin":6139,"position":5},"title":"Dispensador de Papel em Mecha Eco-Luxe ABS","date":"Fevereiro 23, 2022","format":false,"excerpt":"Design, qualidade e funcionalidade. Estas s\u00e3o as tr\u00eas principais caracter\u00edsticas do dispensador de mechas da nova linha ECO-LUXE. O dispensador de papel em mecha \u00e9 um dos dispositivos mais amplamente utilizados para lavar e secar as m\u00e3os, por exemplo, em cozinhas profissionais, cl\u00ednicas m\u00e9dicas, odontol\u00f3gicas e de fisioterapia. A remo\u00e7...","rel":"","context":"Similar post","img":{"alt_text":"","src":"https:\/\/i0.wp.com\/mundo.seashell.pt\/wp-content\/uploads\/2022\/02\/dispensador-de-papel-toalla-abs-eco-luxe-negro_9300473_xxl_PhotoRoom_20210411_120905.jpg?resize=350%2C200&ssl=1","width":350,"height":200},"classes":[]}],"_links":{"self":[{"href":"https:\/\/mundo.seashell.pt\/index.php?rest_route=\/wp\/v2\/product\/6139","targetHints":{"allow":["GET"]}}],"collection":[{"href":"https:\/\/mundo.seashell.pt\/index.php?rest_route=\/wp\/v2\/product"}],"about":[{"href":"https:\/\/mundo.seashell.pt\/index.php?rest_route=\/wp\/v2\/types\/product"}],"wp:featuredmedia":[{"embeddable":true,"href":"https:\/\/mundo.seashell.pt\/index.php?rest_route=\/wp\/v2\/media\/6140"}],"wp:attachment":[{"href":"https:\/\/mundo.seashell.pt\/index.php?rest_route=%2Fwp%2Fv2%2Fmedia&parent=6139"}],"wp:term":[{"taxonomy":"product_cat","embeddable":true,"href":"https:\/\/mundo.seashell.pt\/index.php?rest_route=%2Fwp%2Fv2%2Fproduct_cat&post=6139"},{"taxonomy":"product_tag","embeddable":true,"href":"https:\/\/mundo.seashell.pt\/index.php?rest_route=%2Fwp%2Fv2%2Fproduct_tag&post=6139"}],"curies":[{"name":"wp","href":"https:\/\/api.w.org\/{rel}","templated":true}]}}