{"id":6135,"date":"2022-02-23T11:51:07","date_gmt":"2022-02-23T11:51:07","guid":{"rendered":"https:\/\/mundo.seashell.pt\/?post_type=product&#038;p=6135"},"modified":"2022-02-23T11:51:09","modified_gmt":"2022-02-23T11:51:09","slug":"dispensador-de-papel-higienico-folha-a-folha-elegance","status":"publish","type":"product","link":"https:\/\/mundo.seashell.pt\/?product=dispensador-de-papel-higienico-folha-a-folha-elegance","title":{"rendered":"Dispensador Papel Higi\u00e9nico Folha-a-Folha Elegance ABS"},"content":{"rendered":"<p>Dispensador de papel higi\u00e9nico em zig-zag, feito de ABS, torna-o um dispensador compacto e robusto com caracter\u00edsticas antivandalismo. Ideal para instala\u00e7\u00f5es sanit\u00e1rias com tr\u00e1fego intenso.<\/p>\n<p>Adapta-se a qualquer espa\u00e7o devido \u00e0s suas dimens\u00f5es reduzidas.<\/p>\n<p>Capacidade do dispensador: 500 folhas<\/p>\n<p>Largura das folhas: 100 &#8211; 110 mm<\/p>\n<p>Dosagem: manual, folha a folha.<\/p>\n<p>Ele possui uma chave de seguran\u00e7a padr\u00e3o Losdi, fornecida com o produto.<\/p>\n<p><\/p>\n","protected":false},"excerpt":{"rendered":"<p>Dispensador de papel higi\u00e9nico em zig-zag, feito de ABS, torna-o um dispensador compacto e robusto com caracter\u00edsticas antivandalismo. Ideal para instala\u00e7\u00f5es sanit\u00e1rias com tr\u00e1fego intenso.<\/p>\n","protected":false},"featured_media":6136,"template":"","meta":{"spay_email":""},"product_cat":[15],"product_tag":[],"class_list":{"0":"post-6135","1":"product","2":"type-product","3":"status-publish","4":"has-post-thumbnail","6":"product_cat-sem-categoria","8":"first","9":"instock","10":"taxable","11":"shipping-taxable","12":"purchasable","13":"product-type-simple"},"acf":[],"jetpack-related-posts":[{"id":6143,"url":"https:\/\/mundo.seashell.pt\/?product=dispensador-de-papel-em-mecha-elegance-abs","url_meta":{"origin":6135,"position":0},"title":"Dispensador de Papel em Mecha Elegance ABS","date":"Fevereiro 23, 2022","format":false,"excerpt":"O dispensador de mecha da linha Elegance, fabricado em ABS, torna-o um dispensador de mecha compacto e robusto com caracter\u00edsticas antivandalismo. Apresenta um design vers\u00e1til e intemporal que se adapta a qualquer espa\u00e7o. Ideal para instala\u00e7\u00f5es sanit\u00e1rias e cozinhas com muito movimento.","rel":"","context":"Similar post","img":{"alt_text":"","src":"https:\/\/i0.wp.com\/mundo.seashell.pt\/wp-content\/uploads\/2022\/02\/dispensador-papel-mecha-losdi-CP0521B_PhotoRoom_20210411_120733.jpg?resize=350%2C200&ssl=1","width":350,"height":200},"classes":[]},{"id":6145,"url":"https:\/\/mundo.seashell.pt\/?product=dispensador-de-papel-em-mecha-com-estrangulador-elegance-abs","url_meta":{"origin":6135,"position":1},"title":"Dispensador de Papel em Mecha com Estrangulador Elegance ABS","date":"Fevereiro 23, 2022","format":false,"excerpt":"O dispensador de mecha da linha Elegance, fabricado em ABS, torna-o um dispensador de mecha compacto e robusto com caracter\u00edsticas antivandalismo. Apresenta um design vers\u00e1til e intemporal que se adapta a qualquer espa\u00e7o. Ideal para instala\u00e7\u00f5es sanit\u00e1rias e cozinhas com muito movimento.","rel":"","context":"Similar post","img":{"alt_text":"","src":"https:\/\/i0.wp.com\/mundo.seashell.pt\/wp-content\/uploads\/2022\/02\/dispensador-de-papel-mecha-abs-color-blanco_5585635_xl_PhotoRoom_20210411_121003.jpg?resize=350%2C200&ssl=1","width":350,"height":200},"classes":[]},{"id":5404,"url":"https:\/\/mundo.seashell.pt\/?product=suporte-para-higienico-folha-a-folha","url_meta":{"origin":6135,"position":2},"title":"Suporte para Higi\u00e9nico Folha a Folha","date":"Fevereiro 23, 2022","format":false,"excerpt":"Para papel higi\u00e9nico folha a folha","rel":"","context":"Similar post","img":{"alt_text":"","src":"https:\/\/i0.wp.com\/mundo.seashell.pt\/wp-content\/uploads\/2022\/02\/suporte_folha_a_folha.png?resize=350%2C200&ssl=1","width":350,"height":200},"classes":[]},{"id":6123,"url":"https:\/\/mundo.seashell.pt\/?product=dispensador-de-papel-higienico-com-extracao-central-abs","url_meta":{"origin":6135,"position":3},"title":"Dispensador de Papel Higi\u00e9nico com Extra\u00e7\u00e3o Central  Eco-Luxe ABS","date":"Fevereiro 23, 2022","format":false,"excerpt":"Design, qualidade e funcionalidade. Estas s\u00e3o as tr\u00eas caracter\u00edsticas principais do dispensador central de papel higi\u00e9nico da nova linha ECO-LUXE. A distribui\u00e7\u00e3o folha a folha do papel evita a contamina\u00e7\u00e3o cruzada dos usu\u00e1rios, mantendo o restante do rolo protegido dentro do distribuidor. Uma caracter\u00edstica de vital import\u00e2ncia para a ...","rel":"","context":"Similar post","img":{"alt_text":"","src":"https:\/\/i0.wp.com\/mundo.seashell.pt\/wp-content\/uploads\/2022\/02\/dispensador-de-papel-higienico-dispensacion-central-eco-luxe-blanco_9312041_xxl_PhotoRoom_20210411_120841.jpg?resize=350%2C200&ssl=1","width":350,"height":200},"classes":[]},{"id":6141,"url":"https:\/\/mundo.seashell.pt\/?product=dispensador-de-toalhas-de-mao-600-uds-elegance-abs","url_meta":{"origin":6135,"position":4},"title":"Dispensador de Toalhas de M\u00e3o 600 uds. Elegance ABS","date":"Fevereiro 23, 2022","format":false,"excerpt":"Este dispensador de toalhas de papel da Linha Elegance, com design polivalente, adapta-se a qualquer espa\u00e7o.","rel":"","context":"Similar post","img":{"alt_text":"","src":"https:\/\/i0.wp.com\/mundo.seashell.pt\/wp-content\/uploads\/2022\/02\/dispensador-portatoallas-600-u-abs-color-blanco_5576125_xl_PhotoRoom_20210411_120751.jpg?resize=350%2C200&ssl=1","width":350,"height":200},"classes":[]},{"id":6133,"url":"https:\/\/mundo.seashell.pt\/?product=dispensador-automatico-de-sabonete-liquido-900ml-elegance-paris","url_meta":{"origin":6135,"position":5},"title":"Dispensador Autom\u00e1tico de Sabonete L\u00edquido 900ml Elegance Par\u00eds ABS Branco","date":"Fevereiro 23, 2022","format":false,"excerpt":"A decora\u00e7\u00e3o desempenha um papel muito importante nas casas de banho p\u00fablicas, visto que s\u00e3o a face vis\u00edvel do nosso neg\u00f3cio, por isso, os dispensadores fabricados pela LOSDI t\u00eam sempre aquele elemento decorativo que nos permite renovar o aspecto vis\u00edvel das \u00e1reas p\u00fablicas. Precisamente, as saboneteiras Losdi desempenham um papel\u2026","rel":"","context":"Similar post","img":{"alt_text":"","src":"https:\/\/i0.wp.com\/mundo.seashell.pt\/wp-content\/uploads\/2022\/02\/dosificador-de-jabon-liquido-automatico-900-ml-abs-color-blanco-modelo-paris-losdi_5571145_xxl_PhotoRoom_20210411_121151.jpg?resize=350%2C200&ssl=1","width":350,"height":200},"classes":[]}],"_links":{"self":[{"href":"https:\/\/mundo.seashell.pt\/index.php?rest_route=\/wp\/v2\/product\/6135","targetHints":{"allow":["GET"]}}],"collection":[{"href":"https:\/\/mundo.seashell.pt\/index.php?rest_route=\/wp\/v2\/product"}],"about":[{"href":"https:\/\/mundo.seashell.pt\/index.php?rest_route=\/wp\/v2\/types\/product"}],"wp:featuredmedia":[{"embeddable":true,"href":"https:\/\/mundo.seashell.pt\/index.php?rest_route=\/wp\/v2\/media\/6136"}],"wp:attachment":[{"href":"https:\/\/mundo.seashell.pt\/index.php?rest_route=%2Fwp%2Fv2%2Fmedia&parent=6135"}],"wp:term":[{"taxonomy":"product_cat","embeddable":true,"href":"https:\/\/mundo.seashell.pt\/index.php?rest_route=%2Fwp%2Fv2%2Fproduct_cat&post=6135"},{"taxonomy":"product_tag","embeddable":true,"href":"https:\/\/mundo.seashell.pt\/index.php?rest_route=%2Fwp%2Fv2%2Fproduct_tag&post=6135"}],"curies":[{"name":"wp","href":"https:\/\/api.w.org\/{rel}","templated":true}]}}