{"id":6131,"date":"2022-02-23T11:50:50","date_gmt":"2022-02-23T11:50:50","guid":{"rendered":"https:\/\/mundo.seashell.pt\/?post_type=product&#038;p=6131"},"modified":"2022-02-23T11:50:52","modified_gmt":"2022-02-23T11:50:52","slug":"dispensador-de-sabonete-liquido-900ml-elegance-paris-abs","status":"publish","type":"product","link":"https:\/\/mundo.seashell.pt\/?product=dispensador-de-sabonete-liquido-900ml-elegance-paris-abs","title":{"rendered":"Dispensador de Sabonete L\u00edquido 900ml Elegance Par\u00eds ABS"},"content":{"rendered":"<p>A decora\u00e7\u00e3o desempenha um papel muito importante nas casas de banho p\u00fablicas, visto que s\u00e3o a face vis\u00edvel do nosso neg\u00f3cio, por isso, os dispensadores fabricados pela LOSDI t\u00eam sempre aquele elemento decorativo que nos permite renovar o aspecto vis\u00edvel das \u00e1reas p\u00fablicas. Precisamente, as saboneteiras Losdi desempenham um papel muito importante por serem um elemento essencial em qualquer balne\u00e1rio p\u00fablico, hotel, cozinha de restaurante, gin\u00e1sio, hospital, posto de gasolina, \u00e1rea de servi\u00e7o, entre outros.<\/p>\n<p>Dentro das linhas de design de saboneteiras, voc\u00ea encontra saboneteiras com garrafa ou tanque e saboneteiras para cargas de sab\u00e3o, ou seja, uma vez finalizada a carga, ela \u00e9 substitu\u00edda por uma nova. Essas mesmas sabonetes, independentemente de estarem com tanque ou carga, dispensam sabonete l\u00edquido, sabonete em espuma e sabonete sem a necessidade de enx\u00e1gue com pH neutro e isento de cloro. Dependendo do tipo de sabonete obtido, a quantidade de dosagem \u00e9 maior ou menor, sendo 1ml de dosagem para sabonete l\u00edquido e 0,4 ml de dosagem de sabonete em espuma.&nbsp;<\/p>\n<p>Todos os dispensadores de sabonete LOSDI s\u00e3o fornecidos com janela frontal para facilitar a visualiza\u00e7\u00e3o do consum\u00edvel em seu interior ou, no caso da Linha Star, sendo fabricados em policarbonato preto branco e transparente, permite visualizar com total clareza o sabonete dentro do sabonete dispensadores de garrafas e cargas intercambi\u00e1veis.<\/p>\n","protected":false},"excerpt":{"rendered":"<p>A decora\u00e7\u00e3o desempenha um papel muito importante nas casas de banho p\u00fablicas, visto que s\u00e3o a face vis\u00edvel do nosso neg\u00f3cio, por isso, os dispensadores fabricados pela LOSDI t\u00eam sempre aquele elemento decorativo que nos permite renovar o aspecto vis\u00edvel das \u00e1reas p\u00fablicas. Precisamente, as saboneteiras Losdi desempenham um papel muito importa&#8230;<\/p>\n","protected":false},"featured_media":6132,"template":"","meta":{"spay_email":""},"product_cat":[15],"product_tag":[],"class_list":{"0":"post-6131","1":"product","2":"type-product","3":"status-publish","4":"has-post-thumbnail","6":"product_cat-sem-categoria","8":"first","9":"instock","10":"taxable","11":"shipping-taxable","12":"purchasable","13":"product-type-simple"},"acf":[],"jetpack-related-posts":[{"id":6129,"url":"https:\/\/mundo.seashell.pt\/?product=dispensador-de-sabonete-liquido-900ml-elegance-abs","url_meta":{"origin":6131,"position":0},"title":"Dispensador de Sabonete L\u00edquido 900ml Elegance Sydney ABS","date":"Fevereiro 23, 2022","format":false,"excerpt":"A decora\u00e7\u00e3o desempenha um papel muito importante nas casas de banho p\u00fablicas, visto que s\u00e3o a face vis\u00edvel do nosso neg\u00f3cio, por isso, os dispensadores fabricados pela LOSDI t\u00eam sempre aquele elemento decorativo que nos permite renovar o aspecto vis\u00edvel das \u00e1reas p\u00fablicas. Precisamente, as saboneteiras Losdi desempenham um papel\u2026","rel":"","context":"Similar post","img":{"alt_text":"","src":"https:\/\/i0.wp.com\/mundo.seashell.pt\/wp-content\/uploads\/2022\/02\/dosificador-de-jabon-liquido-1-l-abs-color-blanco-modelo-sydney-losdi_5571130_xxl_PhotoRoom_20210411_120738.jpg?resize=350%2C200&ssl=1","width":350,"height":200},"classes":[]},{"id":6133,"url":"https:\/\/mundo.seashell.pt\/?product=dispensador-automatico-de-sabonete-liquido-900ml-elegance-paris","url_meta":{"origin":6131,"position":1},"title":"Dispensador Autom\u00e1tico de Sabonete L\u00edquido 900ml Elegance Par\u00eds ABS Branco","date":"Fevereiro 23, 2022","format":false,"excerpt":"A decora\u00e7\u00e3o desempenha um papel muito importante nas casas de banho p\u00fablicas, visto que s\u00e3o a face vis\u00edvel do nosso neg\u00f3cio, por isso, os dispensadores fabricados pela LOSDI t\u00eam sempre aquele elemento decorativo que nos permite renovar o aspecto vis\u00edvel das \u00e1reas p\u00fablicas. Precisamente, as saboneteiras Losdi desempenham um papel\u2026","rel":"","context":"Similar post","img":{"alt_text":"","src":"https:\/\/i0.wp.com\/mundo.seashell.pt\/wp-content\/uploads\/2022\/02\/dosificador-de-jabon-liquido-automatico-900-ml-abs-color-blanco-modelo-paris-losdi_5571145_xxl_PhotoRoom_20210411_121151.jpg?resize=350%2C200&ssl=1","width":350,"height":200},"classes":[]},{"id":6119,"url":"https:\/\/mundo.seashell.pt\/?product=dispensador-de-sabonete-liquido-900ml","url_meta":{"origin":6131,"position":2},"title":"Dispensador de Sabonete L\u00edquido 900ml Eco-Luxe","date":"Fevereiro 23, 2022","format":false,"excerpt":"Design, qualidade e funcionalidade. Essas s\u00e3o as tr\u00eas principais caracter\u00edsticas do dispensador de sabonete l\u00edquido da nova linha ECO-LUXE. Este dispensador de sabonete pode conter at\u00e9 1 litro de sabonete l\u00edquido em seu frasco recarreg\u00e1vel, permitindo o uso a longo prazo. Equipado com v\u00e1lvula anti-gotas para evitar o desperd\u00edcio de\u2026","rel":"","context":"Similar post","img":{"alt_text":"","src":"https:\/\/i0.wp.com\/mundo.seashell.pt\/wp-content\/uploads\/2022\/02\/dosificador-de-jabon-liquido-con-botella-rellenable-eco-luxe-blanco_9300467_xxl_PhotoRoom_20210411_120933.jpg?resize=350%2C200&ssl=1","width":350,"height":200},"classes":[]},{"id":6143,"url":"https:\/\/mundo.seashell.pt\/?product=dispensador-de-papel-em-mecha-elegance-abs","url_meta":{"origin":6131,"position":3},"title":"Dispensador de Papel em Mecha Elegance ABS","date":"Fevereiro 23, 2022","format":false,"excerpt":"O dispensador de mecha da linha Elegance, fabricado em ABS, torna-o um dispensador de mecha compacto e robusto com caracter\u00edsticas antivandalismo. Apresenta um design vers\u00e1til e intemporal que se adapta a qualquer espa\u00e7o. Ideal para instala\u00e7\u00f5es sanit\u00e1rias e cozinhas com muito movimento.","rel":"","context":"Similar post","img":{"alt_text":"","src":"https:\/\/i0.wp.com\/mundo.seashell.pt\/wp-content\/uploads\/2022\/02\/dispensador-papel-mecha-losdi-CP0521B_PhotoRoom_20210411_120733.jpg?resize=350%2C200&ssl=1","width":350,"height":200},"classes":[]},{"id":6145,"url":"https:\/\/mundo.seashell.pt\/?product=dispensador-de-papel-em-mecha-com-estrangulador-elegance-abs","url_meta":{"origin":6131,"position":4},"title":"Dispensador de Papel em Mecha com Estrangulador Elegance ABS","date":"Fevereiro 23, 2022","format":false,"excerpt":"O dispensador de mecha da linha Elegance, fabricado em ABS, torna-o um dispensador de mecha compacto e robusto com caracter\u00edsticas antivandalismo. Apresenta um design vers\u00e1til e intemporal que se adapta a qualquer espa\u00e7o. Ideal para instala\u00e7\u00f5es sanit\u00e1rias e cozinhas com muito movimento.","rel":"","context":"Similar post","img":{"alt_text":"","src":"https:\/\/i0.wp.com\/mundo.seashell.pt\/wp-content\/uploads\/2022\/02\/dispensador-de-papel-mecha-abs-color-blanco_5585635_xl_PhotoRoom_20210411_121003.jpg?resize=350%2C200&ssl=1","width":350,"height":200},"classes":[]},{"id":5640,"url":"https:\/\/mundo.seashell.pt\/?product=blowmy-sabonete-cremoso-5-lts","url_meta":{"origin":6131,"position":5},"title":"Blowmy Sabonete L\u00edquido","date":"Fevereiro 23, 2022","format":false,"excerpt":"Sabonete l\u00edquido cremoso e perfumado, com um \u00f3timo comportamento na lavagem de m\u00e3os.","rel":"","context":"Similar post","img":{"alt_text":"","src":"https:\/\/i0.wp.com\/mundo.seashell.pt\/wp-content\/uploads\/2022\/02\/blowmy_sabonete_liquido.jpg?resize=350%2C200&ssl=1","width":350,"height":200},"classes":[]}],"_links":{"self":[{"href":"https:\/\/mundo.seashell.pt\/index.php?rest_route=\/wp\/v2\/product\/6131","targetHints":{"allow":["GET"]}}],"collection":[{"href":"https:\/\/mundo.seashell.pt\/index.php?rest_route=\/wp\/v2\/product"}],"about":[{"href":"https:\/\/mundo.seashell.pt\/index.php?rest_route=\/wp\/v2\/types\/product"}],"wp:featuredmedia":[{"embeddable":true,"href":"https:\/\/mundo.seashell.pt\/index.php?rest_route=\/wp\/v2\/media\/6132"}],"wp:attachment":[{"href":"https:\/\/mundo.seashell.pt\/index.php?rest_route=%2Fwp%2Fv2%2Fmedia&parent=6131"}],"wp:term":[{"taxonomy":"product_cat","embeddable":true,"href":"https:\/\/mundo.seashell.pt\/index.php?rest_route=%2Fwp%2Fv2%2Fproduct_cat&post=6131"},{"taxonomy":"product_tag","embeddable":true,"href":"https:\/\/mundo.seashell.pt\/index.php?rest_route=%2Fwp%2Fv2%2Fproduct_tag&post=6131"}],"curies":[{"name":"wp","href":"https:\/\/api.w.org\/{rel}","templated":true}]}}