{"id":6127,"date":"2022-02-23T11:50:43","date_gmt":"2022-02-23T11:50:43","guid":{"rendered":"https:\/\/mundo.seashell.pt\/?post_type=product&#038;p=6127"},"modified":"2022-02-23T11:50:46","modified_gmt":"2022-02-23T11:50:46","slug":"dispensador-de-papel-em-mecha-com-estrangulador-abs","status":"publish","type":"product","link":"https:\/\/mundo.seashell.pt\/?product=dispensador-de-papel-em-mecha-com-estrangulador-abs","title":{"rendered":"Dispensador de Papel em Mecha com Estrangulador Eco-Luxe ABS"},"content":{"rendered":"<p>Design, qualidade e funcionalidade. Estas s\u00e3o as tr\u00eas principais caracter\u00edsticas do dispensador de mechas da nova linha ECO-LUXE.<\/p>\n<p>O dispensador de papel em mecha \u00e9 um dos dispositivos mais amplamente utilizados para lavar e secar as m\u00e3os, por exemplo, em cozinhas profissionais, cl\u00ednicas m\u00e9dicas, odontol\u00f3gicas e de fisioterapia. A remo\u00e7\u00e3o do papel \u00e9 diferente da do dispensador de toalhas de papel devido ao uso de toalhas enroladas e n\u00e3o dobradas. Este dispensador de papel em mecha pode manusear rolos de papel de at\u00e9 210 mm de di\u00e2metro, permitindo o uso a longo prazo sem a necessidade de substitui\u00e7\u00e3o. Al\u00e9m disso, gra\u00e7as ao seu sistema estrangulador de dispensa controlada, voc\u00ea pode extrair o papel folha por folha, conseguindo menos consumo de papel para as tarefas di\u00e1rias.<\/p>\n<p>O seu design segue a mesma linha do resto da gama ECO-LUXE, intercalando superf\u00edcies lisas e zonas onduladas para obter um produto de elevada qualidade com um design \u00fanico e marcante com um toque agrad\u00e1vel.<\/p>\n<p>Equipado com fechadura e chave em pl\u00e1stico, para facilitar a recoloca\u00e7\u00e3o do papel e proteger o seu interior.<\/p>\n<p>A nova linha ECO-LUXE nasceu da vontade de contribuir para a melhoria da higiene dos espa\u00e7os p\u00fablicos, proporcionando qualidade, funcionalidade e design a pre\u00e7os competitivos. Foi projetado para obter um desempenho ideal, com base na longa experi\u00eancia da LOSDI como uma marca consolidada no campo da higiene profissional e industrial em mais de 45 pa\u00edses.<\/p>\n","protected":false},"excerpt":{"rendered":"<p>Design, qualidade e funcionalidade. Estas s\u00e3o as tr\u00eas principais caracter\u00edsticas do dispensador de mechas da nova linha ECO-LUXE.<br \/>\nO dispensador de papel em mecha \u00e9 um dos dispositivos mais amplamente utilizados para lavar e secar as m\u00e3os, por exemplo, em cozinhas profissionais, cl\u00ednicas m\u00e9dicas, odontol\u00f3gicas e de fisioterapia. A remo\u00e7&#8230;<\/p>\n","protected":false},"featured_media":6128,"template":"","meta":{"spay_email":""},"product_cat":[15],"product_tag":[],"class_list":{"0":"post-6127","1":"product","2":"type-product","3":"status-publish","4":"has-post-thumbnail","6":"product_cat-sem-categoria","8":"first","9":"instock","10":"taxable","11":"shipping-taxable","12":"purchasable","13":"product-type-simple"},"acf":[],"jetpack-related-posts":[{"id":6125,"url":"https:\/\/mundo.seashell.pt\/?product=dispensador-de-papel-em-mecha-abs","url_meta":{"origin":6127,"position":0},"title":"Dispensador de Papel em Mecha Eco-Luxe ABS","date":"Fevereiro 23, 2022","format":false,"excerpt":"Design, qualidade e funcionalidade. Estas s\u00e3o as tr\u00eas principais caracter\u00edsticas do dispensador de mechas da nova linha ECO-LUXE. O dispensador de papel em mecha \u00e9 um dos dispositivos mais amplamente utilizados para lavar e secar as m\u00e3os, por exemplo, em cozinhas profissionais, cl\u00ednicas m\u00e9dicas, odontol\u00f3gicas e de fisioterapia. A remo\u00e7...","rel":"","context":"Similar post","img":{"alt_text":"","src":"https:\/\/i0.wp.com\/mundo.seashell.pt\/wp-content\/uploads\/2022\/02\/dispensador-de-papel-toalla-abs-eco-luxe-negro_9300473_xxl_PhotoRoom_20210411_120905.jpg?resize=350%2C200&ssl=1","width":350,"height":200},"classes":[]},{"id":6145,"url":"https:\/\/mundo.seashell.pt\/?product=dispensador-de-papel-em-mecha-com-estrangulador-elegance-abs","url_meta":{"origin":6127,"position":1},"title":"Dispensador de Papel em Mecha com Estrangulador Elegance ABS","date":"Fevereiro 23, 2022","format":false,"excerpt":"O dispensador de mecha da linha Elegance, fabricado em ABS, torna-o um dispensador de mecha compacto e robusto com caracter\u00edsticas antivandalismo. Apresenta um design vers\u00e1til e intemporal que se adapta a qualquer espa\u00e7o. Ideal para instala\u00e7\u00f5es sanit\u00e1rias e cozinhas com muito movimento.","rel":"","context":"Similar post","img":{"alt_text":"","src":"https:\/\/i0.wp.com\/mundo.seashell.pt\/wp-content\/uploads\/2022\/02\/dispensador-de-papel-mecha-abs-color-blanco_5585635_xl_PhotoRoom_20210411_121003.jpg?resize=350%2C200&ssl=1","width":350,"height":200},"classes":[]},{"id":6143,"url":"https:\/\/mundo.seashell.pt\/?product=dispensador-de-papel-em-mecha-elegance-abs","url_meta":{"origin":6127,"position":2},"title":"Dispensador de Papel em Mecha Elegance ABS","date":"Fevereiro 23, 2022","format":false,"excerpt":"O dispensador de mecha da linha Elegance, fabricado em ABS, torna-o um dispensador de mecha compacto e robusto com caracter\u00edsticas antivandalismo. Apresenta um design vers\u00e1til e intemporal que se adapta a qualquer espa\u00e7o. Ideal para instala\u00e7\u00f5es sanit\u00e1rias e cozinhas com muito movimento.","rel":"","context":"Similar post","img":{"alt_text":"","src":"https:\/\/i0.wp.com\/mundo.seashell.pt\/wp-content\/uploads\/2022\/02\/dispensador-papel-mecha-losdi-CP0521B_PhotoRoom_20210411_120733.jpg?resize=350%2C200&ssl=1","width":350,"height":200},"classes":[]},{"id":6121,"url":"https:\/\/mundo.seashell.pt\/?product=dispensador-de-toalhas-de-mao-600-uds-abs","url_meta":{"origin":6127,"position":3},"title":"Dispensador de Toalhas de M\u00e3o 600 uds. Eco-Luxe ABS","date":"Fevereiro 23, 2022","format":false,"excerpt":"Design, qualidade e funcionalidade. Estas s\u00e3o as tr\u00eas principais caracter\u00edsticas do dispensador de papel toalha da nova linha ECO-LUXE. Os dispensadores de papel toalha s\u00e3o a principal op\u00e7\u00e3o para secar as m\u00e3os em espa\u00e7os p\u00fablicos. O novo dispensador de papel toalha tem capacidade para 600 toalhas dobradas em Z, sendo\u2026","rel":"","context":"Similar post","img":{"alt_text":"","src":"https:\/\/i0.wp.com\/mundo.seashell.pt\/wp-content\/uploads\/2022\/02\/dispensador-de-papel-higienico-abs-eco-luxe-negro_9300471_xxl_PhotoRoom_20210411_121038.jpg?resize=350%2C200&ssl=1","width":350,"height":200},"classes":[]},{"id":6123,"url":"https:\/\/mundo.seashell.pt\/?product=dispensador-de-papel-higienico-com-extracao-central-abs","url_meta":{"origin":6127,"position":4},"title":"Dispensador de Papel Higi\u00e9nico com Extra\u00e7\u00e3o Central  Eco-Luxe ABS","date":"Fevereiro 23, 2022","format":false,"excerpt":"Design, qualidade e funcionalidade. Estas s\u00e3o as tr\u00eas caracter\u00edsticas principais do dispensador central de papel higi\u00e9nico da nova linha ECO-LUXE. A distribui\u00e7\u00e3o folha a folha do papel evita a contamina\u00e7\u00e3o cruzada dos usu\u00e1rios, mantendo o restante do rolo protegido dentro do distribuidor. Uma caracter\u00edstica de vital import\u00e2ncia para a ...","rel":"","context":"Similar post","img":{"alt_text":"","src":"https:\/\/i0.wp.com\/mundo.seashell.pt\/wp-content\/uploads\/2022\/02\/dispensador-de-papel-higienico-dispensacion-central-eco-luxe-blanco_9312041_xxl_PhotoRoom_20210411_120841.jpg?resize=350%2C200&ssl=1","width":350,"height":200},"classes":[]},{"id":6115,"url":"https:\/\/mundo.seashell.pt\/?product=dispensador-de-papel-higienico-jumbo","url_meta":{"origin":6127,"position":5},"title":"Dispensador de Papel Higi\u00e9nico Jumbo Eco-Luxe","date":"Fevereiro 23, 2022","format":false,"excerpt":"O dispensador de papel higi\u00e9nico de tamanho jumbo acomoda rolos de papel de at\u00e9 210 mm de largura por 220 mm de di\u00e2metro, com uma c\u00e2nula de di\u00e2metro m\u00e1ximo de 45 mm.","rel":"","context":"Similar post","img":{"alt_text":"","src":"https:\/\/i0.wp.com\/mundo.seashell.pt\/wp-content\/uploads\/2022\/02\/dispensador-de-papel-higienico-jumbo-abs-eco-luxe-blanco_9312221_xxl_PhotoRoom_20210411_120744.jpg?resize=350%2C200&ssl=1","width":350,"height":200},"classes":[]}],"_links":{"self":[{"href":"https:\/\/mundo.seashell.pt\/index.php?rest_route=\/wp\/v2\/product\/6127","targetHints":{"allow":["GET"]}}],"collection":[{"href":"https:\/\/mundo.seashell.pt\/index.php?rest_route=\/wp\/v2\/product"}],"about":[{"href":"https:\/\/mundo.seashell.pt\/index.php?rest_route=\/wp\/v2\/types\/product"}],"wp:featuredmedia":[{"embeddable":true,"href":"https:\/\/mundo.seashell.pt\/index.php?rest_route=\/wp\/v2\/media\/6128"}],"wp:attachment":[{"href":"https:\/\/mundo.seashell.pt\/index.php?rest_route=%2Fwp%2Fv2%2Fmedia&parent=6127"}],"wp:term":[{"taxonomy":"product_cat","embeddable":true,"href":"https:\/\/mundo.seashell.pt\/index.php?rest_route=%2Fwp%2Fv2%2Fproduct_cat&post=6127"},{"taxonomy":"product_tag","embeddable":true,"href":"https:\/\/mundo.seashell.pt\/index.php?rest_route=%2Fwp%2Fv2%2Fproduct_tag&post=6127"}],"curies":[{"name":"wp","href":"https:\/\/api.w.org\/{rel}","templated":true}]}}