{"id":6123,"date":"2022-02-23T11:50:32","date_gmt":"2022-02-23T11:50:32","guid":{"rendered":"https:\/\/mundo.seashell.pt\/?post_type=product&#038;p=6123"},"modified":"2022-02-23T11:50:36","modified_gmt":"2022-02-23T11:50:36","slug":"dispensador-de-papel-higienico-com-extracao-central-abs","status":"publish","type":"product","link":"https:\/\/mundo.seashell.pt\/?product=dispensador-de-papel-higienico-com-extracao-central-abs","title":{"rendered":"Dispensador de Papel Higi\u00e9nico com Extra\u00e7\u00e3o Central  Eco-Luxe ABS"},"content":{"rendered":"<p>Design, qualidade e funcionalidade. Estas s\u00e3o as tr\u00eas caracter\u00edsticas principais do dispensador central de papel higi\u00e9nico da nova linha ECO-LUXE.<\/p>\n<p>A distribui\u00e7\u00e3o folha a folha do papel evita a contamina\u00e7\u00e3o cruzada dos usu\u00e1rios, mantendo o restante do rolo protegido dentro do distribuidor. Uma caracter\u00edstica de vital import\u00e2ncia para a adapta\u00e7\u00e3o \u00e0 &#8216;economia de baixo contacto&#8217; gerada pelo novo coronav\u00edrus.<\/p>\n<p>Reduza o consumo de papel gra\u00e7as ao sistema de dispensa controlada. A extra\u00e7\u00e3o central do papel folha a folha favorece o uso respons\u00e1vel do papel e evita o uso desproporcional do mesmo.<\/p>\n<p>\u00c9 feito em material ABS 100% ECO-SUSTENT\u00c1VEL e possui um belo design que intercala superf\u00edcies lisas com \u00e1reas onduladas que conferem ao produto um estilo \u00fanico e diferenciador. Vem equipado com fechadura e chave de pl\u00e1stico para facilitar a substitui\u00e7\u00e3o dos consum\u00edveis e proteger o interior do aparelho contra uso indevido.<\/p>\n<p>A nova linha ECO-LUXE nasceu da vontade de contribuir para a melhoria da higiene dos espa\u00e7os p\u00fablicos, proporcionando qualidade, funcionalidade e design a pre\u00e7os competitivos. Foi projetado para obter um desempenho ideal, com base na longa experi\u00eancia da LOSDI como uma marca consolidada no campo da higiene profissional e industrial em mais de 45 pa\u00edses.<\/p>\n","protected":false},"excerpt":{"rendered":"<p>Design, qualidade e funcionalidade. Estas s\u00e3o as tr\u00eas caracter\u00edsticas principais do dispensador central de papel higi\u00e9nico da nova linha ECO-LUXE.<br \/>\nA distribui\u00e7\u00e3o folha a folha do papel evita a contamina\u00e7\u00e3o cruzada dos usu\u00e1rios, mantendo o restante do rolo protegido dentro do distribuidor. Uma caracter\u00edstica de vital import\u00e2ncia para a &#8230;<\/p>\n","protected":false},"featured_media":6124,"template":"","meta":{"spay_email":""},"product_cat":[15],"product_tag":[],"class_list":{"0":"post-6123","1":"product","2":"type-product","3":"status-publish","4":"has-post-thumbnail","6":"product_cat-sem-categoria","8":"first","9":"instock","10":"taxable","11":"shipping-taxable","12":"purchasable","13":"product-type-simple"},"acf":[],"jetpack-related-posts":[{"id":6127,"url":"https:\/\/mundo.seashell.pt\/?product=dispensador-de-papel-em-mecha-com-estrangulador-abs","url_meta":{"origin":6123,"position":0},"title":"Dispensador de Papel em Mecha com Estrangulador Eco-Luxe ABS","date":"Fevereiro 23, 2022","format":false,"excerpt":"Design, qualidade e funcionalidade. Estas s\u00e3o as tr\u00eas principais caracter\u00edsticas do dispensador de mechas da nova linha ECO-LUXE. O dispensador de papel em mecha \u00e9 um dos dispositivos mais amplamente utilizados para lavar e secar as m\u00e3os, por exemplo, em cozinhas profissionais, cl\u00ednicas m\u00e9dicas, odontol\u00f3gicas e de fisioterapia. A remo\u00e7...","rel":"","context":"Similar post","img":{"alt_text":"","src":"https:\/\/i0.wp.com\/mundo.seashell.pt\/wp-content\/uploads\/2022\/02\/dispensador-de-papel-toalla-abs-eco-luxe-negro_9300473_xxl_PhotoRoom_20210411_120905-1.jpg?resize=350%2C200&ssl=1","width":350,"height":200},"classes":[]},{"id":6125,"url":"https:\/\/mundo.seashell.pt\/?product=dispensador-de-papel-em-mecha-abs","url_meta":{"origin":6123,"position":1},"title":"Dispensador de Papel em Mecha Eco-Luxe ABS","date":"Fevereiro 23, 2022","format":false,"excerpt":"Design, qualidade e funcionalidade. Estas s\u00e3o as tr\u00eas principais caracter\u00edsticas do dispensador de mechas da nova linha ECO-LUXE. O dispensador de papel em mecha \u00e9 um dos dispositivos mais amplamente utilizados para lavar e secar as m\u00e3os, por exemplo, em cozinhas profissionais, cl\u00ednicas m\u00e9dicas, odontol\u00f3gicas e de fisioterapia. A remo\u00e7...","rel":"","context":"Similar post","img":{"alt_text":"","src":"https:\/\/i0.wp.com\/mundo.seashell.pt\/wp-content\/uploads\/2022\/02\/dispensador-de-papel-toalla-abs-eco-luxe-negro_9300473_xxl_PhotoRoom_20210411_120905.jpg?resize=350%2C200&ssl=1","width":350,"height":200},"classes":[]},{"id":6121,"url":"https:\/\/mundo.seashell.pt\/?product=dispensador-de-toalhas-de-mao-600-uds-abs","url_meta":{"origin":6123,"position":2},"title":"Dispensador de Toalhas de M\u00e3o 600 uds. Eco-Luxe ABS","date":"Fevereiro 23, 2022","format":false,"excerpt":"Design, qualidade e funcionalidade. Estas s\u00e3o as tr\u00eas principais caracter\u00edsticas do dispensador de papel toalha da nova linha ECO-LUXE. Os dispensadores de papel toalha s\u00e3o a principal op\u00e7\u00e3o para secar as m\u00e3os em espa\u00e7os p\u00fablicos. O novo dispensador de papel toalha tem capacidade para 600 toalhas dobradas em Z, sendo\u2026","rel":"","context":"Similar post","img":{"alt_text":"","src":"https:\/\/i0.wp.com\/mundo.seashell.pt\/wp-content\/uploads\/2022\/02\/dispensador-de-papel-higienico-abs-eco-luxe-negro_9300471_xxl_PhotoRoom_20210411_121038.jpg?resize=350%2C200&ssl=1","width":350,"height":200},"classes":[]},{"id":6115,"url":"https:\/\/mundo.seashell.pt\/?product=dispensador-de-papel-higienico-jumbo","url_meta":{"origin":6123,"position":3},"title":"Dispensador de Papel Higi\u00e9nico Jumbo Eco-Luxe","date":"Fevereiro 23, 2022","format":false,"excerpt":"O dispensador de papel higi\u00e9nico de tamanho jumbo acomoda rolos de papel de at\u00e9 210 mm de largura por 220 mm de di\u00e2metro, com uma c\u00e2nula de di\u00e2metro m\u00e1ximo de 45 mm.","rel":"","context":"Similar post","img":{"alt_text":"","src":"https:\/\/i0.wp.com\/mundo.seashell.pt\/wp-content\/uploads\/2022\/02\/dispensador-de-papel-higienico-jumbo-abs-eco-luxe-blanco_9312221_xxl_PhotoRoom_20210411_120744.jpg?resize=350%2C200&ssl=1","width":350,"height":200},"classes":[]},{"id":6117,"url":"https:\/\/mundo.seashell.pt\/?product=dispensador-de-papel-higienico-maxi-jumbo","url_meta":{"origin":6123,"position":4},"title":"Dispensador de Papel Higi\u00e9nico Maxi Jumbo Eco-Luxe","date":"Fevereiro 23, 2022","format":false,"excerpt":"O distribuidor de papel higi\u00eanico de tamanho maxi jumbo pode conter rolos de papel de at\u00e9 110 mm de largura por 270 mm de di\u00e2metro, com uma c\u00e2nula de di\u00e2metro m\u00e1ximo de 56 mm.","rel":"","context":"Similar post","img":{"alt_text":"","src":"https:\/\/i0.wp.com\/mundo.seashell.pt\/wp-content\/uploads\/2022\/02\/dispensador-de-papel-higienico-jumbo-abs-eco-luxe-blanco_9312221_xxl_PhotoRoom_20210411_120744-1.jpg?resize=350%2C200&ssl=1","width":350,"height":200},"classes":[]},{"id":6119,"url":"https:\/\/mundo.seashell.pt\/?product=dispensador-de-sabonete-liquido-900ml","url_meta":{"origin":6123,"position":5},"title":"Dispensador de Sabonete L\u00edquido 900ml Eco-Luxe","date":"Fevereiro 23, 2022","format":false,"excerpt":"Design, qualidade e funcionalidade. Essas s\u00e3o as tr\u00eas principais caracter\u00edsticas do dispensador de sabonete l\u00edquido da nova linha ECO-LUXE. Este dispensador de sabonete pode conter at\u00e9 1 litro de sabonete l\u00edquido em seu frasco recarreg\u00e1vel, permitindo o uso a longo prazo. Equipado com v\u00e1lvula anti-gotas para evitar o desperd\u00edcio de\u2026","rel":"","context":"Similar post","img":{"alt_text":"","src":"https:\/\/i0.wp.com\/mundo.seashell.pt\/wp-content\/uploads\/2022\/02\/dosificador-de-jabon-liquido-con-botella-rellenable-eco-luxe-blanco_9300467_xxl_PhotoRoom_20210411_120933.jpg?resize=350%2C200&ssl=1","width":350,"height":200},"classes":[]}],"_links":{"self":[{"href":"https:\/\/mundo.seashell.pt\/index.php?rest_route=\/wp\/v2\/product\/6123","targetHints":{"allow":["GET"]}}],"collection":[{"href":"https:\/\/mundo.seashell.pt\/index.php?rest_route=\/wp\/v2\/product"}],"about":[{"href":"https:\/\/mundo.seashell.pt\/index.php?rest_route=\/wp\/v2\/types\/product"}],"wp:featuredmedia":[{"embeddable":true,"href":"https:\/\/mundo.seashell.pt\/index.php?rest_route=\/wp\/v2\/media\/6124"}],"wp:attachment":[{"href":"https:\/\/mundo.seashell.pt\/index.php?rest_route=%2Fwp%2Fv2%2Fmedia&parent=6123"}],"wp:term":[{"taxonomy":"product_cat","embeddable":true,"href":"https:\/\/mundo.seashell.pt\/index.php?rest_route=%2Fwp%2Fv2%2Fproduct_cat&post=6123"},{"taxonomy":"product_tag","embeddable":true,"href":"https:\/\/mundo.seashell.pt\/index.php?rest_route=%2Fwp%2Fv2%2Fproduct_tag&post=6123"}],"curies":[{"name":"wp","href":"https:\/\/api.w.org\/{rel}","templated":true}]}}