{"id":6119,"date":"2022-02-23T11:50:23","date_gmt":"2022-02-23T11:50:23","guid":{"rendered":"https:\/\/mundo.seashell.pt\/?post_type=product&#038;p=6119"},"modified":"2022-02-23T11:50:27","modified_gmt":"2022-02-23T11:50:27","slug":"dispensador-de-sabonete-liquido-900ml","status":"publish","type":"product","link":"https:\/\/mundo.seashell.pt\/?product=dispensador-de-sabonete-liquido-900ml","title":{"rendered":"Dispensador de Sabonete L\u00edquido 900ml Eco-Luxe"},"content":{"rendered":"<p>Design, qualidade e funcionalidade. Essas s\u00e3o as tr\u00eas principais caracter\u00edsticas do dispensador de sabonete l\u00edquido da nova linha ECO-LUXE.<\/p>\n<p>Este dispensador de sabonete pode conter at\u00e9 1 litro de sabonete l\u00edquido em seu frasco recarreg\u00e1vel, permitindo o uso a longo prazo. Equipado com v\u00e1lvula anti-gotas para evitar o desperd\u00edcio de consum\u00edveis e que permite dosear 1 mililitro de sabonete por impulso.<\/p>\n<p>Seu corpo externo \u00e9 feito de material ABS e d\u00e1 ao dispensador um design \u00fanico e marcante. \u00c9 composto por uma fechadura e chave de pl\u00e1stico para facilitar a substitui\u00e7\u00e3o dos consum\u00edveis e proteger o interior do aparelho contra o uso impr\u00f3prio.<\/p>\n<p>A nova linha ECO-LUXE nasceu da vontade de contribuir para a melhoria da higiene dos espa\u00e7os p\u00fablicos, proporcionando qualidade, funcionalidade e design a pre\u00e7os competitivos. Foi projetado para obter um desempenho ideal, com base na longa experi\u00eancia da LOSDI como uma marca consolidada no campo da higiene profissional e industrial em mais de 45 pa\u00edses.<\/p>\n","protected":false},"excerpt":{"rendered":"<p>Design, qualidade e funcionalidade. Essas s\u00e3o as tr\u00eas principais caracter\u00edsticas do dispensador de sabonete l\u00edquido da nova linha ECO-LUXE.<br \/>\nEste dispensador de sabonete pode conter at\u00e9 1 litro de sabonete l\u00edquido em seu frasco recarreg\u00e1vel, permitindo o uso a longo prazo. Equipado com v\u00e1lvula anti-gotas para evitar o desperd\u00edcio de con&#8230;<\/p>\n","protected":false},"featured_media":6120,"template":"","meta":{"spay_email":""},"product_cat":[15],"product_tag":[],"class_list":{"0":"post-6119","1":"product","2":"type-product","3":"status-publish","4":"has-post-thumbnail","6":"product_cat-sem-categoria","8":"first","9":"instock","10":"taxable","11":"shipping-taxable","12":"purchasable","13":"product-type-simple"},"acf":[],"jetpack-related-posts":[{"id":6123,"url":"https:\/\/mundo.seashell.pt\/?product=dispensador-de-papel-higienico-com-extracao-central-abs","url_meta":{"origin":6119,"position":0},"title":"Dispensador de Papel Higi\u00e9nico com Extra\u00e7\u00e3o Central  Eco-Luxe ABS","date":"Fevereiro 23, 2022","format":false,"excerpt":"Design, qualidade e funcionalidade. Estas s\u00e3o as tr\u00eas caracter\u00edsticas principais do dispensador central de papel higi\u00e9nico da nova linha ECO-LUXE. A distribui\u00e7\u00e3o folha a folha do papel evita a contamina\u00e7\u00e3o cruzada dos usu\u00e1rios, mantendo o restante do rolo protegido dentro do distribuidor. Uma caracter\u00edstica de vital import\u00e2ncia para a ...","rel":"","context":"Similar post","img":{"alt_text":"","src":"https:\/\/i0.wp.com\/mundo.seashell.pt\/wp-content\/uploads\/2022\/02\/dispensador-de-papel-higienico-dispensacion-central-eco-luxe-blanco_9312041_xxl_PhotoRoom_20210411_120841.jpg?resize=350%2C200&ssl=1","width":350,"height":200},"classes":[]},{"id":6121,"url":"https:\/\/mundo.seashell.pt\/?product=dispensador-de-toalhas-de-mao-600-uds-abs","url_meta":{"origin":6119,"position":1},"title":"Dispensador de Toalhas de M\u00e3o 600 uds. Eco-Luxe ABS","date":"Fevereiro 23, 2022","format":false,"excerpt":"Design, qualidade e funcionalidade. Estas s\u00e3o as tr\u00eas principais caracter\u00edsticas do dispensador de papel toalha da nova linha ECO-LUXE. Os dispensadores de papel toalha s\u00e3o a principal op\u00e7\u00e3o para secar as m\u00e3os em espa\u00e7os p\u00fablicos. O novo dispensador de papel toalha tem capacidade para 600 toalhas dobradas em Z, sendo\u2026","rel":"","context":"Similar post","img":{"alt_text":"","src":"https:\/\/i0.wp.com\/mundo.seashell.pt\/wp-content\/uploads\/2022\/02\/dispensador-de-papel-higienico-abs-eco-luxe-negro_9300471_xxl_PhotoRoom_20210411_121038.jpg?resize=350%2C200&ssl=1","width":350,"height":200},"classes":[]},{"id":6115,"url":"https:\/\/mundo.seashell.pt\/?product=dispensador-de-papel-higienico-jumbo","url_meta":{"origin":6119,"position":2},"title":"Dispensador de Papel Higi\u00e9nico Jumbo Eco-Luxe","date":"Fevereiro 23, 2022","format":false,"excerpt":"O dispensador de papel higi\u00e9nico de tamanho jumbo acomoda rolos de papel de at\u00e9 210 mm de largura por 220 mm de di\u00e2metro, com uma c\u00e2nula de di\u00e2metro m\u00e1ximo de 45 mm.","rel":"","context":"Similar post","img":{"alt_text":"","src":"https:\/\/i0.wp.com\/mundo.seashell.pt\/wp-content\/uploads\/2022\/02\/dispensador-de-papel-higienico-jumbo-abs-eco-luxe-blanco_9312221_xxl_PhotoRoom_20210411_120744.jpg?resize=350%2C200&ssl=1","width":350,"height":200},"classes":[]},{"id":6117,"url":"https:\/\/mundo.seashell.pt\/?product=dispensador-de-papel-higienico-maxi-jumbo","url_meta":{"origin":6119,"position":3},"title":"Dispensador de Papel Higi\u00e9nico Maxi Jumbo Eco-Luxe","date":"Fevereiro 23, 2022","format":false,"excerpt":"O distribuidor de papel higi\u00eanico de tamanho maxi jumbo pode conter rolos de papel de at\u00e9 110 mm de largura por 270 mm de di\u00e2metro, com uma c\u00e2nula de di\u00e2metro m\u00e1ximo de 56 mm.","rel":"","context":"Similar post","img":{"alt_text":"","src":"https:\/\/i0.wp.com\/mundo.seashell.pt\/wp-content\/uploads\/2022\/02\/dispensador-de-papel-higienico-jumbo-abs-eco-luxe-blanco_9312221_xxl_PhotoRoom_20210411_120744-1.jpg?resize=350%2C200&ssl=1","width":350,"height":200},"classes":[]},{"id":6133,"url":"https:\/\/mundo.seashell.pt\/?product=dispensador-automatico-de-sabonete-liquido-900ml-elegance-paris","url_meta":{"origin":6119,"position":4},"title":"Dispensador Autom\u00e1tico de Sabonete L\u00edquido 900ml Elegance Par\u00eds ABS Branco","date":"Fevereiro 23, 2022","format":false,"excerpt":"A decora\u00e7\u00e3o desempenha um papel muito importante nas casas de banho p\u00fablicas, visto que s\u00e3o a face vis\u00edvel do nosso neg\u00f3cio, por isso, os dispensadores fabricados pela LOSDI t\u00eam sempre aquele elemento decorativo que nos permite renovar o aspecto vis\u00edvel das \u00e1reas p\u00fablicas. Precisamente, as saboneteiras Losdi desempenham um papel\u2026","rel":"","context":"Similar post","img":{"alt_text":"","src":"https:\/\/i0.wp.com\/mundo.seashell.pt\/wp-content\/uploads\/2022\/02\/dosificador-de-jabon-liquido-automatico-900-ml-abs-color-blanco-modelo-paris-losdi_5571145_xxl_PhotoRoom_20210411_121151.jpg?resize=350%2C200&ssl=1","width":350,"height":200},"classes":[]},{"id":6129,"url":"https:\/\/mundo.seashell.pt\/?product=dispensador-de-sabonete-liquido-900ml-elegance-abs","url_meta":{"origin":6119,"position":5},"title":"Dispensador de Sabonete L\u00edquido 900ml Elegance Sydney ABS","date":"Fevereiro 23, 2022","format":false,"excerpt":"A decora\u00e7\u00e3o desempenha um papel muito importante nas casas de banho p\u00fablicas, visto que s\u00e3o a face vis\u00edvel do nosso neg\u00f3cio, por isso, os dispensadores fabricados pela LOSDI t\u00eam sempre aquele elemento decorativo que nos permite renovar o aspecto vis\u00edvel das \u00e1reas p\u00fablicas. Precisamente, as saboneteiras Losdi desempenham um papel\u2026","rel":"","context":"Similar post","img":{"alt_text":"","src":"https:\/\/i0.wp.com\/mundo.seashell.pt\/wp-content\/uploads\/2022\/02\/dosificador-de-jabon-liquido-1-l-abs-color-blanco-modelo-sydney-losdi_5571130_xxl_PhotoRoom_20210411_120738.jpg?resize=350%2C200&ssl=1","width":350,"height":200},"classes":[]}],"_links":{"self":[{"href":"https:\/\/mundo.seashell.pt\/index.php?rest_route=\/wp\/v2\/product\/6119","targetHints":{"allow":["GET"]}}],"collection":[{"href":"https:\/\/mundo.seashell.pt\/index.php?rest_route=\/wp\/v2\/product"}],"about":[{"href":"https:\/\/mundo.seashell.pt\/index.php?rest_route=\/wp\/v2\/types\/product"}],"wp:featuredmedia":[{"embeddable":true,"href":"https:\/\/mundo.seashell.pt\/index.php?rest_route=\/wp\/v2\/media\/6120"}],"wp:attachment":[{"href":"https:\/\/mundo.seashell.pt\/index.php?rest_route=%2Fwp%2Fv2%2Fmedia&parent=6119"}],"wp:term":[{"taxonomy":"product_cat","embeddable":true,"href":"https:\/\/mundo.seashell.pt\/index.php?rest_route=%2Fwp%2Fv2%2Fproduct_cat&post=6119"},{"taxonomy":"product_tag","embeddable":true,"href":"https:\/\/mundo.seashell.pt\/index.php?rest_route=%2Fwp%2Fv2%2Fproduct_tag&post=6119"}],"curies":[{"name":"wp","href":"https:\/\/api.w.org\/{rel}","templated":true}]}}