{"id":6103,"date":"2022-02-23T11:49:31","date_gmt":"2022-02-23T11:49:31","guid":{"rendered":"https:\/\/mundo.seashell.pt\/?post_type=product&#038;p=6103"},"modified":"2022-02-23T11:49:35","modified_gmt":"2022-02-23T11:49:35","slug":"restroom-10lt","status":"publish","type":"product","link":"https:\/\/mundo.seashell.pt\/?product=restroom-10lt","title":{"rendered":"Detergente Desincrustante Restroom 10Lt"},"content":{"rendered":"<h2>Detergente desincrustante para casas de banho ultra-concentrado<\/h2>\n<p>Seguro, conveniente e sustent\u00e1vel<\/p>\n<p>Produto ultra-concentrado<\/p>\n<p>Com agentes antiredepositantes<\/p>\n<h4><\/h4>\n<h4>Descri\u00e7\u00e3o<\/h4>\n<p>Detergente desincrustante ultra-concentrado, \u00e0 base de \u00e1cido c\u00edtrico e com perfume afrutado. Ideal para casas de banho e indicado para a limpeza di\u00e1ria de torneiras, banheiras, duches, azulejos, etc. Seu uso di\u00e1rio, gra\u00e7as aos agentes antiredepositantes, ajuda a prevenir a forma\u00e7\u00e3o de incrusta\u00e7\u00f5es.<\/p>\n<h4><\/h4>\n<h4>Dilui\u00e7\u00e3o<\/h4>\n<p>6% (30 ml em 500 ml de \u00e1gua).<br \/>Produto dilu\u00eddo do sistema de dilui\u00e7\u00e3o. Para mais informa\u00e7\u00f5es contactar os t\u00e9cnicos da Sutter Professional.<\/p>\n<h4><\/h4>\n<h4>Como usar<\/h4>\n<p>Deve ser utilizado com sistemas autom\u00e1ticos de dosagem Sutter Tech.<br \/>Borrifar a solu\u00e7\u00e3o na superf\u00edcie. Esfregar com pano h\u00famido ou pano esponja. Deixar atuar e enxaguar.<\/p>\n","protected":false},"excerpt":{"rendered":"<p>Detergente desincrustante para casas de banho ultra-concentrado<\/p>\n","protected":false},"featured_media":6104,"template":"","meta":{"spay_email":""},"product_cat":[15],"product_tag":[],"class_list":{"0":"post-6103","1":"product","2":"type-product","3":"status-publish","4":"has-post-thumbnail","6":"product_cat-sem-categoria","8":"first","9":"instock","10":"taxable","11":"shipping-taxable","12":"purchasable","13":"product-type-simple"},"acf":[],"jetpack-related-posts":[{"id":6091,"url":"https:\/\/mundo.seashell.pt\/?product=ruby-easy-750ml","url_meta":{"origin":6103,"position":0},"title":"Detergente antic\u00e1lcario Ruby Easy","date":"Fevereiro 23, 2022","format":false,"excerpt":"Detergente desincrustante super concentrado \u00e0 base de \u00e1cido org\u00e2nico de origem natural","rel":"","context":"Similar post","img":{"alt_text":"","src":"https:\/\/i0.wp.com\/mundo.seashell.pt\/wp-content\/uploads\/2022\/02\/ruby_easy.jpg?resize=350%2C200&ssl=1","width":350,"height":200},"classes":[]},{"id":6048,"url":"https:\/\/mundo.seashell.pt\/?product=plural-10lt","url_meta":{"origin":6103,"position":1},"title":"Detergente Multiusos Plural 10Lt","date":"Fevereiro 23, 2022","format":false,"excerpt":"Detergente multiusos ultra-concentrado para a limpeza di\u00e1ria do mobili\u00e1rio. Indicado para vidros, espelhos, superf\u00edcies lav\u00e1veis.","rel":"","context":"Similar post","img":{"alt_text":"","src":"https:\/\/i0.wp.com\/mundo.seashell.pt\/wp-content\/uploads\/2022\/02\/plural.jpg?resize=350%2C200&ssl=1","width":350,"height":200},"classes":[]},{"id":6089,"url":"https:\/\/mundo.seashell.pt\/?product=ruby-500ml","url_meta":{"origin":6103,"position":2},"title":"Detergente Anticalc\u00e1rio Ruby","date":"Fevereiro 23, 2022","format":false,"excerpt":"Detergente desincrustante \u00e0 base de \u00e1cido org\u00e2nico de origem natural (\u00e1cido c\u00edtrico)","rel":"","context":"Similar post","img":{"alt_text":"","src":"https:\/\/i0.wp.com\/mundo.seashell.pt\/wp-content\/uploads\/2022\/02\/ruby.jpg?resize=350%2C200&ssl=1","width":350,"height":200},"classes":[]},{"id":6095,"url":"https:\/\/mundo.seashell.pt\/?product=edelweiss-500ml","url_meta":{"origin":6103,"position":3},"title":"Detergente Desincrustante Edelweiss","date":"Fevereiro 23, 2022","format":false,"excerpt":"Detergente desincrustante \u00e0 base de \u00e1cido c\u00edtrico f\u00e1cil de enxaguar","rel":"","context":"Similar post","img":{"alt_text":"","src":"https:\/\/i0.wp.com\/mundo.seashell.pt\/wp-content\/uploads\/2022\/02\/edelweiss.jpg?resize=350%2C200&ssl=1","width":350,"height":200},"classes":[]},{"id":5964,"url":"https:\/\/mundo.seashell.pt\/?product=clean-10lt","url_meta":{"origin":6103,"position":4},"title":"Detergente Clean 10Lt","date":"Fevereiro 23, 2022","format":false,"excerpt":"Detergente universal ultra-concentrado de alto desempenho, para a limpeza de todas as superf\u00edcies duras.","rel":"","context":"Similar post","img":{"alt_text":"","src":"https:\/\/i0.wp.com\/mundo.seashell.pt\/wp-content\/uploads\/2022\/02\/clean.jpg?resize=350%2C200&ssl=1","width":350,"height":200},"classes":[]},{"id":5966,"url":"https:\/\/mundo.seashell.pt\/?product=cleansan-10lt","url_meta":{"origin":6103,"position":5},"title":"Detergente Cleansan 10Lt","date":"Fevereiro 23, 2022","format":false,"excerpt":"Detergente ultra-concentrado com efeito desodorizante para todas as superf\u00edcies lav\u00e1veis e para a manuten\u00e7\u00e3o de todos os tipos de pavimento.","rel":"","context":"Similar post","img":{"alt_text":"","src":"https:\/\/i0.wp.com\/mundo.seashell.pt\/wp-content\/uploads\/2022\/02\/clean_san.jpg?resize=350%2C200&ssl=1","width":350,"height":200},"classes":[]}],"_links":{"self":[{"href":"https:\/\/mundo.seashell.pt\/index.php?rest_route=\/wp\/v2\/product\/6103","targetHints":{"allow":["GET"]}}],"collection":[{"href":"https:\/\/mundo.seashell.pt\/index.php?rest_route=\/wp\/v2\/product"}],"about":[{"href":"https:\/\/mundo.seashell.pt\/index.php?rest_route=\/wp\/v2\/types\/product"}],"wp:featuredmedia":[{"embeddable":true,"href":"https:\/\/mundo.seashell.pt\/index.php?rest_route=\/wp\/v2\/media\/6104"}],"wp:attachment":[{"href":"https:\/\/mundo.seashell.pt\/index.php?rest_route=%2Fwp%2Fv2%2Fmedia&parent=6103"}],"wp:term":[{"taxonomy":"product_cat","embeddable":true,"href":"https:\/\/mundo.seashell.pt\/index.php?rest_route=%2Fwp%2Fv2%2Fproduct_cat&post=6103"},{"taxonomy":"product_tag","embeddable":true,"href":"https:\/\/mundo.seashell.pt\/index.php?rest_route=%2Fwp%2Fv2%2Fproduct_tag&post=6103"}],"curies":[{"name":"wp","href":"https:\/\/api.w.org\/{rel}","templated":true}]}}