{"id":6095,"date":"2022-02-23T11:49:16","date_gmt":"2022-02-23T11:49:16","guid":{"rendered":"https:\/\/mundo.seashell.pt\/?post_type=product&#038;p=6095"},"modified":"2022-02-23T11:49:19","modified_gmt":"2022-02-23T11:49:19","slug":"edelweiss-500ml","status":"publish","type":"product","link":"https:\/\/mundo.seashell.pt\/?product=edelweiss-500ml","title":{"rendered":"Detergente Desincrustante Edelweiss"},"content":{"rendered":"<h2>Detergente desincrustante para casas de banho, com efeito desodorizante<\/h2>\n<ul>\n<li>Tripla a\u00e7\u00e3o: limpeza &#8211; desincrustante &#8211; desodorizante<\/li>\n<li>Previne as incrusta\u00e7\u00f5es e deixa as superf\u00edcies brilhantes<\/li>\n<li>Agrad\u00e1vel fragr\u00e2ncia afrutada<\/li>\n<\/ul>\n<h4><\/h4>\n<h4>Descri\u00e7\u00e3o<\/h4>\n<p>Detergente desincrustante \u00e0 base de \u00e1cido c\u00edtrico f\u00e1cil de enxaguar. Espec\u00edfico para o ambiente da casa de banho (lavabos, banheiras, revestimentos de cer\u00e2mica, torneiras e acess\u00f3rios, etc.).<\/p>\n<h4><\/h4>\n<h4>Dilui\u00e7\u00e3o<\/h4>\n<p>Pronto para o uso.<\/p>\n<h4><\/h4>\n<h4>Como usar<\/h4>\n<p>Formato 500 ml: Pulverize o produto na superf\u00edcie. Passe com um pano h\u00famido ou esponja. Deixe atuar e depois enxague.&nbsp;<\/p>\n<p>Formato 5 kg: Deite o produto no pulverizador antes de usar. Pulverize o produto na superf\u00edcie. Passe com um pano h\u00famido ou esponja. Deixe atuar e depois enxague.<\/p>\n","protected":false},"excerpt":{"rendered":"<p>Detergente desincrustante \u00e0 base de \u00e1cido c\u00edtrico f\u00e1cil de enxaguar<\/p>\n","protected":false},"featured_media":6096,"template":"","meta":{"spay_email":""},"product_cat":[15],"product_tag":[],"class_list":{"0":"post-6095","1":"product","2":"type-product","3":"status-publish","4":"has-post-thumbnail","6":"product_cat-sem-categoria","8":"first","9":"instock","10":"taxable","11":"shipping-taxable","12":"purchasable","13":"product-type-simple"},"acf":[],"jetpack-related-posts":[{"id":6103,"url":"https:\/\/mundo.seashell.pt\/?product=restroom-10lt","url_meta":{"origin":6095,"position":0},"title":"Detergente Desincrustante Restroom 10Lt","date":"Fevereiro 23, 2022","format":false,"excerpt":"Detergente desincrustante para casas de banho ultra-concentrado","rel":"","context":"Similar post","img":{"alt_text":"","src":"https:\/\/i0.wp.com\/mundo.seashell.pt\/wp-content\/uploads\/2022\/02\/rest_room.jpg?resize=350%2C200&ssl=1","width":350,"height":200},"classes":[]},{"id":6089,"url":"https:\/\/mundo.seashell.pt\/?product=ruby-500ml","url_meta":{"origin":6095,"position":1},"title":"Detergente Anticalc\u00e1rio Ruby","date":"Fevereiro 23, 2022","format":false,"excerpt":"Detergente desincrustante \u00e0 base de \u00e1cido org\u00e2nico de origem natural (\u00e1cido c\u00edtrico)","rel":"","context":"Similar post","img":{"alt_text":"","src":"https:\/\/i0.wp.com\/mundo.seashell.pt\/wp-content\/uploads\/2022\/02\/ruby.jpg?resize=350%2C200&ssl=1","width":350,"height":200},"classes":[]},{"id":6091,"url":"https:\/\/mundo.seashell.pt\/?product=ruby-easy-750ml","url_meta":{"origin":6095,"position":2},"title":"Detergente antic\u00e1lcario Ruby Easy","date":"Fevereiro 23, 2022","format":false,"excerpt":"Detergente desincrustante super concentrado \u00e0 base de \u00e1cido org\u00e2nico de origem natural","rel":"","context":"Similar post","img":{"alt_text":"","src":"https:\/\/i0.wp.com\/mundo.seashell.pt\/wp-content\/uploads\/2022\/02\/ruby_easy.jpg?resize=350%2C200&ssl=1","width":350,"height":200},"classes":[]},{"id":6097,"url":"https:\/\/mundo.seashell.pt\/?product=xtra-calc-500ml","url_meta":{"origin":6095,"position":3},"title":"Detergente Desincrustante Xtra-Calc 500Ml","date":"Fevereiro 23, 2022","format":false,"excerpt":"Detergente desincrustante pronto para uso. Ideal para o ambiente da casa de banho (lavabos, banheiras, revestimentos de cer\u00e2mica, torneiras)","rel":"","context":"Similar post","img":{"alt_text":"","src":"https:\/\/i0.wp.com\/mundo.seashell.pt\/wp-content\/uploads\/2022\/02\/xtra_calc.jpg?resize=350%2C200&ssl=1","width":350,"height":200},"classes":[]},{"id":6093,"url":"https:\/\/mundo.seashell.pt\/?product=descaler-plus-1lt-loica-automatica","url_meta":{"origin":6095,"position":4},"title":"Detergente Desincrustante Descaler Plus 1Lt","date":"Fevereiro 23, 2022","format":false,"excerpt":"Detergente desincrustante \u00e0 base de \u00e1cidos org\u00e2nicos de origem natural","rel":"","context":"Similar post","img":{"alt_text":"","src":"https:\/\/i0.wp.com\/mundo.seashell.pt\/wp-content\/uploads\/2022\/02\/descaler_plus.jpg?resize=350%2C200&ssl=1","width":350,"height":200},"classes":[]},{"id":6101,"url":"https:\/\/mundo.seashell.pt\/?product=pom-wc-750ml","url_meta":{"origin":6095,"position":5},"title":"Desincrustante Pom WC 750Ml","date":"Fevereiro 23, 2022","format":false,"excerpt":"Detergente desincrustante \u00e0 base de \u00e1cidos org\u00e2nicos de origem natural (\u00e1cido c\u00edtrico e \u00e1cido l\u00e1ctico) com elevada a\u00e7\u00e3o desodorizante para a limpeza di\u00e1ria da sanita","rel":"","context":"Similar post","img":{"alt_text":"","src":"https:\/\/i0.wp.com\/mundo.seashell.pt\/wp-content\/uploads\/2022\/02\/PhotoRoom_20210325_092139.jpg?resize=350%2C200&ssl=1","width":350,"height":200},"classes":[]}],"_links":{"self":[{"href":"https:\/\/mundo.seashell.pt\/index.php?rest_route=\/wp\/v2\/product\/6095","targetHints":{"allow":["GET"]}}],"collection":[{"href":"https:\/\/mundo.seashell.pt\/index.php?rest_route=\/wp\/v2\/product"}],"about":[{"href":"https:\/\/mundo.seashell.pt\/index.php?rest_route=\/wp\/v2\/types\/product"}],"wp:featuredmedia":[{"embeddable":true,"href":"https:\/\/mundo.seashell.pt\/index.php?rest_route=\/wp\/v2\/media\/6096"}],"wp:attachment":[{"href":"https:\/\/mundo.seashell.pt\/index.php?rest_route=%2Fwp%2Fv2%2Fmedia&parent=6095"}],"wp:term":[{"taxonomy":"product_cat","embeddable":true,"href":"https:\/\/mundo.seashell.pt\/index.php?rest_route=%2Fwp%2Fv2%2Fproduct_cat&post=6095"},{"taxonomy":"product_tag","embeddable":true,"href":"https:\/\/mundo.seashell.pt\/index.php?rest_route=%2Fwp%2Fv2%2Fproduct_tag&post=6095"}],"curies":[{"name":"wp","href":"https:\/\/api.w.org\/{rel}","templated":true}]}}