{"id":6093,"date":"2022-02-23T11:49:14","date_gmt":"2022-02-23T11:49:14","guid":{"rendered":"https:\/\/mundo.seashell.pt\/?post_type=product&#038;p=6093"},"modified":"2022-02-23T11:49:16","modified_gmt":"2022-02-23T11:49:16","slug":"descaler-plus-1lt-loica-automatica","status":"publish","type":"product","link":"https:\/\/mundo.seashell.pt\/?product=descaler-plus-1lt-loica-automatica","title":{"rendered":"Detergente Desincrustante Descaler Plus 1Lt"},"content":{"rendered":"<h2>Detergente natural desincrustante<\/h2>\n<ul>\n<li>Efic\u00e1cia vs l\u00edderes de mercado testada em laborat\u00f3rio certificado ISO 17025<\/li>\n<li>Produto com mat\u00e9rias-primas de origem vegetal e completamente biodegrad\u00e1vel*<\/li>\n<li>Indicado para a desincrusta\u00e7\u00e3o da m\u00e1quina de lavar loi\u00e7a<\/li>\n<\/ul>\n<h4><\/h4>\n<h4>Descri\u00e7\u00e3o<\/h4>\n<p>Detergente desincrustante \u00e0 base de \u00e1cidos org\u00e2nicos de origem natural (\u00e1cido c\u00edtrico e \u00e1cido l\u00e1ctico). Indicado para remover res\u00edduos de calc\u00e1rio de superf\u00edcies esmaltadas, torneiras, gr\u00e9s, cer\u00e2micas e para desincrustar as m\u00e1quinas de lavar loi\u00e7a. Cont\u00e9m mat\u00e9rias-primas de origem vegetal (por ex. tensioativos, \u00e1cidos) derivadas do processamento de glicose, milho e batatas. Sem fosfatos, sem n\u00edquel (inferior a 0,01 ppm). Incolor e sem perfume. Indicado inclusive em ambientes HACCP.<\/p>\n<h4><\/h4>\n<h4>Dilui\u00e7\u00e3o<\/h4>\n<p>3% (300 ml em 10 L de \u00e1gua) &#8211; puros se necess\u00e1rio. A dose aconselhada permite poupar e reduzir ao m\u00ednimo o impacto ambiental. Em rela\u00e7\u00e3o a um produto j\u00e1 dilu\u00eddo, basta usar uma pequena quantidade de produto.<\/p>\n<h4><\/h4>\n<h4>Como usar<\/h4>\n<p>Para uso manual e\/ou com lavadora-aspiradora. Para a manuten\u00e7\u00e3o di\u00e1ria, diluir a 3%. Para a\u00e7\u00e3o anticalc\u00e1ria excecional, limpeza profunda e desincrusta\u00e7\u00e3o de m\u00e1quina de lavar loi\u00e7a, usar DESCALER PLUS puro. Espalhar a solu\u00e7\u00e3o em toda a superf\u00edcie, deixar atuar e enxaguar se houver res\u00edduos. Em caso de sujidade persistente considerar outra dilui\u00e7\u00e3o.<\/p>\n","protected":false},"excerpt":{"rendered":"<p>Detergente desincrustante \u00e0 base de \u00e1cidos org\u00e2nicos de origem natural <\/p>\n","protected":false},"featured_media":6094,"template":"","meta":{"spay_email":""},"product_cat":[15],"product_tag":[],"class_list":{"0":"post-6093","1":"product","2":"type-product","3":"status-publish","4":"has-post-thumbnail","6":"product_cat-sem-categoria","8":"first","9":"instock","10":"taxable","11":"shipping-taxable","12":"purchasable","13":"product-type-simple"},"acf":[],"jetpack-related-posts":[{"id":6089,"url":"https:\/\/mundo.seashell.pt\/?product=ruby-500ml","url_meta":{"origin":6093,"position":0},"title":"Detergente Anticalc\u00e1rio Ruby","date":"Fevereiro 23, 2022","format":false,"excerpt":"Detergente desincrustante \u00e0 base de \u00e1cido org\u00e2nico de origem natural (\u00e1cido c\u00edtrico)","rel":"","context":"Similar post","img":{"alt_text":"","src":"https:\/\/i0.wp.com\/mundo.seashell.pt\/wp-content\/uploads\/2022\/02\/ruby.jpg?resize=350%2C200&ssl=1","width":350,"height":200},"classes":[]},{"id":6101,"url":"https:\/\/mundo.seashell.pt\/?product=pom-wc-750ml","url_meta":{"origin":6093,"position":1},"title":"Desincrustante Pom WC 750Ml","date":"Fevereiro 23, 2022","format":false,"excerpt":"Detergente desincrustante \u00e0 base de \u00e1cidos org\u00e2nicos de origem natural (\u00e1cido c\u00edtrico e \u00e1cido l\u00e1ctico) com elevada a\u00e7\u00e3o desodorizante para a limpeza di\u00e1ria da sanita","rel":"","context":"Similar post","img":{"alt_text":"","src":"https:\/\/i0.wp.com\/mundo.seashell.pt\/wp-content\/uploads\/2022\/02\/PhotoRoom_20210325_092139.jpg?resize=350%2C200&ssl=1","width":350,"height":200},"classes":[]},{"id":6091,"url":"https:\/\/mundo.seashell.pt\/?product=ruby-easy-750ml","url_meta":{"origin":6093,"position":2},"title":"Detergente antic\u00e1lcario Ruby Easy","date":"Fevereiro 23, 2022","format":false,"excerpt":"Detergente desincrustante super concentrado \u00e0 base de \u00e1cido org\u00e2nico de origem natural","rel":"","context":"Similar post","img":{"alt_text":"","src":"https:\/\/i0.wp.com\/mundo.seashell.pt\/wp-content\/uploads\/2022\/02\/ruby_easy.jpg?resize=350%2C200&ssl=1","width":350,"height":200},"classes":[]},{"id":6105,"url":"https:\/\/mundo.seashell.pt\/?product=sf200-5kg","url_meta":{"origin":6093,"position":3},"title":"Detergente desincrustante S.F.200 5Kg","date":"Fevereiro 23, 2022","format":false,"excerpt":"Detergente \u00e1cido espec\u00edfico para a remo\u00e7\u00e3o de incrusta\u00e7\u00f5es calc\u00e1rias das superf\u00edcies","rel":"","context":"Similar post","img":{"alt_text":"","src":"https:\/\/i0.wp.com\/mundo.seashell.pt\/wp-content\/uploads\/2022\/02\/s.f.200.jpg?resize=350%2C200&ssl=1","width":350,"height":200},"classes":[]},{"id":5896,"url":"https:\/\/mundo.seashell.pt\/?product=descaler-dw-5kg-loica-automatica","url_meta":{"origin":6093,"position":4},"title":"Desincrustante Descaler DW 5Kg","date":"Fevereiro 23, 2022","format":false,"excerpt":"Desincrustante \u00e0 base de \u00e1cido fosf\u00f3rico para m\u00e1quinas de lavar loi\u00e7a ou m\u00e1quinas de lavar roupa.","rel":"","context":"Similar post","img":{"alt_text":"","src":"https:\/\/i0.wp.com\/mundo.seashell.pt\/wp-content\/uploads\/2022\/02\/descaler_dw.jpg?resize=350%2C200&ssl=1","width":350,"height":200},"classes":[]},{"id":6097,"url":"https:\/\/mundo.seashell.pt\/?product=xtra-calc-500ml","url_meta":{"origin":6093,"position":5},"title":"Detergente Desincrustante Xtra-Calc 500Ml","date":"Fevereiro 23, 2022","format":false,"excerpt":"Detergente desincrustante pronto para uso. Ideal para o ambiente da casa de banho (lavabos, banheiras, revestimentos de cer\u00e2mica, torneiras)","rel":"","context":"Similar post","img":{"alt_text":"","src":"https:\/\/i0.wp.com\/mundo.seashell.pt\/wp-content\/uploads\/2022\/02\/xtra_calc.jpg?resize=350%2C200&ssl=1","width":350,"height":200},"classes":[]}],"_links":{"self":[{"href":"https:\/\/mundo.seashell.pt\/index.php?rest_route=\/wp\/v2\/product\/6093","targetHints":{"allow":["GET"]}}],"collection":[{"href":"https:\/\/mundo.seashell.pt\/index.php?rest_route=\/wp\/v2\/product"}],"about":[{"href":"https:\/\/mundo.seashell.pt\/index.php?rest_route=\/wp\/v2\/types\/product"}],"wp:featuredmedia":[{"embeddable":true,"href":"https:\/\/mundo.seashell.pt\/index.php?rest_route=\/wp\/v2\/media\/6094"}],"wp:attachment":[{"href":"https:\/\/mundo.seashell.pt\/index.php?rest_route=%2Fwp%2Fv2%2Fmedia&parent=6093"}],"wp:term":[{"taxonomy":"product_cat","embeddable":true,"href":"https:\/\/mundo.seashell.pt\/index.php?rest_route=%2Fwp%2Fv2%2Fproduct_cat&post=6093"},{"taxonomy":"product_tag","embeddable":true,"href":"https:\/\/mundo.seashell.pt\/index.php?rest_route=%2Fwp%2Fv2%2Fproduct_tag&post=6093"}],"curies":[{"name":"wp","href":"https:\/\/api.w.org\/{rel}","templated":true}]}}