{"id":6091,"date":"2022-02-23T11:49:12","date_gmt":"2022-02-23T11:49:12","guid":{"rendered":"https:\/\/mundo.seashell.pt\/?post_type=product&#038;p=6091"},"modified":"2022-02-23T11:49:14","modified_gmt":"2022-02-23T11:49:14","slug":"ruby-easy-750ml","status":"publish","type":"product","link":"https:\/\/mundo.seashell.pt\/?product=ruby-easy-750ml","title":{"rendered":"Detergente antic\u00e1lcario Ruby Easy"},"content":{"rendered":"<h2>Detergente natural anticalc\u00e1rio perfumado super concentrado<\/h2>\n<ul>\n<li>Efic\u00e1cia vs l\u00edderes de mercado testada em laborat\u00f3rio certificado ISO 17025<\/li>\n<li>Produto com mat\u00e9rias-primas de origem vegetal e completamente biodegrad\u00e1vel*<\/li>\n<li>Produto superconcentrado<\/li>\n<\/ul>\n<h4><\/h4>\n<h4>Descri\u00e7\u00e3o<\/h4>\n<p>Detergente desincrustante super concentrado \u00e0 base de \u00e1cido org\u00e2nico de origem natural (\u00e1cido c\u00edtrico). Ideal para casas de banho. Indicado para a limpeza di\u00e1ria de torneiras, banheiras, duches, azulejos, etc. O uso di\u00e1rio de Ruby Easy, gra\u00e7as aos agentes antiredepositantes, ajuda a prevenir a forma\u00e7\u00e3o de incrusta\u00e7\u00f5es. Cont\u00e9m mat\u00e9rias-primas de origem vegetal (por ex. tensioativos, \u00e1cidos, solventes) derivadas de beterraba sacarina e \u00f3leo de coco. Perfume afrutado, sem <a target=\"_blank\" href=\"https:\/\/www.sutterprofessional.it\/pt\/sutterpedia#allergen\" rel=\"noopener\">alerg\u00e9nios<\/a> (Reg. 648\/2004). Sem fosfatos, sem n\u00edquel (inferior a 0,01 ppm). Se o produto for dilu\u00eddo de acordo com a dilui\u00e7\u00e3o aconselhada, n\u00e3o \u00e9 classificado como perigoso (sem s\u00edmbolos CLP) em conformidade com o Reg. 1272\/2008.<\/p>\n<h4><\/h4>\n<h4>Dilui\u00e7\u00e3o<\/h4>\n<p>6% (30 ml para 500 ml). Id\u00f3neo tamb\u00e9m na limpeza de superf\u00edcies interiores de embarca\u00e7\u00f5es, barcos e outros meios de transporte. O uso da dilui\u00e7\u00e3o aconselhada permite poupar e reduzir ao m\u00ednimo o impacto ambiental. \u00c8 suficiente uma pequena quantidade de produto comparado com um produto diluido.<\/p>\n<h4><\/h4>\n<h4>Como usar<\/h4>\n<p>Formato 750 ml: diluir o produto em \u00e1gua com o sistema EASY DOSE (encher o doseador premindo sobre o frasco e deitar 1 ou 2 doses, em fun\u00e7\u00e3o do n\u00edvel de sujidade, num frasco de 500 ml de \u00e1gua). Formato 5 kg: diluir o produto em \u00e1gua com sistema EASY DOSE (aspirar com sistema Venturi ou com a bomba do bid\u00e3o e deitar 1 ou 2 doses, em fun\u00e7\u00e3o do n\u00edvel de sujidade, num frasco de 500 ml de \u00e1gua). Borrifar<br \/>a solu\u00e7\u00e3o na superf\u00edcie. Esfregar com pano h\u00famido ou pano esponja. Deixar atuar e enxaguar.<\/p>\n","protected":false},"excerpt":{"rendered":"<p>Detergente desincrustante super concentrado \u00e0 base de \u00e1cido org\u00e2nico de origem natural<\/p>\n","protected":false},"featured_media":6092,"template":"","meta":{"spay_email":""},"product_cat":[15],"product_tag":[],"class_list":{"0":"post-6091","1":"product","2":"type-product","3":"status-publish","4":"has-post-thumbnail","6":"product_cat-sem-categoria","8":"first","9":"instock","10":"taxable","11":"shipping-taxable","12":"purchasable","13":"product-type-simple"},"acf":[],"jetpack-related-posts":[{"id":6089,"url":"https:\/\/mundo.seashell.pt\/?product=ruby-500ml","url_meta":{"origin":6091,"position":0},"title":"Detergente Anticalc\u00e1rio Ruby","date":"Fevereiro 23, 2022","format":false,"excerpt":"Detergente desincrustante \u00e0 base de \u00e1cido org\u00e2nico de origem natural (\u00e1cido c\u00edtrico)","rel":"","context":"Similar post","img":{"alt_text":"","src":"https:\/\/i0.wp.com\/mundo.seashell.pt\/wp-content\/uploads\/2022\/02\/ruby.jpg?resize=350%2C200&ssl=1","width":350,"height":200},"classes":[]},{"id":6093,"url":"https:\/\/mundo.seashell.pt\/?product=descaler-plus-1lt-loica-automatica","url_meta":{"origin":6091,"position":1},"title":"Detergente Desincrustante Descaler Plus 1Lt","date":"Fevereiro 23, 2022","format":false,"excerpt":"Detergente desincrustante \u00e0 base de \u00e1cidos org\u00e2nicos de origem natural","rel":"","context":"Similar post","img":{"alt_text":"","src":"https:\/\/i0.wp.com\/mundo.seashell.pt\/wp-content\/uploads\/2022\/02\/descaler_plus.jpg?resize=350%2C200&ssl=1","width":350,"height":200},"classes":[]},{"id":6101,"url":"https:\/\/mundo.seashell.pt\/?product=pom-wc-750ml","url_meta":{"origin":6091,"position":2},"title":"Desincrustante Pom WC 750Ml","date":"Fevereiro 23, 2022","format":false,"excerpt":"Detergente desincrustante \u00e0 base de \u00e1cidos org\u00e2nicos de origem natural (\u00e1cido c\u00edtrico e \u00e1cido l\u00e1ctico) com elevada a\u00e7\u00e3o desodorizante para a limpeza di\u00e1ria da sanita","rel":"","context":"Similar post","img":{"alt_text":"","src":"https:\/\/i0.wp.com\/mundo.seashell.pt\/wp-content\/uploads\/2022\/02\/PhotoRoom_20210325_092139.jpg?resize=350%2C200&ssl=1","width":350,"height":200},"classes":[]},{"id":6042,"url":"https:\/\/mundo.seashell.pt\/?product=pine-easy-750ml","url_meta":{"origin":6091,"position":3},"title":"Detergente natural Pine Easy","date":"Fevereiro 23, 2022","format":false,"excerpt":"Detergente universal multiusos super concentrado para a limpeza di\u00e1ria de superf\u00edcies duras","rel":"","context":"Similar post","img":{"alt_text":"","src":"https:\/\/i0.wp.com\/mundo.seashell.pt\/wp-content\/uploads\/2022\/02\/pine_easy.jpg?resize=350%2C200&ssl=1","width":350,"height":200},"classes":[]},{"id":5946,"url":"https:\/\/mundo.seashell.pt\/?product=flower-easy-750ml","url_meta":{"origin":6091,"position":4},"title":"Detergente Flower Easy","date":"Fevereiro 23, 2022","format":false,"excerpt":"Detergente universal multiusos super concentrado para a limpeza di\u00e1ria de superf\u00edcies com ou sem tratamento.","rel":"","context":"Similar post","img":{"alt_text":"","src":"https:\/\/i0.wp.com\/mundo.seashell.pt\/wp-content\/uploads\/2022\/02\/flower_easy.jpg?resize=350%2C200&ssl=1","width":350,"height":200},"classes":[]},{"id":5942,"url":"https:\/\/mundo.seashell.pt\/?product=emerald-easy-750ml","url_meta":{"origin":6091,"position":5},"title":"Detergente Super Concentrado Emerald Easy","date":"Fevereiro 23, 2022","format":false,"excerpt":"Detergente universal super concentrado de alto desempenho, para a limpeza de todas as superf\u00edcies duras.","rel":"","context":"Similar post","img":{"alt_text":"","src":"https:\/\/i0.wp.com\/mundo.seashell.pt\/wp-content\/uploads\/2022\/02\/emerald_easy.jpg?resize=350%2C200&ssl=1","width":350,"height":200},"classes":[]}],"_links":{"self":[{"href":"https:\/\/mundo.seashell.pt\/index.php?rest_route=\/wp\/v2\/product\/6091","targetHints":{"allow":["GET"]}}],"collection":[{"href":"https:\/\/mundo.seashell.pt\/index.php?rest_route=\/wp\/v2\/product"}],"about":[{"href":"https:\/\/mundo.seashell.pt\/index.php?rest_route=\/wp\/v2\/types\/product"}],"wp:featuredmedia":[{"embeddable":true,"href":"https:\/\/mundo.seashell.pt\/index.php?rest_route=\/wp\/v2\/media\/6092"}],"wp:attachment":[{"href":"https:\/\/mundo.seashell.pt\/index.php?rest_route=%2Fwp%2Fv2%2Fmedia&parent=6091"}],"wp:term":[{"taxonomy":"product_cat","embeddable":true,"href":"https:\/\/mundo.seashell.pt\/index.php?rest_route=%2Fwp%2Fv2%2Fproduct_cat&post=6091"},{"taxonomy":"product_tag","embeddable":true,"href":"https:\/\/mundo.seashell.pt\/index.php?rest_route=%2Fwp%2Fv2%2Fproduct_tag&post=6091"}],"curies":[{"name":"wp","href":"https:\/\/api.w.org\/{rel}","templated":true}]}}