{"id":6087,"date":"2022-02-23T11:49:07","date_gmt":"2022-02-23T11:49:07","guid":{"rendered":"https:\/\/mundo.seashell.pt\/?post_type=product&#038;p=6087"},"modified":"2022-02-23T11:49:09","modified_gmt":"2022-02-23T11:49:09","slug":"solim-wc-higienizante-5l","status":"publish","type":"product","link":"https:\/\/mundo.seashell.pt\/?product=solim-wc-higienizante-5l","title":{"rendered":"Solim WC Higienizante 5L"},"content":{"rendered":"<p><strong>APLICA\u00c7\u00c3O<\/strong><\/p>\n<p>Limpeza de WC<\/p>\n<p><strong><br \/><\/strong><\/p>\n<p><strong>PROPRIEDADES<\/strong><\/p>\n<p>Detergente \u00e1cido de cor azul, viscoso e perfumado, especialmente&nbsp;concebido para a limpeza de instala\u00e7\u00f5es sanit\u00e1rias.&nbsp; &nbsp; &nbsp; &nbsp; &nbsp; &nbsp; &nbsp; &nbsp; &nbsp; &nbsp; &nbsp; &nbsp; Para al\u00e9m de limpeza deixa um aroma bastante agrad\u00e1vel. Recomenda-se a utiliza\u00e7\u00e3o do produto em puro nas sanitas e urin\u00f3is.&nbsp; &nbsp; &nbsp; &nbsp; Como o produto \u00e9 cremoso, este fica facilmente aderente aos sanit\u00e1rios,&nbsp;at\u00e9 \u00e0 pr\u00f3xima descarga de \u00e1gua.<\/p>\n<p><strong><br \/><\/strong><\/p>\n<p><strong>CONDI\u00c7\u00d5ES DE UTILIZA\u00c7\u00c3O<\/strong><\/p>\n<p><strong>Sanitas e urin\u00f3is:&nbsp;<\/strong><\/p>\n<p>Descarregar a \u00e1gua colocar o produto ao redor da sanita, pelo percurso&nbsp;de descarga e nas sa\u00eddas da \u00e1gua. Deixar atuar entre 5 e 10 minutos,&nbsp;esfregar com uma escova e descarregar novamente a \u00e1gua para&nbsp;enxaguar.<\/p>\n<p><strong>Limpeza da casa de banho em geral:<\/strong><\/p>\n<p>Dosear o produto para um balde (2-5% em \u00e1gua). Aplicar o produto com&nbsp;um pano ou esponja.<\/p>\n<p><strong><br \/><\/strong><\/p>\n<p><strong>CARACTERISTICAS FISICO QU\u00cdMICAS<\/strong><\/p>\n<p>Aspeto: Produto L\u00edquido<\/p>\n<p>Cor: Azul<\/p>\n<p>pH 2<\/p>\n<p>Perfumado<\/p>\n<p>Biodegrad\u00e1vel, conforme regulamento (CE) No 648\/2004 Anexo II e III<\/p>\n","protected":false},"excerpt":{"rendered":"<p>Detergente \u00e1cido de cor azul, viscoso e perfumado, especialmente \ufeffconcebido para a limpeza de instala\u00e7\u00f5es sanit\u00e1rias.<\/p>\n","protected":false},"featured_media":6088,"template":"","meta":{"spay_email":""},"product_cat":[15],"product_tag":[],"class_list":{"0":"post-6087","1":"product","2":"type-product","3":"status-publish","4":"has-post-thumbnail","6":"product_cat-sem-categoria","8":"first","9":"instock","10":"taxable","11":"shipping-taxable","12":"purchasable","13":"product-type-simple"},"acf":[],"jetpack-related-posts":[{"id":6077,"url":"https:\/\/mundo.seashell.pt\/?product=fun-wc-gel-750ml","url_meta":{"origin":6087,"position":0},"title":"Fun WC Gel 750ML","date":"Fevereiro 23, 2022","format":false,"excerpt":"E\u0301 um produto de cor azul, viscoso e perfumado, especialmente concebido para a higienizac\u0327a\u0303o de instalac\u0327o\u0303es sanita\u0301rias Para ale\u0301m do elevado poder de limpeza, deixa um aroma bastante agrada\u0301vel.","rel":"","context":"Similar post","img":{"alt_text":"","src":"https:\/\/i0.wp.com\/mundo.seashell.pt\/wp-content\/uploads\/2022\/02\/FUN_WC_GEL_750ML_PhotoRoom_20210402_103426.jpg?resize=350%2C200&ssl=1","width":350,"height":200},"classes":[]},{"id":6079,"url":"https:\/\/mundo.seashell.pt\/?product=fun-wc-lixivia-750ml","url_meta":{"origin":6087,"position":1},"title":"Fun WC Lixivia 750ML","date":"Fevereiro 23, 2022","format":false,"excerpt":"E\u0301 um produto incolor, viscoso levemente perfumado, especialmente concebido para a limpeza de instalac\u0327o\u0303es sanita\u0301rias.","rel":"","context":"Similar post","img":{"alt_text":"","src":"https:\/\/i0.wp.com\/mundo.seashell.pt\/wp-content\/uploads\/2022\/02\/FUN_WC_LIXI_VIA_750ML_PhotoRoom_20210402_103049.jpg?resize=350%2C200&ssl=1","width":350,"height":200},"classes":[]},{"id":6075,"url":"https:\/\/mundo.seashell.pt\/?product=stark-wc-2l","url_meta":{"origin":6087,"position":2},"title":"Detergente Stark WC 2L","date":"Fevereiro 23, 2022","format":false,"excerpt":"Detergente concentrado \u00e1cido para WC com forte poder aromatizante","rel":"","context":"Similar post","img":{"alt_text":"","src":"https:\/\/i0.wp.com\/mundo.seashell.pt\/wp-content\/uploads\/2022\/02\/goods_02_436158_2.jpg?resize=350%2C200&ssl=1","width":350,"height":200},"classes":[]},{"id":6101,"url":"https:\/\/mundo.seashell.pt\/?product=pom-wc-750ml","url_meta":{"origin":6087,"position":3},"title":"Desincrustante Pom WC 750Ml","date":"Fevereiro 23, 2022","format":false,"excerpt":"Detergente desincrustante \u00e0 base de \u00e1cidos org\u00e2nicos de origem natural (\u00e1cido c\u00edtrico e \u00e1cido l\u00e1ctico) com elevada a\u00e7\u00e3o desodorizante para a limpeza di\u00e1ria da sanita","rel":"","context":"Similar post","img":{"alt_text":"","src":"https:\/\/i0.wp.com\/mundo.seashell.pt\/wp-content\/uploads\/2022\/02\/PhotoRoom_20210325_092139.jpg?resize=350%2C200&ssl=1","width":350,"height":200},"classes":[]},{"id":7074,"url":"https:\/\/mundo.seashell.pt\/?product=harpic-active-fresh-blocos-de-sanita","url_meta":{"origin":6087,"position":4},"title":"Harpic Active Fresh Blocos de Sanita","date":"Fevereiro 23, 2022","format":false,"excerpt":"Uma sanita brilhante e perfumada a cada descarga, com um bloco sanit\u00e1rio pr\u00e1tico de colocar.Benef\u00edcios: - Efic\u00e1cia e frescura superiores;- Extra brilho;- Remo\u00e7\u00e3o da sujidade;- F\u00f3rmula anticalc\u00e1rio;- Dura\u00e7\u00e3o at\u00e9 4 semanas;- Perfume intenso;- Espuma de limpeza. Conselhos de utiliza\u00e7\u00e3o:","rel":"","context":"Similar post","img":{"alt_text":"","src":"https:\/\/i0.wp.com\/mundo.seashell.pt\/wp-content\/uploads\/2022\/02\/815055_1.jpeg?resize=350%2C200&ssl=1","width":350,"height":200},"classes":[]},{"id":7066,"url":"https:\/\/mundo.seashell.pt\/?product=pato-active-clen-blocos-de-sanita","url_meta":{"origin":6087,"position":5},"title":"Pato Active Clean Blocos de Sanita","date":"Fevereiro 23, 2022","format":false,"excerpt":"Pato\u00ae Active Clean proporciona \u00e0 sua sanita uma frescura renovada a cada descarga, combinando a a\u00e7\u00e3o de limpeza da espuma com uma fabulosa fragr\u00e2ncia. Coloque Pato\u00ae Active Clean na sanita para transformar cada descarga numa onda de bolhas que mant\u00e9m a sanita limpa e perfumada at\u00e9 3 semanas. Benef\u00edcios: -\u2026","rel":"","context":"Similar post","img":{"alt_text":"","src":"https:\/\/i0.wp.com\/mundo.seashell.pt\/wp-content\/uploads\/2022\/02\/6826418-frente.jpeg?resize=350%2C200&ssl=1","width":350,"height":200},"classes":[]}],"_links":{"self":[{"href":"https:\/\/mundo.seashell.pt\/index.php?rest_route=\/wp\/v2\/product\/6087","targetHints":{"allow":["GET"]}}],"collection":[{"href":"https:\/\/mundo.seashell.pt\/index.php?rest_route=\/wp\/v2\/product"}],"about":[{"href":"https:\/\/mundo.seashell.pt\/index.php?rest_route=\/wp\/v2\/types\/product"}],"wp:featuredmedia":[{"embeddable":true,"href":"https:\/\/mundo.seashell.pt\/index.php?rest_route=\/wp\/v2\/media\/6088"}],"wp:attachment":[{"href":"https:\/\/mundo.seashell.pt\/index.php?rest_route=%2Fwp%2Fv2%2Fmedia&parent=6087"}],"wp:term":[{"taxonomy":"product_cat","embeddable":true,"href":"https:\/\/mundo.seashell.pt\/index.php?rest_route=%2Fwp%2Fv2%2Fproduct_cat&post=6087"},{"taxonomy":"product_tag","embeddable":true,"href":"https:\/\/mundo.seashell.pt\/index.php?rest_route=%2Fwp%2Fv2%2Fproduct_tag&post=6087"}],"curies":[{"name":"wp","href":"https:\/\/api.w.org\/{rel}","templated":true}]}}