{"id":6085,"date":"2022-02-23T11:49:01","date_gmt":"2022-02-23T11:49:01","guid":{"rendered":"https:\/\/mundo.seashell.pt\/?post_type=product&#038;p=6085"},"modified":"2022-02-23T11:49:06","modified_gmt":"2022-02-23T11:49:06","slug":"dal-1lt","status":"publish","type":"product","link":"https:\/\/mundo.seashell.pt\/?product=dal-1lt","title":{"rendered":"Detergente Creme DAL 1Lt"},"content":{"rendered":"<h2>Creme detergente perfumado ligeiramente abrasivo<\/h2>\n<ul>\n<li>Higieniza e limpa rapidamente sem riscar<\/li>\n<li>Ideal para limpar qualquer tipo de mancha no a\u00e7o inoxid\u00e1vel, cer\u00e2micas, cromados e superf\u00edcies laminadas<\/li>\n<li>Perfume c\u00edtrico agrad\u00e1vel<\/li>\n<\/ul>\n<h4><\/h4>\n<h4>Descri\u00e7\u00e3o<\/h4>\n<p>A a\u00e7\u00e3o combinada dos <a target=\"_blank\" href=\"https:\/\/www.sutterprofessional.it\/pt\/sutterpedia#surfactants\" rel=\"noopener\">tensioativos<\/a> sinergizantes e p\u00f3s micronizados permite uma limpeza r\u00e1pida e eficaz sem deixar v\u00e9us e sem riscar.<\/p>\n<h4><\/h4>\n<h4>Dilui\u00e7\u00e3o<\/h4>\n<p>Pronto para o uso.<\/p>\n<h4><\/h4>\n<h4>Como usar<\/h4>\n<p>Verta pequenas quantidades de DAL diretamente no pano ou esponja. Passe sobre a superf\u00edcie a limpar e&nbsp;enxague.<\/p>\n","protected":false},"excerpt":{"rendered":"<p>Creme detergente perfumado ligeiramente abrasivo.<\/p>\n","protected":false},"featured_media":6086,"template":"","meta":{"spay_email":""},"product_cat":[15],"product_tag":[],"class_list":{"0":"post-6085","1":"product","2":"type-product","3":"status-publish","4":"has-post-thumbnail","6":"product_cat-sem-categoria","8":"first","9":"instock","10":"taxable","11":"shipping-taxable","12":"purchasable","13":"product-type-simple"},"acf":[],"jetpack-related-posts":[{"id":5834,"url":"https:\/\/mundo.seashell.pt\/?product=solim-limpa-madeiras-5l","url_meta":{"origin":6085,"position":0},"title":"Solim Limpa Madeiras 5L","date":"Fevereiro 23, 2022","format":false,"excerpt":"O SOLIM\u00ae LIMPA MADEIRAS \u00e9 um detergente l\u00edquido com sab\u00e3o, completamente sol\u00favel, perfumado, de rea\u00e7\u00e3o neutra, indicado para a limpeza e prote\u00e7\u00e3o de madeira.","rel":"","context":"Similar post","img":{"alt_text":"","src":"https:\/\/i0.wp.com\/mundo.seashell.pt\/wp-content\/uploads\/2022\/02\/SOLIM_LIMPA_MADEIRAS_PhotoRoom_20210402_103552.jpg?resize=350%2C200&ssl=1","width":350,"height":200},"classes":[]},{"id":6012,"url":"https:\/\/mundo.seashell.pt\/?product=ravviva-5kg","url_meta":{"origin":6085,"position":1},"title":"Lava e Encera Ravviva 5Kg","date":"Fevereiro 23, 2022","format":false,"excerpt":"Detergente de polimento, liberta no pavimento uma fina pel\u00edcula auto brilhante a fim de reparar a velha camada de cera ou dar uma ligeira prote\u00e7\u00e3o nos pavimentos n\u00e3o tratados.","rel":"","context":"Similar post","img":{"alt_text":"","src":"https:\/\/i0.wp.com\/mundo.seashell.pt\/wp-content\/uploads\/2022\/02\/ravviva.jpg?resize=350%2C200&ssl=1","width":350,"height":200},"classes":[]},{"id":5716,"url":"https:\/\/mundo.seashell.pt\/?product=onda-rtu-500ml","url_meta":{"origin":6085,"position":2},"title":"Desinfectante Desodorizante Onda RTU 500Ml","date":"Fevereiro 23, 2022","format":false,"excerpt":"Detergente desinfectante desodorizante perfumado para superf\u00edcies.","rel":"","context":"Similar post","img":{"alt_text":"","src":"https:\/\/i0.wp.com\/mundo.seashell.pt\/wp-content\/uploads\/2022\/02\/onda_rtu.jpg?resize=350%2C200&ssl=1","width":350,"height":200},"classes":[]},{"id":6062,"url":"https:\/\/mundo.seashell.pt\/?product=solim-vidros-5l","url_meta":{"origin":6085,"position":3},"title":"Solim Vidros 5L","date":"Fevereiro 23, 2022","format":false,"excerpt":"Detergente l\u00edquido pronto a usar, para limpeza de vidros e outras superf\u00edcies duras resistentes \u00e1guas.","rel":"","context":"Similar post","img":{"alt_text":"","src":"https:\/\/i0.wp.com\/mundo.seashell.pt\/wp-content\/uploads\/2022\/02\/Solim_Vidros_PhotoRoom_20210402_103238.jpg?resize=350%2C200&ssl=1","width":350,"height":200},"classes":[]},{"id":6083,"url":"https:\/\/mundo.seashell.pt\/?product=da-1lt","url_meta":{"origin":6085,"position":4},"title":"Detergente Multiuso D.A 1Lt","date":"Fevereiro 23, 2022","format":false,"excerpt":"Detergente concentrado com efeito brilhante e um \u00f3timo poder sequestrante.","rel":"","context":"Similar post","img":{"alt_text":"","src":"https:\/\/i0.wp.com\/mundo.seashell.pt\/wp-content\/uploads\/2022\/02\/d.a..jpg?resize=350%2C200&ssl=1","width":350,"height":200},"classes":[]},{"id":6105,"url":"https:\/\/mundo.seashell.pt\/?product=sf200-5kg","url_meta":{"origin":6085,"position":5},"title":"Detergente desincrustante S.F.200 5Kg","date":"Fevereiro 23, 2022","format":false,"excerpt":"Detergente \u00e1cido espec\u00edfico para a remo\u00e7\u00e3o de incrusta\u00e7\u00f5es calc\u00e1rias das superf\u00edcies","rel":"","context":"Similar post","img":{"alt_text":"","src":"https:\/\/i0.wp.com\/mundo.seashell.pt\/wp-content\/uploads\/2022\/02\/s.f.200.jpg?resize=350%2C200&ssl=1","width":350,"height":200},"classes":[]}],"_links":{"self":[{"href":"https:\/\/mundo.seashell.pt\/index.php?rest_route=\/wp\/v2\/product\/6085","targetHints":{"allow":["GET"]}}],"collection":[{"href":"https:\/\/mundo.seashell.pt\/index.php?rest_route=\/wp\/v2\/product"}],"about":[{"href":"https:\/\/mundo.seashell.pt\/index.php?rest_route=\/wp\/v2\/types\/product"}],"wp:featuredmedia":[{"embeddable":true,"href":"https:\/\/mundo.seashell.pt\/index.php?rest_route=\/wp\/v2\/media\/6086"}],"wp:attachment":[{"href":"https:\/\/mundo.seashell.pt\/index.php?rest_route=%2Fwp%2Fv2%2Fmedia&parent=6085"}],"wp:term":[{"taxonomy":"product_cat","embeddable":true,"href":"https:\/\/mundo.seashell.pt\/index.php?rest_route=%2Fwp%2Fv2%2Fproduct_cat&post=6085"},{"taxonomy":"product_tag","embeddable":true,"href":"https:\/\/mundo.seashell.pt\/index.php?rest_route=%2Fwp%2Fv2%2Fproduct_tag&post=6085"}],"curies":[{"name":"wp","href":"https:\/\/api.w.org\/{rel}","templated":true}]}}