{"id":6083,"date":"2022-02-23T11:48:58","date_gmt":"2022-02-23T11:48:58","guid":{"rendered":"https:\/\/mundo.seashell.pt\/?post_type=product&#038;p=6083"},"modified":"2022-02-23T11:49:00","modified_gmt":"2022-02-23T11:49:00","slug":"da-1lt","status":"publish","type":"product","link":"https:\/\/mundo.seashell.pt\/?product=da-1lt","title":{"rendered":"Detergente Multiuso D.A 1Lt"},"content":{"rendered":"<h2>Detergente multiuso perfumado<\/h2>\n<ul>\n<li>Bom poder de limpeza e abrilhantador<\/li>\n<li>Efeito desodorizante prolongado<\/li>\n<li>Evita a forma\u00e7\u00e3o de manchas de calc\u00e1rio<\/li>\n<\/ul>\n<h4><\/h4>\n<h4>Descri\u00e7\u00e3o<\/h4>\n<p>Detergente concentrado com efeito brilhante e um \u00f3timo poder sequestrante. Ideal para limpeza de grandes superf\u00edcies de vidro com sistema rodo. Elimina res\u00edduos de sab\u00e3o e evita a forma\u00e7\u00e3o de manchas calcarias. \u00d3timo para superf\u00edcies como m\u00e1rmore.<\/p>\n<h4><\/h4>\n<h4>Dilui\u00e7\u00e3o<\/h4>\n<p>Nebulizador com esponja ou 2% (100 ml em 5L de \u00e1gua). Aplique na superf\u00edcie vidrada com o aplicador adequado e remover a solu\u00e7\u00e3o com o rodo.<\/p>\n<h4><\/h4>\n<h4>Como usar<\/h4>\n<p>Verter algumas gotas do produto puro sobre uma esponja humedecida e passar sobre a superf\u00edcies a limpar. Enxaguar. Para utilizar como nebulizador ou balde dilua o produto de 2%. Pulverizar sobre a superf\u00edcie a limpar, passar com uma esponja e enxaguar.<\/p>\n","protected":false},"excerpt":{"rendered":"<p>Detergente concentrado com efeito brilhante e um \u00f3timo poder sequestrante.<\/p>\n","protected":false},"featured_media":6084,"template":"","meta":{"spay_email":""},"product_cat":[15],"product_tag":[],"class_list":{"0":"post-6083","1":"product","2":"type-product","3":"status-publish","4":"has-post-thumbnail","6":"product_cat-sem-categoria","8":"first","9":"instock","10":"taxable","11":"shipping-taxable","12":"purchasable","13":"product-type-simple"},"acf":[],"jetpack-related-posts":[{"id":6048,"url":"https:\/\/mundo.seashell.pt\/?product=plural-10lt","url_meta":{"origin":6083,"position":0},"title":"Detergente Multiusos Plural 10Lt","date":"Fevereiro 23, 2022","format":false,"excerpt":"Detergente multiusos ultra-concentrado para a limpeza di\u00e1ria do mobili\u00e1rio. Indicado para vidros, espelhos, superf\u00edcies lav\u00e1veis.","rel":"","context":"Similar post","img":{"alt_text":"","src":"https:\/\/i0.wp.com\/mundo.seashell.pt\/wp-content\/uploads\/2022\/02\/plural.jpg?resize=350%2C200&ssl=1","width":350,"height":200},"classes":[]},{"id":6066,"url":"https:\/\/mundo.seashell.pt\/?product=stark-vm-2l","url_meta":{"origin":6083,"position":1},"title":"Multiusos Stark VM 2L","date":"Fevereiro 23, 2022","format":false,"excerpt":"Detergente neutro ultraconcentrado indicado para a limpeza r\u00e1pida, por spray, de todo o tipo de superf\u00edcies lav\u00e1veis.","rel":"","context":"Similar post","img":{"alt_text":"","src":"","width":0,"height":0},"classes":[]},{"id":6095,"url":"https:\/\/mundo.seashell.pt\/?product=edelweiss-500ml","url_meta":{"origin":6083,"position":2},"title":"Detergente Desincrustante Edelweiss","date":"Fevereiro 23, 2022","format":false,"excerpt":"Detergente desincrustante \u00e0 base de \u00e1cido c\u00edtrico f\u00e1cil de enxaguar","rel":"","context":"Similar post","img":{"alt_text":"","src":"https:\/\/i0.wp.com\/mundo.seashell.pt\/wp-content\/uploads\/2022\/02\/edelweiss.jpg?resize=350%2C200&ssl=1","width":350,"height":200},"classes":[]},{"id":6071,"url":"https:\/\/mundo.seashell.pt\/?product=plural-plus-500ml","url_meta":{"origin":6083,"position":3},"title":"Detergente Multiusos Plural Plus","date":"Fevereiro 23, 2022","format":false,"excerpt":"Detergente muito eficaz para a limpeza de todas as superf\u00edcies lav\u00e1veis. Secagem r\u00e1pida e pronto a usar.","rel":"","context":"Similar post","img":{"alt_text":"","src":"https:\/\/i0.wp.com\/mundo.seashell.pt\/wp-content\/uploads\/2022\/02\/plural_plus.jpg?resize=350%2C200&ssl=1","width":350,"height":200},"classes":[]},{"id":6069,"url":"https:\/\/mundo.seashell.pt\/?product=diamond-easy-750ml","url_meta":{"origin":6083,"position":4},"title":"Detergente Natural Diamond Easy","date":"Fevereiro 23, 2022","format":false,"excerpt":"Detergente multiusos super concentrado para a limpeza di\u00e1ria do mobili\u00e1rio. Indicado para vidros, espelhos, superf\u00edcies lav\u00e1veis, etc","rel":"","context":"Similar post","img":{"alt_text":"","src":"https:\/\/i0.wp.com\/mundo.seashell.pt\/wp-content\/uploads\/2022\/02\/diamond_easy.jpg?resize=350%2C200&ssl=1","width":350,"height":200},"classes":[]},{"id":6363,"url":"https:\/\/mundo.seashell.pt\/?product=sonasol-gel-casa-de-banho-125l","url_meta":{"origin":6083,"position":5},"title":"Sonasol Gel Casa de Banho 1,25L","date":"Fevereiro 23, 2022","format":false,"excerpt":"sol gel para casa de banho assegura-lhe uma limpeza perfeita, poder anticalc\u00e1rio e mais brilho nas superf\u00edcies de casa de banho, pois adere eficazmente \u00e0s paredes dos lavat\u00f3rios, banheira ou qualquer outra superf\u00edcie que possa ter calc\u00e1rio, garantindo higiene desde a primeria passagem.Benef\u00edcios: - Detergente para limpeza ...","rel":"","context":"Similar post","img":{"alt_text":"","src":"https:\/\/i0.wp.com\/mundo.seashell.pt\/wp-content\/uploads\/2022\/02\/SONASOL_CASA_DE_BANHO_1L250_8410436339551.png?resize=350%2C200&ssl=1","width":350,"height":200},"classes":[]}],"_links":{"self":[{"href":"https:\/\/mundo.seashell.pt\/index.php?rest_route=\/wp\/v2\/product\/6083","targetHints":{"allow":["GET"]}}],"collection":[{"href":"https:\/\/mundo.seashell.pt\/index.php?rest_route=\/wp\/v2\/product"}],"about":[{"href":"https:\/\/mundo.seashell.pt\/index.php?rest_route=\/wp\/v2\/types\/product"}],"wp:featuredmedia":[{"embeddable":true,"href":"https:\/\/mundo.seashell.pt\/index.php?rest_route=\/wp\/v2\/media\/6084"}],"wp:attachment":[{"href":"https:\/\/mundo.seashell.pt\/index.php?rest_route=%2Fwp%2Fv2%2Fmedia&parent=6083"}],"wp:term":[{"taxonomy":"product_cat","embeddable":true,"href":"https:\/\/mundo.seashell.pt\/index.php?rest_route=%2Fwp%2Fv2%2Fproduct_cat&post=6083"},{"taxonomy":"product_tag","embeddable":true,"href":"https:\/\/mundo.seashell.pt\/index.php?rest_route=%2Fwp%2Fv2%2Fproduct_tag&post=6083"}],"curies":[{"name":"wp","href":"https:\/\/api.w.org\/{rel}","templated":true}]}}