{"id":6081,"date":"2022-02-23T11:48:54","date_gmt":"2022-02-23T11:48:54","guid":{"rendered":"https:\/\/mundo.seashell.pt\/?post_type=product&#038;p=6081"},"modified":"2022-02-23T11:48:56","modified_gmt":"2022-02-23T11:48:56","slug":"clorogel-1lt","status":"publish","type":"product","link":"https:\/\/mundo.seashell.pt\/?product=clorogel-1lt","title":{"rendered":"Detergente Higienizante Clorogel"},"content":{"rendered":"<h2>Detergente higienizante \u00e0 base de cloro<\/h2>\n<ul>\n<li>\u00d3tima a\u00e7\u00e3o higienizante com efeito tira-n\u00f3doas<\/li>\n<li>Produto viscoso para garantir uma melhor ader\u00eancia, mesmo nas superf\u00edcies verticais<\/li>\n<li>Baixo n\u00edvel de espuma<\/li>\n<\/ul>\n<h4><\/h4>\n<h4>Descri\u00e7\u00e3o<\/h4>\n<p>Detergente higienizante com cloro para uma eficaz limpeza de lavabos, bancadas de trabalho, sanit\u00e1rios, WC e revestimentos cer\u00e2micos e pavimentos n\u00e3o encerados.<\/p>\n<p>Em conformidade com as <a target=\"_blank\" href=\"https:\/\/www.sutterprofessional.it\/pt\/sutterpedia#rule\" rel=\"noopener\">normas<\/a> EN: 13697, 13727, 13624, 14476.<\/p>\n<h4><\/h4>\n<h4>Dilui\u00e7\u00e3o<\/h4>\n<p>Pronto para o uso.<br \/>Lavagem dos pavimentos: 1% &#8211; 2% (100 &#8211; 200 ml em 10 L de \u00e1gua).<\/p>\n<h4><\/h4>\n<h4>Como usar<\/h4>\n<p>Para a lavagem dos pavimentos dilua o produto na \u00e1gua. Para a limpeza de superf\u00edcies, tais como bancadas de trabalho, sanit\u00e1rios, etc., despeje o produto puro num pano esponja humedecido; aplique-o e enxague.<\/p>\n","protected":false},"excerpt":{"rendered":"<p>Detergente higienizante com cloro para uma eficaz limpeza de lavabos, bancadas de trabalho, sanit\u00e1rios, WC e revestimentos cer\u00e2micos e pavimentos n\u00e3o encerados.<\/p>\n","protected":false},"featured_media":6082,"template":"","meta":{"spay_email":""},"product_cat":[15],"product_tag":[],"class_list":{"0":"post-6081","1":"product","2":"type-product","3":"status-publish","4":"has-post-thumbnail","6":"product_cat-sem-categoria","8":"first","9":"instock","10":"taxable","11":"shipping-taxable","12":"purchasable","13":"product-type-simple"},"acf":[],"jetpack-related-posts":[{"id":6060,"url":"https:\/\/mundo.seashell.pt\/?product=solim-clorogel-5kg","url_meta":{"origin":6081,"position":0},"title":"Solim Clorogel 5Kg","date":"Fevereiro 23, 2022","format":false,"excerpt":"Detergente higienizante com cloro para uma eficaz limpeza de balne\u00e1rios, bancadas de trabalho, sanit\u00e1rios, WC e revestimentos cer\u00e2micos e pavimentos n\u00e3o encerados.","rel":"","context":"Similar post","img":{"alt_text":"","src":"https:\/\/i0.wp.com\/mundo.seashell.pt\/wp-content\/uploads\/2022\/02\/solim_clorogel_1.jpg?resize=350%2C200&ssl=1","width":350,"height":200},"classes":[]},{"id":5996,"url":"https:\/\/mundo.seashell.pt\/?product=onda-lime-5kg","url_meta":{"origin":6081,"position":1},"title":"Detergente Higienizante Onda Lime 5kg","date":"Fevereiro 23, 2022","format":false,"excerpt":"Detergente higienizante com efeito desodorizante para todas as superf\u00edcies lav\u00e1veis e para a manuten\u00e7\u00e3o de todos os tipos de pavimento.","rel":"","context":"Similar post","img":{"alt_text":"","src":"https:\/\/i0.wp.com\/mundo.seashell.pt\/wp-content\/uploads\/2022\/02\/onda_lime.jpg?resize=350%2C200&ssl=1","width":350,"height":200},"classes":[]},{"id":5720,"url":"https:\/\/mundo.seashell.pt\/?product=cleanox-5kg","url_meta":{"origin":6081,"position":2},"title":"Higienizante Cleanox 5Kg","date":"Fevereiro 23, 2022","format":false,"excerpt":"Detergente higienizante concentrado \u00e0 base de per\u00f3xido de hidrog\u00eanio adequado para todas as superf\u00edcies lav\u00e1veis","rel":"","context":"Similar post","img":{"alt_text":"","src":"https:\/\/i0.wp.com\/mundo.seashell.pt\/wp-content\/uploads\/2022\/02\/cleanox.jpg?resize=350%2C200&ssl=1","width":350,"height":200},"classes":[]},{"id":5696,"url":"https:\/\/mundo.seashell.pt\/?product=chlordet-24kg","url_meta":{"origin":6081,"position":3},"title":"Desengordurante Higienizante Chlordet 24Kg","date":"Fevereiro 23, 2022","format":false,"excerpt":"Detergente desengordurante higienizante sem espuma com cloro ativo para lavagem manual, mec\u00e2nica o em CIP de todas as superf\u00edcies lav\u00e1veis.","rel":"","context":"Similar post","img":{"alt_text":"","src":"https:\/\/i0.wp.com\/mundo.seashell.pt\/wp-content\/uploads\/2022\/02\/chlordet.jpg?resize=350%2C200&ssl=1","width":350,"height":200},"classes":[]},{"id":6052,"url":"https:\/\/mundo.seashell.pt\/?product=solim-lg-higienizante-5l","url_meta":{"origin":6081,"position":4},"title":"Solim LG Higienizante 5L","date":"Fevereiro 23, 2022","format":false,"excerpt":"Higienizante. Limpezas gerais de aplica\u00e7\u00e3o universal.","rel":"","context":"Similar post","img":{"alt_text":"","src":"https:\/\/i0.wp.com\/mundo.seashell.pt\/wp-content\/uploads\/2022\/02\/Solim_LG_Higienizante.jpg?resize=350%2C200&ssl=1","width":350,"height":200},"classes":[]},{"id":5884,"url":"https:\/\/mundo.seashell.pt\/?product=clorine-detergent-5kg-loica-automatica","url_meta":{"origin":6081,"position":5},"title":"Detergente Chlorine Detergent &#8211; Loi\u00e7a Autom\u00e1tica","date":"Fevereiro 23, 2022","format":false,"excerpt":"Detergente alcalino em concentra\u00e7\u00e3o elevada exclusivamente concebido para a lavagem autom\u00e1tica da loi\u00e7a com cloro activo.","rel":"","context":"Similar post","img":{"alt_text":"","src":"https:\/\/i0.wp.com\/mundo.seashell.pt\/wp-content\/uploads\/2022\/02\/chlorine_detergent.jpg?resize=350%2C200&ssl=1","width":350,"height":200},"classes":[]}],"_links":{"self":[{"href":"https:\/\/mundo.seashell.pt\/index.php?rest_route=\/wp\/v2\/product\/6081","targetHints":{"allow":["GET"]}}],"collection":[{"href":"https:\/\/mundo.seashell.pt\/index.php?rest_route=\/wp\/v2\/product"}],"about":[{"href":"https:\/\/mundo.seashell.pt\/index.php?rest_route=\/wp\/v2\/types\/product"}],"wp:featuredmedia":[{"embeddable":true,"href":"https:\/\/mundo.seashell.pt\/index.php?rest_route=\/wp\/v2\/media\/6082"}],"wp:attachment":[{"href":"https:\/\/mundo.seashell.pt\/index.php?rest_route=%2Fwp%2Fv2%2Fmedia&parent=6081"}],"wp:term":[{"taxonomy":"product_cat","embeddable":true,"href":"https:\/\/mundo.seashell.pt\/index.php?rest_route=%2Fwp%2Fv2%2Fproduct_cat&post=6081"},{"taxonomy":"product_tag","embeddable":true,"href":"https:\/\/mundo.seashell.pt\/index.php?rest_route=%2Fwp%2Fv2%2Fproduct_tag&post=6081"}],"curies":[{"name":"wp","href":"https:\/\/api.w.org\/{rel}","templated":true}]}}