{"id":6077,"date":"2022-02-23T11:48:48","date_gmt":"2022-02-23T11:48:48","guid":{"rendered":"https:\/\/mundo.seashell.pt\/?post_type=product&#038;p=6077"},"modified":"2022-02-23T11:48:50","modified_gmt":"2022-02-23T11:48:50","slug":"fun-wc-gel-750ml","status":"publish","type":"product","link":"https:\/\/mundo.seashell.pt\/?product=fun-wc-gel-750ml","title":{"rendered":"Fun WC Gel 750ML"},"content":{"rendered":"<p><strong>APLICAC\u0327A\u0303O<\/strong><\/p>\n<p>Limpeza de WC<\/p>\n<p><strong><br \/><\/strong><\/p>\n<p><strong>PROPRIEDADES<\/strong><\/p>\n<p>E\u0301 um produto de cor azul, viscoso e perfumado, especialmente concebido para a higienizac\u0327a\u0303o de instalac\u0327o\u0303es sanita\u0301rias<br \/>Para ale\u0301m do elevado poder de limpeza, deixa um aroma bastante agrada\u0301vel.<\/p>\n<p>Recomenda-se a utilizac\u0327a\u0303o do produto em puro nas sanitas e urino\u0301is. Como o produto e\u0301 cremoso, este fica facilmente aderente a\u0300 louc\u0327a, ate\u0301 a\u0300 pro\u0301xima descarga de a\u0301gua.<\/p>\n<p><strong><br \/><\/strong><\/p>\n<p><strong>CONDIC\u0327O\u0303ES DE UTILIZAC\u0327A\u0303O<\/strong><\/p>\n<p>Sanitas e urino\u0301is:<br \/>Descarregar a a\u0301gua da sanita ou urinol e esguichar o produto abaixo do rebordo, ao redor da sanita, pelo percurso de descarga e nas sai\u0301das da a\u0301gua. Deixar atuar entre 5 e 10 minutos, esfregar com uma escova e descarregar novamente a a\u0301gua para enxaguar.<\/p>\n<p>Limpeza da casa de banho em geral:<br \/>Dosear o produto para um balde (2-5% em a\u0301gua). Aplicar o produto com um pano ou esponja.<\/p>\n<p><strong><br \/><\/strong><\/p>\n<p><strong>CARACTERISTICAS FISICO QUI\u0301MICAS<\/strong><\/p>\n<p>Aspecto: Produto Li\u0301quido<br \/>Cor: Azul<br \/>pH 3<br \/>Perfumado<\/p>\n","protected":false},"excerpt":{"rendered":"<p>E\u0301 um produto de cor azul, viscoso e perfumado, especialmente concebido para a higienizac\u0327a\u0303o de instalac\u0327o\u0303es sanita\u0301rias Para ale\u0301m do elevado poder de limpeza, deixa um aroma bastante agrada\u0301vel.<\/p>\n","protected":false},"featured_media":6078,"template":"","meta":{"spay_email":""},"product_cat":[15],"product_tag":[],"class_list":{"0":"post-6077","1":"product","2":"type-product","3":"status-publish","4":"has-post-thumbnail","6":"product_cat-sem-categoria","8":"first","9":"instock","10":"taxable","11":"shipping-taxable","12":"purchasable","13":"product-type-simple"},"acf":[],"jetpack-related-posts":[{"id":6087,"url":"https:\/\/mundo.seashell.pt\/?product=solim-wc-higienizante-5l","url_meta":{"origin":6077,"position":0},"title":"Solim WC Higienizante 5L","date":"Fevereiro 23, 2022","format":false,"excerpt":"Detergente \u00e1cido de cor azul, viscoso e perfumado, especialmente \ufeffconcebido para a limpeza de instala\u00e7\u00f5es sanit\u00e1rias.","rel":"","context":"Similar post","img":{"alt_text":"","src":"https:\/\/i0.wp.com\/mundo.seashell.pt\/wp-content\/uploads\/2022\/02\/Solim_WC_Higienizante_PhotoRoom_20210402_103551.jpg?resize=350%2C200&ssl=1","width":350,"height":200},"classes":[]},{"id":6079,"url":"https:\/\/mundo.seashell.pt\/?product=fun-wc-lixivia-750ml","url_meta":{"origin":6077,"position":1},"title":"Fun WC Lixivia 750ML","date":"Fevereiro 23, 2022","format":false,"excerpt":"E\u0301 um produto incolor, viscoso levemente perfumado, especialmente concebido para a limpeza de instalac\u0327o\u0303es sanita\u0301rias.","rel":"","context":"Similar post","img":{"alt_text":"","src":"https:\/\/i0.wp.com\/mundo.seashell.pt\/wp-content\/uploads\/2022\/02\/FUN_WC_LIXI_VIA_750ML_PhotoRoom_20210402_103049.jpg?resize=350%2C200&ssl=1","width":350,"height":200},"classes":[]},{"id":7080,"url":"https:\/\/mundo.seashell.pt\/?product=pato-wc-liquido-750ml","url_meta":{"origin":6077,"position":2},"title":"Pato WC L\u00edquido 750ml","date":"Fevereiro 23, 2022","format":false,"excerpt":"Um melhor alcance debaixo do rebordo da sua sanita para uma limpeza profunda.Descri\u00e7\u00e3o: Limpar a sanita nunca foi t\u00e3o f\u00e1cil, com Pato\u00ae.\u00a0 Combina o efeito branqueador da lix\u00edvia com o poder da espuma num s\u00f3 produto. O formato \u00fanico da sua embalagem permite um melhor alcance debaixo do rebordo da\u2026","rel":"","context":"Similar post","img":{"alt_text":"","src":"https:\/\/i0.wp.com\/mundo.seashell.pt\/wp-content\/uploads\/2022\/02\/314394_3_pato-wc-100-anticalcario-750ml.jpeg?resize=350%2C200&ssl=1","width":350,"height":200},"classes":[]},{"id":7066,"url":"https:\/\/mundo.seashell.pt\/?product=pato-active-clen-blocos-de-sanita","url_meta":{"origin":6077,"position":3},"title":"Pato Active Clean Blocos de Sanita","date":"Fevereiro 23, 2022","format":false,"excerpt":"Pato\u00ae Active Clean proporciona \u00e0 sua sanita uma frescura renovada a cada descarga, combinando a a\u00e7\u00e3o de limpeza da espuma com uma fabulosa fragr\u00e2ncia. Coloque Pato\u00ae Active Clean na sanita para transformar cada descarga numa onda de bolhas que mant\u00e9m a sanita limpa e perfumada at\u00e9 3 semanas. Benef\u00edcios: -\u2026","rel":"","context":"Similar post","img":{"alt_text":"","src":"https:\/\/i0.wp.com\/mundo.seashell.pt\/wp-content\/uploads\/2022\/02\/6826418-frente.jpeg?resize=350%2C200&ssl=1","width":350,"height":200},"classes":[]},{"id":6075,"url":"https:\/\/mundo.seashell.pt\/?product=stark-wc-2l","url_meta":{"origin":6077,"position":4},"title":"Detergente Stark WC 2L","date":"Fevereiro 23, 2022","format":false,"excerpt":"Detergente concentrado \u00e1cido para WC com forte poder aromatizante","rel":"","context":"Similar post","img":{"alt_text":"","src":"https:\/\/i0.wp.com\/mundo.seashell.pt\/wp-content\/uploads\/2022\/02\/goods_02_436158_2.jpg?resize=350%2C200&ssl=1","width":350,"height":200},"classes":[]},{"id":7074,"url":"https:\/\/mundo.seashell.pt\/?product=harpic-active-fresh-blocos-de-sanita","url_meta":{"origin":6077,"position":5},"title":"Harpic Active Fresh Blocos de Sanita","date":"Fevereiro 23, 2022","format":false,"excerpt":"Uma sanita brilhante e perfumada a cada descarga, com um bloco sanit\u00e1rio pr\u00e1tico de colocar.Benef\u00edcios: - Efic\u00e1cia e frescura superiores;- Extra brilho;- Remo\u00e7\u00e3o da sujidade;- F\u00f3rmula anticalc\u00e1rio;- Dura\u00e7\u00e3o at\u00e9 4 semanas;- Perfume intenso;- Espuma de limpeza. Conselhos de utiliza\u00e7\u00e3o:","rel":"","context":"Similar post","img":{"alt_text":"","src":"https:\/\/i0.wp.com\/mundo.seashell.pt\/wp-content\/uploads\/2022\/02\/815055_1.jpeg?resize=350%2C200&ssl=1","width":350,"height":200},"classes":[]}],"_links":{"self":[{"href":"https:\/\/mundo.seashell.pt\/index.php?rest_route=\/wp\/v2\/product\/6077","targetHints":{"allow":["GET"]}}],"collection":[{"href":"https:\/\/mundo.seashell.pt\/index.php?rest_route=\/wp\/v2\/product"}],"about":[{"href":"https:\/\/mundo.seashell.pt\/index.php?rest_route=\/wp\/v2\/types\/product"}],"wp:featuredmedia":[{"embeddable":true,"href":"https:\/\/mundo.seashell.pt\/index.php?rest_route=\/wp\/v2\/media\/6078"}],"wp:attachment":[{"href":"https:\/\/mundo.seashell.pt\/index.php?rest_route=%2Fwp%2Fv2%2Fmedia&parent=6077"}],"wp:term":[{"taxonomy":"product_cat","embeddable":true,"href":"https:\/\/mundo.seashell.pt\/index.php?rest_route=%2Fwp%2Fv2%2Fproduct_cat&post=6077"},{"taxonomy":"product_tag","embeddable":true,"href":"https:\/\/mundo.seashell.pt\/index.php?rest_route=%2Fwp%2Fv2%2Fproduct_tag&post=6077"}],"curies":[{"name":"wp","href":"https:\/\/api.w.org\/{rel}","templated":true}]}}