{"id":6075,"date":"2022-02-23T11:48:46","date_gmt":"2022-02-23T11:48:46","guid":{"rendered":"https:\/\/mundo.seashell.pt\/?post_type=product&#038;p=6075"},"modified":"2022-02-23T11:48:48","modified_gmt":"2022-02-23T11:48:48","slug":"stark-wc-2l","status":"publish","type":"product","link":"https:\/\/mundo.seashell.pt\/?product=stark-wc-2l","title":{"rendered":"Detergente Stark WC 2L"},"content":{"rendered":"<p>Detergente concentrado \u00e1cido para WC com forte poder aromatizante.<\/p>\n<p><strong><br \/><\/strong><\/p>\n<p><strong>PROPRIEDADES<\/strong><\/p>\n<p>Produto concentrado de limpeza para casas de banho, com forte poder&nbsp;aromatizante. Remove todo o tipo de sujidades dos sanit\u00e1rios, urin\u00f3is e torneiras, mesmo as mais dif\u00edceis.<\/p>\n<p>O STARK WC \u00e9 um detergente indicado para a remo\u00e7\u00e3o de calc\u00e1rio em&nbsp;pavimentos, paredes, loi\u00e7a sanit\u00e1ria e outras superf\u00edcies da casa de banho. Pode ser utilizado em todo o tipo de materiais.<\/p>\n<\/p>\n<p><strong>CONDI\u00c7\u00d5ES DE UTILIZA\u00c7\u00c3O<\/strong><\/p>\n<p>O produto deve ser dilu\u00eddo com \u00e1gua para um frasco pulverizador,&nbsp;recorrendo a um sistema de doseamento autom\u00e1tico a uma&nbsp;concentra\u00e7\u00e3o de 10%.<\/p>\n<p>Aplicar o produto dilu\u00eddo sobre a superf\u00edcie a limpar, deixar atuar&nbsp;alguns minutos e esfregar. No final enxaguar com \u00e1gua e secar com&nbsp;pano seco.<\/p>\n<p><strong><br \/><\/strong><\/p>\n<p><strong>CARACTERISTICAS FISICO QU\u00cdMICAS<\/strong><\/p>\n<p>Aspecto: Produto L\u00edquido<\/p>\n<p>Cor: azul<\/p>\n<p>perfumado<\/p>\n<p>Biodegrad\u00e1vel, conforme regulamento (CE) N\u00ba 648\/2004 Anexo II e III<\/p>\n","protected":false},"excerpt":{"rendered":"<p>Detergente concentrado \u00e1cido para WC com forte poder aromatizante<\/p>\n","protected":false},"featured_media":6076,"template":"","meta":{"spay_email":""},"product_cat":[15],"product_tag":[],"class_list":{"0":"post-6075","1":"product","2":"type-product","3":"status-publish","4":"has-post-thumbnail","6":"product_cat-sem-categoria","8":"first","9":"instock","10":"taxable","11":"shipping-taxable","12":"purchasable","13":"product-type-simple"},"acf":[],"jetpack-related-posts":[{"id":5996,"url":"https:\/\/mundo.seashell.pt\/?product=onda-lime-5kg","url_meta":{"origin":6075,"position":0},"title":"Detergente Higienizante Onda Lime 5kg","date":"Fevereiro 23, 2022","format":false,"excerpt":"Detergente higienizante com efeito desodorizante para todas as superf\u00edcies lav\u00e1veis e para a manuten\u00e7\u00e3o de todos os tipos de pavimento.","rel":"","context":"Similar post","img":{"alt_text":"","src":"https:\/\/i0.wp.com\/mundo.seashell.pt\/wp-content\/uploads\/2022\/02\/onda_lime.jpg?resize=350%2C200&ssl=1","width":350,"height":200},"classes":[]},{"id":5998,"url":"https:\/\/mundo.seashell.pt\/?product=onda-flor-5kg","url_meta":{"origin":6075,"position":1},"title":"Detergente Desinfetante Onda Flor 5kg","date":"Fevereiro 23, 2022","format":false,"excerpt":"Detergente desinfetante com efeito desodorizante para todas as superf\u00edcies lav\u00e1veis e para a manuten\u00e7\u00e3o de todos os tipos de pavimento.","rel":"","context":"Similar post","img":{"alt_text":"","src":"https:\/\/i0.wp.com\/mundo.seashell.pt\/wp-content\/uploads\/2022\/02\/onda_flor.jpg?resize=350%2C200&ssl=1","width":350,"height":200},"classes":[]},{"id":6066,"url":"https:\/\/mundo.seashell.pt\/?product=stark-vm-2l","url_meta":{"origin":6075,"position":2},"title":"Multiusos Stark VM 2L","date":"Fevereiro 23, 2022","format":false,"excerpt":"Detergente neutro ultraconcentrado indicado para a limpeza r\u00e1pida, por spray, de todo o tipo de superf\u00edcies lav\u00e1veis.","rel":"","context":"Similar post","img":{"alt_text":"","src":"","width":0,"height":0},"classes":[]},{"id":5665,"url":"https:\/\/mundo.seashell.pt\/?product=stark-des-super-2l","url_meta":{"origin":6075,"position":3},"title":"Desengordurante Concentrado &#8211; Stark Des Super 2L","date":"Fevereiro 23, 2022","format":false,"excerpt":"Detergente desengordurante l\u00edquido alcalino com um excelente desempenho na remo\u00e7\u00e3o de gorduras, \u00f3leos e outro tipo de sujidades. Produto de elevada rentabilidade e economia em uso.","rel":"","context":"Similar post","img":{"alt_text":"","src":"","width":0,"height":0},"classes":[]},{"id":6103,"url":"https:\/\/mundo.seashell.pt\/?product=restroom-10lt","url_meta":{"origin":6075,"position":4},"title":"Detergente Desincrustante Restroom 10Lt","date":"Fevereiro 23, 2022","format":false,"excerpt":"Detergente desincrustante para casas de banho ultra-concentrado","rel":"","context":"Similar post","img":{"alt_text":"","src":"https:\/\/i0.wp.com\/mundo.seashell.pt\/wp-content\/uploads\/2022\/02\/rest_room.jpg?resize=350%2C200&ssl=1","width":350,"height":200},"classes":[]},{"id":6091,"url":"https:\/\/mundo.seashell.pt\/?product=ruby-easy-750ml","url_meta":{"origin":6075,"position":5},"title":"Detergente antic\u00e1lcario Ruby Easy","date":"Fevereiro 23, 2022","format":false,"excerpt":"Detergente desincrustante super concentrado \u00e0 base de \u00e1cido org\u00e2nico de origem natural","rel":"","context":"Similar post","img":{"alt_text":"","src":"https:\/\/i0.wp.com\/mundo.seashell.pt\/wp-content\/uploads\/2022\/02\/ruby_easy.jpg?resize=350%2C200&ssl=1","width":350,"height":200},"classes":[]}],"_links":{"self":[{"href":"https:\/\/mundo.seashell.pt\/index.php?rest_route=\/wp\/v2\/product\/6075","targetHints":{"allow":["GET"]}}],"collection":[{"href":"https:\/\/mundo.seashell.pt\/index.php?rest_route=\/wp\/v2\/product"}],"about":[{"href":"https:\/\/mundo.seashell.pt\/index.php?rest_route=\/wp\/v2\/types\/product"}],"wp:featuredmedia":[{"embeddable":true,"href":"https:\/\/mundo.seashell.pt\/index.php?rest_route=\/wp\/v2\/media\/6076"}],"wp:attachment":[{"href":"https:\/\/mundo.seashell.pt\/index.php?rest_route=%2Fwp%2Fv2%2Fmedia&parent=6075"}],"wp:term":[{"taxonomy":"product_cat","embeddable":true,"href":"https:\/\/mundo.seashell.pt\/index.php?rest_route=%2Fwp%2Fv2%2Fproduct_cat&post=6075"},{"taxonomy":"product_tag","embeddable":true,"href":"https:\/\/mundo.seashell.pt\/index.php?rest_route=%2Fwp%2Fv2%2Fproduct_tag&post=6075"}],"curies":[{"name":"wp","href":"https:\/\/api.w.org\/{rel}","templated":true}]}}