{"id":6073,"date":"2022-02-23T11:48:43","date_gmt":"2022-02-23T11:48:43","guid":{"rendered":"https:\/\/mundo.seashell.pt\/?post_type=product&#038;p=6073"},"modified":"2022-02-23T11:48:46","modified_gmt":"2022-02-23T11:48:46","slug":"splendido-500ml","status":"publish","type":"product","link":"https:\/\/mundo.seashell.pt\/?product=splendido-500ml","title":{"rendered":"Detergente Espuma Splendido 500ml"},"content":{"rendered":"<h2>Espuma detergente super r\u00e1pida.<\/h2>\n<ul>\n<li>N\u00e3o deixa v\u00e9us<\/li>\n<li>Adequado para superf\u00edcies verticais ou lustres.<\/li>\n<li>Rapidez de a\u00e7\u00e3o<\/li>\n<\/ul>\n<h4><\/h4>\n<h4>Descri\u00e7\u00e3o<\/h4>\n<p>Espuma r\u00e1pida para a limpeza de superf\u00edcies esmaltadas, azulejos, f\u00f3rmica, vidros, cristais, lustres, vinil e pele. N\u00e3o \u00e9 preciso enxaguar.<\/p>\n<h4><\/h4>\n<h4>Dilui\u00e7\u00e3o<\/h4>\n<p>Pronto para o uso.<\/p>\n<h4><\/h4>\n<h4>Como usar<\/h4>\n<p>Agite bem antes de usar. Pulverize sobre a superf\u00edcie que pretende limpar a uma dist\u00e2ncia de 20 &#8211; 30 cm e passe com um pano macio.<\/p>\n","protected":false},"excerpt":{"rendered":"<p>Espuma r\u00e1pida para a limpeza de superf\u00edcies esmaltadas, azulejos, f\u00f3rmica, vidros, cristais, lustres, vinil e pele.<\/p>\n","protected":false},"featured_media":6074,"template":"","meta":{"spay_email":""},"product_cat":[15],"product_tag":[],"class_list":{"0":"post-6073","1":"product","2":"type-product","3":"status-publish","4":"has-post-thumbnail","6":"product_cat-sem-categoria","8":"first","9":"instock","10":"taxable","11":"shipping-taxable","12":"purchasable","13":"product-type-simple"},"acf":[],"jetpack-related-posts":[{"id":6307,"url":"https:\/\/mundo.seashell.pt\/?product=sonasol-lava-tudo-gel-com-lixivia","url_meta":{"origin":6073,"position":0},"title":"Sonasol Lava-Tudo Gel com Lix\u00edvia","date":"Fevereiro 23, 2022","format":false,"excerpt":"Limpeza, a\u00e7\u00e3o desengordurante e higiene imediatas, desde a primeira passagem, com Sonasol. Sonasol gel lix\u00edvia \u00e9 o detergente ideal para a limpeza di\u00e1ria do fog\u00e3o, exaustor, forno, arm\u00e1rios, f\u00f3rmicas, lava-loi\u00e7as, banheiras e, at\u00e9 mesmo, superf\u00edcies esmaltadas e qualquer tipo de ch\u00e3o cer\u00e2mico. Gra\u00e7as \u00e0 sua poderosa f\u00f3rmula em gel, \u00e9\u2026","rel":"","context":"Similar post","img":{"alt_text":"","src":"https:\/\/i0.wp.com\/mundo.seashell.pt\/wp-content\/uploads\/2022\/02\/SONASOL_GEL_LIXIVIA_0L600_8410436339582.png?resize=350%2C200&ssl=1","width":350,"height":200},"classes":[]},{"id":6317,"url":"https:\/\/mundo.seashell.pt\/?product=domestos-lixivia-classica-2l","url_meta":{"origin":6073,"position":1},"title":"Domestos Lix\u00edvia Cl\u00e1ssica 2L","date":"Fevereiro 23, 2022","format":false,"excerpt":"'Domestos lix\u00edvia cl\u00e1ssica foi desenvolvida para garantir a seguran\u00e7a e prote\u00e7\u00e3o do seu lar, atrav\u00e9s de uma tripla a\u00e7\u00e3o: desinfe\u00e7\u00e3o, limpeza e frescura. Tipo de produto: Lix\u00edvia Gel Benef\u00edcios: - Desinfeta, branqueia e mata todos os germes conhecidos;- Limpa, desengordura e elimina a sujidade de todas a...","rel":"","context":"Similar post","img":{"alt_text":"","src":"https:\/\/i0.wp.com\/mundo.seashell.pt\/wp-content\/uploads\/2022\/02\/DOMESTOS_LIXI_VIA_CLA_SSICA_-_2L_5601068015774.png?resize=350%2C200&ssl=1","width":350,"height":200},"classes":[]},{"id":6066,"url":"https:\/\/mundo.seashell.pt\/?product=stark-vm-2l","url_meta":{"origin":6073,"position":2},"title":"Multiusos Stark VM 2L","date":"Fevereiro 23, 2022","format":false,"excerpt":"Detergente neutro ultraconcentrado indicado para a limpeza r\u00e1pida, por spray, de todo o tipo de superf\u00edcies lav\u00e1veis.","rel":"","context":"Similar post","img":{"alt_text":"","src":"","width":0,"height":0},"classes":[]},{"id":5696,"url":"https:\/\/mundo.seashell.pt\/?product=chlordet-24kg","url_meta":{"origin":6073,"position":3},"title":"Desengordurante Higienizante Chlordet 24Kg","date":"Fevereiro 23, 2022","format":false,"excerpt":"Detergente desengordurante higienizante sem espuma com cloro ativo para lavagem manual, mec\u00e2nica o em CIP de todas as superf\u00edcies lav\u00e1veis.","rel":"","context":"Similar post","img":{"alt_text":"","src":"https:\/\/i0.wp.com\/mundo.seashell.pt\/wp-content\/uploads\/2022\/02\/chlordet.jpg?resize=350%2C200&ssl=1","width":350,"height":200},"classes":[]},{"id":5978,"url":"https:\/\/mundo.seashell.pt\/?product=acid-plus-24-kg","url_meta":{"origin":6073,"position":4},"title":"Detergente Acid Plus 24 Kg","date":"Fevereiro 23, 2022","format":false,"excerpt":"Detergente desincrustante \u00e1cido sem espuma para lavagem manual, mec\u00e2nica ou em CIP de todas as superf\u00edcies lav\u00e1veis","rel":"","context":"Similar post","img":{"alt_text":"","src":"https:\/\/i0.wp.com\/mundo.seashell.pt\/wp-content\/uploads\/2022\/02\/acidplus.jpg?resize=350%2C200&ssl=1","width":350,"height":200},"classes":[]},{"id":5938,"url":"https:\/\/mundo.seashell.pt\/?product=terso-5kg","url_meta":{"origin":6073,"position":5},"title":"Detergente Universal Terso 5Kg","date":"Fevereiro 23, 2022","format":false,"excerpt":"Detergente universal concentrado de alta efic\u00e1cia para a limpeza de todas as superf\u00edcies lav\u00e1veis","rel":"","context":"Similar post","img":{"alt_text":"","src":"https:\/\/i0.wp.com\/mundo.seashell.pt\/wp-content\/uploads\/2022\/02\/terso.jpg?resize=350%2C200&ssl=1","width":350,"height":200},"classes":[]}],"_links":{"self":[{"href":"https:\/\/mundo.seashell.pt\/index.php?rest_route=\/wp\/v2\/product\/6073","targetHints":{"allow":["GET"]}}],"collection":[{"href":"https:\/\/mundo.seashell.pt\/index.php?rest_route=\/wp\/v2\/product"}],"about":[{"href":"https:\/\/mundo.seashell.pt\/index.php?rest_route=\/wp\/v2\/types\/product"}],"wp:featuredmedia":[{"embeddable":true,"href":"https:\/\/mundo.seashell.pt\/index.php?rest_route=\/wp\/v2\/media\/6074"}],"wp:attachment":[{"href":"https:\/\/mundo.seashell.pt\/index.php?rest_route=%2Fwp%2Fv2%2Fmedia&parent=6073"}],"wp:term":[{"taxonomy":"product_cat","embeddable":true,"href":"https:\/\/mundo.seashell.pt\/index.php?rest_route=%2Fwp%2Fv2%2Fproduct_cat&post=6073"},{"taxonomy":"product_tag","embeddable":true,"href":"https:\/\/mundo.seashell.pt\/index.php?rest_route=%2Fwp%2Fv2%2Fproduct_tag&post=6073"}],"curies":[{"name":"wp","href":"https:\/\/api.w.org\/{rel}","templated":true}]}}