{"id":6071,"date":"2022-02-23T11:48:41","date_gmt":"2022-02-23T11:48:41","guid":{"rendered":"https:\/\/mundo.seashell.pt\/?post_type=product&#038;p=6071"},"modified":"2022-02-23T11:48:42","modified_gmt":"2022-02-23T11:48:42","slug":"plural-plus-500ml","status":"publish","type":"product","link":"https:\/\/mundo.seashell.pt\/?product=plural-plus-500ml","title":{"rendered":"Detergente Multiusos Plural Plus"},"content":{"rendered":"<h2>Detergente multiusos concentrado pronto para usar<\/h2>\n<ul>\n<li>Produto concentrado com \u00f3timo poder de limpeza<\/li>\n<li>Ativo mesmo em carimbos e manchas de tinta<\/li>\n<li>Pronto para o uso<\/li>\n<\/ul>\n<h4><\/h4>\n<h4>Descri\u00e7\u00e3o<\/h4>\n<p>Detergente muito eficaz para a limpeza de todas as superf\u00edcies lav\u00e1veis. Secagem r\u00e1pida e pronto a usar.<\/p>\n<h4><\/h4>\n<h4>Dilui\u00e7\u00e3o<\/h4>\n<p>Pronto para o uso.<\/p>\n<h4><\/h4>\n<h4>Como usar<\/h4>\n<p>Pulverize o produto no pano. Em caso de sujidade excessiva, pulverize diretamente sobre a superf\u00edcie e enxague com um pano h\u00famido at\u00e9 \u00e0 completa secagem.<\/p>\n","protected":false},"excerpt":{"rendered":"<p>Detergente muito eficaz para a limpeza de todas as superf\u00edcies lav\u00e1veis. Secagem r\u00e1pida e pronto a usar.<\/p>\n","protected":false},"featured_media":6072,"template":"","meta":{"spay_email":""},"product_cat":[15],"product_tag":[],"class_list":{"0":"post-6071","1":"product","2":"type-product","3":"status-publish","4":"has-post-thumbnail","6":"product_cat-sem-categoria","8":"first","9":"instock","10":"taxable","11":"shipping-taxable","12":"purchasable","13":"product-type-simple"},"acf":[],"jetpack-related-posts":[{"id":6066,"url":"https:\/\/mundo.seashell.pt\/?product=stark-vm-2l","url_meta":{"origin":6071,"position":0},"title":"Multiusos Stark VM 2L","date":"Fevereiro 23, 2022","format":false,"excerpt":"Detergente neutro ultraconcentrado indicado para a limpeza r\u00e1pida, por spray, de todo o tipo de superf\u00edcies lav\u00e1veis.","rel":"","context":"Similar post","img":{"alt_text":"","src":"","width":0,"height":0},"classes":[]},{"id":5712,"url":"https:\/\/mundo.seashell.pt\/?product=spot-500ml","url_meta":{"origin":6071,"position":1},"title":"Removedor de Manchas Spot 500Ml","date":"Fevereiro 23, 2022","format":false,"excerpt":"Agente de limpeza r\u00e1pido de elevada efic\u00e1cia em manchas de tinta, marcadores e manchas de origem gordurosa.","rel":"","context":"Similar post","img":{"alt_text":"","src":"https:\/\/i0.wp.com\/mundo.seashell.pt\/wp-content\/uploads\/2022\/02\/spot.jpg?resize=350%2C200&ssl=1","width":350,"height":200},"classes":[]},{"id":5722,"url":"https:\/\/mundo.seashell.pt\/?product=xtra-alko-500ml","url_meta":{"origin":6071,"position":2},"title":"Higienizante Xtra-Alko 500Ml","date":"Fevereiro 23, 2022","format":false,"excerpt":"Detergente higienizante hidroalc\u00f3olico pronto para o uso, adequado para todas as superf\u00edcies lav\u00e1veis","rel":"","context":"Similar post","img":{"alt_text":"","src":"https:\/\/i0.wp.com\/mundo.seashell.pt\/wp-content\/uploads\/2022\/02\/xtra-alko.jpg?resize=350%2C200&ssl=1","width":350,"height":200},"classes":[]},{"id":5718,"url":"https:\/\/mundo.seashell.pt\/?product=xtra-oxy-500ml","url_meta":{"origin":6071,"position":3},"title":"Higienizante Xtra-Oxy 500Ml","date":"Fevereiro 23, 2022","format":false,"excerpt":"\ufeffDetergente Higienizante pronto para uso \u00e0 base de per\u00f3xido de Hidrog\u00eanio adequado para todas as superf\u00edcies lav\u00e1veis","rel":"","context":"Similar post","img":{"alt_text":"","src":"https:\/\/i0.wp.com\/mundo.seashell.pt\/wp-content\/uploads\/2022\/02\/xtra_oxy.jpg?resize=350%2C200&ssl=1","width":350,"height":200},"classes":[]},{"id":6067,"url":"https:\/\/mundo.seashell.pt\/?product=diamond-500ml","url_meta":{"origin":6071,"position":4},"title":"Detergente Natural Diamond","date":"Fevereiro 23, 2022","format":false,"excerpt":"Detergente multiusos para a limpeza di\u00e1ria de todo o mobili\u00e1rio. Indicado para vidros, espelhos, superf\u00edcies lav\u00e1veis etc","rel":"","context":"Similar post","img":{"alt_text":"","src":"https:\/\/i0.wp.com\/mundo.seashell.pt\/wp-content\/uploads\/2022\/02\/diamond.jpg?resize=350%2C200&ssl=1","width":350,"height":200},"classes":[]},{"id":6048,"url":"https:\/\/mundo.seashell.pt\/?product=plural-10lt","url_meta":{"origin":6071,"position":5},"title":"Detergente Multiusos Plural 10Lt","date":"Fevereiro 23, 2022","format":false,"excerpt":"Detergente multiusos ultra-concentrado para a limpeza di\u00e1ria do mobili\u00e1rio. Indicado para vidros, espelhos, superf\u00edcies lav\u00e1veis.","rel":"","context":"Similar post","img":{"alt_text":"","src":"https:\/\/i0.wp.com\/mundo.seashell.pt\/wp-content\/uploads\/2022\/02\/plural.jpg?resize=350%2C200&ssl=1","width":350,"height":200},"classes":[]}],"_links":{"self":[{"href":"https:\/\/mundo.seashell.pt\/index.php?rest_route=\/wp\/v2\/product\/6071","targetHints":{"allow":["GET"]}}],"collection":[{"href":"https:\/\/mundo.seashell.pt\/index.php?rest_route=\/wp\/v2\/product"}],"about":[{"href":"https:\/\/mundo.seashell.pt\/index.php?rest_route=\/wp\/v2\/types\/product"}],"wp:featuredmedia":[{"embeddable":true,"href":"https:\/\/mundo.seashell.pt\/index.php?rest_route=\/wp\/v2\/media\/6072"}],"wp:attachment":[{"href":"https:\/\/mundo.seashell.pt\/index.php?rest_route=%2Fwp%2Fv2%2Fmedia&parent=6071"}],"wp:term":[{"taxonomy":"product_cat","embeddable":true,"href":"https:\/\/mundo.seashell.pt\/index.php?rest_route=%2Fwp%2Fv2%2Fproduct_cat&post=6071"},{"taxonomy":"product_tag","embeddable":true,"href":"https:\/\/mundo.seashell.pt\/index.php?rest_route=%2Fwp%2Fv2%2Fproduct_tag&post=6071"}],"curies":[{"name":"wp","href":"https:\/\/api.w.org\/{rel}","templated":true}]}}