{"id":6069,"date":"2022-02-23T11:48:38","date_gmt":"2022-02-23T11:48:38","guid":{"rendered":"https:\/\/mundo.seashell.pt\/?post_type=product&#038;p=6069"},"modified":"2022-02-23T11:48:40","modified_gmt":"2022-02-23T11:48:40","slug":"diamond-easy-750ml","status":"publish","type":"product","link":"https:\/\/mundo.seashell.pt\/?product=diamond-easy-750ml","title":{"rendered":"Detergente Natural Diamond Easy"},"content":{"rendered":"<h2>Detergente natural multiusos super concentrado<\/h2>\n<ul>\n<li>Efic\u00e1cia vs l\u00edderes de mercado testada em laborat\u00f3rio certificado ISO 17025<\/li>\n<li>Produto com mat\u00e9rias-primas de origem vegetal e completamente biodegrad\u00e1vel*<\/li>\n<li>Produto superconcentrado<\/li>\n<\/ul>\n<h4><\/h4>\n<h4>Descri\u00e7\u00e3o<\/h4>\n<p>Detergente multiusos super concentrado para a limpeza di\u00e1ria do mobili\u00e1rio. Indicado para vidros, espelhos, superf\u00edcies lav\u00e1veis, etc. O uso di\u00e1rio de Diamond Easy, gra\u00e7as \u00e0 sua formula\u00e7\u00e3o com agentes antiredepositantes, permite uma \u00f3tima prote\u00e7\u00e3o das superf\u00edcies e facilita a manuten\u00e7\u00e3o. Cont\u00e9m mat\u00e9rias-primas de origem vegetal (por ex. tensioativos, solventes) derivadas de beterraba sacarina e milho. Perfume a vinagre de ma\u00e7\u00e3, sem <a target=\"_blank\" href=\"https:\/\/www.sutterprofessional.it\/pt\/sutterpedia#allergen\" rel=\"noopener\">alerg\u00e9nios<\/a> (Reg. 648\/2004). Sem fosfatos, sem n\u00edquel (inferior a 0,01 ppm). Se o produto for dilu\u00eddo de acordo com a dilui\u00e7\u00e3o aconselhada, n\u00e3o \u00e9 classificado como perigoso (sem s\u00edmbolos CLP) em conformidade com o Reg. 1272\/2008.<\/p>\n<h4><\/h4>\n<h4>Dilui\u00e7\u00e3o<\/h4>\n<p>6% (30 ml para 500 ml). Id\u00f3neo tamb\u00e9m na limpeza de superf\u00edcies interiores de embarca\u00e7\u00f5es, barcos e outros meios de transporte. O uso da dilui\u00e7\u00e3o aconselhada permite poupar e reduzir ao m\u00ednimo o impacto ambiental. \u00c8 suficiente uma pequena quantidade de produto comparado com um produto dilu\u00eddo.<\/p>\n<h4><\/h4>\n<h4>Como usar<\/h4>\n<p>Formato 750 ml: diluir o produto em \u00e1gua com o sistema EASY DOSE (encher o doseador premindo sobre o frasco e deitar 1 dose em 1 frasco de 500 ml de \u00e1gua).<br \/>Formato 5 kg: diluir o produto em \u00e1gua com o sistema EASY DOSE (aspirar com sistema Venturi ou com a bomba do bid\u00e3o e deitar 1 dose em 1 frasco de 500 ml de \u00e1gua). Borrifar a solu\u00e7\u00e3o na superf\u00edcie por limpar e passar um pano at\u00e9 secar completamente.<\/p>\n","protected":false},"excerpt":{"rendered":"<p>Detergente multiusos super concentrado para a limpeza di\u00e1ria do mobili\u00e1rio. Indicado para vidros, espelhos, superf\u00edcies lav\u00e1veis, etc<\/p>\n","protected":false},"featured_media":6070,"template":"","meta":{"spay_email":""},"product_cat":[15],"product_tag":[],"class_list":{"0":"post-6069","1":"product","2":"type-product","3":"status-publish","4":"has-post-thumbnail","6":"product_cat-sem-categoria","8":"first","9":"instock","10":"taxable","11":"shipping-taxable","12":"purchasable","13":"product-type-simple"},"acf":[],"jetpack-related-posts":[{"id":6042,"url":"https:\/\/mundo.seashell.pt\/?product=pine-easy-750ml","url_meta":{"origin":6069,"position":0},"title":"Detergente natural Pine Easy","date":"Fevereiro 23, 2022","format":false,"excerpt":"Detergente universal multiusos super concentrado para a limpeza di\u00e1ria de superf\u00edcies duras","rel":"","context":"Similar post","img":{"alt_text":"","src":"https:\/\/i0.wp.com\/mundo.seashell.pt\/wp-content\/uploads\/2022\/02\/pine_easy.jpg?resize=350%2C200&ssl=1","width":350,"height":200},"classes":[]},{"id":5946,"url":"https:\/\/mundo.seashell.pt\/?product=flower-easy-750ml","url_meta":{"origin":6069,"position":1},"title":"Detergente Flower Easy","date":"Fevereiro 23, 2022","format":false,"excerpt":"Detergente universal multiusos super concentrado para a limpeza di\u00e1ria de superf\u00edcies com ou sem tratamento.","rel":"","context":"Similar post","img":{"alt_text":"","src":"https:\/\/i0.wp.com\/mundo.seashell.pt\/wp-content\/uploads\/2022\/02\/flower_easy.jpg?resize=350%2C200&ssl=1","width":350,"height":200},"classes":[]},{"id":6067,"url":"https:\/\/mundo.seashell.pt\/?product=diamond-500ml","url_meta":{"origin":6069,"position":2},"title":"Detergente Natural Diamond","date":"Fevereiro 23, 2022","format":false,"excerpt":"Detergente multiusos para a limpeza di\u00e1ria de todo o mobili\u00e1rio. Indicado para vidros, espelhos, superf\u00edcies lav\u00e1veis etc","rel":"","context":"Similar post","img":{"alt_text":"","src":"https:\/\/i0.wp.com\/mundo.seashell.pt\/wp-content\/uploads\/2022\/02\/diamond.jpg?resize=350%2C200&ssl=1","width":350,"height":200},"classes":[]},{"id":6040,"url":"https:\/\/mundo.seashell.pt\/?product=pine-1lt","url_meta":{"origin":6069,"position":3},"title":"Detergente Natural Pine","date":"Fevereiro 23, 2022","format":false,"excerpt":"Detergente universal multiusos para a limpeza di\u00e1ria de superf\u00edcies duras","rel":"","context":"Similar post","img":{"alt_text":"","src":"https:\/\/i0.wp.com\/mundo.seashell.pt\/wp-content\/uploads\/2022\/02\/pine.jpg?resize=350%2C200&ssl=1","width":350,"height":200},"classes":[]},{"id":6044,"url":"https:\/\/mundo.seashell.pt\/?product=apple-1lt","url_meta":{"origin":6069,"position":4},"title":"Detergente Natural Apple","date":"Fevereiro 23, 2022","format":false,"excerpt":"Detergente universal multiusos para a limpeza di\u00e1ria de superf\u00edcies duras.","rel":"","context":"Similar post","img":{"alt_text":"","src":"https:\/\/i0.wp.com\/mundo.seashell.pt\/wp-content\/uploads\/2022\/02\/apple.jpg?resize=350%2C200&ssl=1","width":350,"height":200},"classes":[]},{"id":6046,"url":"https:\/\/mundo.seashell.pt\/?product=cologne-5kg","url_meta":{"origin":6069,"position":5},"title":"Detergente Natural Cologne 5Kg","date":"Fevereiro 23, 2022","format":false,"excerpt":"Detergente universal multiusos para a limpeza di\u00e1ria de superf\u00edcies duras","rel":"","context":"Similar post","img":{"alt_text":"","src":"https:\/\/i0.wp.com\/mundo.seashell.pt\/wp-content\/uploads\/2022\/02\/cologne.jpg?resize=350%2C200&ssl=1","width":350,"height":200},"classes":[]}],"_links":{"self":[{"href":"https:\/\/mundo.seashell.pt\/index.php?rest_route=\/wp\/v2\/product\/6069","targetHints":{"allow":["GET"]}}],"collection":[{"href":"https:\/\/mundo.seashell.pt\/index.php?rest_route=\/wp\/v2\/product"}],"about":[{"href":"https:\/\/mundo.seashell.pt\/index.php?rest_route=\/wp\/v2\/types\/product"}],"wp:featuredmedia":[{"embeddable":true,"href":"https:\/\/mundo.seashell.pt\/index.php?rest_route=\/wp\/v2\/media\/6070"}],"wp:attachment":[{"href":"https:\/\/mundo.seashell.pt\/index.php?rest_route=%2Fwp%2Fv2%2Fmedia&parent=6069"}],"wp:term":[{"taxonomy":"product_cat","embeddable":true,"href":"https:\/\/mundo.seashell.pt\/index.php?rest_route=%2Fwp%2Fv2%2Fproduct_cat&post=6069"},{"taxonomy":"product_tag","embeddable":true,"href":"https:\/\/mundo.seashell.pt\/index.php?rest_route=%2Fwp%2Fv2%2Fproduct_tag&post=6069"}],"curies":[{"name":"wp","href":"https:\/\/api.w.org\/{rel}","templated":true}]}}