{"id":6064,"date":"2022-02-23T11:48:31","date_gmt":"2022-02-23T11:48:31","guid":{"rendered":"https:\/\/mundo.seashell.pt\/?post_type=product&#038;p=6064"},"modified":"2022-02-23T11:48:33","modified_gmt":"2022-02-23T11:48:33","slug":"fun-limpa-vidros-750ml","status":"publish","type":"product","link":"https:\/\/mundo.seashell.pt\/?product=fun-limpa-vidros-750ml","title":{"rendered":"Fun Limpa Vidros 750ML"},"content":{"rendered":"<p>Limpa vidros<\/p>\n<p><strong><br \/><\/strong><\/p>\n<p><strong>PROPRIEDADES<\/strong><\/p>\n<ul>\n<li>\u00c9 um produto combinado \u00e0 base de \u00e1lcool e tensioativos anfot\u00e9ricos.<\/li>\n<li>Tem um tempo de secagem muito curto.<\/li>\n<li>N\u00e3o deixa manchas por embaciamento.<\/li>\n<\/ul>\n<p><strong><br \/><\/strong><\/p>\n<p><strong>CONDI\u00c7\u00d5ES DE UTILIZA\u00c7\u00c3O<\/strong><\/p>\n<p>Pulverizar na superf\u00edcie e limpar com um pano seco.<\/p>\n<p><strong><br \/><\/strong><\/p>\n<p><strong>CARACTERISTICAS FISICO QU\u00cdMICAS<\/strong><\/p>\n<p>Aspecto: Produto L\u00edquido<\/p>\n<p>Cor: azul<\/p>\n<p>Biodegrad\u00e1vel, conforme regulamento (CE) N\u00ba 648\/2004 Anexo II e III<\/p>\n","protected":false},"excerpt":{"rendered":"<p>Limpa Vidros. \u00c9 um produto combinado \u00e0 base de \u00e1lcool e tensioativos anfot\u00e9ricos. Tem um tempo de secagem muito curto. N\u00e3o deixa manchas por embaciamento.<\/p>\n","protected":false},"featured_media":6065,"template":"","meta":{"spay_email":""},"product_cat":[15],"product_tag":[],"class_list":{"0":"post-6064","1":"product","2":"type-product","3":"status-publish","4":"has-post-thumbnail","6":"product_cat-sem-categoria","8":"first","9":"instock","10":"taxable","11":"shipping-taxable","12":"purchasable","13":"product-type-simple"},"acf":[],"jetpack-related-posts":[{"id":5618,"url":"https:\/\/mundo.seashell.pt\/?product=mr-fun-limpa-vidros-5l","url_meta":{"origin":6064,"position":0},"title":"Mr Fun Limpa Vidros 5L","date":"Fevereiro 23, 2022","format":false,"excerpt":"Produto combinado \u00e0 base de \u00e1lcool e tensioactivos com um tempo de secagem muito curto.","rel":"","context":"Similar post","img":{"alt_text":"","src":"https:\/\/i0.wp.com\/mundo.seashell.pt\/wp-content\/uploads\/2022\/02\/Mr_Fun_Vidros_PhotoRoom_20210402_103650.jpg?resize=350%2C200&ssl=1","width":350,"height":200},"classes":[]},{"id":6189,"url":"https:\/\/mundo.seashell.pt\/?product=pano-de-vidros-vileda-10-panos","url_meta":{"origin":6064,"position":1},"title":"Pano de Vidros &#8211; Vileda (10 panos)","date":"Fevereiro 23, 2022","format":false,"excerpt":"Pano Vidros Limpeza e secagem perfeitas de vidros Panos desenhados para tarefas de limpezas profissionais para todo tipo de vidro, espelhos, mostradores, metais etc. Em geral, pode ser utilizado para qualquer superf\u00edcie que exija acabado perfeito. Benef\u00edcios do produto Limpeza perfeita: ...","rel":"","context":"Similar post","img":{"alt_text":"","src":"https:\/\/i0.wp.com\/mundo.seashell.pt\/wp-content\/uploads\/2022\/02\/Iberica-cristales-carouselImage_PhotoRoom_20210418_123122.jpg?resize=350%2C200&ssl=1","width":350,"height":200},"classes":[]},{"id":5704,"url":"https:\/\/mundo.seashell.pt\/?product=flash-500ml","url_meta":{"origin":6064,"position":2},"title":"Limpador Natural Superactivo Flash","date":"Fevereiro 23, 2022","format":false,"excerpt":"Produto de limpeza r\u00e1pido e altamente eficaz em manchas de tinta, canetas de feltro e n\u00f3doas de gordura vegetal ou mineral.","rel":"","context":"Similar post","img":{"alt_text":"","src":"https:\/\/i0.wp.com\/mundo.seashell.pt\/wp-content\/uploads\/2022\/02\/flash.jpg?resize=350%2C200&ssl=1","width":350,"height":200},"classes":[]},{"id":6343,"url":"https:\/\/mundo.seashell.pt\/?product=cif-limpa-vidros-power-shine-075l","url_meta":{"origin":6064,"position":3},"title":"Cif Limpa Vidros Power &#038; Shine  750ml","date":"Fevereiro 23, 2022","format":false,"excerpt":"Cif Power & Shine vidros remove facilmente marcas de \u00e1gua e manchas das janelas e superf\u00edcies vidradas, assim como as torna repelentes \u00e0 \u00e1gua. Isto previne que as gotas de \u00e1gua adiram \u00e0s superf\u00edcies, para poder desfrutar as suas superf\u00edcies brilhantes por mais tempo.Benef\u00edcios: - Brilho sem manchas;- Remove dedadas\u2026","rel":"","context":"Similar post","img":{"alt_text":"","src":"https:\/\/i0.wp.com\/mundo.seashell.pt\/wp-content\/uploads\/2022\/02\/CIF_SPRAY_LIMPA_VIDROS_-_750ml_8714100508022.png?resize=350%2C200&ssl=1","width":350,"height":200},"classes":[]},{"id":6062,"url":"https:\/\/mundo.seashell.pt\/?product=solim-vidros-5l","url_meta":{"origin":6064,"position":4},"title":"Solim Vidros 5L","date":"Fevereiro 23, 2022","format":false,"excerpt":"Detergente l\u00edquido pronto a usar, para limpeza de vidros e outras superf\u00edcies duras resistentes \u00e1guas.","rel":"","context":"Similar post","img":{"alt_text":"","src":"https:\/\/i0.wp.com\/mundo.seashell.pt\/wp-content\/uploads\/2022\/02\/Solim_Vidros_PhotoRoom_20210402_103238.jpg?resize=350%2C200&ssl=1","width":350,"height":200},"classes":[]},{"id":6405,"url":"https:\/\/mundo.seashell.pt\/?product=cif-spray-cozinhas-075l","url_meta":{"origin":6064,"position":5},"title":"CIF Spray Cozinhas 750ml","date":"Fevereiro 23, 2022","format":false,"excerpt":"Desde sempre que a preocupa\u00e7\u00e3o com o resultado final, tem sido a constante da marca Cif. Com conhecimento profundo da sujidade e das superf\u00edcies, desenvolve os melhores produtos de limpeza, para os consumidores mais exigentes. Dentro do universo dos detergentes, Cif apresenta uma gama bastante alargada e diversificada, capaz de\u2026","rel":"","context":"Similar post","img":{"alt_text":"","src":"https:\/\/i0.wp.com\/mundo.seashell.pt\/wp-content\/uploads\/2022\/02\/CIF_SPRAY_COZINHA_-_750ml_8712561142342.png?resize=350%2C200&ssl=1","width":350,"height":200},"classes":[]}],"_links":{"self":[{"href":"https:\/\/mundo.seashell.pt\/index.php?rest_route=\/wp\/v2\/product\/6064","targetHints":{"allow":["GET"]}}],"collection":[{"href":"https:\/\/mundo.seashell.pt\/index.php?rest_route=\/wp\/v2\/product"}],"about":[{"href":"https:\/\/mundo.seashell.pt\/index.php?rest_route=\/wp\/v2\/types\/product"}],"wp:featuredmedia":[{"embeddable":true,"href":"https:\/\/mundo.seashell.pt\/index.php?rest_route=\/wp\/v2\/media\/6065"}],"wp:attachment":[{"href":"https:\/\/mundo.seashell.pt\/index.php?rest_route=%2Fwp%2Fv2%2Fmedia&parent=6064"}],"wp:term":[{"taxonomy":"product_cat","embeddable":true,"href":"https:\/\/mundo.seashell.pt\/index.php?rest_route=%2Fwp%2Fv2%2Fproduct_cat&post=6064"},{"taxonomy":"product_tag","embeddable":true,"href":"https:\/\/mundo.seashell.pt\/index.php?rest_route=%2Fwp%2Fv2%2Fproduct_tag&post=6064"}],"curies":[{"name":"wp","href":"https:\/\/api.w.org\/{rel}","templated":true}]}}