{"id":6062,"date":"2022-02-23T11:48:28","date_gmt":"2022-02-23T11:48:28","guid":{"rendered":"https:\/\/mundo.seashell.pt\/?post_type=product&#038;p=6062"},"modified":"2022-02-23T11:48:31","modified_gmt":"2022-02-23T11:48:31","slug":"solim-vidros-5l","status":"publish","type":"product","link":"https:\/\/mundo.seashell.pt\/?product=solim-vidros-5l","title":{"rendered":"Solim Vidros 5L"},"content":{"rendered":"<p><strong>Limpa Vidros Industrial&nbsp;<\/strong><\/p>\n<p><strong><br \/><\/strong><\/p>\n<p><strong>PROPRIEDADES<\/strong><\/p>\n<p>Detergente l\u00edquido pronto a usar, para limpeza de vidros e outras superf\u00edcies duras resistentes \u00e1guas.<br \/>Excelente na remo\u00e7\u00e3o de manchas e dedadas em todo o tipo de superf\u00edcies, nomeadamente janelas, espelhos, cer\u00e2mica e pl\u00e1sticos. F\u00e1cil de pulverizar e de limpar.<\/p>\n<p><strong><br \/><\/strong><\/p>\n<p><strong>CONDI\u00c7\u00d5ES DE UTILIZA\u00c7\u00c3O<\/strong><\/p>\n<p>Pulverizar ligeiramente num pano macio que n\u00e3o solte fibras e limpar a superf\u00edcie. Repetir a aplica\u00e7\u00e3o para retirar sujidade mais resistente.<\/p>\n<p><strong><br \/><\/strong><\/p>\n<p><strong>CARACTERISTICAS FISICO QU\u00cdMICAS<\/strong><\/p>\n<p>Aspecto: Produto L\u00edquido<br \/>Cor: azul<br \/>Biodegrad\u00e1vel, conforme regulamento (CE) No 648\/2004 Anexo II e III<\/p>\n","protected":false},"excerpt":{"rendered":"<p>Detergente l\u00edquido pronto a usar, para limpeza de vidros e outras superf\u00edcies duras resistentes \u00e1guas.<\/p>\n","protected":false},"featured_media":6063,"template":"","meta":{"spay_email":""},"product_cat":[15],"product_tag":[],"class_list":{"0":"post-6062","1":"product","2":"type-product","3":"status-publish","4":"has-post-thumbnail","6":"product_cat-sem-categoria","8":"first","9":"instock","10":"taxable","11":"shipping-taxable","12":"purchasable","13":"product-type-simple"},"acf":[],"jetpack-related-posts":[{"id":5714,"url":"https:\/\/mundo.seashell.pt\/?product=fun-higienizante-multiusos-750-ml","url_meta":{"origin":6062,"position":0},"title":"Fun Higienizante Multiusos 750 ML","date":"Fevereiro 23, 2022","format":false,"excerpt":"Detergente l\u00edquido adequado para a limpeza e higieniza\u00e7\u00e3o de todo o tipo de superf\u00edcies e equipamentos.","rel":"","context":"Similar post","img":{"alt_text":"","src":"https:\/\/i0.wp.com\/mundo.seashell.pt\/wp-content\/uploads\/2022\/02\/Fun_Higienizante_Multiusos_PhotoRoom_20210402_103034.jpg?resize=350%2C200&ssl=1","width":350,"height":200},"classes":[]},{"id":6073,"url":"https:\/\/mundo.seashell.pt\/?product=splendido-500ml","url_meta":{"origin":6062,"position":1},"title":"Detergente Espuma Splendido 500ml","date":"Fevereiro 23, 2022","format":false,"excerpt":"Espuma r\u00e1pida para a limpeza de superf\u00edcies esmaltadas, azulejos, f\u00f3rmica, vidros, cristais, lustres, vinil e pele.","rel":"","context":"Similar post","img":{"alt_text":"","src":"https:\/\/i0.wp.com\/mundo.seashell.pt\/wp-content\/uploads\/2022\/02\/splendido.jpg?resize=350%2C200&ssl=1","width":350,"height":200},"classes":[]},{"id":6066,"url":"https:\/\/mundo.seashell.pt\/?product=stark-vm-2l","url_meta":{"origin":6062,"position":2},"title":"Multiusos Stark VM 2L","date":"Fevereiro 23, 2022","format":false,"excerpt":"Detergente neutro ultraconcentrado indicado para a limpeza r\u00e1pida, por spray, de todo o tipo de superf\u00edcies lav\u00e1veis.","rel":"","context":"Similar post","img":{"alt_text":"","src":"","width":0,"height":0},"classes":[]},{"id":5704,"url":"https:\/\/mundo.seashell.pt\/?product=flash-500ml","url_meta":{"origin":6062,"position":3},"title":"Limpador Natural Superactivo Flash","date":"Fevereiro 23, 2022","format":false,"excerpt":"Produto de limpeza r\u00e1pido e altamente eficaz em manchas de tinta, canetas de feltro e n\u00f3doas de gordura vegetal ou mineral.","rel":"","context":"Similar post","img":{"alt_text":"","src":"https:\/\/i0.wp.com\/mundo.seashell.pt\/wp-content\/uploads\/2022\/02\/flash.jpg?resize=350%2C200&ssl=1","width":350,"height":200},"classes":[]},{"id":6083,"url":"https:\/\/mundo.seashell.pt\/?product=da-1lt","url_meta":{"origin":6062,"position":4},"title":"Detergente Multiuso D.A 1Lt","date":"Fevereiro 23, 2022","format":false,"excerpt":"Detergente concentrado com efeito brilhante e um \u00f3timo poder sequestrante.","rel":"","context":"Similar post","img":{"alt_text":"","src":"https:\/\/i0.wp.com\/mundo.seashell.pt\/wp-content\/uploads\/2022\/02\/d.a..jpg?resize=350%2C200&ssl=1","width":350,"height":200},"classes":[]},{"id":6067,"url":"https:\/\/mundo.seashell.pt\/?product=diamond-500ml","url_meta":{"origin":6062,"position":5},"title":"Detergente Natural Diamond","date":"Fevereiro 23, 2022","format":false,"excerpt":"Detergente multiusos para a limpeza di\u00e1ria de todo o mobili\u00e1rio. Indicado para vidros, espelhos, superf\u00edcies lav\u00e1veis etc","rel":"","context":"Similar post","img":{"alt_text":"","src":"https:\/\/i0.wp.com\/mundo.seashell.pt\/wp-content\/uploads\/2022\/02\/diamond.jpg?resize=350%2C200&ssl=1","width":350,"height":200},"classes":[]}],"_links":{"self":[{"href":"https:\/\/mundo.seashell.pt\/index.php?rest_route=\/wp\/v2\/product\/6062","targetHints":{"allow":["GET"]}}],"collection":[{"href":"https:\/\/mundo.seashell.pt\/index.php?rest_route=\/wp\/v2\/product"}],"about":[{"href":"https:\/\/mundo.seashell.pt\/index.php?rest_route=\/wp\/v2\/types\/product"}],"wp:featuredmedia":[{"embeddable":true,"href":"https:\/\/mundo.seashell.pt\/index.php?rest_route=\/wp\/v2\/media\/6063"}],"wp:attachment":[{"href":"https:\/\/mundo.seashell.pt\/index.php?rest_route=%2Fwp%2Fv2%2Fmedia&parent=6062"}],"wp:term":[{"taxonomy":"product_cat","embeddable":true,"href":"https:\/\/mundo.seashell.pt\/index.php?rest_route=%2Fwp%2Fv2%2Fproduct_cat&post=6062"},{"taxonomy":"product_tag","embeddable":true,"href":"https:\/\/mundo.seashell.pt\/index.php?rest_route=%2Fwp%2Fv2%2Fproduct_tag&post=6062"}],"curies":[{"name":"wp","href":"https:\/\/api.w.org\/{rel}","templated":true}]}}