{"id":6060,"date":"2022-02-23T11:48:25","date_gmt":"2022-02-23T11:48:25","guid":{"rendered":"https:\/\/mundo.seashell.pt\/?post_type=product&#038;p=6060"},"modified":"2022-02-23T11:48:27","modified_gmt":"2022-02-23T11:48:27","slug":"solim-clorogel-5kg","status":"publish","type":"product","link":"https:\/\/mundo.seashell.pt\/?product=solim-clorogel-5kg","title":{"rendered":"Solim Clorogel 5Kg"},"content":{"rendered":"<p>Detergente higienizante com cloro para uma eficaz limpeza de balne\u00e1rios, bancadas de trabalho, sanit\u00e1rios, WC e revestimentos cer\u00e2micos e pavimentos n\u00e3o encerados.&nbsp;<\/p>\n<h4>Dilui\u00e7\u00e3o<\/h4>\n<p><\/p>\n<p>Pronto para o uso.&nbsp;<br \/>Lavagem dos pavimentos: 1% &#8211; 2% (100 &#8211; 200 ml em 10 L de \u00e1gua).<\/p>\n<h4><\/h4>\n<h4>Como usar<\/h4>\n<p><\/p>\n<p>Para a lavagem dos pavimentos dilua o produto na \u00e1gua. Para a limpeza de superf\u00edcies, tais como bancadas de trabalho, sanit\u00e1rios, etc., despeje o produto puro num pano esponja humedecido; aplique-o e enxag\u00fae.<\/p>\n<h4><\/h4>\n","protected":false},"excerpt":{"rendered":"<p>Detergente higienizante com cloro para uma eficaz limpeza de balne\u00e1rios, bancadas de trabalho, sanit\u00e1rios, WC e revestimentos cer\u00e2micos e pavimentos n\u00e3o encerados. <\/p>\n","protected":false},"featured_media":6061,"template":"","meta":{"spay_email":""},"product_cat":[15],"product_tag":[],"class_list":{"0":"post-6060","1":"product","2":"type-product","3":"status-publish","4":"has-post-thumbnail","6":"product_cat-sem-categoria","8":"first","9":"instock","10":"taxable","11":"shipping-taxable","12":"purchasable","13":"product-type-simple"},"acf":[],"jetpack-related-posts":[{"id":6081,"url":"https:\/\/mundo.seashell.pt\/?product=clorogel-1lt","url_meta":{"origin":6060,"position":0},"title":"Detergente Higienizante Clorogel","date":"Fevereiro 23, 2022","format":false,"excerpt":"Detergente higienizante com cloro para uma eficaz limpeza de lavabos, bancadas de trabalho, sanit\u00e1rios, WC e revestimentos cer\u00e2micos e pavimentos n\u00e3o encerados.","rel":"","context":"Similar post","img":{"alt_text":"","src":"https:\/\/i0.wp.com\/mundo.seashell.pt\/wp-content\/uploads\/2022\/02\/clorogel.jpg?resize=350%2C200&ssl=1","width":350,"height":200},"classes":[]},{"id":5994,"url":"https:\/\/mundo.seashell.pt\/?product=ondaklor-5kg","url_meta":{"origin":6060,"position":1},"title":"Detergente Ondaklor 5kg","date":"Fevereiro 23, 2022","format":false,"excerpt":"ONDAKLOR \u00e9 um biocida cloroxidante de ac\u00e7\u00e3o detergente para a limpeza e a desinfec\u00e7\u00e3o de pavimentos e superf\u00edcies lav\u00e1veis.","rel":"","context":"Similar post","img":{"alt_text":"","src":"https:\/\/i0.wp.com\/mundo.seashell.pt\/wp-content\/uploads\/2022\/02\/ondaklor.jpg?resize=350%2C200&ssl=1","width":350,"height":200},"classes":[]},{"id":5720,"url":"https:\/\/mundo.seashell.pt\/?product=cleanox-5kg","url_meta":{"origin":6060,"position":2},"title":"Higienizante Cleanox 5Kg","date":"Fevereiro 23, 2022","format":false,"excerpt":"Detergente higienizante concentrado \u00e0 base de per\u00f3xido de hidrog\u00eanio adequado para todas as superf\u00edcies lav\u00e1veis","rel":"","context":"Similar post","img":{"alt_text":"","src":"https:\/\/i0.wp.com\/mundo.seashell.pt\/wp-content\/uploads\/2022\/02\/cleanox.jpg?resize=350%2C200&ssl=1","width":350,"height":200},"classes":[]},{"id":5996,"url":"https:\/\/mundo.seashell.pt\/?product=onda-lime-5kg","url_meta":{"origin":6060,"position":3},"title":"Detergente Higienizante Onda Lime 5kg","date":"Fevereiro 23, 2022","format":false,"excerpt":"Detergente higienizante com efeito desodorizante para todas as superf\u00edcies lav\u00e1veis e para a manuten\u00e7\u00e3o de todos os tipos de pavimento.","rel":"","context":"Similar post","img":{"alt_text":"","src":"https:\/\/i0.wp.com\/mundo.seashell.pt\/wp-content\/uploads\/2022\/02\/onda_lime.jpg?resize=350%2C200&ssl=1","width":350,"height":200},"classes":[]},{"id":6087,"url":"https:\/\/mundo.seashell.pt\/?product=solim-wc-higienizante-5l","url_meta":{"origin":6060,"position":4},"title":"Solim WC Higienizante 5L","date":"Fevereiro 23, 2022","format":false,"excerpt":"Detergente \u00e1cido de cor azul, viscoso e perfumado, especialmente \ufeffconcebido para a limpeza de instala\u00e7\u00f5es sanit\u00e1rias.","rel":"","context":"Similar post","img":{"alt_text":"","src":"https:\/\/i0.wp.com\/mundo.seashell.pt\/wp-content\/uploads\/2022\/02\/Solim_WC_Higienizante_PhotoRoom_20210402_103551.jpg?resize=350%2C200&ssl=1","width":350,"height":200},"classes":[]},{"id":6075,"url":"https:\/\/mundo.seashell.pt\/?product=stark-wc-2l","url_meta":{"origin":6060,"position":5},"title":"Detergente Stark WC 2L","date":"Fevereiro 23, 2022","format":false,"excerpt":"Detergente concentrado \u00e1cido para WC com forte poder aromatizante","rel":"","context":"Similar post","img":{"alt_text":"","src":"https:\/\/i0.wp.com\/mundo.seashell.pt\/wp-content\/uploads\/2022\/02\/goods_02_436158_2.jpg?resize=350%2C200&ssl=1","width":350,"height":200},"classes":[]}],"_links":{"self":[{"href":"https:\/\/mundo.seashell.pt\/index.php?rest_route=\/wp\/v2\/product\/6060","targetHints":{"allow":["GET"]}}],"collection":[{"href":"https:\/\/mundo.seashell.pt\/index.php?rest_route=\/wp\/v2\/product"}],"about":[{"href":"https:\/\/mundo.seashell.pt\/index.php?rest_route=\/wp\/v2\/types\/product"}],"wp:featuredmedia":[{"embeddable":true,"href":"https:\/\/mundo.seashell.pt\/index.php?rest_route=\/wp\/v2\/media\/6061"}],"wp:attachment":[{"href":"https:\/\/mundo.seashell.pt\/index.php?rest_route=%2Fwp%2Fv2%2Fmedia&parent=6060"}],"wp:term":[{"taxonomy":"product_cat","embeddable":true,"href":"https:\/\/mundo.seashell.pt\/index.php?rest_route=%2Fwp%2Fv2%2Fproduct_cat&post=6060"},{"taxonomy":"product_tag","embeddable":true,"href":"https:\/\/mundo.seashell.pt\/index.php?rest_route=%2Fwp%2Fv2%2Fproduct_tag&post=6060"}],"curies":[{"name":"wp","href":"https:\/\/api.w.org\/{rel}","templated":true}]}}